{"id":2918,"date":"2026-01-29T19:57:15","date_gmt":"2026-01-29T18:57:15","guid":{"rendered":"https:\/\/wordpress.nibis.de\/gsamstadtturm\/?page_id=2918"},"modified":"2026-04-12T22:44:09","modified_gmt":"2026-04-12T20:44:09","slug":"foerderverein","status":"publish","type":"page","link":"https:\/\/wordpress.nibis.de\/gsamstadtturm\/foerderverein\/","title":{"rendered":"F\u00f6rderverein"},"content":{"rendered":"\n<h3>30.05.2026 \u00a0 Flohmarkt<\/h3>\n<p>Von 10 &#8211; 14 Uhr findet auf unserem Schulhof wieder ein Flohmarkt statt. Der F\u00f6rderverein hat alles organisiert und freut sich auch noch \u00fcber Kuchenspenden. Bitte \u00fcber die Klassenlehrer:innen beim F\u00f6rderverein melden.<\/p>\n<p>hier geht&#8217;s zum <a href=\"https:\/\/wordpress.nibis.de\/gsamstadtturm\/files\/2026\/04\/Flohmarkt_Schule_am_Stadtturm2026.pdf\" target=\"_blank\" rel=\"noopener\">Flyer<\/a><\/p>\n<p>Wir hoffen auf rege Teilnahme und gutes Wetter. Bei Regenwetter f\u00e4llt es leider aus.<\/p>\n<table style=\"border-collapse: collapse;width: 100%\">\n<tbody>\n<tr>\n<td style=\"width: 100%\"><a href=\"https:\/\/wordpress.nibis.de\/gsamstadtturm\/files\/2026\/04\/Flohmarkt_Schule_am_Stadtturm2026.jpg\"><img loading=\"lazy\" decoding=\"async\" class=\"alignleft size-thumbnail wp-image-3064\" src=\"https:\/\/wordpress.nibis.de\/gsamstadtturm\/files\/2026\/04\/Flohmarkt_Schule_am_Stadtturm2026-150x150.jpg\" alt=\"Flohmarkt 2026\" width=\"150\" height=\"150\" \/><\/a><\/td>\n<\/tr>\n<\/tbody>\n<\/table>\n<hr \/>\n<p><a href=\"https:\/\/wordpress.nibis.de\/gsamstadtturm\/files\/2026\/01\/Forderverein-Ruckblick-2025.pdf\">R\u00fcckblick 2025<\/a><\/p>\n<p><a href=\"https:\/\/wordpress.nibis.de\/gsamstadtturm\/files\/2026\/01\/Forderverein-Beitrittserklarung.pdf\">Beitrittserkl\u00e4rung<\/a><\/p>\n<p>Schulobst<\/p>\n\n\n\n\n\n\n","protected":false},"excerpt":{"rendered":"<p>30.05.2026 \u00a0 Flohmarkt Von 10 &#8211; 14 Uhr findet auf unserem Schulhof wieder ein Flohmarkt statt. Der F\u00f6rderverein hat alles organisiert und freut sich auch noch \u00fcber Kuchenspenden. Bitte \u00fcber die Klassenlehrer:innen beim F\u00f6rderverein melden. hier geht&#8217;s zum Flyer Wir hoffen auf rege Teilnahme und gutes Wetter. Bei Regenwetter f\u00e4llt es leider aus. R\u00fcckblick 2025 [&hellip;]<\/p>\n","protected":false},"author":654,"featured_media":0,"parent":0,"menu_order":0,"comment_status":"closed","ping_status":"closed","template":"","meta":{"footnotes":""},"class_list":["post-2918","page","type-page","status-publish","hentry"],"_links":{"self":[{"href":"https:\/\/wordpress.nibis.de\/gsamstadtturm\/wp-json\/wp\/v2\/pages\/2918","targetHints":{"allow":["GET"]}}],"collection":[{"href":"https:\/\/wordpress.nibis.de\/gsamstadtturm\/wp-json\/wp\/v2\/pages"}],"about":[{"href":"https:\/\/wordpress.nibis.de\/gsamstadtturm\/wp-json\/wp\/v2\/types\/page"}],"author":[{"embeddable":true,"href":"https:\/\/wordpress.nibis.de\/gsamstadtturm\/wp-json\/wp\/v2\/users\/654"}],"replies":[{"embeddable":true,"href":"https:\/\/wordpress.nibis.de\/gsamstadtturm\/wp-json\/wp\/v2\/comments?post=2918"}],"version-history":[{"count":6,"href":"https:\/\/wordpress.nibis.de\/gsamstadtturm\/wp-json\/wp\/v2\/pages\/2918\/revisions"}],"predecessor-version":[{"id":3065,"href":"https:\/\/wordpress.nibis.de\/gsamstadtturm\/wp-json\/wp\/v2\/pages\/2918\/revisions\/3065"}],"wp:attachment":[{"href":"https:\/\/wordpress.nibis.de\/gsamstadtturm\/wp-json\/wp\/v2\/media?parent=2918"}],"curies":[{"name":"wp","href":"https:\/\/api.w.org\/{rel}","templated":true}]}}