{"id":422,"date":"2015-08-11T14:07:13","date_gmt":"2015-08-11T14:07:13","guid":{"rendered":"http:\/\/wordpress.nibis.de\/gsamstadtturm\/?page_id=422"},"modified":"2022-09-14T18:33:19","modified_gmt":"2022-09-14T16:33:19","slug":"begabtenfoerderung","status":"publish","type":"page","link":"https:\/\/wordpress.nibis.de\/gsamstadtturm\/begabtenfoerderung\/","title":{"rendered":"Begabtenf\u00f6rderung"},"content":{"rendered":"<h3><strong>Die Grundschule Am Stadtturm ist Mitglied im Kooperationsverbund Begabungsf\u00f6rderung (SHG 2 \u2013 Stadthagen)<\/strong><\/h3>\n<p style=\"font-weight: 400\">Fu\u00dfend auf einer Bildungsoffensive des Landes Niedersachsen mit dem Schwerpunkt der schulischen Begabungsf\u00f6rderung fiel bereits 2006 der Startschuss zur Bildung des heutigen Kooperationsverbunds Schaumburg 2. Angeschlossen sind folgende Bildungseinrichtungen: der <strong><em>Kindergarten Liekwegen<\/em><\/strong>, der st\u00e4dtische <strong><em>Kindergarten L\u00f6wenzahn<\/em><\/strong><em>,<\/em> die drei Stadth\u00e4ger Grundschulen \u2013 <strong><em>Grundschule Am Sonnenbrink<\/em><\/strong>, <strong><em>Grundschule am Stadtturm<\/em><\/strong>, <strong><em>Grundschule An der Bergkette<\/em><\/strong><em> \u2013\u00a0<\/em> und die <strong><em>Grundschule Nienst\u00e4dt<\/em><\/strong> sowie die drei weiterf\u00fchrenden Stadth\u00e4ger Schulen \u2013 die <strong><em>IGS Schaumburg<\/em><\/strong>, das <strong><em>Ratsgymnasium<\/em><\/strong> und das <strong><em>Wilhelm-Busch-Gymnasium<\/em><\/strong>.<\/p>\n<p style=\"font-weight: 400\">Neben schuleigenen Angeboten zur Begabungsf\u00f6rderung hat es sich der KOV zur Aufgabe gemacht, individuelle Begabungen vom Kindergarten an bis zu den weiterf\u00fchrenden Schulen zu entdecken und zu f\u00f6rdern. Insbesondere wollen wir dazu beitragen, die \u00dcberg\u00e4nge vom Kindergarten zur Grundschule und von der Grundschule zur weiterf\u00fchrenden Schule zu begleiten. Dazu entwickeln wir in einer Steuergruppe gemeinsame Projekte, in denen an jeder der beteiligten Einrichtungen besonders begabte Kinder in altersheterogenen Gruppen zusammenkommen und sich mit bereitgestellten Materialien und knappen Anleitungen selbstst\u00e4ndig und kreativ mit gestellten Aufgaben aus unterschiedlichen Inhaltsbereichen auseinandersetzen. Die Ergebnisse werden im Anschluss \u00f6ffentlich vorgestellt.<\/p>\n<p style=\"font-weight: 400\">Zu den j\u00fcngsten Projekten z\u00e4hlen:<\/p>\n<p style=\"font-weight: 400\"><strong>\u00a0Literaturatelier zum Thema &#8222;Das Kind mit dem roten Schal&#8220;<\/strong><\/p>\n<p style=\"font-weight: 400\">\n<p style=\"font-weight: 400\"><strong>\u00a0Kreativworkshop zum Thema &#8222;Tonmeister f\u00fcr einen Tag&#8220;<\/strong><\/p>\n","protected":false},"excerpt":{"rendered":"<p>Die Grundschule Am Stadtturm ist Mitglied im Kooperationsverbund Begabungsf\u00f6rderung (SHG 2 \u2013 Stadthagen) Fu\u00dfend auf einer Bildungsoffensive des Landes Niedersachsen mit dem Schwerpunkt der schulischen Begabungsf\u00f6rderung fiel bereits 2006 der Startschuss zur Bildung des heutigen Kooperationsverbunds Schaumburg 2. Angeschlossen sind folgende Bildungseinrichtungen: der Kindergarten Liekwegen, der st\u00e4dtische Kindergarten L\u00f6wenzahn, die drei Stadth\u00e4ger Grundschulen \u2013 Grundschule [&hellip;]<\/p>\n","protected":false},"author":654,"featured_media":0,"parent":0,"menu_order":0,"comment_status":"closed","ping_status":"closed","template":"","meta":{"footnotes":""},"class_list":["post-422","page","type-page","status-publish","hentry"],"_links":{"self":[{"href":"https:\/\/wordpress.nibis.de\/gsamstadtturm\/wp-json\/wp\/v2\/pages\/422","targetHints":{"allow":["GET"]}}],"collection":[{"href":"https:\/\/wordpress.nibis.de\/gsamstadtturm\/wp-json\/wp\/v2\/pages"}],"about":[{"href":"https:\/\/wordpress.nibis.de\/gsamstadtturm\/wp-json\/wp\/v2\/types\/page"}],"author":[{"embeddable":true,"href":"https:\/\/wordpress.nibis.de\/gsamstadtturm\/wp-json\/wp\/v2\/users\/654"}],"replies":[{"embeddable":true,"href":"https:\/\/wordpress.nibis.de\/gsamstadtturm\/wp-json\/wp\/v2\/comments?post=422"}],"version-history":[{"count":4,"href":"https:\/\/wordpress.nibis.de\/gsamstadtturm\/wp-json\/wp\/v2\/pages\/422\/revisions"}],"predecessor-version":[{"id":2318,"href":"https:\/\/wordpress.nibis.de\/gsamstadtturm\/wp-json\/wp\/v2\/pages\/422\/revisions\/2318"}],"wp:attachment":[{"href":"https:\/\/wordpress.nibis.de\/gsamstadtturm\/wp-json\/wp\/v2\/media?parent=422"}],"curies":[{"name":"wp","href":"https:\/\/api.w.org\/{rel}","templated":true}]}}