{"id":801,"date":"2017-11-12T15:35:31","date_gmt":"2017-11-12T15:35:31","guid":{"rendered":"http:\/\/wordpress.nibis.de\/gsamstadtturm\/?page_id=801"},"modified":"2025-09-01T15:42:56","modified_gmt":"2025-09-01T13:42:56","slug":"herzlich-willkommen","status":"publish","type":"page","link":"https:\/\/wordpress.nibis.de\/gsamstadtturm\/","title":{"rendered":"Herzlich willkommen"},"content":{"rendered":"\n<p><\/p>\n\n\n<p style=\"font-weight: 400\">Die GS Am Stadtturm ist eine Schule, in der etwa 370 Kinder und 40 Erwachsene mit unterschiedlichen Pers\u00f6nlichkeiten und religi\u00f6sen sowie kulturellen Hintergr\u00fcnden lernen und arbeiten.<\/p>\n<p style=\"font-weight: 400\">Damit wir alle gut miteinander leben und voneinander lernen k\u00f6nnen, bem\u00fchen wir uns um gegenseitige Toleranz und Achtung und um die Wertsch\u00e4tzung dessen, was wir in der Schule erarbeiten und aufbauen.<\/p>\n<p style=\"font-weight: 400\">Dieses ist f\u00fcr uns die Voraussetzung f\u00fcr eine Schule, in die Kinder, Lehrer und Eltern gerne gehen und in der sie ohne Angst lernen k\u00f6nnen.<\/p>\n<p style=\"font-weight: 400\">Wir sind eine \u201eBewegte Schule\u201c, \u00a0in der mit allen Sinnen gelernt wird und in der Kinder, Eltern und Lehrer als Partner mit Freude und Verantwortung daran arbeiten, die Qualit\u00e4t von Unterricht und Schule weiter zu entwickeln.<\/p>\n<p style=\"font-weight: 400\">Auf diesen Seiten m\u00f6chten wir \u00fcber uns und unsere Arbeit informieren.<\/p>\n<p style=\"font-weight: 400\">Wir w\u00fcnschen viel Spa\u00df beim St\u00f6bern!<\/p>\n<hr \/>\n\n\n<p><\/p>\n\n\n","protected":false},"excerpt":{"rendered":"<p>Die GS Am Stadtturm ist eine Schule, in der etwa 370 Kinder und 40 Erwachsene mit unterschiedlichen Pers\u00f6nlichkeiten und religi\u00f6sen sowie kulturellen Hintergr\u00fcnden lernen und arbeiten. Damit wir alle gut miteinander leben und voneinander lernen k\u00f6nnen, bem\u00fchen wir uns um gegenseitige Toleranz und Achtung und um die Wertsch\u00e4tzung dessen, was wir in der Schule erarbeiten [&hellip;]<\/p>\n","protected":false},"author":654,"featured_media":0,"parent":0,"menu_order":0,"comment_status":"closed","ping_status":"closed","template":"","meta":{"footnotes":""},"class_list":["post-801","page","type-page","status-publish","hentry"],"_links":{"self":[{"href":"https:\/\/wordpress.nibis.de\/gsamstadtturm\/wp-json\/wp\/v2\/pages\/801","targetHints":{"allow":["GET"]}}],"collection":[{"href":"https:\/\/wordpress.nibis.de\/gsamstadtturm\/wp-json\/wp\/v2\/pages"}],"about":[{"href":"https:\/\/wordpress.nibis.de\/gsamstadtturm\/wp-json\/wp\/v2\/types\/page"}],"author":[{"embeddable":true,"href":"https:\/\/wordpress.nibis.de\/gsamstadtturm\/wp-json\/wp\/v2\/users\/654"}],"replies":[{"embeddable":true,"href":"https:\/\/wordpress.nibis.de\/gsamstadtturm\/wp-json\/wp\/v2\/comments?post=801"}],"version-history":[{"count":194,"href":"https:\/\/wordpress.nibis.de\/gsamstadtturm\/wp-json\/wp\/v2\/pages\/801\/revisions"}],"predecessor-version":[{"id":2702,"href":"https:\/\/wordpress.nibis.de\/gsamstadtturm\/wp-json\/wp\/v2\/pages\/801\/revisions\/2702"}],"wp:attachment":[{"href":"https:\/\/wordpress.nibis.de\/gsamstadtturm\/wp-json\/wp\/v2\/media?parent=801"}],"curies":[{"name":"wp","href":"https:\/\/api.w.org\/{rel}","templated":true}]}}