{"id":1789,"date":"2021-06-21T11:44:32","date_gmt":"2021-06-21T09:44:32","guid":{"rendered":"https:\/\/wordpress.nibis.de\/gsamwall\/?page_id=1789"},"modified":"2021-06-21T11:44:32","modified_gmt":"2021-06-21T09:44:32","slug":"jahresabschlussvideo-2020-2","status":"publish","type":"page","link":"https:\/\/wordpress.nibis.de\/gsamwall\/jahresabschlussvideo-2020-2\/","title":{"rendered":"Jahresabschlussvideo 2020"},"content":{"rendered":"\n<h3>Liebe Kinder, liebe Eltern, liebe Besucher<\/h3>\n<h3>Mit diesem Video verabschieden wir uns f\u00fcr dieses Jahr von euch! Ein turbulentes Jahr liegt hinter uns. Und dennoch haben wir das Beste draus gemacht. Wir haben zusammengehalten \u2013 wir waren ein Team!<\/h3>\n<h3>Viele Lehrer, Sch\u00fcler und Mitarbeiter unserer Schule haben unz\u00e4hlige Fotos, Videos und Beitr\u00e4ge zusammen getragen, um euch ein bisschen Mut zuzusprechen und mit euch gemeinsam einen sch\u00f6nen Jahresabschluss zu finden.\u00a0<\/h3>\n<h3>Da wir Material f\u00fcr ein 40min\u00fctiges Video gehabt h\u00e4tten, mussten wir etwas k\u00fcrzen und einiges raus lassen, das tut uns leid, aber wir haben versucht, von jedem Teilnehmer einen kurzen Beitrag einflie\u00dfen zu lassen.\u00a0<\/h3>\n<h3>Wir w\u00fcnschen euch und Ihnen ein tolles Weihnachtsfest und freuen uns den den gemeinsamen Schulstart am\u00a0 11.1.2021!\u00a0<\/h3>\n<h3>Das Team der Grundschule am Wall<\/h3>\n\n\n<div style=\"width: 604px;\" class=\"wp-video\"><video class=\"wp-video-shortcode\" id=\"video-1789-1\" width=\"604\" height=\"342\" preload=\"metadata\" controls=\"controls\"><source type=\"video\/mp4\" src=\"https:\/\/wordpress.nibis.de\/gsamwall\/files\/2020\/12\/Video-der-Grundschule-am-Wall.mp4?_=1\" \/><a href=\"https:\/\/wordpress.nibis.de\/gsamwall\/files\/2020\/12\/Video-der-Grundschule-am-Wall.mp4\">https:\/\/wordpress.nibis.de\/gsamwall\/files\/2020\/12\/Video-der-Grundschule-am-Wall.mp4<\/a><\/video><\/div>\n\n","protected":false},"excerpt":{"rendered":"<p>Liebe Kinder, liebe Eltern, liebe Besucher Mit diesem Video verabschieden wir uns f\u00fcr dieses Jahr von euch! Ein turbulentes Jahr liegt hinter uns. Und dennoch haben wir das Beste draus gemacht. Wir haben zusammengehalten \u2013 wir waren ein Team! Viele Lehrer, Sch\u00fcler und Mitarbeiter unserer Schule haben unz\u00e4hlige Fotos, Videos und Beitr\u00e4ge zusammen getragen, um &hellip; <a href=\"https:\/\/wordpress.nibis.de\/gsamwall\/jahresabschlussvideo-2020-2\/\" class=\"more-link\"><span class=\"screen-reader-text\">Jahresabschlussvideo 2020<\/span> weiterlesen <span class=\"meta-nav\">&rarr;<\/span><\/a><\/p>\n","protected":false},"author":9193468,"featured_media":0,"parent":0,"menu_order":0,"comment_status":"closed","ping_status":"closed","template":"","meta":{"footnotes":""},"class_list":["post-1789","page","type-page","status-publish","hentry"],"_links":{"self":[{"href":"https:\/\/wordpress.nibis.de\/gsamwall\/wp-json\/wp\/v2\/pages\/1789","targetHints":{"allow":["GET"]}}],"collection":[{"href":"https:\/\/wordpress.nibis.de\/gsamwall\/wp-json\/wp\/v2\/pages"}],"about":[{"href":"https:\/\/wordpress.nibis.de\/gsamwall\/wp-json\/wp\/v2\/types\/page"}],"author":[{"embeddable":true,"href":"https:\/\/wordpress.nibis.de\/gsamwall\/wp-json\/wp\/v2\/users\/9193468"}],"replies":[{"embeddable":true,"href":"https:\/\/wordpress.nibis.de\/gsamwall\/wp-json\/wp\/v2\/comments?post=1789"}],"version-history":[{"count":1,"href":"https:\/\/wordpress.nibis.de\/gsamwall\/wp-json\/wp\/v2\/pages\/1789\/revisions"}],"predecessor-version":[{"id":1790,"href":"https:\/\/wordpress.nibis.de\/gsamwall\/wp-json\/wp\/v2\/pages\/1789\/revisions\/1790"}],"wp:attachment":[{"href":"https:\/\/wordpress.nibis.de\/gsamwall\/wp-json\/wp\/v2\/media?parent=1789"}],"curies":[{"name":"wp","href":"https:\/\/api.w.org\/{rel}","templated":true}]}}