{"id":201,"date":"2020-04-14T19:08:26","date_gmt":"2020-04-14T17:08:26","guid":{"rendered":"https:\/\/wordpress.nibis.de\/gsamwall\/?page_id=201"},"modified":"2023-11-20T13:35:24","modified_gmt":"2023-11-20T12:35:24","slug":"unsere-schule","status":"publish","type":"page","link":"https:\/\/wordpress.nibis.de\/gsamwall\/unsere-schule\/","title":{"rendered":"Unsere Schule"},"content":{"rendered":"\n<p style=\"text-align: center\"><strong>WIR SIND DIE KINDER &#8211; DIE KINDER VOM WALL!!<\/strong><\/p>\n<p><img loading=\"lazy\" decoding=\"async\" class=\"size-medium wp-image-923 aligncenter\" src=\"https:\/\/wordpress.nibis.de\/gsamwall\/files\/2020\/04\/Titelbild-Schule-1-850x478.jpg\" alt=\"\" width=\"850\" height=\"478\" srcset=\"https:\/\/wordpress.nibis.de\/gsamwall\/files\/2020\/04\/Titelbild-Schule-1-850x478.jpg 850w, https:\/\/wordpress.nibis.de\/gsamwall\/files\/2020\/04\/Titelbild-Schule-1-250x141.jpg 250w\" sizes=\"auto, (max-width: 850px) 100vw, 850px\" \/> <img loading=\"lazy\" decoding=\"async\" class=\"size-medium wp-image-924 aligncenter\" src=\"https:\/\/wordpress.nibis.de\/gsamwall\/files\/2020\/04\/neues-Klettergeru\u0308st-850x478.jpg\" alt=\"\" width=\"850\" height=\"478\" srcset=\"https:\/\/wordpress.nibis.de\/gsamwall\/files\/2020\/04\/neues-Klettergeru\u0308st-850x478.jpg 850w, https:\/\/wordpress.nibis.de\/gsamwall\/files\/2020\/04\/neues-Klettergeru\u0308st-250x141.jpg 250w\" sizes=\"auto, (max-width: 850px) 100vw, 850px\" \/><\/p>\n<p class=\"Normal-P\"><span class=\"Normal-C\">Die Grundschule am Wall liegt im Randbereich des historischen Stadtkerns der bekannten Fachwerkstadt Hann. M\u00fcnden. Sie ist eingebettet in ein Schulzentrum, bestehend aus dem Grotefend-Gymnasium, der Werra-Realschule, der Hauptschule M\u00fcnden und dem AWO-Kindergarten. Die Musikschule des Landkreises G\u00f6ttingen befindet sich ebenfalls in diesem Zentrum. Nur wenige Gehminuten entfernt liegt das Geschwister-Scholl-Haus.<\/span><\/p>\n<p class=\"Normal-P\"><span class=\"Normal-C\">Heute besuchen circa 160 Kinder unsere Schule. Sie werden von 17 Lehrer\/innen, einem Erzieher, einer Lehramtsanw\u00e4rterin, einer Diplomp\u00e4dagogin, einer Sozialp\u00e4dagogin und zwei p\u00e4dagogischen Mitarbeiterinnen unterrichtet und betreut. Die Grundschule am Wall ist eine Ganztagsschule mit Sprachheilklassen und einem integrierten Schulkindergarten.<\/span><\/p>\n<p class=\"Normal-P\"><span class=\"Normal-C\">Der Einzugsbereich der Schule umfasst im Wesentlichen den Kernstadtbereich Hann. M\u00fcndens, begrenzt durch die Fl\u00fcsse Fulda und Werra sowie die Eisenbahnlinie Kassel-G\u00f6ttingen. Hinzu kommen noch die kernstadtnahen Stra\u00dfen jenseits des Flusses Werra sowie der Stadtteil Alt-M\u00fcnden jenseits des Flusses Fulda.<\/span><\/p>\n<p class=\"Normal-P\"><span class=\"Normal-C\">F\u00fcr die meisten Kinder ist der Fu\u00dfweg aufgrund der r\u00e4umlichen Enge im Dreifl\u00fcsse-Dreieck h\u00f6chstens 10 Minuten lang. Ihr Schulweg f\u00fchrt fast alle Kinder durch die angrenzende Parkanlage (den Wall), die unserer Schule ihren Namen gab.<\/span><\/p>\n<p class=\"Normal-P\"><span class=\"Normal-C\">Die folgenden Seiten m\u00f6chten einen kleinen Einblick in die p\u00e4dagogische Arbeit und den Alltag der Grundschule am Wall geben.<\/span><\/p>\n\n\n","protected":false},"excerpt":{"rendered":"<p>WIR SIND DIE KINDER &#8211; DIE KINDER VOM WALL!! Die Grundschule am Wall liegt im Randbereich des historischen Stadtkerns der bekannten Fachwerkstadt Hann. M\u00fcnden. Sie ist eingebettet in ein Schulzentrum, bestehend aus dem Grotefend-Gymnasium, der Werra-Realschule, der Hauptschule M\u00fcnden und dem AWO-Kindergarten. Die Musikschule des Landkreises G\u00f6ttingen befindet sich ebenfalls in diesem Zentrum. Nur wenige &hellip; <a href=\"https:\/\/wordpress.nibis.de\/gsamwall\/unsere-schule\/\" class=\"more-link\"><span class=\"screen-reader-text\">Unsere Schule<\/span> weiterlesen <span class=\"meta-nav\">&rarr;<\/span><\/a><\/p>\n","protected":false},"author":9193468,"featured_media":0,"parent":0,"menu_order":0,"comment_status":"closed","ping_status":"closed","template":"","meta":{"footnotes":""},"class_list":["post-201","page","type-page","status-publish","hentry"],"_links":{"self":[{"href":"https:\/\/wordpress.nibis.de\/gsamwall\/wp-json\/wp\/v2\/pages\/201","targetHints":{"allow":["GET"]}}],"collection":[{"href":"https:\/\/wordpress.nibis.de\/gsamwall\/wp-json\/wp\/v2\/pages"}],"about":[{"href":"https:\/\/wordpress.nibis.de\/gsamwall\/wp-json\/wp\/v2\/types\/page"}],"author":[{"embeddable":true,"href":"https:\/\/wordpress.nibis.de\/gsamwall\/wp-json\/wp\/v2\/users\/9193468"}],"replies":[{"embeddable":true,"href":"https:\/\/wordpress.nibis.de\/gsamwall\/wp-json\/wp\/v2\/comments?post=201"}],"version-history":[{"count":7,"href":"https:\/\/wordpress.nibis.de\/gsamwall\/wp-json\/wp\/v2\/pages\/201\/revisions"}],"predecessor-version":[{"id":2508,"href":"https:\/\/wordpress.nibis.de\/gsamwall\/wp-json\/wp\/v2\/pages\/201\/revisions\/2508"}],"wp:attachment":[{"href":"https:\/\/wordpress.nibis.de\/gsamwall\/wp-json\/wp\/v2\/media?parent=201"}],"curies":[{"name":"wp","href":"https:\/\/api.w.org\/{rel}","templated":true}]}}