{"id":2017,"date":"2022-05-25T18:56:34","date_gmt":"2022-05-25T16:56:34","guid":{"rendered":"https:\/\/wordpress.nibis.de\/gsamwall\/?page_id=2017"},"modified":"2022-05-25T18:56:34","modified_gmt":"2022-05-25T16:56:34","slug":"skipping-hearts","status":"publish","type":"page","link":"https:\/\/wordpress.nibis.de\/gsamwall\/skipping-hearts\/","title":{"rendered":"Skipping Hearts"},"content":{"rendered":"\n<p>Nach einer Corona Pause fand in diesem Jahr wieder der Workshop &#8222;Skipping Hearts&#8220; an unserer Schule statt.  Annika Reinhardt war in diesem Jahr vor Ort und machte mit den Klassen 4 einen tollen Workshop Tag.  Zuerst wurden\u00a0 einzelne Seilspr\u00fcnge ge\u00fcbt, sp\u00e4ter dann mit Partnern verschiedene Sprungvarianten durchgef\u00fchrt. Alle kamen ordentliche ins Schwitzen und waren mit Motivation und Freude dabei. <\/p>\n\n\n\n<p>Zum Schluss konnte man noch bei Frau Reinhardt ein Skippingseil erwerben, damit zuhause weiter flei\u00dfig gesprungen werden kann!<\/p>\n\n\n\n<p>Ein rundum gelungener Tag f\u00fcr unsere 4er und eine tolle Abwechslung zum normalen Schulalltag!<\/p>\n\n\n\n<figure class=\"wp-block-gallery has-nested-images columns-2 is-cropped wp-block-gallery-1 is-layout-flex wp-block-gallery-is-layout-flex\">\n<figure class=\"wp-block-image size-full\"><img loading=\"lazy\" decoding=\"async\" width=\"1500\" height=\"2000\" data-id=\"2019\" src=\"https:\/\/wordpress.nibis.de\/gsamwall\/files\/2022\/05\/20220429_084430_resized.jpg\" alt=\"\" class=\"wp-image-2019\" srcset=\"https:\/\/wordpress.nibis.de\/gsamwall\/files\/2022\/05\/20220429_084430_resized.jpg 1500w, https:\/\/wordpress.nibis.de\/gsamwall\/files\/2022\/05\/20220429_084430_resized-768x1024.jpg 768w, https:\/\/wordpress.nibis.de\/gsamwall\/files\/2022\/05\/20220429_084430_resized-1152x1536.jpg 1152w\" sizes=\"auto, (max-width: 1500px) 100vw, 1500px\" \/><\/figure>\n\n\n\n<figure class=\"wp-block-image size-full\"><img loading=\"lazy\" decoding=\"async\" width=\"1500\" height=\"2000\" data-id=\"2018\" src=\"https:\/\/wordpress.nibis.de\/gsamwall\/files\/2022\/05\/20220429_083718_resized.jpg\" alt=\"\" class=\"wp-image-2018\" srcset=\"https:\/\/wordpress.nibis.de\/gsamwall\/files\/2022\/05\/20220429_083718_resized.jpg 1500w, https:\/\/wordpress.nibis.de\/gsamwall\/files\/2022\/05\/20220429_083718_resized-768x1024.jpg 768w, https:\/\/wordpress.nibis.de\/gsamwall\/files\/2022\/05\/20220429_083718_resized-1152x1536.jpg 1152w\" sizes=\"auto, (max-width: 1500px) 100vw, 1500px\" \/><\/figure>\n\n\n\n<figure class=\"wp-block-image size-full\"><img loading=\"lazy\" decoding=\"async\" width=\"1500\" height=\"2000\" data-id=\"2020\" src=\"https:\/\/wordpress.nibis.de\/gsamwall\/files\/2022\/05\/20220429_081300_resized.jpg\" alt=\"\" class=\"wp-image-2020\" srcset=\"https:\/\/wordpress.nibis.de\/gsamwall\/files\/2022\/05\/20220429_081300_resized.jpg 1500w, https:\/\/wordpress.nibis.de\/gsamwall\/files\/2022\/05\/20220429_081300_resized-768x1024.jpg 768w, https:\/\/wordpress.nibis.de\/gsamwall\/files\/2022\/05\/20220429_081300_resized-1152x1536.jpg 1152w\" sizes=\"auto, (max-width: 1500px) 100vw, 1500px\" \/><\/figure>\n\n\n\n<figure class=\"wp-block-image size-full\"><img loading=\"lazy\" decoding=\"async\" width=\"1500\" height=\"2000\" data-id=\"2021\" src=\"https:\/\/wordpress.nibis.de\/gsamwall\/files\/2022\/05\/20220429_081324_resized.jpg\" alt=\"\" class=\"wp-image-2021\" srcset=\"https:\/\/wordpress.nibis.de\/gsamwall\/files\/2022\/05\/20220429_081324_resized.jpg 1500w, https:\/\/wordpress.nibis.de\/gsamwall\/files\/2022\/05\/20220429_081324_resized-768x1024.jpg 768w, https:\/\/wordpress.nibis.de\/gsamwall\/files\/2022\/05\/20220429_081324_resized-1152x1536.jpg 1152w\" sizes=\"auto, (max-width: 1500px) 100vw, 1500px\" \/><\/figure>\n\n\n\n<figure class=\"wp-block-image size-full\"><img loading=\"lazy\" decoding=\"async\" width=\"1500\" height=\"2000\" data-id=\"2022\" src=\"https:\/\/wordpress.nibis.de\/gsamwall\/files\/2022\/05\/20220429_081743_resized.jpg\" alt=\"\" class=\"wp-image-2022\" srcset=\"https:\/\/wordpress.nibis.de\/gsamwall\/files\/2022\/05\/20220429_081743_resized.jpg 1500w, https:\/\/wordpress.nibis.de\/gsamwall\/files\/2022\/05\/20220429_081743_resized-768x1024.jpg 768w, https:\/\/wordpress.nibis.de\/gsamwall\/files\/2022\/05\/20220429_081743_resized-1152x1536.jpg 1152w\" sizes=\"auto, (max-width: 1500px) 100vw, 1500px\" \/><\/figure>\n\n\n\n<figure class=\"wp-block-image size-full\"><img loading=\"lazy\" decoding=\"async\" width=\"1500\" height=\"2000\" data-id=\"2023\" src=\"https:\/\/wordpress.nibis.de\/gsamwall\/files\/2022\/05\/20220429_084219_resized.jpg\" alt=\"\" class=\"wp-image-2023\" srcset=\"https:\/\/wordpress.nibis.de\/gsamwall\/files\/2022\/05\/20220429_084219_resized.jpg 1500w, https:\/\/wordpress.nibis.de\/gsamwall\/files\/2022\/05\/20220429_084219_resized-768x1024.jpg 768w, https:\/\/wordpress.nibis.de\/gsamwall\/files\/2022\/05\/20220429_084219_resized-1152x1536.jpg 1152w\" sizes=\"auto, (max-width: 1500px) 100vw, 1500px\" \/><\/figure>\n\n\n\n<figure class=\"wp-block-image size-full\"><img loading=\"lazy\" decoding=\"async\" width=\"1500\" height=\"2000\" data-id=\"2024\" src=\"https:\/\/wordpress.nibis.de\/gsamwall\/files\/2022\/05\/20220429_081822_resized.jpg\" alt=\"\" class=\"wp-image-2024\" srcset=\"https:\/\/wordpress.nibis.de\/gsamwall\/files\/2022\/05\/20220429_081822_resized.jpg 1500w, https:\/\/wordpress.nibis.de\/gsamwall\/files\/2022\/05\/20220429_081822_resized-768x1024.jpg 768w, https:\/\/wordpress.nibis.de\/gsamwall\/files\/2022\/05\/20220429_081822_resized-1152x1536.jpg 1152w\" sizes=\"auto, (max-width: 1500px) 100vw, 1500px\" \/><\/figure>\n\n\n\n<figure class=\"wp-block-image size-full\"><img loading=\"lazy\" decoding=\"async\" width=\"1500\" height=\"2000\" data-id=\"2025\" src=\"https:\/\/wordpress.nibis.de\/gsamwall\/files\/2022\/05\/20220429_084651_resized.jpg\" alt=\"\" class=\"wp-image-2025\" srcset=\"https:\/\/wordpress.nibis.de\/gsamwall\/files\/2022\/05\/20220429_084651_resized.jpg 1500w, https:\/\/wordpress.nibis.de\/gsamwall\/files\/2022\/05\/20220429_084651_resized-768x1024.jpg 768w, https:\/\/wordpress.nibis.de\/gsamwall\/files\/2022\/05\/20220429_084651_resized-1152x1536.jpg 1152w\" sizes=\"auto, (max-width: 1500px) 100vw, 1500px\" \/><\/figure>\n\n\n\n<figure class=\"wp-block-image size-full\"><img loading=\"lazy\" decoding=\"async\" width=\"1500\" height=\"2000\" data-id=\"2027\" src=\"https:\/\/wordpress.nibis.de\/gsamwall\/files\/2022\/05\/20220429_084242_resized.jpg\" alt=\"\" class=\"wp-image-2027\" srcset=\"https:\/\/wordpress.nibis.de\/gsamwall\/files\/2022\/05\/20220429_084242_resized.jpg 1500w, https:\/\/wordpress.nibis.de\/gsamwall\/files\/2022\/05\/20220429_084242_resized-768x1024.jpg 768w, https:\/\/wordpress.nibis.de\/gsamwall\/files\/2022\/05\/20220429_084242_resized-1152x1536.jpg 1152w\" sizes=\"auto, (max-width: 1500px) 100vw, 1500px\" \/><\/figure>\n\n\n\n<figure class=\"wp-block-image size-full\"><img loading=\"lazy\" decoding=\"async\" width=\"1500\" height=\"2000\" data-id=\"2026\" src=\"https:\/\/wordpress.nibis.de\/gsamwall\/files\/2022\/05\/20220429_084319_resized.jpg\" alt=\"\" class=\"wp-image-2026\" srcset=\"https:\/\/wordpress.nibis.de\/gsamwall\/files\/2022\/05\/20220429_084319_resized.jpg 1500w, https:\/\/wordpress.nibis.de\/gsamwall\/files\/2022\/05\/20220429_084319_resized-768x1024.jpg 768w, https:\/\/wordpress.nibis.de\/gsamwall\/files\/2022\/05\/20220429_084319_resized-1152x1536.jpg 1152w\" sizes=\"auto, (max-width: 1500px) 100vw, 1500px\" \/><\/figure>\n\n\n\n<figure class=\"wp-block-image size-full\"><img loading=\"lazy\" decoding=\"async\" width=\"1500\" height=\"2000\" data-id=\"2028\" src=\"https:\/\/wordpress.nibis.de\/gsamwall\/files\/2022\/05\/20220429_082725_resized.jpg\" alt=\"\" class=\"wp-image-2028\" srcset=\"https:\/\/wordpress.nibis.de\/gsamwall\/files\/2022\/05\/20220429_082725_resized.jpg 1500w, https:\/\/wordpress.nibis.de\/gsamwall\/files\/2022\/05\/20220429_082725_resized-768x1024.jpg 768w, https:\/\/wordpress.nibis.de\/gsamwall\/files\/2022\/05\/20220429_082725_resized-1152x1536.jpg 1152w\" sizes=\"auto, (max-width: 1500px) 100vw, 1500px\" \/><\/figure>\n\n\n\n<figure class=\"wp-block-image size-full\"><img loading=\"lazy\" decoding=\"async\" width=\"1500\" height=\"2000\" data-id=\"2029\" src=\"https:\/\/wordpress.nibis.de\/gsamwall\/files\/2022\/05\/20220429_082922_resized.jpg\" alt=\"\" class=\"wp-image-2029\" srcset=\"https:\/\/wordpress.nibis.de\/gsamwall\/files\/2022\/05\/20220429_082922_resized.jpg 1500w, https:\/\/wordpress.nibis.de\/gsamwall\/files\/2022\/05\/20220429_082922_resized-768x1024.jpg 768w, https:\/\/wordpress.nibis.de\/gsamwall\/files\/2022\/05\/20220429_082922_resized-1152x1536.jpg 1152w\" sizes=\"auto, (max-width: 1500px) 100vw, 1500px\" \/><\/figure>\n<\/figure>\n","protected":false},"excerpt":{"rendered":"<p>Nach einer Corona Pause fand in diesem Jahr wieder der Workshop &#8222;Skipping Hearts&#8220; an unserer Schule statt. Annika Reinhardt war in diesem Jahr vor Ort und machte mit den Klassen 4 einen tollen Workshop Tag. Zuerst wurden\u00a0 einzelne Seilspr\u00fcnge ge\u00fcbt, sp\u00e4ter dann mit Partnern verschiedene Sprungvarianten durchgef\u00fchrt. Alle kamen ordentliche ins Schwitzen und waren mit &hellip; <a href=\"https:\/\/wordpress.nibis.de\/gsamwall\/skipping-hearts\/\" class=\"more-link\"><span class=\"screen-reader-text\">Skipping Hearts<\/span> weiterlesen <span class=\"meta-nav\">&rarr;<\/span><\/a><\/p>\n","protected":false},"author":9193468,"featured_media":0,"parent":0,"menu_order":0,"comment_status":"closed","ping_status":"closed","template":"","meta":{"footnotes":""},"class_list":["post-2017","page","type-page","status-publish","hentry"],"_links":{"self":[{"href":"https:\/\/wordpress.nibis.de\/gsamwall\/wp-json\/wp\/v2\/pages\/2017","targetHints":{"allow":["GET"]}}],"collection":[{"href":"https:\/\/wordpress.nibis.de\/gsamwall\/wp-json\/wp\/v2\/pages"}],"about":[{"href":"https:\/\/wordpress.nibis.de\/gsamwall\/wp-json\/wp\/v2\/types\/page"}],"author":[{"embeddable":true,"href":"https:\/\/wordpress.nibis.de\/gsamwall\/wp-json\/wp\/v2\/users\/9193468"}],"replies":[{"embeddable":true,"href":"https:\/\/wordpress.nibis.de\/gsamwall\/wp-json\/wp\/v2\/comments?post=2017"}],"version-history":[{"count":1,"href":"https:\/\/wordpress.nibis.de\/gsamwall\/wp-json\/wp\/v2\/pages\/2017\/revisions"}],"predecessor-version":[{"id":2030,"href":"https:\/\/wordpress.nibis.de\/gsamwall\/wp-json\/wp\/v2\/pages\/2017\/revisions\/2030"}],"wp:attachment":[{"href":"https:\/\/wordpress.nibis.de\/gsamwall\/wp-json\/wp\/v2\/media?parent=2017"}],"curies":[{"name":"wp","href":"https:\/\/api.w.org\/{rel}","templated":true}]}}