{"id":2040,"date":"2022-06-21T16:28:07","date_gmt":"2022-06-21T14:28:07","guid":{"rendered":"https:\/\/wordpress.nibis.de\/gsamwall\/?page_id=2040"},"modified":"2022-06-21T16:28:07","modified_gmt":"2022-06-21T14:28:07","slug":"sportfest-2022","status":"publish","type":"page","link":"https:\/\/wordpress.nibis.de\/gsamwall\/sportfest-2022\/","title":{"rendered":"Sportfest 2022"},"content":{"rendered":"\n<p>Am Donnerstag, 2.6.2022 und am Freitag, 3.6.2022, fanden bei bestem Wetter unsere diesj\u00e4hrigen Sportfeste statt. Die Klassen 1 und 2 sowie der Schulkindergarten waren am Donnerstag an der Reihe. Die Sch\u00fclerinnen und Sch\u00fcler der Klassen 3 und 4 folgten am Freitag. <\/p>\n\n\n\n<p>Dieses Mal war das Motto: Kennenlernen und ausprobieren von leichtathletischen Disziplinen im Freien &#8211; Das erste Mal auf dem Sportplatz! <\/p>\n\n\n\n<p>Die Klassen 1 und 2 starteten mit 25m L\u00e4ufen. Gemeinsam mit einem Partner hie\u00df es: alles geben und herausfinden, wer der Schnellste ist! Es folgten Staffell\u00e4ufe mit verschiedenen Transportmitteln wie S\u00e4ckchen oder T\u00fcchern.  Als n\u00e4chstes mussten unsere Jungen und M\u00e4dchen ihr Wurftalent beweisen, indem sie mit verschiedenen Gegenst\u00e4nden und verschiedenen Techniken versuchten, so weit wie m\u00f6glich zu werfen. Auch das Springen fand nat\u00fcrlich statt! Wie weit schafft man es in die Grube zu springen? Es war spannend f\u00fcr jeden!! <\/p>\n\n\n\n<p>Den Abschluss bildete dann die traditionelle Abschlussrunde, bei der sich auf 200 m L\u00e4nge herausstellte, wer das schnellste M\u00e4dchen und wer der schnellste Junge in den Jahrg\u00e4ngen ist.<\/p>\n\n\n\n<p>Die Klasse 3 absolvierte ebenfalls L\u00e4ufe gegen einen Partner &#8211; allerdings auf 50m. Auch Staffell\u00e4ufe wurden in diesem Jahrgang durchgef\u00fchrt. Weitsprung und Weitwurf fand genau wie in Klasse 1 und 2 statt. <\/p>\n\n\n\n<p>Die Kinder der Klassen 4 absolvierten &#8211; in Vorbereitung auf die weiterf\u00fchrenden Schulen &#8211; 50m L\u00e4ufe und Staffell\u00e4ufe. Auch gesprungen und geworfen wurde in diesem Jahrgang  &#8211; wobei hier besonderes Augenmerk auf die gemessenen Weiten gelegt wurde. Als Abschluss absolvierten Kinder der Klassen 3 und 4 jeweils einen 400m Lauf und bewiesen hierbei hervorragendes Durchhalteverm\u00f6gen. <\/p>\n\n\n\n<p>Alle Kinder erhielten am Ende des Tages durch ihren Klassenlehrer eine Sporturkunde. Die Urkunden der Klasse 4 enthielten zus\u00e4tzlich die Ergebnisse aus den jeweiligen Stationen. F\u00fcr die besten L\u00e4ufer gab es au\u00dferdem Urkunden f\u00fcr die Stadionrunden. <\/p>\n\n\n\n<p>Alles in allem war dieses Sportfest f\u00fcr alle ein voller Erfolg. Die Kinder waren hoch motiviert und zogen ein eindeutiges Res\u00fcmee: ein gro\u00dfartiger Tag!<\/p>\n\n\n\n<p>Auf den folgendes Fotos sehen Sie ein paar Impressionen von unserem Tag.<\/p>\n\n\n\n<p>Unsere Kinder der 1a geben alles:<\/p>\n\n\n\n<figure class=\"wp-block-gallery has-nested-images columns-default is-cropped wp-block-gallery-1 is-layout-flex wp-block-gallery-is-layout-flex\">\n<figure class=\"wp-block-image size-large\"><img loading=\"lazy\" decoding=\"async\" width=\"750\" height=\"675\" data-id=\"2043\" src=\"https:\/\/wordpress.nibis.de\/gsamwall\/files\/2022\/06\/20220602_084427_resized-750x675.jpg\" alt=\"\" class=\"wp-image-2043\" \/><\/figure>\n\n\n\n<figure class=\"wp-block-image size-large\"><img loading=\"lazy\" decoding=\"async\" width=\"750\" height=\"675\" data-id=\"2044\" src=\"https:\/\/wordpress.nibis.de\/gsamwall\/files\/2022\/06\/20220602_084507_resized-750x675.jpg\" alt=\"\" class=\"wp-image-2044\" \/><\/figure>\n\n\n\n<figure class=\"wp-block-image size-large\"><img loading=\"lazy\" decoding=\"async\" width=\"750\" height=\"675\" data-id=\"2042\" src=\"https:\/\/wordpress.nibis.de\/gsamwall\/files\/2022\/06\/20220602_090955_resized-750x675.jpg\" alt=\"\" class=\"wp-image-2042\" \/><\/figure>\n\n\n\n<figure class=\"wp-block-image size-large\"><img loading=\"lazy\" decoding=\"async\" width=\"750\" height=\"675\" data-id=\"2041\" src=\"https:\/\/wordpress.nibis.de\/gsamwall\/files\/2022\/06\/20220602_091137_resized_1-750x675.jpg\" alt=\"\" class=\"wp-image-2041\" \/><\/figure>\n\n\n\n<figure class=\"wp-block-image size-large\"><img loading=\"lazy\" decoding=\"async\" width=\"1200\" height=\"675\" data-id=\"2046\" src=\"https:\/\/wordpress.nibis.de\/gsamwall\/files\/2022\/06\/20220602_092638_resized-1200x675.jpg\" alt=\"\" class=\"wp-image-2046\" srcset=\"https:\/\/wordpress.nibis.de\/gsamwall\/files\/2022\/06\/20220602_092638_resized-1200x675.jpg 1200w, https:\/\/wordpress.nibis.de\/gsamwall\/files\/2022\/06\/20220602_092638_resized-850x478.jpg 850w, https:\/\/wordpress.nibis.de\/gsamwall\/files\/2022\/06\/20220602_092638_resized-250x141.jpg 250w\" sizes=\"auto, (max-width: 1200px) 100vw, 1200px\" \/><\/figure>\n\n\n\n<figure class=\"wp-block-image size-large\"><img loading=\"lazy\" decoding=\"async\" width=\"1200\" height=\"675\" data-id=\"2049\" src=\"https:\/\/wordpress.nibis.de\/gsamwall\/files\/2022\/06\/20220602_092709_resized-1200x675.jpg\" alt=\"\" class=\"wp-image-2049\" srcset=\"https:\/\/wordpress.nibis.de\/gsamwall\/files\/2022\/06\/20220602_092709_resized-1200x675.jpg 1200w, https:\/\/wordpress.nibis.de\/gsamwall\/files\/2022\/06\/20220602_092709_resized-850x478.jpg 850w, https:\/\/wordpress.nibis.de\/gsamwall\/files\/2022\/06\/20220602_092709_resized-250x141.jpg 250w\" sizes=\"auto, (max-width: 1200px) 100vw, 1200px\" \/><\/figure>\n\n\n\n<figure class=\"wp-block-image size-large\"><img loading=\"lazy\" decoding=\"async\" width=\"1200\" height=\"675\" data-id=\"2047\" src=\"https:\/\/wordpress.nibis.de\/gsamwall\/files\/2022\/06\/20220602_092843_resized-1200x675.jpg\" alt=\"\" class=\"wp-image-2047\" srcset=\"https:\/\/wordpress.nibis.de\/gsamwall\/files\/2022\/06\/20220602_092843_resized-1200x675.jpg 1200w, https:\/\/wordpress.nibis.de\/gsamwall\/files\/2022\/06\/20220602_092843_resized-850x478.jpg 850w, https:\/\/wordpress.nibis.de\/gsamwall\/files\/2022\/06\/20220602_092843_resized-250x141.jpg 250w\" sizes=\"auto, (max-width: 1200px) 100vw, 1200px\" \/><\/figure>\n\n\n\n<figure class=\"wp-block-image size-large\"><img loading=\"lazy\" decoding=\"async\" width=\"1200\" height=\"675\" data-id=\"2048\" src=\"https:\/\/wordpress.nibis.de\/gsamwall\/files\/2022\/06\/20220602_094134_resized-1200x675.jpg\" alt=\"\" class=\"wp-image-2048\" srcset=\"https:\/\/wordpress.nibis.de\/gsamwall\/files\/2022\/06\/20220602_094134_resized-1200x675.jpg 1200w, https:\/\/wordpress.nibis.de\/gsamwall\/files\/2022\/06\/20220602_094134_resized-850x478.jpg 850w, https:\/\/wordpress.nibis.de\/gsamwall\/files\/2022\/06\/20220602_094134_resized-250x141.jpg 250w\" sizes=\"auto, (max-width: 1200px) 100vw, 1200px\" \/><\/figure>\n\n\n\n<figure class=\"wp-block-image size-large\"><img loading=\"lazy\" decoding=\"async\" width=\"1200\" height=\"675\" data-id=\"2050\" src=\"https:\/\/wordpress.nibis.de\/gsamwall\/files\/2022\/06\/20220602_094151_resized-1200x675.jpg\" alt=\"\" class=\"wp-image-2050\" srcset=\"https:\/\/wordpress.nibis.de\/gsamwall\/files\/2022\/06\/20220602_094151_resized-1200x675.jpg 1200w, https:\/\/wordpress.nibis.de\/gsamwall\/files\/2022\/06\/20220602_094151_resized-850x478.jpg 850w, https:\/\/wordpress.nibis.de\/gsamwall\/files\/2022\/06\/20220602_094151_resized-250x141.jpg 250w\" sizes=\"auto, (max-width: 1200px) 100vw, 1200px\" \/><\/figure>\n<\/figure>\n\n\n\n<p>Auch die 2c ist flei\u00dfig und hochmotiviert dabei!<\/p>\n\n\n\n<figure class=\"wp-block-gallery has-nested-images columns-default is-cropped wp-block-gallery-2 is-layout-flex wp-block-gallery-is-layout-flex\">\n<figure class=\"wp-block-image size-large\"><img loading=\"lazy\" decoding=\"async\" width=\"1200\" height=\"675\" data-id=\"2051\" src=\"https:\/\/wordpress.nibis.de\/gsamwall\/files\/2022\/06\/8e7360e8-d02c-4a10-8f05-7dc62f5d1a5b-1200x675.jpg\" alt=\"\" class=\"wp-image-2051\" srcset=\"https:\/\/wordpress.nibis.de\/gsamwall\/files\/2022\/06\/8e7360e8-d02c-4a10-8f05-7dc62f5d1a5b-1200x675.jpg 1200w, https:\/\/wordpress.nibis.de\/gsamwall\/files\/2022\/06\/8e7360e8-d02c-4a10-8f05-7dc62f5d1a5b-850x478.jpg 850w, https:\/\/wordpress.nibis.de\/gsamwall\/files\/2022\/06\/8e7360e8-d02c-4a10-8f05-7dc62f5d1a5b-250x141.jpg 250w\" sizes=\"auto, (max-width: 1200px) 100vw, 1200px\" \/><\/figure>\n\n\n\n<figure class=\"wp-block-image size-large\"><img loading=\"lazy\" decoding=\"async\" width=\"1200\" height=\"675\" data-id=\"2053\" src=\"https:\/\/wordpress.nibis.de\/gsamwall\/files\/2022\/06\/41f851d1-596f-497d-bf2d-1aea5a60ff4b-1200x675.jpg\" alt=\"\" class=\"wp-image-2053\" srcset=\"https:\/\/wordpress.nibis.de\/gsamwall\/files\/2022\/06\/41f851d1-596f-497d-bf2d-1aea5a60ff4b-1200x675.jpg 1200w, https:\/\/wordpress.nibis.de\/gsamwall\/files\/2022\/06\/41f851d1-596f-497d-bf2d-1aea5a60ff4b-850x478.jpg 850w, https:\/\/wordpress.nibis.de\/gsamwall\/files\/2022\/06\/41f851d1-596f-497d-bf2d-1aea5a60ff4b-250x141.jpg 250w\" sizes=\"auto, (max-width: 1200px) 100vw, 1200px\" \/><\/figure>\n\n\n\n<figure class=\"wp-block-image size-large\"><img loading=\"lazy\" decoding=\"async\" width=\"1200\" height=\"675\" data-id=\"2054\" src=\"https:\/\/wordpress.nibis.de\/gsamwall\/files\/2022\/06\/44e9ff1a-0380-424b-95a6-ac46ee4fda78-1200x675.jpg\" alt=\"\" class=\"wp-image-2054\" srcset=\"https:\/\/wordpress.nibis.de\/gsamwall\/files\/2022\/06\/44e9ff1a-0380-424b-95a6-ac46ee4fda78-1200x675.jpg 1200w, https:\/\/wordpress.nibis.de\/gsamwall\/files\/2022\/06\/44e9ff1a-0380-424b-95a6-ac46ee4fda78-850x478.jpg 850w, https:\/\/wordpress.nibis.de\/gsamwall\/files\/2022\/06\/44e9ff1a-0380-424b-95a6-ac46ee4fda78-250x141.jpg 250w\" sizes=\"auto, (max-width: 1200px) 100vw, 1200px\" \/><\/figure>\n\n\n\n<figure class=\"wp-block-image size-large\"><img loading=\"lazy\" decoding=\"async\" width=\"1200\" height=\"675\" data-id=\"2052\" src=\"https:\/\/wordpress.nibis.de\/gsamwall\/files\/2022\/06\/67f0d0bc-2872-46c3-a45d-324e8c5bbc7b-1200x675.jpg\" alt=\"\" class=\"wp-image-2052\" srcset=\"https:\/\/wordpress.nibis.de\/gsamwall\/files\/2022\/06\/67f0d0bc-2872-46c3-a45d-324e8c5bbc7b-1200x675.jpg 1200w, https:\/\/wordpress.nibis.de\/gsamwall\/files\/2022\/06\/67f0d0bc-2872-46c3-a45d-324e8c5bbc7b-850x478.jpg 850w, https:\/\/wordpress.nibis.de\/gsamwall\/files\/2022\/06\/67f0d0bc-2872-46c3-a45d-324e8c5bbc7b-250x141.jpg 250w\" sizes=\"auto, (max-width: 1200px) 100vw, 1200px\" \/><\/figure>\n\n\n\n<figure class=\"wp-block-image size-large\"><img loading=\"lazy\" decoding=\"async\" width=\"1200\" height=\"675\" data-id=\"2056\" src=\"https:\/\/wordpress.nibis.de\/gsamwall\/files\/2022\/06\/93b20937-6e5a-49ea-b79a-45cb97a38ba3-1200x675.jpg\" alt=\"\" class=\"wp-image-2056\" srcset=\"https:\/\/wordpress.nibis.de\/gsamwall\/files\/2022\/06\/93b20937-6e5a-49ea-b79a-45cb97a38ba3-1200x675.jpg 1200w, https:\/\/wordpress.nibis.de\/gsamwall\/files\/2022\/06\/93b20937-6e5a-49ea-b79a-45cb97a38ba3-850x478.jpg 850w, https:\/\/wordpress.nibis.de\/gsamwall\/files\/2022\/06\/93b20937-6e5a-49ea-b79a-45cb97a38ba3-250x141.jpg 250w\" sizes=\"auto, (max-width: 1200px) 100vw, 1200px\" \/><\/figure>\n\n\n\n<figure class=\"wp-block-image size-large\"><img loading=\"lazy\" decoding=\"async\" width=\"1200\" height=\"675\" data-id=\"2057\" src=\"https:\/\/wordpress.nibis.de\/gsamwall\/files\/2022\/06\/523ba942-381c-4cd0-9ea9-ca5d6efce6a5-1200x675.jpg\" alt=\"\" class=\"wp-image-2057\" srcset=\"https:\/\/wordpress.nibis.de\/gsamwall\/files\/2022\/06\/523ba942-381c-4cd0-9ea9-ca5d6efce6a5-1200x675.jpg 1200w, https:\/\/wordpress.nibis.de\/gsamwall\/files\/2022\/06\/523ba942-381c-4cd0-9ea9-ca5d6efce6a5-850x478.jpg 850w, https:\/\/wordpress.nibis.de\/gsamwall\/files\/2022\/06\/523ba942-381c-4cd0-9ea9-ca5d6efce6a5-250x141.jpg 250w\" sizes=\"auto, (max-width: 1200px) 100vw, 1200px\" \/><\/figure>\n\n\n\n<figure class=\"wp-block-image size-large\"><img loading=\"lazy\" decoding=\"async\" width=\"1200\" height=\"675\" data-id=\"2059\" src=\"https:\/\/wordpress.nibis.de\/gsamwall\/files\/2022\/06\/81003838-4db5-4a70-913c-d871c1181982-1200x675.jpg\" alt=\"\" class=\"wp-image-2059\" srcset=\"https:\/\/wordpress.nibis.de\/gsamwall\/files\/2022\/06\/81003838-4db5-4a70-913c-d871c1181982-1200x675.jpg 1200w, https:\/\/wordpress.nibis.de\/gsamwall\/files\/2022\/06\/81003838-4db5-4a70-913c-d871c1181982-850x478.jpg 850w, https:\/\/wordpress.nibis.de\/gsamwall\/files\/2022\/06\/81003838-4db5-4a70-913c-d871c1181982-250x141.jpg 250w\" sizes=\"auto, (max-width: 1200px) 100vw, 1200px\" \/><\/figure>\n\n\n\n<figure class=\"wp-block-image size-large\"><img loading=\"lazy\" decoding=\"async\" width=\"1200\" height=\"675\" data-id=\"2061\" src=\"https:\/\/wordpress.nibis.de\/gsamwall\/files\/2022\/06\/a4435823-e419-4f42-bf31-4c627707e989-1200x675.jpg\" alt=\"\" class=\"wp-image-2061\" srcset=\"https:\/\/wordpress.nibis.de\/gsamwall\/files\/2022\/06\/a4435823-e419-4f42-bf31-4c627707e989-1200x675.jpg 1200w, https:\/\/wordpress.nibis.de\/gsamwall\/files\/2022\/06\/a4435823-e419-4f42-bf31-4c627707e989-850x478.jpg 850w, https:\/\/wordpress.nibis.de\/gsamwall\/files\/2022\/06\/a4435823-e419-4f42-bf31-4c627707e989-250x141.jpg 250w\" sizes=\"auto, (max-width: 1200px) 100vw, 1200px\" \/><\/figure>\n\n\n\n<figure class=\"wp-block-image size-large\"><img loading=\"lazy\" decoding=\"async\" width=\"1200\" height=\"675\" data-id=\"2060\" src=\"https:\/\/wordpress.nibis.de\/gsamwall\/files\/2022\/06\/e1c92d57-7d32-4e45-81b5-9b2f09e275e5-1200x675.jpg\" alt=\"\" class=\"wp-image-2060\" srcset=\"https:\/\/wordpress.nibis.de\/gsamwall\/files\/2022\/06\/e1c92d57-7d32-4e45-81b5-9b2f09e275e5-1200x675.jpg 1200w, https:\/\/wordpress.nibis.de\/gsamwall\/files\/2022\/06\/e1c92d57-7d32-4e45-81b5-9b2f09e275e5-850x478.jpg 850w, https:\/\/wordpress.nibis.de\/gsamwall\/files\/2022\/06\/e1c92d57-7d32-4e45-81b5-9b2f09e275e5-250x141.jpg 250w\" sizes=\"auto, (max-width: 1200px) 100vw, 1200px\" \/><\/figure>\n\n\n\n<figure class=\"wp-block-image size-large\"><img loading=\"lazy\" decoding=\"async\" width=\"1200\" height=\"675\" data-id=\"2062\" src=\"https:\/\/wordpress.nibis.de\/gsamwall\/files\/2022\/06\/e9bfe126-08d1-4090-ae89-154197dc7645-1200x675.jpg\" alt=\"\" class=\"wp-image-2062\" srcset=\"https:\/\/wordpress.nibis.de\/gsamwall\/files\/2022\/06\/e9bfe126-08d1-4090-ae89-154197dc7645-1200x675.jpg 1200w, https:\/\/wordpress.nibis.de\/gsamwall\/files\/2022\/06\/e9bfe126-08d1-4090-ae89-154197dc7645-850x478.jpg 850w, https:\/\/wordpress.nibis.de\/gsamwall\/files\/2022\/06\/e9bfe126-08d1-4090-ae89-154197dc7645-250x141.jpg 250w\" sizes=\"auto, (max-width: 1200px) 100vw, 1200px\" \/><\/figure>\n\n\n\n<figure class=\"wp-block-image size-large\"><img loading=\"lazy\" decoding=\"async\" width=\"1200\" height=\"675\" data-id=\"2063\" src=\"https:\/\/wordpress.nibis.de\/gsamwall\/files\/2022\/06\/ef3c4e5e-22b7-4408-8ec9-28305abb2099-1200x675.jpg\" alt=\"\" class=\"wp-image-2063\" srcset=\"https:\/\/wordpress.nibis.de\/gsamwall\/files\/2022\/06\/ef3c4e5e-22b7-4408-8ec9-28305abb2099-1200x675.jpg 1200w, https:\/\/wordpress.nibis.de\/gsamwall\/files\/2022\/06\/ef3c4e5e-22b7-4408-8ec9-28305abb2099-850x478.jpg 850w, https:\/\/wordpress.nibis.de\/gsamwall\/files\/2022\/06\/ef3c4e5e-22b7-4408-8ec9-28305abb2099-250x141.jpg 250w\" sizes=\"auto, (max-width: 1200px) 100vw, 1200px\" \/><\/figure>\n<\/figure>\n\n\n\n<p><\/p>\n","protected":false},"excerpt":{"rendered":"<p>Am Donnerstag, 2.6.2022 und am Freitag, 3.6.2022, fanden bei bestem Wetter unsere diesj\u00e4hrigen Sportfeste statt. Die Klassen 1 und 2 sowie der Schulkindergarten waren am Donnerstag an der Reihe. Die Sch\u00fclerinnen und Sch\u00fcler der Klassen 3 und 4 folgten am Freitag. Dieses Mal war das Motto: Kennenlernen und ausprobieren von leichtathletischen Disziplinen im Freien &#8211; &hellip; <a href=\"https:\/\/wordpress.nibis.de\/gsamwall\/sportfest-2022\/\" class=\"more-link\"><span class=\"screen-reader-text\">Sportfest 2022<\/span> weiterlesen <span class=\"meta-nav\">&rarr;<\/span><\/a><\/p>\n","protected":false},"author":9193468,"featured_media":0,"parent":0,"menu_order":0,"comment_status":"closed","ping_status":"closed","template":"","meta":{"footnotes":""},"class_list":["post-2040","page","type-page","status-publish","hentry"],"_links":{"self":[{"href":"https:\/\/wordpress.nibis.de\/gsamwall\/wp-json\/wp\/v2\/pages\/2040","targetHints":{"allow":["GET"]}}],"collection":[{"href":"https:\/\/wordpress.nibis.de\/gsamwall\/wp-json\/wp\/v2\/pages"}],"about":[{"href":"https:\/\/wordpress.nibis.de\/gsamwall\/wp-json\/wp\/v2\/types\/page"}],"author":[{"embeddable":true,"href":"https:\/\/wordpress.nibis.de\/gsamwall\/wp-json\/wp\/v2\/users\/9193468"}],"replies":[{"embeddable":true,"href":"https:\/\/wordpress.nibis.de\/gsamwall\/wp-json\/wp\/v2\/comments?post=2040"}],"version-history":[{"count":2,"href":"https:\/\/wordpress.nibis.de\/gsamwall\/wp-json\/wp\/v2\/pages\/2040\/revisions"}],"predecessor-version":[{"id":2065,"href":"https:\/\/wordpress.nibis.de\/gsamwall\/wp-json\/wp\/v2\/pages\/2040\/revisions\/2065"}],"wp:attachment":[{"href":"https:\/\/wordpress.nibis.de\/gsamwall\/wp-json\/wp\/v2\/media?parent=2040"}],"curies":[{"name":"wp","href":"https:\/\/api.w.org\/{rel}","templated":true}]}}