{"id":206,"date":"2020-04-14T19:10:28","date_gmt":"2020-04-14T17:10:28","guid":{"rendered":"https:\/\/wordpress.nibis.de\/gsamwall\/?page_id=206"},"modified":"2025-12-18T09:11:07","modified_gmt":"2025-12-18T08:11:07","slug":"elternvertreter","status":"publish","type":"page","link":"https:\/\/wordpress.nibis.de\/gsamwall\/elternvertreter\/","title":{"rendered":"Elternvertreter"},"content":{"rendered":"\n<p class=\"Untertitel-P\"><span class=\"Normal-C1\">In jeder Klasse werden jeweils in Klasse 1 und 3 die Elternvertreter gew\u00e4hlt. Sie unterst\u00fctzen die Lehrkr\u00e4fte und stehen den Eltern bei allen Fragen rund um die Schule hilfreich zur Seite. Von allen Elternvertretern wird dann der Vorsitzende des Schulelternrates gew\u00e4hlt.<\/span><\/p>\n<p class=\"Untertitel-P\"><span class=\"Normal-C1\">\u00a0<\/span><\/p>\n<p class=\"Normal-P0\"><span class=\"Normal-C2\"><strong>Schulelternratsvorsitzender:<\/strong>\u00a0 Frau Sommer<\/span><\/p>\n<p class=\"Normal-P0\"><span class=\"Normal-C2\"><strong>Stellvertreterin:\u00a0 \u00a0<\/strong>\u00a0 \u00a0 \u00a0 \u00a0 \u00a0 \u00a0 \u00a0 \u00a0 \u00a0 \u00a0 \u00a0 \u00a0 \u00a0 \u00a0 Frau Krusha<\/span><\/p>\n","protected":false},"excerpt":{"rendered":"<p>In jeder Klasse werden jeweils in Klasse 1 und 3 die Elternvertreter gew\u00e4hlt. Sie unterst\u00fctzen die Lehrkr\u00e4fte und stehen den Eltern bei allen Fragen rund um die Schule hilfreich zur Seite. Von allen Elternvertretern wird dann der Vorsitzende des Schulelternrates gew\u00e4hlt. \u00a0 Schulelternratsvorsitzender:\u00a0 Frau Sommer Stellvertreterin:\u00a0 \u00a0\u00a0 \u00a0 \u00a0 \u00a0 \u00a0 \u00a0 \u00a0 \u00a0 \u00a0 &hellip; <a href=\"https:\/\/wordpress.nibis.de\/gsamwall\/elternvertreter\/\" class=\"more-link\"><span class=\"screen-reader-text\">Elternvertreter<\/span> weiterlesen <span class=\"meta-nav\">&rarr;<\/span><\/a><\/p>\n","protected":false},"author":9193468,"featured_media":0,"parent":0,"menu_order":0,"comment_status":"closed","ping_status":"closed","template":"","meta":{"footnotes":""},"class_list":["post-206","page","type-page","status-publish","hentry"],"_links":{"self":[{"href":"https:\/\/wordpress.nibis.de\/gsamwall\/wp-json\/wp\/v2\/pages\/206","targetHints":{"allow":["GET"]}}],"collection":[{"href":"https:\/\/wordpress.nibis.de\/gsamwall\/wp-json\/wp\/v2\/pages"}],"about":[{"href":"https:\/\/wordpress.nibis.de\/gsamwall\/wp-json\/wp\/v2\/types\/page"}],"author":[{"embeddable":true,"href":"https:\/\/wordpress.nibis.de\/gsamwall\/wp-json\/wp\/v2\/users\/9193468"}],"replies":[{"embeddable":true,"href":"https:\/\/wordpress.nibis.de\/gsamwall\/wp-json\/wp\/v2\/comments?post=206"}],"version-history":[{"count":4,"href":"https:\/\/wordpress.nibis.de\/gsamwall\/wp-json\/wp\/v2\/pages\/206\/revisions"}],"predecessor-version":[{"id":2728,"href":"https:\/\/wordpress.nibis.de\/gsamwall\/wp-json\/wp\/v2\/pages\/206\/revisions\/2728"}],"wp:attachment":[{"href":"https:\/\/wordpress.nibis.de\/gsamwall\/wp-json\/wp\/v2\/media?parent=206"}],"curies":[{"name":"wp","href":"https:\/\/api.w.org\/{rel}","templated":true}]}}