{"id":2083,"date":"2022-08-09T14:58:18","date_gmt":"2022-08-09T12:58:18","guid":{"rendered":"https:\/\/wordpress.nibis.de\/gsamwall\/?page_id=2083"},"modified":"2022-08-09T15:02:58","modified_gmt":"2022-08-09T13:02:58","slug":"schulausflug-zum-zoo-hannover","status":"publish","type":"page","link":"https:\/\/wordpress.nibis.de\/gsamwall\/schulausflug-zum-zoo-hannover\/","title":{"rendered":"Schulausflug zum Zoo Hannover"},"content":{"rendered":"\n<p>Der 20.6.2022 war ein ganz besonderer Tag f\u00fcr alle Sch\u00fcler &amp; Sch\u00fclerinnen, die Lehrer und Mitarbeiter der Grundschule vom Wall.  5 Busse standen bereit, um in einen unvergesslichen Schulausflug in den Zoo nach Hannover zu starten. Leider regnete es, was die Vorfreude aber keineswegs tr\u00fcbte. Und &#8211; wie sollte es anders sein &#8211; p\u00fcnktlich zur Ankunft in Hannover h\u00f6rte der Regen auf und wir hatten am Nachmittag sogar etwas Sonne. In kleinen Gruppen ging das Abenteuer dann los. Von der Bootfahrt, bis hin zur Seehund Show, den Elefanten, L\u00f6wen und Giraffen. Alles wurde genau angeschaut und bestaunt. Ein Highlight f\u00fcr alle Kinder stellte auch der Besuch des Spielplatzes dar, wo es das ein oder andere Eis zur St\u00e4rkung gab, bevor wir dann den R\u00fcckweg antraten. <\/p>\n\n\n\n<p>M\u00fcde, ausgepowert aber sehr gl\u00fccklich kamen wir gegen 18 Uhr wieder in Hann. M\u00fcnden an. An dieser Stelle m\u00f6chten wir uns auch noch einmal bei allen Eltern bedanken, die uns tatkr\u00e4ftig unterst\u00fctzt haben, sodass der Tag ein voller Erfolg war!<\/p>\n\n\n\n<figure class=\"wp-block-gallery has-nested-images columns-default is-cropped wp-block-gallery-1 is-layout-flex wp-block-gallery-is-layout-flex\">\n<figure class=\"wp-block-image size-large\"><img loading=\"lazy\" decoding=\"async\" width=\"1200\" height=\"675\" data-id=\"2093\" src=\"https:\/\/wordpress.nibis.de\/gsamwall\/files\/2022\/08\/IMAG2269-1200x675.jpg\" alt=\"\" class=\"wp-image-2093\" srcset=\"https:\/\/wordpress.nibis.de\/gsamwall\/files\/2022\/08\/IMAG2269-1200x675.jpg 1200w, https:\/\/wordpress.nibis.de\/gsamwall\/files\/2022\/08\/IMAG2269-850x478.jpg 850w, https:\/\/wordpress.nibis.de\/gsamwall\/files\/2022\/08\/IMAG2269-250x141.jpg 250w\" sizes=\"auto, (max-width: 1200px) 100vw, 1200px\" \/><\/figure>\n\n\n\n<figure class=\"wp-block-image size-large\"><img loading=\"lazy\" decoding=\"async\" width=\"1200\" height=\"675\" data-id=\"2091\" src=\"https:\/\/wordpress.nibis.de\/gsamwall\/files\/2022\/08\/IMAG2276-1200x675.jpg\" alt=\"\" class=\"wp-image-2091\" srcset=\"https:\/\/wordpress.nibis.de\/gsamwall\/files\/2022\/08\/IMAG2276-1200x675.jpg 1200w, https:\/\/wordpress.nibis.de\/gsamwall\/files\/2022\/08\/IMAG2276-850x478.jpg 850w, https:\/\/wordpress.nibis.de\/gsamwall\/files\/2022\/08\/IMAG2276-250x141.jpg 250w\" sizes=\"auto, (max-width: 1200px) 100vw, 1200px\" \/><\/figure>\n\n\n\n<figure class=\"wp-block-image size-large\"><img loading=\"lazy\" decoding=\"async\" width=\"1200\" height=\"675\" data-id=\"2092\" src=\"https:\/\/wordpress.nibis.de\/gsamwall\/files\/2022\/08\/IMAG2277-1200x675.jpg\" alt=\"\" class=\"wp-image-2092\" srcset=\"https:\/\/wordpress.nibis.de\/gsamwall\/files\/2022\/08\/IMAG2277-1200x675.jpg 1200w, https:\/\/wordpress.nibis.de\/gsamwall\/files\/2022\/08\/IMAG2277-850x478.jpg 850w, https:\/\/wordpress.nibis.de\/gsamwall\/files\/2022\/08\/IMAG2277-250x141.jpg 250w\" sizes=\"auto, (max-width: 1200px) 100vw, 1200px\" \/><\/figure>\n\n\n\n<figure class=\"wp-block-image size-large\"><img loading=\"lazy\" decoding=\"async\" width=\"1200\" height=\"675\" data-id=\"2095\" src=\"https:\/\/wordpress.nibis.de\/gsamwall\/files\/2022\/08\/IMAG2284-1200x675.jpg\" alt=\"\" class=\"wp-image-2095\" srcset=\"https:\/\/wordpress.nibis.de\/gsamwall\/files\/2022\/08\/IMAG2284-1200x675.jpg 1200w, https:\/\/wordpress.nibis.de\/gsamwall\/files\/2022\/08\/IMAG2284-850x478.jpg 850w, https:\/\/wordpress.nibis.de\/gsamwall\/files\/2022\/08\/IMAG2284-250x141.jpg 250w\" sizes=\"auto, (max-width: 1200px) 100vw, 1200px\" \/><\/figure>\n\n\n\n<figure class=\"wp-block-image size-large\"><img loading=\"lazy\" decoding=\"async\" width=\"1024\" height=\"675\" data-id=\"2087\" src=\"https:\/\/wordpress.nibis.de\/gsamwall\/files\/2022\/08\/IMG_20220620_103016918_HDR-1024x675.jpg\" alt=\"\" class=\"wp-image-2087\" \/><\/figure>\n\n\n\n<figure class=\"wp-block-image size-large\"><img loading=\"lazy\" decoding=\"async\" width=\"1024\" height=\"675\" data-id=\"2088\" src=\"https:\/\/wordpress.nibis.de\/gsamwall\/files\/2022\/08\/IMG_20220620_140648278_HDR-1024x675.jpg\" alt=\"\" class=\"wp-image-2088\" \/><\/figure>\n\n\n\n<figure class=\"wp-block-image size-large\"><img loading=\"lazy\" decoding=\"async\" width=\"512\" height=\"675\" data-id=\"2090\" src=\"https:\/\/wordpress.nibis.de\/gsamwall\/files\/2022\/08\/IMG_6615-512x675.jpg\" alt=\"\" class=\"wp-image-2090\" \/><\/figure>\n\n\n\n<figure class=\"wp-block-image size-large\"><img loading=\"lazy\" decoding=\"async\" width=\"512\" height=\"675\" data-id=\"2089\" src=\"https:\/\/wordpress.nibis.de\/gsamwall\/files\/2022\/08\/IMG_6579-512x675.jpg\" alt=\"\" class=\"wp-image-2089\" \/><\/figure>\n\n\n\n<figure class=\"wp-block-image size-large\"><img loading=\"lazy\" decoding=\"async\" width=\"1024\" height=\"675\" data-id=\"2094\" src=\"https:\/\/wordpress.nibis.de\/gsamwall\/files\/2022\/08\/IMG_6426-Kopie-1024x675.jpg\" alt=\"\" class=\"wp-image-2094\" \/><\/figure>\n\n\n\n<figure class=\"wp-block-image size-large\"><img loading=\"lazy\" decoding=\"async\" width=\"512\" height=\"675\" data-id=\"2096\" src=\"https:\/\/wordpress.nibis.de\/gsamwall\/files\/2022\/08\/IMG_6382-Kopie-512x675.jpg\" alt=\"\" class=\"wp-image-2096\" \/><\/figure>\n\n\n\n<figure class=\"wp-block-image size-large\"><img loading=\"lazy\" decoding=\"async\" width=\"512\" height=\"675\" data-id=\"2097\" src=\"https:\/\/wordpress.nibis.de\/gsamwall\/files\/2022\/08\/IMG_6356-Kopie-512x675.jpg\" alt=\"\" class=\"wp-image-2097\" \/><\/figure>\n\n\n\n<figure class=\"wp-block-image size-large\"><img loading=\"lazy\" decoding=\"async\" width=\"1024\" height=\"675\" data-id=\"2098\" src=\"https:\/\/wordpress.nibis.de\/gsamwall\/files\/2022\/08\/IMG_6309-1024x675.jpg\" alt=\"\" class=\"wp-image-2098\" \/><\/figure>\n\n\n\n<figure class=\"wp-block-image size-large\"><img loading=\"lazy\" decoding=\"async\" width=\"512\" height=\"675\" data-id=\"2099\" src=\"https:\/\/wordpress.nibis.de\/gsamwall\/files\/2022\/08\/IMG_6251-512x675.jpg\" alt=\"\" class=\"wp-image-2099\" \/><\/figure>\n\n\n\n<figure class=\"wp-block-image size-large\"><img loading=\"lazy\" decoding=\"async\" width=\"512\" height=\"675\" data-id=\"2100\" src=\"https:\/\/wordpress.nibis.de\/gsamwall\/files\/2022\/08\/IMG_6249-512x675.jpg\" alt=\"\" class=\"wp-image-2100\" \/><\/figure>\n\n\n\n<figure class=\"wp-block-image size-large\"><img loading=\"lazy\" decoding=\"async\" width=\"450\" height=\"600\" data-id=\"2101\" src=\"https:\/\/wordpress.nibis.de\/gsamwall\/files\/2022\/08\/1656665130.jpeg\" alt=\"\" class=\"wp-image-2101\" \/><\/figure>\n\n\n\n<figure class=\"wp-block-image size-large\"><img loading=\"lazy\" decoding=\"async\" width=\"600\" height=\"450\" data-id=\"2102\" src=\"https:\/\/wordpress.nibis.de\/gsamwall\/files\/2022\/08\/1656665095.jpeg\" alt=\"\" class=\"wp-image-2102\" \/><\/figure>\n\n\n\n<figure class=\"wp-block-image size-large\"><img loading=\"lazy\" decoding=\"async\" width=\"450\" height=\"600\" data-id=\"2103\" src=\"https:\/\/wordpress.nibis.de\/gsamwall\/files\/2022\/08\/1656665118.jpeg\" alt=\"\" class=\"wp-image-2103\" \/><\/figure>\n\n\n\n<figure class=\"wp-block-image size-large\"><img loading=\"lazy\" decoding=\"async\" width=\"450\" height=\"600\" data-id=\"2104\" src=\"https:\/\/wordpress.nibis.de\/gsamwall\/files\/2022\/08\/1656665049.jpeg\" alt=\"\" class=\"wp-image-2104\" \/><\/figure>\n\n\n\n<figure class=\"wp-block-image size-large\"><img loading=\"lazy\" decoding=\"async\" width=\"450\" height=\"600\" data-id=\"2105\" src=\"https:\/\/wordpress.nibis.de\/gsamwall\/files\/2022\/08\/1656665064.jpeg\" alt=\"\" class=\"wp-image-2105\" \/><\/figure>\n\n\n\n<figure class=\"wp-block-image size-large\"><img loading=\"lazy\" decoding=\"async\" width=\"450\" height=\"600\" data-id=\"2106\" src=\"https:\/\/wordpress.nibis.de\/gsamwall\/files\/2022\/08\/1656665029.jpeg\" alt=\"\" class=\"wp-image-2106\" \/><\/figure>\n<\/figure>\n","protected":false},"excerpt":{"rendered":"<p>Der 20.6.2022 war ein ganz besonderer Tag f\u00fcr alle Sch\u00fcler &amp; Sch\u00fclerinnen, die Lehrer und Mitarbeiter der Grundschule vom Wall. 5 Busse standen bereit, um in einen unvergesslichen Schulausflug in den Zoo nach Hannover zu starten. Leider regnete es, was die Vorfreude aber keineswegs tr\u00fcbte. Und &#8211; wie sollte es anders sein &#8211; p\u00fcnktlich zur &hellip; <a href=\"https:\/\/wordpress.nibis.de\/gsamwall\/schulausflug-zum-zoo-hannover\/\" class=\"more-link\"><span class=\"screen-reader-text\">Schulausflug zum Zoo Hannover<\/span> weiterlesen <span class=\"meta-nav\">&rarr;<\/span><\/a><\/p>\n","protected":false},"author":9193468,"featured_media":0,"parent":0,"menu_order":0,"comment_status":"closed","ping_status":"closed","template":"","meta":{"footnotes":""},"class_list":["post-2083","page","type-page","status-publish","hentry"],"_links":{"self":[{"href":"https:\/\/wordpress.nibis.de\/gsamwall\/wp-json\/wp\/v2\/pages\/2083","targetHints":{"allow":["GET"]}}],"collection":[{"href":"https:\/\/wordpress.nibis.de\/gsamwall\/wp-json\/wp\/v2\/pages"}],"about":[{"href":"https:\/\/wordpress.nibis.de\/gsamwall\/wp-json\/wp\/v2\/types\/page"}],"author":[{"embeddable":true,"href":"https:\/\/wordpress.nibis.de\/gsamwall\/wp-json\/wp\/v2\/users\/9193468"}],"replies":[{"embeddable":true,"href":"https:\/\/wordpress.nibis.de\/gsamwall\/wp-json\/wp\/v2\/comments?post=2083"}],"version-history":[{"count":4,"href":"https:\/\/wordpress.nibis.de\/gsamwall\/wp-json\/wp\/v2\/pages\/2083\/revisions"}],"predecessor-version":[{"id":2107,"href":"https:\/\/wordpress.nibis.de\/gsamwall\/wp-json\/wp\/v2\/pages\/2083\/revisions\/2107"}],"wp:attachment":[{"href":"https:\/\/wordpress.nibis.de\/gsamwall\/wp-json\/wp\/v2\/media?parent=2083"}],"curies":[{"name":"wp","href":"https:\/\/api.w.org\/{rel}","templated":true}]}}