{"id":2143,"date":"2022-11-03T20:54:24","date_gmt":"2022-11-03T19:54:24","guid":{"rendered":"https:\/\/wordpress.nibis.de\/gsamwall\/?page_id=2143"},"modified":"2022-11-03T21:15:04","modified_gmt":"2022-11-03T20:15:04","slug":"schuloper-edgar-das-gruselige-schlossgespenst","status":"publish","type":"page","link":"https:\/\/wordpress.nibis.de\/gsamwall\/schuloper-edgar-das-gruselige-schlossgespenst\/","title":{"rendered":"Schuloper &#8222;Edgar das gruselige Schlossgespenst&#8220;"},"content":{"rendered":"<p>Am Dienstag, den 1.11.2022 war ein ganz besonderer Tag f\u00fcr unsere Sch\u00fclerinnen und Sch\u00fcler. Ab 10 Uhr wurde es gruselig an der Grundschule am Wall!!<\/p>\n<p>Die Tourneeoper Bielefeld war zu Besuch und spielte uns die Kinderoper &#8222;Edgar das gruselige Schlossgespenst&#8220; vor. Es wurde gesungen, geschauspielert und wild umher gespukt. Aber nicht nur die Schauspieler selbst standen auf der B\u00fchne sondern auch 13 mutige Sch\u00fclerinnen und Sch\u00fcler von uns. Die &#8222;Mitmachkinder&#8220; verwandelten sich kurz vor Beginn der Auff\u00fchrung in kleine Gespensterkinder und wirkten dann in 2 Szenen der Oper mit! Singend und tanzend begeisterten Sie ihre Mitsch\u00fcler sowie die Lehrerinnen und Lehrer und sangen schlie\u00dflich als Abschluss mit viel Begeisterung gemeinsam mit allen Kindern das gruselige Lied von Edgar dem Schlossgespenst!<br \/>Ein gro\u00dfer Dank geht an die beiden Schauspieler der Tourneeoper f\u00fcr diese gelungene Auff\u00fchrung!\u00a0<\/p>\n\n\n<figure class=\"wp-block-gallery has-nested-images columns-2 is-cropped wp-block-gallery-1 is-layout-flex wp-block-gallery-is-layout-flex\">\n<figure class=\"wp-block-image size-large\"><img loading=\"lazy\" decoding=\"async\" width=\"1200\" height=\"675\" data-id=\"2147\" src=\"https:\/\/wordpress.nibis.de\/gsamwall\/files\/2022\/11\/WhatsApp-Image-2022-11-03-at-20.57.32-1200x675.jpeg\" alt=\"\" class=\"wp-image-2147\" srcset=\"https:\/\/wordpress.nibis.de\/gsamwall\/files\/2022\/11\/WhatsApp-Image-2022-11-03-at-20.57.32-1200x675.jpeg 1200w, https:\/\/wordpress.nibis.de\/gsamwall\/files\/2022\/11\/WhatsApp-Image-2022-11-03-at-20.57.32-850x478.jpeg 850w, https:\/\/wordpress.nibis.de\/gsamwall\/files\/2022\/11\/WhatsApp-Image-2022-11-03-at-20.57.32-250x141.jpeg 250w\" sizes=\"auto, (max-width: 1200px) 100vw, 1200px\" \/><\/figure>\n\n\n\n<figure class=\"wp-block-image size-large\"><img loading=\"lazy\" decoding=\"async\" width=\"1200\" height=\"675\" data-id=\"2146\" src=\"https:\/\/wordpress.nibis.de\/gsamwall\/files\/2022\/11\/WhatsApp-Image-2022-11-03-at-20.57.33-1200x675.jpeg\" alt=\"\" class=\"wp-image-2146\" srcset=\"https:\/\/wordpress.nibis.de\/gsamwall\/files\/2022\/11\/WhatsApp-Image-2022-11-03-at-20.57.33-1200x675.jpeg 1200w, https:\/\/wordpress.nibis.de\/gsamwall\/files\/2022\/11\/WhatsApp-Image-2022-11-03-at-20.57.33-850x478.jpeg 850w, https:\/\/wordpress.nibis.de\/gsamwall\/files\/2022\/11\/WhatsApp-Image-2022-11-03-at-20.57.33-250x141.jpeg 250w\" sizes=\"auto, (max-width: 1200px) 100vw, 1200px\" \/><\/figure>\n\n\n\n<figure class=\"wp-block-image size-large\"><img loading=\"lazy\" decoding=\"async\" width=\"1200\" height=\"675\" data-id=\"2145\" src=\"https:\/\/wordpress.nibis.de\/gsamwall\/files\/2022\/11\/WhatsApp-Image-2022-11-03-at-20.57.34-1-2-1200x675.jpeg\" alt=\"\" class=\"wp-image-2145\" srcset=\"https:\/\/wordpress.nibis.de\/gsamwall\/files\/2022\/11\/WhatsApp-Image-2022-11-03-at-20.57.34-1-2-1200x675.jpeg 1200w, https:\/\/wordpress.nibis.de\/gsamwall\/files\/2022\/11\/WhatsApp-Image-2022-11-03-at-20.57.34-1-2-850x478.jpeg 850w, https:\/\/wordpress.nibis.de\/gsamwall\/files\/2022\/11\/WhatsApp-Image-2022-11-03-at-20.57.34-1-2-250x141.jpeg 250w\" sizes=\"auto, (max-width: 1200px) 100vw, 1200px\" \/><\/figure>\n\n\n\n<figure class=\"wp-block-image size-large\"><img loading=\"lazy\" decoding=\"async\" width=\"1200\" height=\"675\" data-id=\"2148\" src=\"https:\/\/wordpress.nibis.de\/gsamwall\/files\/2022\/11\/WhatsApp-Image-2022-11-03-at-20.57.35-1200x675.jpeg\" alt=\"\" class=\"wp-image-2148\" srcset=\"https:\/\/wordpress.nibis.de\/gsamwall\/files\/2022\/11\/WhatsApp-Image-2022-11-03-at-20.57.35-1200x675.jpeg 1200w, https:\/\/wordpress.nibis.de\/gsamwall\/files\/2022\/11\/WhatsApp-Image-2022-11-03-at-20.57.35-850x478.jpeg 850w, https:\/\/wordpress.nibis.de\/gsamwall\/files\/2022\/11\/WhatsApp-Image-2022-11-03-at-20.57.35-250x141.jpeg 250w\" sizes=\"auto, (max-width: 1200px) 100vw, 1200px\" \/><\/figure>\n\n\n\n<figure class=\"wp-block-image size-large is-style-rounded\"><img loading=\"lazy\" decoding=\"async\" width=\"1200\" height=\"675\" data-id=\"2152\" src=\"https:\/\/wordpress.nibis.de\/gsamwall\/files\/2022\/11\/WhatsApp-Image-2022-11-03-at-20.57.34-2-1200x675.jpeg\" alt=\"\" class=\"wp-image-2152\" srcset=\"https:\/\/wordpress.nibis.de\/gsamwall\/files\/2022\/11\/WhatsApp-Image-2022-11-03-at-20.57.34-2-1200x675.jpeg 1200w, https:\/\/wordpress.nibis.de\/gsamwall\/files\/2022\/11\/WhatsApp-Image-2022-11-03-at-20.57.34-2-850x478.jpeg 850w, https:\/\/wordpress.nibis.de\/gsamwall\/files\/2022\/11\/WhatsApp-Image-2022-11-03-at-20.57.34-2-250x141.jpeg 250w\" sizes=\"auto, (max-width: 1200px) 100vw, 1200px\" \/><\/figure>\n<\/figure>\n\n\n\n<p><\/p>\n","protected":false},"excerpt":{"rendered":"<p>Am Dienstag, den 1.11.2022 war ein ganz besonderer Tag f\u00fcr unsere Sch\u00fclerinnen und Sch\u00fcler. Ab 10 Uhr wurde es gruselig an der Grundschule am Wall!! Die Tourneeoper Bielefeld war zu Besuch und spielte uns die Kinderoper &#8222;Edgar das gruselige Schlossgespenst&#8220; vor. Es wurde gesungen, geschauspielert und wild umher gespukt. Aber nicht nur die Schauspieler selbst &hellip; <a href=\"https:\/\/wordpress.nibis.de\/gsamwall\/schuloper-edgar-das-gruselige-schlossgespenst\/\" class=\"more-link\"><span class=\"screen-reader-text\">Schuloper &#8222;Edgar das gruselige Schlossgespenst&#8220;<\/span> weiterlesen <span class=\"meta-nav\">&rarr;<\/span><\/a><\/p>\n","protected":false},"author":9193468,"featured_media":0,"parent":0,"menu_order":0,"comment_status":"closed","ping_status":"closed","template":"","meta":{"footnotes":""},"class_list":["post-2143","page","type-page","status-publish","hentry"],"_links":{"self":[{"href":"https:\/\/wordpress.nibis.de\/gsamwall\/wp-json\/wp\/v2\/pages\/2143","targetHints":{"allow":["GET"]}}],"collection":[{"href":"https:\/\/wordpress.nibis.de\/gsamwall\/wp-json\/wp\/v2\/pages"}],"about":[{"href":"https:\/\/wordpress.nibis.de\/gsamwall\/wp-json\/wp\/v2\/types\/page"}],"author":[{"embeddable":true,"href":"https:\/\/wordpress.nibis.de\/gsamwall\/wp-json\/wp\/v2\/users\/9193468"}],"replies":[{"embeddable":true,"href":"https:\/\/wordpress.nibis.de\/gsamwall\/wp-json\/wp\/v2\/comments?post=2143"}],"version-history":[{"count":2,"href":"https:\/\/wordpress.nibis.de\/gsamwall\/wp-json\/wp\/v2\/pages\/2143\/revisions"}],"predecessor-version":[{"id":2153,"href":"https:\/\/wordpress.nibis.de\/gsamwall\/wp-json\/wp\/v2\/pages\/2143\/revisions\/2153"}],"wp:attachment":[{"href":"https:\/\/wordpress.nibis.de\/gsamwall\/wp-json\/wp\/v2\/media?parent=2143"}],"curies":[{"name":"wp","href":"https:\/\/api.w.org\/{rel}","templated":true}]}}