{"id":2161,"date":"2022-11-12T13:26:04","date_gmt":"2022-11-12T12:26:04","guid":{"rendered":"https:\/\/wordpress.nibis.de\/gsamwall\/?page_id=2161"},"modified":"2022-11-12T13:26:04","modified_gmt":"2022-11-12T12:26:04","slug":"projekttag-st-martin-klasse-2","status":"publish","type":"page","link":"https:\/\/wordpress.nibis.de\/gsamwall\/projekttag-st-martin-klasse-2\/","title":{"rendered":"Projekttag &#8222;St. Martin&#8220; Klasse 2"},"content":{"rendered":"\n<p>Am 11.11.2022 haben die Klassen 2a, 2b und 2c passend zum Martinstag einen Projekttag veranstaltet. Zun\u00e4chst wurde die Martinsgeschichte mit Bildern erz\u00e4hlt bevor dann in den Klassen gemeinsam besprochen wurde, warum es Brauch ist, am 11.11. Laternenumz\u00fcge zu machen und Martinsgeb\u00e4ck zu teilen. Anschlie\u00dfend bastelte jedes Kind mit viel Freude ein eigenes Matrinsb\u00fcchlein. Der kr\u00f6nende Abschluss des Tages bestand darin, dass die Kinder sich mit einem Partner ein Martinsm\u00e4nnchen teilen durften, welches dann gen\u00fcsslich gegessen wurde. <br><\/p>\n\n\n\n<figure class=\"wp-block-gallery has-nested-images columns-default is-cropped\"><\/figure>\n\n\n\n<p><img loading=\"lazy\" decoding=\"async\" class=\"wp-image-2167 aligncenter\" src=\"https:\/\/wordpress.nibis.de\/gsamwall\/files\/2022\/11\/20221111_090550-scaled.jpg\" alt=\"\" width=\"331\" height=\"441\" srcset=\"https:\/\/wordpress.nibis.de\/gsamwall\/files\/2022\/11\/20221111_090550-scaled.jpg 1920w, https:\/\/wordpress.nibis.de\/gsamwall\/files\/2022\/11\/20221111_090550-768x1024.jpg 768w, https:\/\/wordpress.nibis.de\/gsamwall\/files\/2022\/11\/20221111_090550-1152x1536.jpg 1152w, https:\/\/wordpress.nibis.de\/gsamwall\/files\/2022\/11\/20221111_090550-1536x2048.jpg 1536w\" sizes=\"auto, (max-width: 331px) 100vw, 331px\" \/> <img loading=\"lazy\" decoding=\"async\" class=\"alignright  wp-image-2168\" src=\"https:\/\/wordpress.nibis.de\/gsamwall\/files\/2022\/11\/20221111_090543-scaled.jpg\" alt=\"\" width=\"290\" height=\"386\" srcset=\"https:\/\/wordpress.nibis.de\/gsamwall\/files\/2022\/11\/20221111_090543-scaled.jpg 1920w, https:\/\/wordpress.nibis.de\/gsamwall\/files\/2022\/11\/20221111_090543-768x1024.jpg 768w, https:\/\/wordpress.nibis.de\/gsamwall\/files\/2022\/11\/20221111_090543-1152x1536.jpg 1152w, https:\/\/wordpress.nibis.de\/gsamwall\/files\/2022\/11\/20221111_090543-1536x2048.jpg 1536w\" sizes=\"auto, (max-width: 290px) 100vw, 290px\" \/> <img loading=\"lazy\" decoding=\"async\" class=\"wp-image-2162 alignleft\" src=\"https:\/\/wordpress.nibis.de\/gsamwall\/files\/2022\/11\/20221111_082804-scaled.jpg\" alt=\"\" width=\"290\" height=\"387\" srcset=\"https:\/\/wordpress.nibis.de\/gsamwall\/files\/2022\/11\/20221111_082804-scaled.jpg 1920w, https:\/\/wordpress.nibis.de\/gsamwall\/files\/2022\/11\/20221111_082804-768x1024.jpg 768w, https:\/\/wordpress.nibis.de\/gsamwall\/files\/2022\/11\/20221111_082804-1152x1536.jpg 1152w, https:\/\/wordpress.nibis.de\/gsamwall\/files\/2022\/11\/20221111_082804-1536x2048.jpg 1536w\" sizes=\"auto, (max-width: 290px) 100vw, 290px\" \/> <img loading=\"lazy\" decoding=\"async\" class=\"alignright  wp-image-2165\" src=\"https:\/\/wordpress.nibis.de\/gsamwall\/files\/2022\/11\/20221111_083054-scaled.jpg\" alt=\"\" width=\"290\" height=\"387\" srcset=\"https:\/\/wordpress.nibis.de\/gsamwall\/files\/2022\/11\/20221111_083054-scaled.jpg 1920w, https:\/\/wordpress.nibis.de\/gsamwall\/files\/2022\/11\/20221111_083054-768x1024.jpg 768w, https:\/\/wordpress.nibis.de\/gsamwall\/files\/2022\/11\/20221111_083054-1152x1536.jpg 1152w, https:\/\/wordpress.nibis.de\/gsamwall\/files\/2022\/11\/20221111_083054-1536x2048.jpg 1536w\" sizes=\"auto, (max-width: 290px) 100vw, 290px\" \/> <img loading=\"lazy\" decoding=\"async\" class=\"wp-image-2166 alignleft\" src=\"https:\/\/wordpress.nibis.de\/gsamwall\/files\/2022\/11\/20221111_083020-scaled.jpg\" alt=\"\" width=\"290\" height=\"387\" srcset=\"https:\/\/wordpress.nibis.de\/gsamwall\/files\/2022\/11\/20221111_083020-scaled.jpg 1920w, https:\/\/wordpress.nibis.de\/gsamwall\/files\/2022\/11\/20221111_083020-768x1024.jpg 768w, https:\/\/wordpress.nibis.de\/gsamwall\/files\/2022\/11\/20221111_083020-1152x1536.jpg 1152w, https:\/\/wordpress.nibis.de\/gsamwall\/files\/2022\/11\/20221111_083020-1536x2048.jpg 1536w\" sizes=\"auto, (max-width: 290px) 100vw, 290px\" \/> <img loading=\"lazy\" decoding=\"async\" class=\"alignright  wp-image-2164\" src=\"https:\/\/wordpress.nibis.de\/gsamwall\/files\/2022\/11\/20221111_090618-scaled.jpg\" alt=\"\" width=\"290\" height=\"387\" srcset=\"https:\/\/wordpress.nibis.de\/gsamwall\/files\/2022\/11\/20221111_090618-scaled.jpg 1920w, https:\/\/wordpress.nibis.de\/gsamwall\/files\/2022\/11\/20221111_090618-768x1024.jpg 768w, https:\/\/wordpress.nibis.de\/gsamwall\/files\/2022\/11\/20221111_090618-1152x1536.jpg 1152w, https:\/\/wordpress.nibis.de\/gsamwall\/files\/2022\/11\/20221111_090618-1536x2048.jpg 1536w\" sizes=\"auto, (max-width: 290px) 100vw, 290px\" \/> <img loading=\"lazy\" decoding=\"async\" class=\"wp-image-2163 alignleft\" src=\"https:\/\/wordpress.nibis.de\/gsamwall\/files\/2022\/11\/20221111_090607-scaled.jpg\" alt=\"\" width=\"290\" height=\"387\" srcset=\"https:\/\/wordpress.nibis.de\/gsamwall\/files\/2022\/11\/20221111_090607-scaled.jpg 1920w, https:\/\/wordpress.nibis.de\/gsamwall\/files\/2022\/11\/20221111_090607-768x1024.jpg 768w, https:\/\/wordpress.nibis.de\/gsamwall\/files\/2022\/11\/20221111_090607-1152x1536.jpg 1152w, https:\/\/wordpress.nibis.de\/gsamwall\/files\/2022\/11\/20221111_090607-1536x2048.jpg 1536w\" sizes=\"auto, (max-width: 290px) 100vw, 290px\" \/><\/p>\n","protected":false},"excerpt":{"rendered":"<p>Am 11.11.2022 haben die Klassen 2a, 2b und 2c passend zum Martinstag einen Projekttag veranstaltet. Zun\u00e4chst wurde die Martinsgeschichte mit Bildern erz\u00e4hlt bevor dann in den Klassen gemeinsam besprochen wurde, warum es Brauch ist, am 11.11. Laternenumz\u00fcge zu machen und Martinsgeb\u00e4ck zu teilen. Anschlie\u00dfend bastelte jedes Kind mit viel Freude ein eigenes Matrinsb\u00fcchlein. Der kr\u00f6nende &hellip; <a href=\"https:\/\/wordpress.nibis.de\/gsamwall\/projekttag-st-martin-klasse-2\/\" class=\"more-link\"><span class=\"screen-reader-text\">Projekttag &#8222;St. Martin&#8220; Klasse 2<\/span> weiterlesen <span class=\"meta-nav\">&rarr;<\/span><\/a><\/p>\n","protected":false},"author":9193468,"featured_media":0,"parent":0,"menu_order":0,"comment_status":"closed","ping_status":"closed","template":"","meta":{"footnotes":""},"class_list":["post-2161","page","type-page","status-publish","hentry"],"_links":{"self":[{"href":"https:\/\/wordpress.nibis.de\/gsamwall\/wp-json\/wp\/v2\/pages\/2161","targetHints":{"allow":["GET"]}}],"collection":[{"href":"https:\/\/wordpress.nibis.de\/gsamwall\/wp-json\/wp\/v2\/pages"}],"about":[{"href":"https:\/\/wordpress.nibis.de\/gsamwall\/wp-json\/wp\/v2\/types\/page"}],"author":[{"embeddable":true,"href":"https:\/\/wordpress.nibis.de\/gsamwall\/wp-json\/wp\/v2\/users\/9193468"}],"replies":[{"embeddable":true,"href":"https:\/\/wordpress.nibis.de\/gsamwall\/wp-json\/wp\/v2\/comments?post=2161"}],"version-history":[{"count":3,"href":"https:\/\/wordpress.nibis.de\/gsamwall\/wp-json\/wp\/v2\/pages\/2161\/revisions"}],"predecessor-version":[{"id":2171,"href":"https:\/\/wordpress.nibis.de\/gsamwall\/wp-json\/wp\/v2\/pages\/2161\/revisions\/2171"}],"wp:attachment":[{"href":"https:\/\/wordpress.nibis.de\/gsamwall\/wp-json\/wp\/v2\/media?parent=2161"}],"curies":[{"name":"wp","href":"https:\/\/api.w.org\/{rel}","templated":true}]}}