{"id":219,"date":"2020-04-14T19:17:37","date_gmt":"2020-04-14T17:17:37","guid":{"rendered":"https:\/\/wordpress.nibis.de\/gsamwall\/?page_id=219"},"modified":"2020-04-16T15:43:41","modified_gmt":"2020-04-16T13:43:41","slug":"datenschutz","status":"publish","type":"page","link":"https:\/\/wordpress.nibis.de\/gsamwall\/datenschutz\/","title":{"rendered":"Datenschutz"},"content":{"rendered":"\n<p class=\"Normal-P\"><span class=\"Normal-C\">Der Schutz Ihrer pers\u00f6nlichen Daten ist uns sehr wichtig. <\/span><\/p>\n<p class=\"Normal-P\"><span class=\"Normal-C\">Jeder Sch\u00fcler bekommt zu Beginn des laufenden Schuljahres einen Elternbrief zur Abfrage einiger Datenschutz relevanten Fakten. Bitte f\u00fcllen sie dieses Formular sorgf\u00e4ltig aus und geben Sie es Ihrem Kind zeitnah wieder mit zur Schule. Sollten Sie f\u00fcr \u00c4nderungen oder \u00e4hnliches einen neuen Bogen ben\u00f6tigen, k\u00f6nnen Sie diesen \u00fcber folgenden Link<\/span><span class=\"Normal-C\">\u00a0downloaden oder im Sekretariat der Schule abholen.<\/span><\/p>\n<p><a href=\"https:\/\/wordpress.nibis.de\/gsamwall\/files\/2020\/04\/Erkla\u0308rung-Schu\u0308lerdaten_neu.pdf\">Erkla\u0308rung Schu\u0308lerdaten<\/a><\/p>\n<p class=\"Normal-P\"><span class=\"Normal-C\"><br \/>Sollten Sie \u00c4nderungen der pers\u00f6nlichen Daten Ihres Kindes haben, teilen Sie diese bitte UNVERZ\u00dcGLICH der Schule mit. <\/span><\/p>\n<p class=\"Normal-P\"><span class=\"Normal-C\"><a href=\"http:\/\/www.gsamwall.de\/index.html\">\u00a0<\/a><\/span><\/p>\n<p class=\"Normal-P\"><span class=\"Normal-C\">Wichtig sind vor allem AKTUELLE Telefonnummern, damit wie Sie im Falle eine Notfalls sofort erreichen k\u00f6nnen. <\/span><\/p>\n<p class=\"Normal-P\"><span class=\"Normal-C\"><a href=\"http:\/\/www.gsamwall.de\/index.html\">\u00a0<\/a><\/span><\/p>\n<p class=\"Normal-P\"><span class=\"Normal-C\">Sollten Sie Fragen zum Datenschutz haben, k\u00f6nnen Sie sich an unsere Datenschutzbeauftrage Frau Gebhardt wenden. <\/span><\/p>\n","protected":false},"excerpt":{"rendered":"<p>Der Schutz Ihrer pers\u00f6nlichen Daten ist uns sehr wichtig. Jeder Sch\u00fcler bekommt zu Beginn des laufenden Schuljahres einen Elternbrief zur Abfrage einiger Datenschutz relevanten Fakten. Bitte f\u00fcllen sie dieses Formular sorgf\u00e4ltig aus und geben Sie es Ihrem Kind zeitnah wieder mit zur Schule. Sollten Sie f\u00fcr \u00c4nderungen oder \u00e4hnliches einen neuen Bogen ben\u00f6tigen, k\u00f6nnen Sie &hellip; <a href=\"https:\/\/wordpress.nibis.de\/gsamwall\/datenschutz\/\" class=\"more-link\"><span class=\"screen-reader-text\">Datenschutz<\/span> weiterlesen <span class=\"meta-nav\">&rarr;<\/span><\/a><\/p>\n","protected":false},"author":9193468,"featured_media":0,"parent":0,"menu_order":0,"comment_status":"closed","ping_status":"closed","template":"","meta":{"footnotes":""},"class_list":["post-219","page","type-page","status-publish","hentry"],"_links":{"self":[{"href":"https:\/\/wordpress.nibis.de\/gsamwall\/wp-json\/wp\/v2\/pages\/219","targetHints":{"allow":["GET"]}}],"collection":[{"href":"https:\/\/wordpress.nibis.de\/gsamwall\/wp-json\/wp\/v2\/pages"}],"about":[{"href":"https:\/\/wordpress.nibis.de\/gsamwall\/wp-json\/wp\/v2\/types\/page"}],"author":[{"embeddable":true,"href":"https:\/\/wordpress.nibis.de\/gsamwall\/wp-json\/wp\/v2\/users\/9193468"}],"replies":[{"embeddable":true,"href":"https:\/\/wordpress.nibis.de\/gsamwall\/wp-json\/wp\/v2\/comments?post=219"}],"version-history":[{"count":4,"href":"https:\/\/wordpress.nibis.de\/gsamwall\/wp-json\/wp\/v2\/pages\/219\/revisions"}],"predecessor-version":[{"id":519,"href":"https:\/\/wordpress.nibis.de\/gsamwall\/wp-json\/wp\/v2\/pages\/219\/revisions\/519"}],"wp:attachment":[{"href":"https:\/\/wordpress.nibis.de\/gsamwall\/wp-json\/wp\/v2\/media?parent=219"}],"curies":[{"name":"wp","href":"https:\/\/api.w.org\/{rel}","templated":true}]}}