{"id":221,"date":"2020-04-14T19:18:21","date_gmt":"2020-04-14T17:18:21","guid":{"rendered":"https:\/\/wordpress.nibis.de\/gsamwall\/?page_id=221"},"modified":"2025-12-18T09:21:57","modified_gmt":"2025-12-18T08:21:57","slug":"unterrichts-und-pausenzeiten","status":"publish","type":"page","link":"https:\/\/wordpress.nibis.de\/gsamwall\/unterrichts-und-pausenzeiten\/","title":{"rendered":"Unterrichts- und Pausenzeiten"},"content":{"rendered":"\n<div id=\"txt_153\">\n<p class=\"Normal-P\"><span class=\"Normal-C0\">Der Unterricht der Grundschule am Wall beginnt t\u00e4glich um 7.40 Uhr. Sie sollten darauf achten, dass Ihr Kind mindestens ca. 10 Minuten vor Unterrichtsbeginn in der Schule ankommt. <\/span><span class=\"Normal-C0\">Kinder, die zu sp\u00e4t kommen, sch\u00e4men sich oft oder haben Angst, in ihre Klassenr\u00e4ume zu gehen. Ersparen Sie Ihrem Kind diese Situation!<\/span><\/p>\n<\/div>\n<div id=\"txt_156\">\n<p class=\"Normal-P\"><span class=\"Normal-C0\">Zwischen 9.15 Uhr und 9.40 Uhr ist die erste gro\u00dfe Pause. Die Kinder k\u00f6nnen in dieser Zeit in der Klasse fr\u00fchst\u00fccken und danach auf dem Pausenhof spielen. (Bei starkem Regen bleiben die Kinder in ihren Klassen).<\/span><\/p>\n<p>Die dritte und vierte Stunde finden von 9.40 Uhr bis 11.15 Uhr. Danach ist die zweite gro\u00dfe Pause und anschlie\u00dfend von 11.40 Uhr bis 13.10 Uhr die f\u00fcnfte und sechste Stunde.\u00a0<\/p>\n<p>Betreuungskinder, welche nach der 4. Stunde Schulschluss haben, werden bei einem Bastelangebot bis 12.40 Uhr betreut.\u00a0 Betreuungskinder, welche nach der 5. Stunde Schulschluss haben, werden ebenfalls bis 12.40 Uhr in der Schule betreut.\u00a0<\/p>\n<p class=\"Normal-P\">Ganztagskinder gehen nach dem Unterricht in den Ganztag. Dort gibt es Mittagessen, es werden Hausaufgaben gemacht und es finden am Nachmittags verschiedene AGs statt.\u00a0<\/p>\n<p class=\"Normal-P\"><span class=\"Normal-C0\">Die Ganztagsschule endet um 15.30 Uhr (freitags um 14.00 Uhr).<\/span><\/p>\n<p class=\"Normal-P\"><span class=\"Normal-C0\">Bitte holen Sie Ihr Kind <\/span><span class=\"Normal-C2\">p\u00fcnktlich<\/span><span class=\"Normal-C0\"> ab! Es m\u00f6chte nicht gern allein auf dem Schulhof bleiben.<\/span><\/p>\n<p class=\"Normal-P\"><span class=\"Normal-C0\">Wird Ihr Kind fr\u00fcher oder von uns nicht bekannten Personen abgeholt, ist es wichtig, dass Sie uns das schriftlich, m\u00fcndlich oder telefonisch mitteilen! Wir sind w\u00e4hrend der Schulzeit f\u00fcr Ihr Kind verantwortlich.<\/span><\/p>\n<p class=\"Normal-P\"><span class=\"Normal-C2\">Noch ein Tipp:<\/span><span class=\"Normal-C0\"> Kopieren Sie den Stundenplan Ihres Kindes und bringen ihn in der Wohnung gut sichtbar an. Dann er\u00fcbrigt sich der Anruf bei uns, wann Ihr Kind Schulschluss hat.<\/span><\/p>\n<\/div>\n<table id=\"table_8\" style=\"width: 100%\" cellspacing=\"0\" cellpadding=\"0\">\n<tbody>\n<tr id=\"table_8_R01\">\n<td id=\"table_8_R01C01\" style=\"width: 10.2524%\">\n<p class=\"Untertitel-P\"><span class=\"Normal-C3\">Stunde<\/span><\/p>\n<\/td>\n<td id=\"table_8_R01C02\" style=\"width: 25.7098%\">\n<p class=\"Untertitel-P\"><span class=\"Normal-C3\">Zeit<\/span><\/p>\n<\/td>\n<td id=\"table_8_R01C03\" style=\"width: 16.7192%\">\n<p class=\"Untertitel-P\"><span class=\"Normal-C3\">1. Klasse<\/span><\/p>\n<\/td>\n<td id=\"table_8_R01C04\" style=\"width: 16.7192%\">\n<p class=\"Untertitel-P\"><span class=\"Normal-C3\">2 Klasse<\/span><\/p>\n<\/td>\n<td id=\"table_8_R01C05\" style=\"width: 15.2997%\">\n<p class=\"Untertitel-P\"><span class=\"Normal-C3\">3 Klasse<\/span><\/p>\n<\/td>\n<td id=\"table_8_R01C06\" style=\"width: 15.2997%\">\n<p class=\"Untertitel-P\"><span class=\"Normal-C3\">4. Klasse<\/span><\/p>\n<\/td>\n<\/tr>\n<tr id=\"table_8_R02\">\n<td id=\"table_8_R02C01\" style=\"width: 10.2524%\">\n<p class=\"Untertitel-P\"><span class=\"Normal-C3\">1.<\/span><\/p>\n<\/td>\n<td id=\"table_8_R02C02\" style=\"width: 25.7098%\">\n<p class=\"Untertitel-P\"><span class=\"Normal-C3\">7.40 Uhr &#8211; 8.25 Uhr<\/span><\/p>\n<\/td>\n<td id=\"table_8_R02C03\" style=\"width: 16.7192%\">\n<p class=\"Untertitel-P\"><span class=\"Normal-C3\">Unterricht<\/span><\/p>\n<\/td>\n<td id=\"table_8_R02C04\" style=\"width: 16.7192%\">\n<p class=\"Untertitel-P\"><span class=\"Normal-C3\">Unterricht<\/span><\/p>\n<\/td>\n<td id=\"table_8_R02C05\" style=\"width: 15.2997%\">\n<p class=\"Untertitel-P\"><span class=\"Normal-C3\">Unterricht<\/span><\/p>\n<\/td>\n<td id=\"table_8_R02C06\" style=\"width: 15.2997%\">\n<p class=\"Untertitel-P\"><span class=\"Normal-C3\">Unterricht<\/span><\/p>\n<\/td>\n<\/tr>\n<tr id=\"table_8_R03\">\n<td id=\"table_8_R03C01\" style=\"width: 10.2524%\">\n<p class=\"Untertitel-P\"><span class=\"Normal-C3\">2.<\/span><\/p>\n<\/td>\n<td id=\"table_8_R03C02\" style=\"width: 25.7098%\">\n<p class=\"Untertitel-P\"><span class=\"Normal-C3\">8.30 Uhr &#8211; 9.15 Uhr<\/span><\/p>\n<\/td>\n<td id=\"table_8_R03C03\" style=\"width: 16.7192%\">\n<p class=\"Untertitel-P\"><span class=\"Normal-C3\">Unterricht<\/span><\/p>\n<\/td>\n<td id=\"table_8_R03C04\" style=\"width: 16.7192%\">\n<p class=\"Untertitel-P\"><span class=\"Normal-C3\">Unterricht<\/span><\/p>\n<\/td>\n<td id=\"table_8_R03C05\" style=\"width: 15.2997%\">\n<p class=\"Untertitel-P\"><span class=\"Normal-C3\">Unterricht<\/span><\/p>\n<\/td>\n<td id=\"table_8_R03C06\" style=\"width: 15.2997%\">\n<p class=\"Untertitel-P\"><span class=\"Normal-C3\">Unterricht<\/span><\/p>\n<\/td>\n<\/tr>\n<tr id=\"table_8_R04\">\n<td id=\"table_8_R04C01\" style=\"width: 10.2524%\">\n<p class=\"Normal-P0\"><span class=\"Normal-C3\">\u00a0<\/span><\/p>\n<\/td>\n<td id=\"table_8_R04C02\" style=\"width: 25.7098%\">\n<p class=\"Untertitel-P\"><span class=\"Normal-C3\">9.15 Uhr &#8211; 9.40 Uhr<\/span><\/p>\n<\/td>\n<td id=\"table_8_R04C03\" style=\"width: 64.0379%\" colspan=\"4\">\n<p class=\"Untertitel-P\"><span class=\"Normal-C3\">Fr\u00fchst\u00fccks- und erste Hofpause<\/span><\/p>\n<\/td>\n<\/tr>\n<tr id=\"table_8_R05\">\n<td id=\"table_8_R05C01\" style=\"width: 10.2524%\">\n<p class=\"Untertitel-P\"><span class=\"Normal-C3\">3.<\/span><\/p>\n<\/td>\n<td id=\"table_8_R05C02\" style=\"width: 25.7098%\">\n<p class=\"Untertitel-P\"><span class=\"Normal-C3\">9.40 Uhr &#8211; 10.25 Uhr<\/span><\/p>\n<\/td>\n<td id=\"table_8_R05C03\" style=\"width: 16.7192%\">\n<p class=\"Untertitel-P\"><span class=\"Normal-C3\">Unterricht<\/span><\/p>\n<\/td>\n<td id=\"table_8_R05C04\" style=\"width: 16.7192%\">\n<p class=\"Untertitel-P\"><span class=\"Normal-C3\">Unterricht<\/span><\/p>\n<\/td>\n<td id=\"table_8_R05C05\" style=\"width: 15.2997%\">\n<p class=\"Untertitel-P\"><span class=\"Normal-C3\">Unterricht<\/span><\/p>\n<\/td>\n<td id=\"table_8_R05C06\" style=\"width: 15.2997%\">\n<p class=\"Untertitel-P\"><span class=\"Normal-C3\">Unterricht<\/span><\/p>\n<\/td>\n<\/tr>\n<tr id=\"table_8_R06\">\n<td id=\"table_8_R06C01\" style=\"width: 10.2524%\">\n<p class=\"Untertitel-P\"><span class=\"Normal-C3\">4.<\/span><\/p>\n<\/td>\n<td id=\"table_8_R06C02\" style=\"width: 25.7098%\">\n<p class=\"Untertitel-P\"><span class=\"Normal-C3\">10.30 Uhr &#8211; 11.15 Uhr<\/span><\/p>\n<\/td>\n<td id=\"table_8_R06C03\" style=\"width: 16.7192%\">\n<p class=\"Untertitel-P\"><span class=\"Normal-C3\">Unterricht<\/span><\/p>\n<\/td>\n<td id=\"table_8_R06C04\" style=\"width: 16.7192%\">\n<p class=\"Untertitel-P\"><span class=\"Normal-C3\">Unterricht<\/span><\/p>\n<\/td>\n<td id=\"table_8_R06C05\" style=\"width: 15.2997%\">\n<p class=\"Untertitel-P\"><span class=\"Normal-C3\">Unterricht<\/span><\/p>\n<\/td>\n<td id=\"table_8_R06C06\" style=\"width: 15.2997%\">\n<p class=\"Untertitel-P\"><span class=\"Normal-C3\">Unterricht<\/span><\/p>\n<\/td>\n<\/tr>\n<tr id=\"table_8_R07\">\n<td id=\"table_8_R07C01\" style=\"width: 10.2524%\">\n<p class=\"Normal-P0\"><span class=\"Normal-C3\">\u00a0<\/span><\/p>\n<\/td>\n<td id=\"table_8_R07C02\" style=\"width: 25.7098%\">\n<p class=\"Untertitel-P\"><span class=\"Normal-C3\">11.15 Uhr &#8211; 11.40 Uhr<\/span><\/p>\n<\/td>\n<td id=\"table_8_R07C03\" style=\"width: 64.0379%\" colspan=\"4\">\n<p class=\"Untertitel-P\"><span class=\"Normal-C3\">zweite Hofpause<\/span><\/p>\n<\/td>\n<\/tr>\n<tr id=\"table_8_R08\">\n<td id=\"table_8_R08C01\" style=\"width: 10.2524%\">\n<p class=\"Untertitel-P\"><span class=\"Normal-C3\">5.<\/span><\/p>\n<\/td>\n<td id=\"table_8_R08C02\" style=\"width: 25.7098%\">\n<p class=\"Untertitel-P\"><span class=\"Normal-C3\">11.40 Uhr &#8211; 12.25 Uhr<\/span><\/p>\n<\/td>\n<td id=\"table_8_R08C03\" style=\"width: 33.4385%\" colspan=\"2\" rowspan=\"2\">\n<p class=\"Untertitel-P\"><span class=\"Normal-C3\">Betreuung und Mittagessen<\/span><\/p>\n<\/td>\n<td id=\"table_8_R08C05\" style=\"width: 15.2997%\">\n<p class=\"Untertitel-P\"><span class=\"Normal-C3\">Unterricht<\/span><\/p>\n<\/td>\n<td id=\"table_8_R08C06\" style=\"width: 15.2997%\">\n<p class=\"Untertitel-P\"><span class=\"Normal-C3\">Unterricht<\/span><\/p>\n<\/td>\n<\/tr>\n<tr id=\"table_8_R09\">\n<td id=\"table_8_R09C01\" style=\"width: 10.2524%\">\n<p class=\"Untertitel-P\"><span class=\"Normal-C3\">6.<\/span><\/p>\n<\/td>\n<td id=\"table_8_R09C02\" style=\"width: 25.7098%\">\n<p class=\"Untertitel-P\"><span class=\"Normal-C3\">12.25 Uhr &#8211; 13.10 Uhr<\/span><\/p>\n<\/td>\n<td id=\"table_8_R09C05\" style=\"width: 15.2997%\">\n<p class=\"Untertitel-P\"><span class=\"Normal-C3\">Unterricht<\/span><\/p>\n<\/td>\n<td id=\"table_8_R09C06\" style=\"width: 15.2997%\">\n<p class=\"Untertitel-P\"><span class=\"Normal-C3\">Unterricht<\/span><\/p>\n<\/td>\n<\/tr>\n<tr id=\"table_8_R10\">\n<td id=\"table_8_R10C01\" style=\"width: 10.2524%\">\n<p class=\"Normal-P0\"><span class=\"Normal-C3\">\u00a0<\/span><\/p>\n<\/td>\n<td id=\"table_8_R10C02\" style=\"width: 25.7098%\">\n<p class=\"Untertitel-P\"><span class=\"Normal-C3\">13.15 Uhr &#8211; 14.30 Uhr<\/span><\/p>\n<\/td>\n<td id=\"table_8_R10C03\" style=\"width: 33.4385%\" colspan=\"2\">\n<p class=\"Untertitel-P\"><span class=\"Normal-C3\">Hausaufgabenbetreuung <\/span><\/p>\n<\/td>\n<td id=\"table_8_R10C05\" style=\"width: 30.5994%\" colspan=\"2\">\n<p class=\"Untertitel-P\"><span class=\"Normal-C3\">Mittagessen<\/span><\/p>\n<p class=\"Untertitel-P\"><span class=\"Normal-C3\">Hausaufgabenbetreuung<\/span><\/p>\n<\/td>\n<\/tr>\n<tr id=\"table_8_R11\">\n<td id=\"table_8_R11C01\" style=\"width: 10.2524%\">\n<p class=\"Normal-P0\"><span class=\"Normal-C3\">\u00a0<\/span><\/p>\n<\/td>\n<td id=\"table_8_R11C02\" style=\"width: 25.7098%\">\n<p class=\"Untertitel-P\"><span class=\"Normal-C3\">14.30 Uhr &#8211; 15.30 Uhr<\/span><\/p>\n<\/td>\n<td id=\"table_8_R11C03\" style=\"width: 64.0379%\" colspan=\"4\">\n<p class=\"Untertitel-P\"><span class=\"Normal-C3\">Arbeitsgemeinschaften<\/span><\/p>\n<\/td>\n<\/tr>\n<\/tbody>\n<\/table>\n","protected":false},"excerpt":{"rendered":"<p>Der Unterricht der Grundschule am Wall beginnt t\u00e4glich um 7.40 Uhr. Sie sollten darauf achten, dass Ihr Kind mindestens ca. 10 Minuten vor Unterrichtsbeginn in der Schule ankommt. Kinder, die zu sp\u00e4t kommen, sch\u00e4men sich oft oder haben Angst, in ihre Klassenr\u00e4ume zu gehen. Ersparen Sie Ihrem Kind diese Situation! Zwischen 9.15 Uhr und 9.40 &hellip; <a href=\"https:\/\/wordpress.nibis.de\/gsamwall\/unterrichts-und-pausenzeiten\/\" class=\"more-link\"><span class=\"screen-reader-text\">Unterrichts- und Pausenzeiten<\/span> weiterlesen <span class=\"meta-nav\">&rarr;<\/span><\/a><\/p>\n","protected":false},"author":9193468,"featured_media":0,"parent":0,"menu_order":0,"comment_status":"closed","ping_status":"closed","template":"","meta":{"footnotes":""},"class_list":["post-221","page","type-page","status-publish","hentry"],"_links":{"self":[{"href":"https:\/\/wordpress.nibis.de\/gsamwall\/wp-json\/wp\/v2\/pages\/221","targetHints":{"allow":["GET"]}}],"collection":[{"href":"https:\/\/wordpress.nibis.de\/gsamwall\/wp-json\/wp\/v2\/pages"}],"about":[{"href":"https:\/\/wordpress.nibis.de\/gsamwall\/wp-json\/wp\/v2\/types\/page"}],"author":[{"embeddable":true,"href":"https:\/\/wordpress.nibis.de\/gsamwall\/wp-json\/wp\/v2\/users\/9193468"}],"replies":[{"embeddable":true,"href":"https:\/\/wordpress.nibis.de\/gsamwall\/wp-json\/wp\/v2\/comments?post=221"}],"version-history":[{"count":7,"href":"https:\/\/wordpress.nibis.de\/gsamwall\/wp-json\/wp\/v2\/pages\/221\/revisions"}],"predecessor-version":[{"id":2734,"href":"https:\/\/wordpress.nibis.de\/gsamwall\/wp-json\/wp\/v2\/pages\/221\/revisions\/2734"}],"wp:attachment":[{"href":"https:\/\/wordpress.nibis.de\/gsamwall\/wp-json\/wp\/v2\/media?parent=221"}],"curies":[{"name":"wp","href":"https:\/\/api.w.org\/{rel}","templated":true}]}}