{"id":2211,"date":"2023-01-09T08:13:28","date_gmt":"2023-01-09T07:13:28","guid":{"rendered":"https:\/\/wordpress.nibis.de\/gsamwall\/?page_id=2211"},"modified":"2023-01-09T08:13:28","modified_gmt":"2023-01-09T07:13:28","slug":"projekttag-frieden-27-9-2022","status":"publish","type":"page","link":"https:\/\/wordpress.nibis.de\/gsamwall\/projekttag-frieden-27-9-2022\/","title":{"rendered":"Projekttag &#8222;Frieden&#8220; 27.9.2022"},"content":{"rendered":"<p>Anl\u00e4sslich der Weltwoche des Friedens hat die komplette Grundschule am Wall am 27.9.2022 einen Projekttag zum Thema &#8222;Frieden&#8220; veranstaltet.\u00a0<\/p>\n<p>Jeder Lehrer hat sich individuell f\u00fcr seine Klasse ein tolles Projekt \u00fcberlegt. Es wurde gemeinsam gebacken, gefr\u00fchst\u00fcckt, Bilderb\u00fccher gelesen, gebastelt und viel \u00fcber Krieg und Frieden geredet &#8211; kindgerecht aufbereitet nat\u00fcrlich, sodass f\u00fcr alle Jungen und M\u00e4dchen das richtige dabei war.\u00a0<br \/><br \/>Auf den folgenden Bildern erhalten Sie einen kleinen Einblick in unsere Projekte und die daraus entstandenen Produkte.\u00a0<\/p>\n<p>\u00a0<\/p>\n\n\n<figure class=\"wp-block-gallery has-nested-images columns-2 is-cropped wp-block-gallery-1 is-layout-flex wp-block-gallery-is-layout-flex\">\n<figure class=\"wp-block-image size-large\"><img loading=\"lazy\" decoding=\"async\" width=\"1200\" height=\"675\" data-id=\"2214\" src=\"https:\/\/wordpress.nibis.de\/gsamwall\/files\/2023\/01\/6c16a6bf-a6ec-44cf-8694-fb9f4909d47e-1200x675.jpg\" alt=\"\" class=\"wp-image-2214\" srcset=\"https:\/\/wordpress.nibis.de\/gsamwall\/files\/2023\/01\/6c16a6bf-a6ec-44cf-8694-fb9f4909d47e-1200x675.jpg 1200w, https:\/\/wordpress.nibis.de\/gsamwall\/files\/2023\/01\/6c16a6bf-a6ec-44cf-8694-fb9f4909d47e-850x478.jpg 850w, https:\/\/wordpress.nibis.de\/gsamwall\/files\/2023\/01\/6c16a6bf-a6ec-44cf-8694-fb9f4909d47e-250x141.jpg 250w\" sizes=\"auto, (max-width: 1200px) 100vw, 1200px\" \/><\/figure>\n\n\n\n<figure class=\"wp-block-image size-large\"><img loading=\"lazy\" decoding=\"async\" width=\"1200\" height=\"675\" data-id=\"2217\" src=\"https:\/\/wordpress.nibis.de\/gsamwall\/files\/2023\/01\/d8e86115-59ec-467b-8195-0065ba8be010-1200x675.jpg\" alt=\"\" class=\"wp-image-2217\" srcset=\"https:\/\/wordpress.nibis.de\/gsamwall\/files\/2023\/01\/d8e86115-59ec-467b-8195-0065ba8be010-1200x675.jpg 1200w, https:\/\/wordpress.nibis.de\/gsamwall\/files\/2023\/01\/d8e86115-59ec-467b-8195-0065ba8be010-850x478.jpg 850w, https:\/\/wordpress.nibis.de\/gsamwall\/files\/2023\/01\/d8e86115-59ec-467b-8195-0065ba8be010-250x141.jpg 250w\" sizes=\"auto, (max-width: 1200px) 100vw, 1200px\" \/><\/figure>\n\n\n\n<figure class=\"wp-block-image size-large\"><img loading=\"lazy\" decoding=\"async\" width=\"1200\" height=\"675\" data-id=\"2216\" src=\"https:\/\/wordpress.nibis.de\/gsamwall\/files\/2023\/01\/deb1fc7d-62c1-482d-a4c9-0821292b98ea-1200x675.jpg\" alt=\"\" class=\"wp-image-2216\" srcset=\"https:\/\/wordpress.nibis.de\/gsamwall\/files\/2023\/01\/deb1fc7d-62c1-482d-a4c9-0821292b98ea-1200x675.jpg 1200w, https:\/\/wordpress.nibis.de\/gsamwall\/files\/2023\/01\/deb1fc7d-62c1-482d-a4c9-0821292b98ea-850x478.jpg 850w, https:\/\/wordpress.nibis.de\/gsamwall\/files\/2023\/01\/deb1fc7d-62c1-482d-a4c9-0821292b98ea-250x141.jpg 250w\" sizes=\"auto, (max-width: 1200px) 100vw, 1200px\" \/><\/figure>\n\n\n\n<figure class=\"wp-block-image size-large\"><img loading=\"lazy\" decoding=\"async\" width=\"1024\" height=\"675\" data-id=\"2220\" src=\"https:\/\/wordpress.nibis.de\/gsamwall\/files\/2023\/01\/WhatsApp-Image-2023-01-09-at-08.05.30-1024x675.jpeg\" alt=\"\" class=\"wp-image-2220\" \/><\/figure>\n\n\n\n<figure class=\"wp-block-image size-large\"><img loading=\"lazy\" decoding=\"async\" width=\"1024\" height=\"675\" data-id=\"2213\" src=\"https:\/\/wordpress.nibis.de\/gsamwall\/files\/2023\/01\/WhatsApp-Image-2023-01-09-at-08.02.38-1024x675.jpeg\" alt=\"\" class=\"wp-image-2213\" \/><\/figure>\n\n\n\n<figure class=\"wp-block-image size-large\"><img loading=\"lazy\" decoding=\"async\" width=\"920\" height=\"675\" data-id=\"2212\" src=\"https:\/\/wordpress.nibis.de\/gsamwall\/files\/2023\/01\/WhatsApp-Image-2023-01-09-at-08.03.23-920x675.jpeg\" alt=\"\" class=\"wp-image-2212\" \/><\/figure>\n\n\n\n<figure class=\"wp-block-image size-large\"><img loading=\"lazy\" decoding=\"async\" width=\"1024\" height=\"675\" data-id=\"2222\" src=\"https:\/\/wordpress.nibis.de\/gsamwall\/files\/2023\/01\/WhatsApp-Image-2023-01-09-at-08.12.32-1024x675.jpeg\" alt=\"\" class=\"wp-image-2222\" \/><\/figure>\n\n\n\n<figure class=\"wp-block-image size-large\"><img loading=\"lazy\" decoding=\"async\" width=\"768\" height=\"675\" data-id=\"2218\" src=\"https:\/\/wordpress.nibis.de\/gsamwall\/files\/2023\/01\/WhatsApp-Image-2023-01-09-at-08.03.36-768x675.jpeg\" alt=\"\" class=\"wp-image-2218\" \/><\/figure>\n\n\n\n<figure class=\"wp-block-image size-large\"><img loading=\"lazy\" decoding=\"async\" width=\"1200\" height=\"675\" data-id=\"2216\" src=\"https:\/\/wordpress.nibis.de\/gsamwall\/files\/2023\/01\/deb1fc7d-62c1-482d-a4c9-0821292b98ea-1200x675.jpg\" alt=\"\" class=\"wp-image-2216\" srcset=\"https:\/\/wordpress.nibis.de\/gsamwall\/files\/2023\/01\/deb1fc7d-62c1-482d-a4c9-0821292b98ea-1200x675.jpg 1200w, https:\/\/wordpress.nibis.de\/gsamwall\/files\/2023\/01\/deb1fc7d-62c1-482d-a4c9-0821292b98ea-850x478.jpg 850w, https:\/\/wordpress.nibis.de\/gsamwall\/files\/2023\/01\/deb1fc7d-62c1-482d-a4c9-0821292b98ea-250x141.jpg 250w\" sizes=\"auto, (max-width: 1200px) 100vw, 1200px\" \/><\/figure>\n<\/figure>\n","protected":false},"excerpt":{"rendered":"<p>Anl\u00e4sslich der Weltwoche des Friedens hat die komplette Grundschule am Wall am 27.9.2022 einen Projekttag zum Thema &#8222;Frieden&#8220; veranstaltet.\u00a0 Jeder Lehrer hat sich individuell f\u00fcr seine Klasse ein tolles Projekt \u00fcberlegt. Es wurde gemeinsam gebacken, gefr\u00fchst\u00fcckt, Bilderb\u00fccher gelesen, gebastelt und viel \u00fcber Krieg und Frieden geredet &#8211; kindgerecht aufbereitet nat\u00fcrlich, sodass f\u00fcr alle Jungen und &hellip; <a href=\"https:\/\/wordpress.nibis.de\/gsamwall\/projekttag-frieden-27-9-2022\/\" class=\"more-link\"><span class=\"screen-reader-text\">Projekttag &#8222;Frieden&#8220; 27.9.2022<\/span> weiterlesen <span class=\"meta-nav\">&rarr;<\/span><\/a><\/p>\n","protected":false},"author":9193468,"featured_media":0,"parent":0,"menu_order":0,"comment_status":"closed","ping_status":"closed","template":"","meta":{"footnotes":""},"class_list":["post-2211","page","type-page","status-publish","hentry"],"_links":{"self":[{"href":"https:\/\/wordpress.nibis.de\/gsamwall\/wp-json\/wp\/v2\/pages\/2211","targetHints":{"allow":["GET"]}}],"collection":[{"href":"https:\/\/wordpress.nibis.de\/gsamwall\/wp-json\/wp\/v2\/pages"}],"about":[{"href":"https:\/\/wordpress.nibis.de\/gsamwall\/wp-json\/wp\/v2\/types\/page"}],"author":[{"embeddable":true,"href":"https:\/\/wordpress.nibis.de\/gsamwall\/wp-json\/wp\/v2\/users\/9193468"}],"replies":[{"embeddable":true,"href":"https:\/\/wordpress.nibis.de\/gsamwall\/wp-json\/wp\/v2\/comments?post=2211"}],"version-history":[{"count":2,"href":"https:\/\/wordpress.nibis.de\/gsamwall\/wp-json\/wp\/v2\/pages\/2211\/revisions"}],"predecessor-version":[{"id":2223,"href":"https:\/\/wordpress.nibis.de\/gsamwall\/wp-json\/wp\/v2\/pages\/2211\/revisions\/2223"}],"wp:attachment":[{"href":"https:\/\/wordpress.nibis.de\/gsamwall\/wp-json\/wp\/v2\/media?parent=2211"}],"curies":[{"name":"wp","href":"https:\/\/api.w.org\/{rel}","templated":true}]}}