{"id":2240,"date":"2023-01-19T11:47:37","date_gmt":"2023-01-19T10:47:37","guid":{"rendered":"https:\/\/wordpress.nibis.de\/gsamwall\/?page_id=2240"},"modified":"2023-01-19T12:07:40","modified_gmt":"2023-01-19T11:07:40","slug":"fussballtunier-klasse-3","status":"publish","type":"page","link":"https:\/\/wordpress.nibis.de\/gsamwall\/fussballtunier-klasse-3\/","title":{"rendered":"Fu\u00dfballtunier Klasse 3"},"content":{"rendered":"\n<p>Am 17.01.2023 fand in Landwehrhagen das j\u00e4hrliche Fu\u00dfballtunier &#8222;Rund um Banden&#8220; der dritten Klassen des Umkreises statt.  Insgesammt 8 Mannschafften k\u00e4mpften gegeneinander um den Titel. 8 Jungen der Grundschule am Wall nahmen ebenfalls teil und erreichten den zweiten Platz! Wir gratulieren ganz herzlich und sind stolz auf unsere Jungs!<\/p>\n\n\n\n<figure class=\"wp-block-gallery has-nested-images columns-default is-cropped wp-block-gallery-1 is-layout-flex wp-block-gallery-is-layout-flex\">\n<figure class=\"wp-block-image size-large\"><img loading=\"lazy\" decoding=\"async\" width=\"1920\" height=\"2560\" data-id=\"2248\" src=\"https:\/\/wordpress.nibis.de\/gsamwall\/files\/2023\/01\/1000002404-1-scaled.jpg\" alt=\"\" class=\"wp-image-2248\" srcset=\"https:\/\/wordpress.nibis.de\/gsamwall\/files\/2023\/01\/1000002404-1-scaled.jpg 1920w, https:\/\/wordpress.nibis.de\/gsamwall\/files\/2023\/01\/1000002404-1-768x1024.jpg 768w, https:\/\/wordpress.nibis.de\/gsamwall\/files\/2023\/01\/1000002404-1-1152x1536.jpg 1152w, https:\/\/wordpress.nibis.de\/gsamwall\/files\/2023\/01\/1000002404-1-1536x2048.jpg 1536w\" sizes=\"auto, (max-width: 1920px) 100vw, 1920px\" \/><\/figure>\n\n\n\n<figure class=\"wp-block-image size-large\"><img loading=\"lazy\" decoding=\"async\" width=\"1920\" height=\"2560\" data-id=\"2249\" src=\"https:\/\/wordpress.nibis.de\/gsamwall\/files\/2023\/01\/1000002406-scaled.jpg\" alt=\"\" class=\"wp-image-2249\" srcset=\"https:\/\/wordpress.nibis.de\/gsamwall\/files\/2023\/01\/1000002406-scaled.jpg 1920w, https:\/\/wordpress.nibis.de\/gsamwall\/files\/2023\/01\/1000002406-768x1024.jpg 768w, https:\/\/wordpress.nibis.de\/gsamwall\/files\/2023\/01\/1000002406-1152x1536.jpg 1152w, https:\/\/wordpress.nibis.de\/gsamwall\/files\/2023\/01\/1000002406-1536x2048.jpg 1536w\" sizes=\"auto, (max-width: 1920px) 100vw, 1920px\" \/><\/figure>\n\n\n\n<figure class=\"wp-block-image size-large\"><img loading=\"lazy\" decoding=\"async\" width=\"1920\" height=\"2560\" data-id=\"2250\" src=\"https:\/\/wordpress.nibis.de\/gsamwall\/files\/2023\/01\/1000002407-1-scaled.jpg\" alt=\"\" class=\"wp-image-2250\" srcset=\"https:\/\/wordpress.nibis.de\/gsamwall\/files\/2023\/01\/1000002407-1-scaled.jpg 1920w, https:\/\/wordpress.nibis.de\/gsamwall\/files\/2023\/01\/1000002407-1-768x1024.jpg 768w, https:\/\/wordpress.nibis.de\/gsamwall\/files\/2023\/01\/1000002407-1-1152x1536.jpg 1152w, https:\/\/wordpress.nibis.de\/gsamwall\/files\/2023\/01\/1000002407-1-1536x2048.jpg 1536w\" sizes=\"auto, (max-width: 1920px) 100vw, 1920px\" \/><\/figure>\n\n\n\n<figure class=\"wp-block-image size-large\"><img loading=\"lazy\" decoding=\"async\" width=\"1200\" height=\"675\" data-id=\"2258\" src=\"https:\/\/wordpress.nibis.de\/gsamwall\/files\/2023\/01\/1000002421_bearb-1200x675.jpg\" alt=\"\" class=\"wp-image-2258\" srcset=\"https:\/\/wordpress.nibis.de\/gsamwall\/files\/2023\/01\/1000002421_bearb-1200x675.jpg 1200w, https:\/\/wordpress.nibis.de\/gsamwall\/files\/2023\/01\/1000002421_bearb-850x478.jpg 850w, https:\/\/wordpress.nibis.de\/gsamwall\/files\/2023\/01\/1000002421_bearb-250x141.jpg 250w\" sizes=\"auto, (max-width: 1200px) 100vw, 1200px\" \/><\/figure>\n<\/figure>\n","protected":false},"excerpt":{"rendered":"<p>Am 17.01.2023 fand in Landwehrhagen das j\u00e4hrliche Fu\u00dfballtunier &#8222;Rund um Banden&#8220; der dritten Klassen des Umkreises statt. Insgesammt 8 Mannschafften k\u00e4mpften gegeneinander um den Titel. 8 Jungen der Grundschule am Wall nahmen ebenfalls teil und erreichten den zweiten Platz! Wir gratulieren ganz herzlich und sind stolz auf unsere Jungs!<\/p>\n","protected":false},"author":9193468,"featured_media":0,"parent":0,"menu_order":0,"comment_status":"closed","ping_status":"closed","template":"","meta":{"footnotes":""},"class_list":["post-2240","page","type-page","status-publish","hentry"],"_links":{"self":[{"href":"https:\/\/wordpress.nibis.de\/gsamwall\/wp-json\/wp\/v2\/pages\/2240","targetHints":{"allow":["GET"]}}],"collection":[{"href":"https:\/\/wordpress.nibis.de\/gsamwall\/wp-json\/wp\/v2\/pages"}],"about":[{"href":"https:\/\/wordpress.nibis.de\/gsamwall\/wp-json\/wp\/v2\/types\/page"}],"author":[{"embeddable":true,"href":"https:\/\/wordpress.nibis.de\/gsamwall\/wp-json\/wp\/v2\/users\/9193468"}],"replies":[{"embeddable":true,"href":"https:\/\/wordpress.nibis.de\/gsamwall\/wp-json\/wp\/v2\/comments?post=2240"}],"version-history":[{"count":2,"href":"https:\/\/wordpress.nibis.de\/gsamwall\/wp-json\/wp\/v2\/pages\/2240\/revisions"}],"predecessor-version":[{"id":2260,"href":"https:\/\/wordpress.nibis.de\/gsamwall\/wp-json\/wp\/v2\/pages\/2240\/revisions\/2260"}],"wp:attachment":[{"href":"https:\/\/wordpress.nibis.de\/gsamwall\/wp-json\/wp\/v2\/media?parent=2240"}],"curies":[{"name":"wp","href":"https:\/\/api.w.org\/{rel}","templated":true}]}}