{"id":225,"date":"2020-04-14T19:19:12","date_gmt":"2020-04-14T17:19:12","guid":{"rendered":"https:\/\/wordpress.nibis.de\/gsamwall\/?page_id=225"},"modified":"2020-04-16T15:01:53","modified_gmt":"2020-04-16T13:01:53","slug":"der-sichere-schulweg","status":"publish","type":"page","link":"https:\/\/wordpress.nibis.de\/gsamwall\/der-sichere-schulweg\/","title":{"rendered":"Der sichere Schulweg"},"content":{"rendered":"\n<p class=\"Normal-P0\"><span class=\"Normal-C1\">Gerade der Schulweg ist f\u00fcr Ihr Kind aufregend und angef\u00fcllt mit Neuem und Aufregendem. Da bleibt oft kein Gedanke mehr f\u00fcr den Stra\u00dfenverkehr. W\u00e4hlen Sie deshalb f\u00fcr Ihr Kind einen sicheren, m\u00f6glichst bekannten Schulweg aus und <\/span><span class=\"Normal-C2\">trainieren<\/span><span class=\"Normal-C1\"> Sie diesen Weg mit Ihrem Kind.<\/span><\/p>\n<p class=\"Normal-P0\"><span class=\"Normal-C3\">Der direkteste Weg ist nicht immer der sicherste Weg!<\/span><\/p>\n<p class=\"Normal-P0\"><span class=\"Normal-C1\">Begleiten Sie Ihr Kind am Anfang und weisen Sie es immer wieder eindringlich und anschaulich auf besondere Gefahrenpunkte hin.<\/span><\/p>\n<p class=\"Normal-P0\"><span class=\"Normal-C1\">Lassen Sie sich von Ihrem Kind erkl\u00e4ren, warum man sich so und nicht anders verhalten soll.<\/span><\/p>\n<p class=\"Normal-P0\"><span class=\"Normal-C1\">Ein vorbildliches Verhalten der Erwachsenen sowie Lob und Anerkennung bei jedem Erfolgsschritt sind sehr wirksam. Nach und nach sollte Ihr Kind dann den Schulweg allein bew\u00e4ltigen, wobei es aus vielen Gr\u00fcnden besser ist, wenn mehrere Kinder gemeinsam gehen.<\/span><\/p>\n<p class=\"Normal-P0\"><span class=\"Normal-C1\">Bei begr\u00fcndeten Zweifeln oder Auff\u00e4lligkeiten sollten Sie Schulwegkontrollen durchf\u00fchren, beispielsweise am Mittag unterwegs warten.<\/span><\/p>\n<p class=\"Normal-P0\"><span class=\"Normal-C1\">Sprechen Sie mit Ihrem Kind \u00fcber das Verhalten auf dem Schulweg. Rempeln, schubsen, fangen spielen usw. sind ungeeignet f\u00fcr eine sichere Teilnahme am Stra\u00dfenverkehr. Spielende Kinder verunsichern Autofahrer und k\u00f6nnen unkontrolliert auf die Fahrbahn gelangen.<\/span><\/p>\n<p class=\"Normal-P0\"><span class=\"Normal-C1\">Kinder, die in der Altstadt wohnen, sollten <\/span><span class=\"Normal-C2\">immer<\/span><span class=\"Normal-C1\"> \u00fcber den F\u00fc\u00dfg\u00e4nger\u00fcberweg am AWO-Kindergarten gehen. Die Kinder benutzen nur den Gehweg. Wenn Sie auf dem Weg <\/span><span class=\"Normal-C3\">\u201egelbe F\u00fc\u00dfe\u201c<\/span><span class=\"Normal-C1\"> entdecken, ist das ein Zeichen f\u00fcr den von der Polizei empfohlenen sichersten Schulweg.<\/span><\/p>\n<p class=\"Normal-P0\"><span class=\"Normal-C1\">Schicken Sie Ihr Kind niemals unter Zeitdruck zur Schule. Angst vor dem Zusp\u00e4tkommen ist ein hohes Sicherheitsrisiko. Wenn Ihr Kind sich versp\u00e4tet hat, vertrauen Sie nicht darauf, dass es diese Situation schon allein meistern wird, sondern begleiten Sie es m\u00f6glichst auf dem Schulweg. Die Sicherheit hat in diesem Fall besonderen Vorrang.<\/span><\/p>\n<p class=\"Normal-P0\"><span class=\"Normal-C1\">Bereits in wenigen Monaten beginnt die dunkle Jahreszeit. Ihr Kind sollte f\u00fcr diese Zeit mit geeigneter reflektierender Kleidung oder reflektierenden Anh\u00e4ngern ausger\u00fcstet sein.<\/span><\/p>\n<p class=\"Normal-P0\"><span class=\"Normal-C1\">Der Schulweg sollte in der Regel zu Fu\u00df zur\u00fcckgelegt werden.<\/span><\/p>\n<p class=\"Normal-P0\"><span class=\"Normal-C1\">Falls Sie Ihr Kind ausnahmsweise mit dem Auto bringen oder es mit dem Taxi kommt, ist es am sichersten, wenn Sie es zur B\u00fcrgersteigseite hin austeigen lassen. Gerade im Wendehammer der Parkstra\u00dfe ist die Verkehrssituation sehr un\u00fcbersichtlich und gef\u00e4hrlich. Es empfiehlt sich deshalb, die Kinder bereits in einiger Entfernung von der Schule aussteigen zu lassen (beispielsweise am AWO-Kindergarten oder dem Gymnasium).<\/span><\/p>\n<p class=\"Normal-P0\"><span class=\"Normal-C1\">Die Verwendung von <\/span><span class=\"Normal-C3\">Kindersitzen<\/span><span class=\"Normal-C1\"> und die Einhaltung der <\/span><span class=\"Normal-C3\">Anschnall-Pflicht<\/span><span class=\"Normal-C1\"> sollten selbstverst\u00e4ndlich sein. Die Polizei f\u00fchrt in unregelm\u00e4\u00dfigen Abst\u00e4nden Kontrollen vor der Schule durch. <\/span><\/p>\n","protected":false},"excerpt":{"rendered":"<p>Gerade der Schulweg ist f\u00fcr Ihr Kind aufregend und angef\u00fcllt mit Neuem und Aufregendem. Da bleibt oft kein Gedanke mehr f\u00fcr den Stra\u00dfenverkehr. W\u00e4hlen Sie deshalb f\u00fcr Ihr Kind einen sicheren, m\u00f6glichst bekannten Schulweg aus und trainieren Sie diesen Weg mit Ihrem Kind. Der direkteste Weg ist nicht immer der sicherste Weg! Begleiten Sie Ihr &hellip; <a href=\"https:\/\/wordpress.nibis.de\/gsamwall\/der-sichere-schulweg\/\" class=\"more-link\"><span class=\"screen-reader-text\">Der sichere Schulweg<\/span> weiterlesen <span class=\"meta-nav\">&rarr;<\/span><\/a><\/p>\n","protected":false},"author":9193468,"featured_media":0,"parent":0,"menu_order":0,"comment_status":"closed","ping_status":"closed","template":"","meta":{"footnotes":""},"class_list":["post-225","page","type-page","status-publish","hentry"],"_links":{"self":[{"href":"https:\/\/wordpress.nibis.de\/gsamwall\/wp-json\/wp\/v2\/pages\/225","targetHints":{"allow":["GET"]}}],"collection":[{"href":"https:\/\/wordpress.nibis.de\/gsamwall\/wp-json\/wp\/v2\/pages"}],"about":[{"href":"https:\/\/wordpress.nibis.de\/gsamwall\/wp-json\/wp\/v2\/types\/page"}],"author":[{"embeddable":true,"href":"https:\/\/wordpress.nibis.de\/gsamwall\/wp-json\/wp\/v2\/users\/9193468"}],"replies":[{"embeddable":true,"href":"https:\/\/wordpress.nibis.de\/gsamwall\/wp-json\/wp\/v2\/comments?post=225"}],"version-history":[{"count":2,"href":"https:\/\/wordpress.nibis.de\/gsamwall\/wp-json\/wp\/v2\/pages\/225\/revisions"}],"predecessor-version":[{"id":472,"href":"https:\/\/wordpress.nibis.de\/gsamwall\/wp-json\/wp\/v2\/pages\/225\/revisions\/472"}],"wp:attachment":[{"href":"https:\/\/wordpress.nibis.de\/gsamwall\/wp-json\/wp\/v2\/media?parent=225"}],"curies":[{"name":"wp","href":"https:\/\/api.w.org\/{rel}","templated":true}]}}