{"id":2264,"date":"2023-02-03T20:12:55","date_gmt":"2023-02-03T19:12:55","guid":{"rendered":"https:\/\/wordpress.nibis.de\/gsamwall\/?page_id=2264"},"modified":"2023-02-03T20:12:55","modified_gmt":"2023-02-03T19:12:55","slug":"halbjahreszeugnisse-2023","status":"publish","type":"page","link":"https:\/\/wordpress.nibis.de\/gsamwall\/halbjahreszeugnisse-2023\/","title":{"rendered":"Halbjahreszeugnisse 2023"},"content":{"rendered":"\n<p>Am 27.01.2023 war es soweit. Unsere &#8222;Schukis&#8220; und die Kinder der 2. &#8211; 4. Klassen erhielten ihr Halbjahreszeugnis 2023. <br>Alle haben ihr bestes gegeben und wurden daf\u00fcr belohnt.  <br>Damit dieser Tag f\u00fcr alle Kinder etwas besonderes wird, wurden tolle Aktionen geplant. Es wurde gemeinsam gefr\u00fchst\u00fcckt, gebastelt, Filme geschaut, gespielt und vielerlei mehr. Schule einmal anders &#8211;  und das haben sich die Kinder nach dem ersten Halbjahr auch verdient. <br>An diesem Tag war nach der 3. Stunde Schulschluss und die Kinder konnten ins verl\u00e4ngerte Wochenende gehen.<br><br>Nun hei\u00dft es f\u00fcr alle wieder Gas geben und gemeinsam ins zweite Halbjahr starten!<\/p>\n\n\n\n<figure class=\"wp-block-gallery has-nested-images columns-default is-cropped wp-block-gallery-1 is-layout-flex wp-block-gallery-is-layout-flex\">\n<figure class=\"wp-block-image size-large\"><img loading=\"lazy\" decoding=\"async\" width=\"1200\" height=\"675\" data-id=\"2266\" src=\"https:\/\/wordpress.nibis.de\/gsamwall\/files\/2023\/02\/2d318200-1c4e-4473-94a8-81a137af76b5-1200x675.jpg\" alt=\"\" class=\"wp-image-2266\" srcset=\"https:\/\/wordpress.nibis.de\/gsamwall\/files\/2023\/02\/2d318200-1c4e-4473-94a8-81a137af76b5-1200x675.jpg 1200w, https:\/\/wordpress.nibis.de\/gsamwall\/files\/2023\/02\/2d318200-1c4e-4473-94a8-81a137af76b5-850x478.jpg 850w, https:\/\/wordpress.nibis.de\/gsamwall\/files\/2023\/02\/2d318200-1c4e-4473-94a8-81a137af76b5-250x141.jpg 250w\" sizes=\"auto, (max-width: 1200px) 100vw, 1200px\" \/><\/figure>\n\n\n\n<figure class=\"wp-block-image size-large\"><img loading=\"lazy\" decoding=\"async\" width=\"1200\" height=\"675\" data-id=\"2267\" src=\"https:\/\/wordpress.nibis.de\/gsamwall\/files\/2023\/02\/4c158b56-be14-466c-899f-1ff57d1a8803-1200x675.jpg\" alt=\"\" class=\"wp-image-2267\" srcset=\"https:\/\/wordpress.nibis.de\/gsamwall\/files\/2023\/02\/4c158b56-be14-466c-899f-1ff57d1a8803-1200x675.jpg 1200w, https:\/\/wordpress.nibis.de\/gsamwall\/files\/2023\/02\/4c158b56-be14-466c-899f-1ff57d1a8803-850x478.jpg 850w, https:\/\/wordpress.nibis.de\/gsamwall\/files\/2023\/02\/4c158b56-be14-466c-899f-1ff57d1a8803-250x141.jpg 250w\" sizes=\"auto, (max-width: 1200px) 100vw, 1200px\" \/><\/figure>\n\n\n\n<figure class=\"wp-block-image size-large\"><img loading=\"lazy\" decoding=\"async\" width=\"1200\" height=\"675\" data-id=\"2269\" src=\"https:\/\/wordpress.nibis.de\/gsamwall\/files\/2023\/02\/732e0dd2-e6ab-4bb4-a4a3-070aaafc0614-1200x675.jpg\" alt=\"\" class=\"wp-image-2269\" srcset=\"https:\/\/wordpress.nibis.de\/gsamwall\/files\/2023\/02\/732e0dd2-e6ab-4bb4-a4a3-070aaafc0614-1200x675.jpg 1200w, https:\/\/wordpress.nibis.de\/gsamwall\/files\/2023\/02\/732e0dd2-e6ab-4bb4-a4a3-070aaafc0614-850x478.jpg 850w, https:\/\/wordpress.nibis.de\/gsamwall\/files\/2023\/02\/732e0dd2-e6ab-4bb4-a4a3-070aaafc0614-250x141.jpg 250w\" sizes=\"auto, (max-width: 1200px) 100vw, 1200px\" \/><\/figure>\n\n\n\n<figure class=\"wp-block-image size-large\"><img loading=\"lazy\" decoding=\"async\" width=\"1200\" height=\"675\" data-id=\"2268\" src=\"https:\/\/wordpress.nibis.de\/gsamwall\/files\/2023\/02\/816069ab-ecb9-441d-93a2-a40db13827be-1200x675.jpg\" alt=\"\" class=\"wp-image-2268\" srcset=\"https:\/\/wordpress.nibis.de\/gsamwall\/files\/2023\/02\/816069ab-ecb9-441d-93a2-a40db13827be-1200x675.jpg 1200w, https:\/\/wordpress.nibis.de\/gsamwall\/files\/2023\/02\/816069ab-ecb9-441d-93a2-a40db13827be-850x478.jpg 850w, https:\/\/wordpress.nibis.de\/gsamwall\/files\/2023\/02\/816069ab-ecb9-441d-93a2-a40db13827be-250x141.jpg 250w\" sizes=\"auto, (max-width: 1200px) 100vw, 1200px\" \/><\/figure>\n\n\n\n<figure class=\"wp-block-image size-large\"><img loading=\"lazy\" decoding=\"async\" width=\"1024\" height=\"675\" data-id=\"2265\" src=\"https:\/\/wordpress.nibis.de\/gsamwall\/files\/2023\/02\/d22ab85c-f052-4477-99b9-2fb1592170cc-1024x675.jpg\" alt=\"\" class=\"wp-image-2265\" \/><\/figure>\n\n\n\n<figure class=\"wp-block-image size-large\"><img loading=\"lazy\" decoding=\"async\" width=\"1200\" height=\"675\" data-id=\"2270\" src=\"https:\/\/wordpress.nibis.de\/gsamwall\/files\/2023\/02\/IMG_6031-1200x675.jpeg\" alt=\"\" class=\"wp-image-2270\" srcset=\"https:\/\/wordpress.nibis.de\/gsamwall\/files\/2023\/02\/IMG_6031-1200x675.jpeg 1200w, https:\/\/wordpress.nibis.de\/gsamwall\/files\/2023\/02\/IMG_6031-850x478.jpeg 850w, https:\/\/wordpress.nibis.de\/gsamwall\/files\/2023\/02\/IMG_6031-250x141.jpeg 250w\" sizes=\"auto, (max-width: 1200px) 100vw, 1200px\" \/><\/figure>\n<\/figure>\n","protected":false},"excerpt":{"rendered":"<p>Am 27.01.2023 war es soweit. Unsere &#8222;Schukis&#8220; und die Kinder der 2. &#8211; 4. Klassen erhielten ihr Halbjahreszeugnis 2023. Alle haben ihr bestes gegeben und wurden daf\u00fcr belohnt. Damit dieser Tag f\u00fcr alle Kinder etwas besonderes wird, wurden tolle Aktionen geplant. Es wurde gemeinsam gefr\u00fchst\u00fcckt, gebastelt, Filme geschaut, gespielt und vielerlei mehr. Schule einmal anders &hellip; <a href=\"https:\/\/wordpress.nibis.de\/gsamwall\/halbjahreszeugnisse-2023\/\" class=\"more-link\"><span class=\"screen-reader-text\">Halbjahreszeugnisse 2023<\/span> weiterlesen <span class=\"meta-nav\">&rarr;<\/span><\/a><\/p>\n","protected":false},"author":9193468,"featured_media":0,"parent":0,"menu_order":0,"comment_status":"closed","ping_status":"closed","template":"","meta":{"footnotes":""},"class_list":["post-2264","page","type-page","status-publish","hentry"],"_links":{"self":[{"href":"https:\/\/wordpress.nibis.de\/gsamwall\/wp-json\/wp\/v2\/pages\/2264","targetHints":{"allow":["GET"]}}],"collection":[{"href":"https:\/\/wordpress.nibis.de\/gsamwall\/wp-json\/wp\/v2\/pages"}],"about":[{"href":"https:\/\/wordpress.nibis.de\/gsamwall\/wp-json\/wp\/v2\/types\/page"}],"author":[{"embeddable":true,"href":"https:\/\/wordpress.nibis.de\/gsamwall\/wp-json\/wp\/v2\/users\/9193468"}],"replies":[{"embeddable":true,"href":"https:\/\/wordpress.nibis.de\/gsamwall\/wp-json\/wp\/v2\/comments?post=2264"}],"version-history":[{"count":1,"href":"https:\/\/wordpress.nibis.de\/gsamwall\/wp-json\/wp\/v2\/pages\/2264\/revisions"}],"predecessor-version":[{"id":2271,"href":"https:\/\/wordpress.nibis.de\/gsamwall\/wp-json\/wp\/v2\/pages\/2264\/revisions\/2271"}],"wp:attachment":[{"href":"https:\/\/wordpress.nibis.de\/gsamwall\/wp-json\/wp\/v2\/media?parent=2264"}],"curies":[{"name":"wp","href":"https:\/\/api.w.org\/{rel}","templated":true}]}}