{"id":227,"date":"2020-04-14T19:19:43","date_gmt":"2020-04-14T17:19:43","guid":{"rendered":"https:\/\/wordpress.nibis.de\/gsamwall\/?page_id=227"},"modified":"2020-04-16T15:04:21","modified_gmt":"2020-04-16T13:04:21","slug":"wichtige-telefonnummern","status":"publish","type":"page","link":"https:\/\/wordpress.nibis.de\/gsamwall\/wichtige-telefonnummern\/","title":{"rendered":"Wichtige Telefonnummern"},"content":{"rendered":"\n<table id=\"table_2\" cellspacing=\"0\" cellpadding=\"0\">\n<tbody>\n<tr id=\"table_2_R01\">\n<td id=\"table_2_R01C01\">\n<p class=\"Normal-P\"><span class=\"Normal-C\">F\u00fcr Kinder:<\/span><\/p>\n<\/td>\n<td id=\"table_2_R01C02\">\n<p class=\"Normal-P\"><span class=\"Normal-C0\">\u201eDie Nummer gegen Kummer\u201c<\/span><\/p>\n<\/td>\n<td id=\"table_2_R01C03\">\n<p class=\"Normal-P\"><span class=\"Normal-C0\">0800-1110333<\/span><\/p>\n<\/td>\n<\/tr>\n<tr id=\"table_2_R02\">\n<td id=\"table_2_R02C01\">\n<p class=\"Normal-P\"><span class=\"Normal-C0\">\u00a0<\/span><\/p>\n<\/td>\n<td id=\"table_2_R02C02\">\n<p class=\"Normal-P\"><span class=\"Normal-C0\">Sorgentelefon Zeugnisse<\/span><\/p>\n<\/td>\n<td id=\"table_2_R02C03\">\n<p class=\"Normal-P\"><span class=\"Normal-C0\">01803-41414<\/span><\/p>\n<\/td>\n<\/tr>\n<tr id=\"table_2_R03\">\n<td id=\"table_2_R03C01\">\n<p class=\"Normal-P\"><span class=\"Normal-C0\">\u00a0<\/span><\/p>\n<\/td>\n<td id=\"table_2_R03C02\">\n<p class=\"Normal-P\"><span class=\"Normal-C0\">Telefonseelsorge<\/span><\/p>\n<\/td>\n<td id=\"table_2_R03C03\">\n<p class=\"Normal-P\"><span class=\"Normal-C0\">0800-1110111<\/span><\/p>\n<\/td>\n<\/tr>\n<tr id=\"table_2_R04\">\n<td id=\"table_2_R04C01\">\n<p class=\"Normal-P\"><span class=\"Normal-C0\">\u00a0<\/span><\/p>\n<\/td>\n<td id=\"table_2_R04C02\">\n<p class=\"Normal-P\"><span class=\"Normal-C0\">phoenix Gewaltberatungsstelle<\/span><\/p>\n<p class=\"Normal-P\"><span class=\"Normal-C0\"><a href=\"&#x6d;&#97;i&#x6c;&#116;o&#x3a;&#107;o&#x6e;&#116;a&#x6b;&#116;&#64;&#x70;&#x68;o&#x65;&#x6e;&#105;&#x78;&#x2d;&#103;&#x6f;&#x65;&#116;t&#x69;&#110;g&#x65;&#110;&#46;&#x64;&#101;\">&#x6b;&#x6f;&#x6e;&#x74;&#x61;&#x6b;&#x74;&#x40;&#x70;&#x68;&#x6f;&#x65;&#x6e;&#x69;&#x78;&#x2d;&#x67;&#x6f;&#x65;&#x74;&#x74;&#x69;&#x6e;&#x67;&#x65;&#x6e;&#x2e;&#x64;&#x65;<\/a><\/span><\/p>\n<\/td>\n<td id=\"table_2_R04C03\">\n<p class=\"Normal-P\"><span class=\"Normal-C0\">0551-4994556<\/span><\/p>\n<\/td>\n<\/tr>\n<tr id=\"table_2_R05\">\n<td id=\"table_2_R05C01\">\n<p class=\"Normal-P\"><span class=\"Normal-C0\">\u00a0<\/span><\/p>\n<\/td>\n<td id=\"table_2_R05C02\">\n<p class=\"Normal-P\"><span class=\"Normal-C0\">\u00a0<\/span><\/p>\n<\/td>\n<td id=\"table_2_R05C03\">\n<p class=\"Normal-P\"><span class=\"Normal-C0\">\u00a0<\/span><\/p>\n<\/td>\n<\/tr>\n<tr id=\"table_2_R06\">\n<td id=\"table_2_R06C01\">\n<p class=\"Normal-P\"><span class=\"Normal-C\">F\u00fcr Eltern:<\/span><\/p>\n<\/td>\n<td id=\"table_2_R06C02\">\n<p class=\"Normal-P\"><span class=\"Normal-C0\">AWO Beratungsstelle<\/span><\/p>\n<\/td>\n<td id=\"table_2_R06C03\">\n<p class=\"Normal-P\"><span class=\"Normal-C0\">05541-73131<\/span><\/p>\n<\/td>\n<\/tr>\n<tr id=\"table_2_R07\">\n<td id=\"table_2_R07C01\">\n<p class=\"Normal-P\"><span class=\"Normal-C0\">\u00a0<\/span><\/p>\n<\/td>\n<td id=\"table_2_R07C02\">\n<p class=\"Normal-P\"><span class=\"Normal-C0\">Jugendamt<\/span><\/p>\n<p class=\"Normal-P\"><span class=\"Normal-C0\">Auefeld 10, 34346 Hann. M\u00fcnden<\/span><\/p>\n<\/td>\n<td id=\"table_2_R07C03\">\n<p class=\"Normal-P\"><span class=\"Normal-C0\">05541-9128617<\/span><\/p>\n<\/td>\n<\/tr>\n<tr id=\"table_2_R08\">\n<td id=\"table_2_R08C01\">\n<p class=\"Normal-P\"><span class=\"Normal-C0\">\u00a0<\/span><\/p>\n<\/td>\n<td id=\"table_2_R08C02\">\n<p class=\"Normal-P\"><span class=\"Normal-C0\">Jugendhilfe S\u00fcdniedersachsen e.V.<\/span><\/p>\n<p class=\"Normal-P\"><span class=\"Normal-C0\">Fachstelle Diagnostik<\/span><\/p>\n<p class=\"Normal-P\"><span class=\"Normal-C0\">Obere Maschstra\u00dfe 10, 37073 G\u00f6ttingen<\/span><\/p>\n<\/td>\n<td id=\"table_2_R08C03\">\n<p class=\"Normal-P\"><span class=\"Normal-C0\">0551-9995890<\/span><\/p>\n<\/td>\n<\/tr>\n<tr id=\"table_2_R09\">\n<td id=\"table_2_R09C01\">\n<p class=\"Normal-P\"><span class=\"Normal-C0\">\u00a0<\/span><\/p>\n<\/td>\n<td id=\"table_2_R09C02\">\n<p class=\"Normal-P\"><span class=\"Normal-C0\">\u00a0<\/span><\/p>\n<\/td>\n<td id=\"table_2_R09C03\">\n<p class=\"Normal-P\"><span class=\"Normal-C0\">\u00a0<\/span><\/p>\n<\/td>\n<\/tr>\n<tr id=\"table_2_R10\">\n<td id=\"table_2_R10C01\">\n<p class=\"Normal-P\"><span class=\"Normal-C0\">\u00a0<\/span><\/p>\n<\/td>\n<td id=\"table_2_R10C02\">\n<p class=\"Untertitel-P\"><span class=\"Normal-C1\">Kinder- Jugendpsychologen<\/span><\/p>\n<\/td>\n<td id=\"table_2_R10C03\">\n<p class=\"Normal-P\"><span class=\"Normal-C0\">\u00a0<\/span><\/p>\n<\/td>\n<\/tr>\n<tr id=\"table_2_R11\">\n<td id=\"table_2_R11C01\">\n<p class=\"Normal-P\"><span class=\"Normal-C0\">\u00a0<\/span><\/p>\n<\/td>\n<td id=\"table_2_R11C02\">\n<p class=\"Normal-P\"><span class=\"Normal-C0\">\u00a0<\/span><\/p>\n<\/td>\n<td id=\"table_2_R11C03\">\n<p class=\"Normal-P\"><span class=\"Normal-C0\">\u00a0<\/span><\/p>\n<\/td>\n<\/tr>\n<tr id=\"table_2_R12\">\n<td id=\"table_2_R12C01\">\n<p class=\"Normal-P\"><span class=\"Normal-C0\">\u00a0<\/span><\/p>\n<\/td>\n<td id=\"table_2_R12C02\">\n<p class=\"Normal-P\"><span class=\"Normal-C0\">Dr. B\u00f6nner<\/span><\/p>\n<p class=\"Normal-P\"><span class=\"Normal-C0\">Beethovenstra\u00dfe 9, 34346 Hann. M\u00fcnden<\/span><\/p>\n<\/td>\n<td id=\"table_2_R12C03\">\n<p class=\"Normal-P\"><span class=\"Normal-C0\">05541-989367<\/span><\/p>\n<\/td>\n<\/tr>\n<tr id=\"table_2_R13\">\n<td id=\"table_2_R13C01\">\n<p class=\"Normal-P\"><span class=\"Normal-C0\">\u00a0<\/span><\/p>\n<\/td>\n<td id=\"table_2_R13C02\">\n<p class=\"Normal-P\"><span class=\"Normal-C0\">Uni-Klinik G\u00f6ttingen<\/span><\/p>\n<p class=\"Normal-P\"><span class=\"Normal-C0\">Abt. Kinder- und Jugendpsychiatrie<\/span><\/p>\n<p class=\"Normal-P\"><span class=\"Normal-C0\">Von Sieboldstra\u00dfe 5, 37075<\/span><\/p>\n<\/td>\n<td id=\"table_2_R13C03\">\n<p class=\"Normal-P\"><span class=\"Normal-C0\">0551-396727<\/span><\/p>\n<\/td>\n<\/tr>\n<tr id=\"table_2_R14\">\n<td id=\"table_2_R14C01\">\n<p class=\"Normal-P\"><span class=\"Normal-C0\">\u00a0<\/span><\/p>\n<\/td>\n<td id=\"table_2_R14C02\">\n<p class=\"Normal-P\"><span class=\"Normal-C0\">Kinder und jugendpsychiatrische Ambulanz<\/span><\/p>\n<p class=\"Normal-P\"><span class=\"Normal-C0\">Steinstra\u00dfe 18-24, 37213 Witzenhausen<\/span><\/p>\n<\/td>\n<td id=\"table_2_R14C03\">\n<p class=\"Normal-P\"><span class=\"Normal-C0\">05542-5013860<\/span><\/p>\n<\/td>\n<\/tr>\n<tr id=\"table_2_R15\">\n<td id=\"table_2_R15C01\">\n<p class=\"Normal-P\"><span class=\"Normal-C0\">\u00a0<\/span><\/p>\n<\/td>\n<td id=\"table_2_R15C02\">\n<p class=\"Normal-P\"><span class=\"Normal-C0\">\u00a0<\/span><\/p>\n<\/td>\n<td id=\"table_2_R15C03\">\n<p class=\"Normal-P\"><span class=\"Normal-C0\">\u00a0<\/span><\/p>\n<\/td>\n<\/tr>\n<tr id=\"table_2_R16\">\n<td id=\"table_2_R16C01\">\n<p class=\"Normal-P\"><span class=\"Normal-C0\">\u00a0<\/span><\/p>\n<\/td>\n<td id=\"table_2_R16C02\">\n<p class=\"Normal-P\"><span class=\"Normal-C0\">\u00a0<\/span><\/p>\n<\/td>\n<td id=\"table_2_R16C03\">\n<p class=\"Normal-P\"><span class=\"Normal-C0\">\u00a0<\/span><\/p>\n<\/td>\n<\/tr>\n<tr id=\"table_2_R17\">\n<td id=\"table_2_R17C01\">\n<p class=\"Normal-P\"><span class=\"Normal-C0\">\u00a0<\/span><\/p>\n<\/td>\n<td id=\"table_2_R17C02\">\n<p class=\"Untertitel-P\"><span class=\"Normal-C1\">Kinder- Jugendpsychotherapeuten<\/span><\/p>\n<\/td>\n<td id=\"table_2_R17C03\">\n<p class=\"Normal-P\"><span class=\"Normal-C0\">\u00a0<\/span><\/p>\n<\/td>\n<\/tr>\n<tr id=\"table_2_R18\">\n<td id=\"table_2_R18C01\">\n<p class=\"Normal-P\"><span class=\"Normal-C0\">\u00a0<\/span><\/p>\n<\/td>\n<td id=\"table_2_R18C02\">\n<p class=\"Untertitel-P\"><span class=\"Normal-C0\">\u00a0<\/span><\/p>\n<\/td>\n<td id=\"table_2_R18C03\">\n<p class=\"Normal-P\"><span class=\"Normal-C0\">\u00a0<\/span><\/p>\n<\/td>\n<\/tr>\n<tr id=\"table_2_R19\">\n<td id=\"table_2_R19C01\">\n<p class=\"Normal-P\"><span class=\"Normal-C0\">\u00a0<\/span><\/p>\n<\/td>\n<td id=\"table_2_R19C02\">\n<p class=\"Normal-P\"><span class=\"Normal-C0\">H. Eberst-Hartmann<\/span><\/p>\n<p class=\"Normal-P\"><span class=\"Normal-C0\">Kattenb\u00fchl 34, 34346 Hann. M\u00fcnden<\/span><\/p>\n<\/td>\n<td id=\"table_2_R19C03\">\n<p class=\"Normal-P\"><span class=\"Normal-C0\">05541-953818<\/span><\/p>\n<\/td>\n<\/tr>\n<tr id=\"table_2_R20\">\n<td id=\"table_2_R20C01\">\n<p class=\"Normal-P\"><span class=\"Normal-C0\">\u00a0<\/span><\/p>\n<\/td>\n<td id=\"table_2_R20C02\">\n<p class=\"Normal-P\"><span class=\"Normal-C0\">H. Jacobs<\/span><\/p>\n<p class=\"Normal-P\"><span class=\"Normal-C0\">Hinter der Blume 12, 34346 Hann. M\u00fcnden<\/span><\/p>\n<\/td>\n<td id=\"table_2_R20C03\">\n<p class=\"Normal-P\"><span class=\"Normal-C0\">05541-2406<\/span><\/p>\n<\/td>\n<\/tr>\n<tr id=\"table_2_R21\">\n<td id=\"table_2_R21C01\">\n<p class=\"Normal-P\"><span class=\"Normal-C0\">\u00a0<\/span><\/p>\n<\/td>\n<td id=\"table_2_R21C02\">\n<p class=\"Normal-P\"><span class=\"Normal-C0\">\u00a0<\/span><\/p>\n<\/td>\n<td id=\"table_2_R21C03\">\n<p class=\"Normal-P\"><span class=\"Normal-C0\">\u00a0<\/span><\/p>\n<\/td>\n<\/tr>\n<tr id=\"table_2_R22\">\n<td id=\"table_2_R22C01\">\n<p class=\"Normal-P\"><span class=\"Normal-C0\">\u00a0<\/span><\/p>\n<\/td>\n<td id=\"table_2_R22C02\">\n<p class=\"Normal-P\"><span class=\"Normal-C0\">\u00a0<\/span><\/p>\n<\/td>\n<td id=\"table_2_R22C03\">\n<p class=\"Normal-P\"><span class=\"Normal-C0\">\u00a0<\/span><\/p>\n<\/td>\n<\/tr>\n<tr id=\"table_2_R23\">\n<td id=\"table_2_R23C01\">\n<p class=\"Normal-P\"><span class=\"Normal-C0\">\u00a0<\/span><\/p>\n<\/td>\n<td id=\"table_2_R23C02\">\n<p class=\"Normal-P\"><span class=\"Normal-C1\">Frauen-Notruf G\u00f6ttingen<\/span><\/p>\n<\/td>\n<td id=\"table_2_R23C03\">\n<p class=\"Normal-P\"><span class=\"Normal-C0\">0551-44684<\/span><\/p>\n<\/td>\n<\/tr>\n<\/tbody>\n<\/table>\n","protected":false},"excerpt":{"rendered":"<p>F\u00fcr Kinder: \u201eDie Nummer gegen Kummer\u201c 0800-1110333 \u00a0 Sorgentelefon Zeugnisse 01803-41414 \u00a0 Telefonseelsorge 0800-1110111 \u00a0 phoenix Gewaltberatungsstelle &#x6b;o&#x6e;t&#x61;&#107;&#x74;&#64;p&#x68;o&#x65;&#110;&#x69;&#120;&#x2d;&#103;o&#x65;t&#x74;&#105;&#x6e;&#103;&#x65;&#x6e;&#46;&#x64;e 0551-4994556 \u00a0 \u00a0 \u00a0 F\u00fcr Eltern: AWO Beratungsstelle 05541-73131 \u00a0 Jugendamt Auefeld 10, 34346 Hann. M\u00fcnden 05541-9128617 \u00a0 Jugendhilfe S\u00fcdniedersachsen e.V. Fachstelle Diagnostik Obere Maschstra\u00dfe 10, 37073 G\u00f6ttingen 0551-9995890 \u00a0 \u00a0 \u00a0 \u00a0 Kinder- Jugendpsychologen \u00a0 \u00a0 &hellip; <a href=\"https:\/\/wordpress.nibis.de\/gsamwall\/wichtige-telefonnummern\/\" class=\"more-link\"><span class=\"screen-reader-text\">Wichtige Telefonnummern<\/span> weiterlesen <span class=\"meta-nav\">&rarr;<\/span><\/a><\/p>\n","protected":false},"author":9193468,"featured_media":0,"parent":0,"menu_order":0,"comment_status":"closed","ping_status":"closed","template":"","meta":{"footnotes":""},"class_list":["post-227","page","type-page","status-publish","hentry"],"_links":{"self":[{"href":"https:\/\/wordpress.nibis.de\/gsamwall\/wp-json\/wp\/v2\/pages\/227","targetHints":{"allow":["GET"]}}],"collection":[{"href":"https:\/\/wordpress.nibis.de\/gsamwall\/wp-json\/wp\/v2\/pages"}],"about":[{"href":"https:\/\/wordpress.nibis.de\/gsamwall\/wp-json\/wp\/v2\/types\/page"}],"author":[{"embeddable":true,"href":"https:\/\/wordpress.nibis.de\/gsamwall\/wp-json\/wp\/v2\/users\/9193468"}],"replies":[{"embeddable":true,"href":"https:\/\/wordpress.nibis.de\/gsamwall\/wp-json\/wp\/v2\/comments?post=227"}],"version-history":[{"count":2,"href":"https:\/\/wordpress.nibis.de\/gsamwall\/wp-json\/wp\/v2\/pages\/227\/revisions"}],"predecessor-version":[{"id":474,"href":"https:\/\/wordpress.nibis.de\/gsamwall\/wp-json\/wp\/v2\/pages\/227\/revisions\/474"}],"wp:attachment":[{"href":"https:\/\/wordpress.nibis.de\/gsamwall\/wp-json\/wp\/v2\/media?parent=227"}],"curies":[{"name":"wp","href":"https:\/\/api.w.org\/{rel}","templated":true}]}}