{"id":229,"date":"2020-04-14T19:20:21","date_gmt":"2020-04-14T17:20:21","guid":{"rendered":"https:\/\/wordpress.nibis.de\/gsamwall\/?page_id=229"},"modified":"2020-04-16T15:05:08","modified_gmt":"2020-04-16T13:05:08","slug":"krankheit-schulunfall","status":"publish","type":"page","link":"https:\/\/wordpress.nibis.de\/gsamwall\/krankheit-schulunfall\/","title":{"rendered":"Krankheit \/ Schulunfall"},"content":{"rendered":"\n<div id=\"txt_150\">\n<p class=\"Normal-P0\"><span class=\"Normal-C1\">Wenn Ihr Kind <\/span><span class=\"Normal-C2\">krank<\/span><span class=\"Normal-C1\"> ist, verst\u00e4ndigen Sie uns unbedingt gleich am <\/span><span class=\"Normal-C2\">ersten Tag<\/span><span class=\"Normal-C1\">, damit es keine unentschuldigten Fehltage gibt. Rufen Sie einfach vor 8.00 Uhr in der Schule an. Ihre Nachricht wird an den Klassenlehrer\/die Klassenlehrerin weitergegeben.<\/span><\/p>\n<p class=\"Normal-P0\"><span class=\"Normal-C1\">Sollte die Erkrankung l\u00e4nger dauern, lassen sie uns sp\u00e4testens am dritten Tag eine schriftliche Entschuldigung zukommen. Ab dem sechsten Vers\u00e4umnistag ben\u00f6tigen wir eine \u00e4rztliche Bescheinigung.<\/span><\/p>\n<p class=\"Normal-P0\"><span class=\"Normal-C1\">F\u00fcr die Freistellung vom Sport- oder Schwimmunterricht ist <\/span><span class=\"Normal-C2\">immer<\/span><span class=\"Normal-C1\"> eine <\/span><span class=\"Normal-C2\">schriftliche<\/span><span class=\"Normal-C1\"> Entschuldigung erforderlich.<\/span><\/p>\n<p class=\"Normal-P0\"><span class=\"Normal-C1\">\u00a0<\/span><\/p>\n<p class=\"Normal-P0\"><span class=\"Normal-C2\">Schulunf\u00e4lle<\/span><span class=\"Normal-C1\"> sind solche, die sich i<\/span><span class=\"Normal-C2\">n der Schule<\/span><span class=\"Normal-C1\"> oder <\/span><span class=\"Normal-C2\">auf dem Weg zur Schule <\/span><span class=\"Normal-C1\">beziehungsweise <\/span><span class=\"Normal-C2\">nach Hause<\/span><span class=\"Normal-C1\"> ereignen. Dazu z\u00e4hlen auch die Wege, die Ihr Kind erledigen muss, um sich Schulhefte oder \u00e4hnliches zu kaufen.<\/span><\/p>\n<p class=\"Normal-P0\"><span class=\"Normal-C1\">Die Schule muss immer dann verst\u00e4ndigt werden, wenn das Kind infolge des Unfalls einen Arzt aufsuchen musste.<\/span><\/p>\n<p class=\"Normal-P0\"><span class=\"Normal-C1\">\u00a0<\/span><\/p>\n<p class=\"Normal-P0\"><span class=\"Normal-C2\">Wichtig !<\/span><\/p>\n<p class=\"Normal-P0\"><span class=\"Normal-C2\">\u00a0<\/span><\/p>\n<p class=\"Normal-P0\"><span class=\"Normal-C2\">Bei einem notwendigen Artzbesuch durch einen Schulunfall ist zun\u00e4chst der ambulante Durchgangsarzt aufzusuchen.<\/span><\/p>\n<p class=\"Normal-P0\"><span class=\"Normal-C2\">\u00a0<\/span><\/p>\n<p class=\"Normal-P0\"><span class=\"Normal-C2\">Klinikum Hann.M\u00fcnden<\/span><\/p>\n<p class=\"Normal-P0\"><span class=\"Normal-C2\">Vogelsang 105<\/span><\/p>\n<p class=\"Normal-P0\"><span class=\"Normal-C2\">Prof. Dr. Med. Alois Schmid<\/span><\/p>\n<p class=\"Normal-P0\"><span class=\"Normal-C2\">Tel.: 05541\/996-645<\/span><\/p>\n<\/div>\n","protected":false},"excerpt":{"rendered":"<p>Wenn Ihr Kind krank ist, verst\u00e4ndigen Sie uns unbedingt gleich am ersten Tag, damit es keine unentschuldigten Fehltage gibt. Rufen Sie einfach vor 8.00 Uhr in der Schule an. Ihre Nachricht wird an den Klassenlehrer\/die Klassenlehrerin weitergegeben. Sollte die Erkrankung l\u00e4nger dauern, lassen sie uns sp\u00e4testens am dritten Tag eine schriftliche Entschuldigung zukommen. Ab dem &hellip; <a href=\"https:\/\/wordpress.nibis.de\/gsamwall\/krankheit-schulunfall\/\" class=\"more-link\"><span class=\"screen-reader-text\">Krankheit \/ Schulunfall<\/span> weiterlesen <span class=\"meta-nav\">&rarr;<\/span><\/a><\/p>\n","protected":false},"author":9193468,"featured_media":0,"parent":0,"menu_order":0,"comment_status":"closed","ping_status":"closed","template":"","meta":{"footnotes":""},"class_list":["post-229","page","type-page","status-publish","hentry"],"_links":{"self":[{"href":"https:\/\/wordpress.nibis.de\/gsamwall\/wp-json\/wp\/v2\/pages\/229","targetHints":{"allow":["GET"]}}],"collection":[{"href":"https:\/\/wordpress.nibis.de\/gsamwall\/wp-json\/wp\/v2\/pages"}],"about":[{"href":"https:\/\/wordpress.nibis.de\/gsamwall\/wp-json\/wp\/v2\/types\/page"}],"author":[{"embeddable":true,"href":"https:\/\/wordpress.nibis.de\/gsamwall\/wp-json\/wp\/v2\/users\/9193468"}],"replies":[{"embeddable":true,"href":"https:\/\/wordpress.nibis.de\/gsamwall\/wp-json\/wp\/v2\/comments?post=229"}],"version-history":[{"count":2,"href":"https:\/\/wordpress.nibis.de\/gsamwall\/wp-json\/wp\/v2\/pages\/229\/revisions"}],"predecessor-version":[{"id":475,"href":"https:\/\/wordpress.nibis.de\/gsamwall\/wp-json\/wp\/v2\/pages\/229\/revisions\/475"}],"wp:attachment":[{"href":"https:\/\/wordpress.nibis.de\/gsamwall\/wp-json\/wp\/v2\/media?parent=229"}],"curies":[{"name":"wp","href":"https:\/\/api.w.org\/{rel}","templated":true}]}}