{"id":2294,"date":"2023-02-28T19:53:57","date_gmt":"2023-02-28T18:53:57","guid":{"rendered":"https:\/\/wordpress.nibis.de\/gsamwall\/?page_id=2294"},"modified":"2023-02-28T19:53:57","modified_gmt":"2023-02-28T18:53:57","slug":"rosenmontag-20-2-2023","status":"publish","type":"page","link":"https:\/\/wordpress.nibis.de\/gsamwall\/rosenmontag-20-2-2023\/","title":{"rendered":"Rosenmontag 20.2.2023"},"content":{"rendered":"\n<p>Endlich wieder ganz ausgelassen und alle gemeinsam feiern: 2023 war es soweit! Wir konnten unseren gewohnten Rosenmontag genie\u00dfen. <br><br>Viele Piraten, Ritter, Superhelden und Prinzessinnen kamen an diesem Tag morgens in die Schule. Es wurde getanzt, gespielt, gemeinsam gefr\u00fchst\u00fcckt und ausgelassen gefeiert. In der Turnhalle gab es au\u00dferdem einen tollen Parcours, auf welchem alle Kinder ihr Geschick zeigen konnte. <br><br>Unsere Ganztagskinder feierten sogar bis in den Nachmittag hinein und gingen dann m\u00fcde aber zufrieden und gl\u00fccklich nach Hause. <\/p>\n\n\n\n<figure class=\"wp-block-gallery has-nested-images columns-2 is-cropped is-style-tw-img-rounded wp-block-gallery-1 is-layout-flex wp-block-gallery-is-layout-flex\">\n<figure class=\"wp-block-image size-large\"><img loading=\"lazy\" decoding=\"async\" width=\"1200\" height=\"675\" data-id=\"2308\" src=\"https:\/\/wordpress.nibis.de\/gsamwall\/files\/2023\/02\/0d99c7e8-5de7-4bd9-84a9-e2351fc10438-1200x675.jpg\" alt=\"\" class=\"wp-image-2308\" srcset=\"https:\/\/wordpress.nibis.de\/gsamwall\/files\/2023\/02\/0d99c7e8-5de7-4bd9-84a9-e2351fc10438-1200x675.jpg 1200w, https:\/\/wordpress.nibis.de\/gsamwall\/files\/2023\/02\/0d99c7e8-5de7-4bd9-84a9-e2351fc10438-850x478.jpg 850w, https:\/\/wordpress.nibis.de\/gsamwall\/files\/2023\/02\/0d99c7e8-5de7-4bd9-84a9-e2351fc10438-250x141.jpg 250w\" sizes=\"auto, (max-width: 1200px) 100vw, 1200px\" \/><\/figure>\n\n\n\n<figure class=\"wp-block-image size-large\"><img loading=\"lazy\" decoding=\"async\" width=\"1200\" height=\"675\" data-id=\"2305\" src=\"https:\/\/wordpress.nibis.de\/gsamwall\/files\/2023\/02\/7c78e6da-c5df-45c7-98f9-54aa3f40854e-1200x675.jpg\" alt=\"\" class=\"wp-image-2305\" srcset=\"https:\/\/wordpress.nibis.de\/gsamwall\/files\/2023\/02\/7c78e6da-c5df-45c7-98f9-54aa3f40854e-1200x675.jpg 1200w, https:\/\/wordpress.nibis.de\/gsamwall\/files\/2023\/02\/7c78e6da-c5df-45c7-98f9-54aa3f40854e-850x478.jpg 850w, https:\/\/wordpress.nibis.de\/gsamwall\/files\/2023\/02\/7c78e6da-c5df-45c7-98f9-54aa3f40854e-250x141.jpg 250w\" sizes=\"auto, (max-width: 1200px) 100vw, 1200px\" \/><\/figure>\n\n\n\n<figure class=\"wp-block-image size-large\"><img loading=\"lazy\" decoding=\"async\" width=\"1109\" height=\"675\" data-id=\"2303\" src=\"https:\/\/wordpress.nibis.de\/gsamwall\/files\/2023\/02\/9c35b866-a301-4937-85c7-4c3b9a7d3954-1109x675.jpg\" alt=\"\" class=\"wp-image-2303\" \/><\/figure>\n\n\n\n<figure class=\"wp-block-image size-large\"><img loading=\"lazy\" decoding=\"async\" width=\"881\" height=\"675\" data-id=\"2304\" src=\"https:\/\/wordpress.nibis.de\/gsamwall\/files\/2023\/02\/9c43e9f4-af6c-4755-8500-b41b3c94d115-881x675.jpg\" alt=\"\" class=\"wp-image-2304\" \/><\/figure>\n\n\n\n<figure class=\"wp-block-image size-large\"><img loading=\"lazy\" decoding=\"async\" width=\"1200\" height=\"675\" data-id=\"2307\" src=\"https:\/\/wordpress.nibis.de\/gsamwall\/files\/2023\/02\/792b4ff6-2fac-400b-9466-e04306321a1a-1200x675.jpg\" alt=\"\" class=\"wp-image-2307\" srcset=\"https:\/\/wordpress.nibis.de\/gsamwall\/files\/2023\/02\/792b4ff6-2fac-400b-9466-e04306321a1a-1200x675.jpg 1200w, https:\/\/wordpress.nibis.de\/gsamwall\/files\/2023\/02\/792b4ff6-2fac-400b-9466-e04306321a1a-850x478.jpg 850w, https:\/\/wordpress.nibis.de\/gsamwall\/files\/2023\/02\/792b4ff6-2fac-400b-9466-e04306321a1a-250x141.jpg 250w\" sizes=\"auto, (max-width: 1200px) 100vw, 1200px\" \/><\/figure>\n\n\n\n<figure class=\"wp-block-image size-large\"><img loading=\"lazy\" decoding=\"async\" width=\"1200\" height=\"675\" data-id=\"2306\" src=\"https:\/\/wordpress.nibis.de\/gsamwall\/files\/2023\/02\/01843f73-a925-4fbc-a5c8-10d87516ba5c-1200x675.jpg\" alt=\"\" class=\"wp-image-2306\" srcset=\"https:\/\/wordpress.nibis.de\/gsamwall\/files\/2023\/02\/01843f73-a925-4fbc-a5c8-10d87516ba5c-1200x675.jpg 1200w, https:\/\/wordpress.nibis.de\/gsamwall\/files\/2023\/02\/01843f73-a925-4fbc-a5c8-10d87516ba5c-850x478.jpg 850w, https:\/\/wordpress.nibis.de\/gsamwall\/files\/2023\/02\/01843f73-a925-4fbc-a5c8-10d87516ba5c-250x141.jpg 250w\" sizes=\"auto, (max-width: 1200px) 100vw, 1200px\" \/><\/figure>\n\n\n\n<figure class=\"wp-block-image size-large\"><img loading=\"lazy\" decoding=\"async\" width=\"1200\" height=\"675\" data-id=\"2309\" src=\"https:\/\/wordpress.nibis.de\/gsamwall\/files\/2023\/02\/2206dae7-b993-4dcd-97d8-9b68af268ddf-1-1200x675.jpg\" alt=\"\" class=\"wp-image-2309\" srcset=\"https:\/\/wordpress.nibis.de\/gsamwall\/files\/2023\/02\/2206dae7-b993-4dcd-97d8-9b68af268ddf-1-1200x675.jpg 1200w, https:\/\/wordpress.nibis.de\/gsamwall\/files\/2023\/02\/2206dae7-b993-4dcd-97d8-9b68af268ddf-1-850x478.jpg 850w, https:\/\/wordpress.nibis.de\/gsamwall\/files\/2023\/02\/2206dae7-b993-4dcd-97d8-9b68af268ddf-1-250x141.jpg 250w\" sizes=\"auto, (max-width: 1200px) 100vw, 1200px\" \/><\/figure>\n\n\n\n<figure class=\"wp-block-image size-full\"><img loading=\"lazy\" decoding=\"async\" width=\"756\" height=\"567\" data-id=\"2315\" src=\"https:\/\/wordpress.nibis.de\/gsamwall\/files\/2023\/02\/f8c63cb8-e392-498e-a6bd-a5b25b82dbed-2.jpg\" alt=\"\" class=\"wp-image-2315\" \/><\/figure>\n<\/figure>\n\n\n\n<p><\/p>\n","protected":false},"excerpt":{"rendered":"<p>Endlich wieder ganz ausgelassen und alle gemeinsam feiern: 2023 war es soweit! Wir konnten unseren gewohnten Rosenmontag genie\u00dfen. Viele Piraten, Ritter, Superhelden und Prinzessinnen kamen an diesem Tag morgens in die Schule. Es wurde getanzt, gespielt, gemeinsam gefr\u00fchst\u00fcckt und ausgelassen gefeiert. In der Turnhalle gab es au\u00dferdem einen tollen Parcours, auf welchem alle Kinder ihr &hellip; <a href=\"https:\/\/wordpress.nibis.de\/gsamwall\/rosenmontag-20-2-2023\/\" class=\"more-link\"><span class=\"screen-reader-text\">Rosenmontag 20.2.2023<\/span> weiterlesen <span class=\"meta-nav\">&rarr;<\/span><\/a><\/p>\n","protected":false},"author":9193468,"featured_media":0,"parent":0,"menu_order":0,"comment_status":"closed","ping_status":"closed","template":"","meta":{"footnotes":""},"class_list":["post-2294","page","type-page","status-publish","hentry"],"_links":{"self":[{"href":"https:\/\/wordpress.nibis.de\/gsamwall\/wp-json\/wp\/v2\/pages\/2294","targetHints":{"allow":["GET"]}}],"collection":[{"href":"https:\/\/wordpress.nibis.de\/gsamwall\/wp-json\/wp\/v2\/pages"}],"about":[{"href":"https:\/\/wordpress.nibis.de\/gsamwall\/wp-json\/wp\/v2\/types\/page"}],"author":[{"embeddable":true,"href":"https:\/\/wordpress.nibis.de\/gsamwall\/wp-json\/wp\/v2\/users\/9193468"}],"replies":[{"embeddable":true,"href":"https:\/\/wordpress.nibis.de\/gsamwall\/wp-json\/wp\/v2\/comments?post=2294"}],"version-history":[{"count":3,"href":"https:\/\/wordpress.nibis.de\/gsamwall\/wp-json\/wp\/v2\/pages\/2294\/revisions"}],"predecessor-version":[{"id":2316,"href":"https:\/\/wordpress.nibis.de\/gsamwall\/wp-json\/wp\/v2\/pages\/2294\/revisions\/2316"}],"wp:attachment":[{"href":"https:\/\/wordpress.nibis.de\/gsamwall\/wp-json\/wp\/v2\/media?parent=2294"}],"curies":[{"name":"wp","href":"https:\/\/api.w.org\/{rel}","templated":true}]}}