{"id":2362,"date":"2023-05-07T21:21:33","date_gmt":"2023-05-07T19:21:33","guid":{"rendered":"https:\/\/wordpress.nibis.de\/gsamwall\/?page_id=2362"},"modified":"2023-05-08T13:32:48","modified_gmt":"2023-05-08T11:32:48","slug":"schuelerzeitung","status":"publish","type":"page","link":"https:\/\/wordpress.nibis.de\/gsamwall\/schuelerzeitung\/","title":{"rendered":"Sch\u00fclerzeitung"},"content":{"rendered":"\n<p>Im Rahmen der AG &#8222;Sch\u00fclerzeitung&#8220; mit Kindern der Klassenstufe 3 unter Leitung von Herr Maa\u00dfen entsteht seit einigen Monaten unsere Sch\u00fclerzeitung &#8222;Grundschule am Wall News&#8220;. <\/p>\n\n\n\n<p>Im letzten Jahr war Premiere und die erste Ausgabe ging in den Verkauf. Die Zeitung war der Renner unter Sch\u00fclern und Lehrern und die Herausgeber waren \u00fcberw\u00e4ltigt von der positiven Resonanz. <br><br>Aktuell arbeiten unsere Redaktionsmitglieder an der zweiten Ausgabe, welche im Mai erscheinen wird und f\u00fcr 2 Euro erh\u00e4ltlich ist. Ihr k\u00f6nnt euch sicher sein: diese Ausgabe wird genauso toll wie die erste und es wird auch wieder ein Gewinnspiel mit tollen Preisen geben! Seid gespannt \ud83d\ude42<\/p>\n\n\n\n<figure class=\"wp-block-gallery has-nested-images columns-2 is-cropped wp-block-gallery-1 is-layout-flex wp-block-gallery-is-layout-flex\">\n<figure class=\"wp-block-image size-large\"><img loading=\"lazy\" decoding=\"async\" width=\"1200\" height=\"675\" data-id=\"2366\" src=\"https:\/\/wordpress.nibis.de\/gsamwall\/files\/2023\/05\/WhatsApp-Image-2023-04-25-at-12.37.10-1200x675.jpeg\" alt=\"\" class=\"wp-image-2366\" srcset=\"https:\/\/wordpress.nibis.de\/gsamwall\/files\/2023\/05\/WhatsApp-Image-2023-04-25-at-12.37.10-1200x675.jpeg 1200w, https:\/\/wordpress.nibis.de\/gsamwall\/files\/2023\/05\/WhatsApp-Image-2023-04-25-at-12.37.10-850x478.jpeg 850w, https:\/\/wordpress.nibis.de\/gsamwall\/files\/2023\/05\/WhatsApp-Image-2023-04-25-at-12.37.10-250x141.jpeg 250w, https:\/\/wordpress.nibis.de\/gsamwall\/files\/2023\/05\/WhatsApp-Image-2023-04-25-at-12.37.10-768x432.jpeg 768w, https:\/\/wordpress.nibis.de\/gsamwall\/files\/2023\/05\/WhatsApp-Image-2023-04-25-at-12.37.10-1536x864.jpeg 1536w, https:\/\/wordpress.nibis.de\/gsamwall\/files\/2023\/05\/WhatsApp-Image-2023-04-25-at-12.37.10.jpeg 2016w\" sizes=\"auto, (max-width: 1200px) 100vw, 1200px\" \/><\/figure>\n\n\n\n<figure class=\"wp-block-image size-large\"><img loading=\"lazy\" decoding=\"async\" width=\"1134\" height=\"675\" data-id=\"2364\" src=\"https:\/\/wordpress.nibis.de\/gsamwall\/files\/2023\/05\/WhatsApp-Image-2023-04-25-at-12.36.03-4-1134x675.jpeg\" alt=\"\" class=\"wp-image-2364\" \/><\/figure>\n\n\n\n<figure class=\"wp-block-image size-large\"><img loading=\"lazy\" decoding=\"async\" width=\"1134\" height=\"675\" data-id=\"2368\" src=\"https:\/\/wordpress.nibis.de\/gsamwall\/files\/2023\/05\/WhatsApp-Image-2023-04-25-at-12.36.03-3-1134x675.jpeg\" alt=\"\" class=\"wp-image-2368\" \/><\/figure>\n\n\n\n<figure class=\"wp-block-image size-large\"><img loading=\"lazy\" decoding=\"async\" width=\"1134\" height=\"675\" data-id=\"2365\" src=\"https:\/\/wordpress.nibis.de\/gsamwall\/files\/2023\/05\/WhatsApp-Image-2023-04-25-at-12.36.03-2-1134x675.jpeg\" alt=\"\" class=\"wp-image-2365\" \/><\/figure>\n\n\n\n<figure class=\"wp-block-image size-large\"><img loading=\"lazy\" decoding=\"async\" width=\"1200\" height=\"675\" data-id=\"2363\" src=\"https:\/\/wordpress.nibis.de\/gsamwall\/files\/2023\/05\/WhatsApp-Image-2023-04-25-at-12.36.03-1-1200x675.jpeg\" alt=\"\" class=\"wp-image-2363\" srcset=\"https:\/\/wordpress.nibis.de\/gsamwall\/files\/2023\/05\/WhatsApp-Image-2023-04-25-at-12.36.03-1-1200x675.jpeg 1200w, https:\/\/wordpress.nibis.de\/gsamwall\/files\/2023\/05\/WhatsApp-Image-2023-04-25-at-12.36.03-1-850x478.jpeg 850w, https:\/\/wordpress.nibis.de\/gsamwall\/files\/2023\/05\/WhatsApp-Image-2023-04-25-at-12.36.03-1-250x141.jpeg 250w, https:\/\/wordpress.nibis.de\/gsamwall\/files\/2023\/05\/WhatsApp-Image-2023-04-25-at-12.36.03-1-768x432.jpeg 768w, https:\/\/wordpress.nibis.de\/gsamwall\/files\/2023\/05\/WhatsApp-Image-2023-04-25-at-12.36.03-1-1536x864.jpeg 1536w, https:\/\/wordpress.nibis.de\/gsamwall\/files\/2023\/05\/WhatsApp-Image-2023-04-25-at-12.36.03-1.jpeg 2016w\" sizes=\"auto, (max-width: 1200px) 100vw, 1200px\" \/><\/figure>\n\n\n\n<figure class=\"wp-block-image size-large\"><img loading=\"lazy\" decoding=\"async\" width=\"1134\" height=\"675\" data-id=\"2367\" src=\"https:\/\/wordpress.nibis.de\/gsamwall\/files\/2023\/05\/WhatsApp-Image-2023-04-25-at-12.36.03-1134x675.jpeg\" alt=\"\" class=\"wp-image-2367\" \/><\/figure>\n<\/figure>\n","protected":false},"excerpt":{"rendered":"<p>Im Rahmen der AG &#8222;Sch\u00fclerzeitung&#8220; mit Kindern der Klassenstufe 3 unter Leitung von Herr Maa\u00dfen entsteht seit einigen Monaten unsere Sch\u00fclerzeitung &#8222;Grundschule am Wall News&#8220;. Im letzten Jahr war Premiere und die erste Ausgabe ging in den Verkauf. Die Zeitung war der Renner unter Sch\u00fclern und Lehrern und die Herausgeber waren \u00fcberw\u00e4ltigt von der positiven &hellip; <a href=\"https:\/\/wordpress.nibis.de\/gsamwall\/schuelerzeitung\/\" class=\"more-link\"><span class=\"screen-reader-text\">Sch\u00fclerzeitung<\/span> weiterlesen <span class=\"meta-nav\">&rarr;<\/span><\/a><\/p>\n","protected":false},"author":9193468,"featured_media":0,"parent":0,"menu_order":0,"comment_status":"closed","ping_status":"closed","template":"","meta":{"footnotes":""},"class_list":["post-2362","page","type-page","status-publish","hentry"],"_links":{"self":[{"href":"https:\/\/wordpress.nibis.de\/gsamwall\/wp-json\/wp\/v2\/pages\/2362","targetHints":{"allow":["GET"]}}],"collection":[{"href":"https:\/\/wordpress.nibis.de\/gsamwall\/wp-json\/wp\/v2\/pages"}],"about":[{"href":"https:\/\/wordpress.nibis.de\/gsamwall\/wp-json\/wp\/v2\/types\/page"}],"author":[{"embeddable":true,"href":"https:\/\/wordpress.nibis.de\/gsamwall\/wp-json\/wp\/v2\/users\/9193468"}],"replies":[{"embeddable":true,"href":"https:\/\/wordpress.nibis.de\/gsamwall\/wp-json\/wp\/v2\/comments?post=2362"}],"version-history":[{"count":3,"href":"https:\/\/wordpress.nibis.de\/gsamwall\/wp-json\/wp\/v2\/pages\/2362\/revisions"}],"predecessor-version":[{"id":2382,"href":"https:\/\/wordpress.nibis.de\/gsamwall\/wp-json\/wp\/v2\/pages\/2362\/revisions\/2382"}],"wp:attachment":[{"href":"https:\/\/wordpress.nibis.de\/gsamwall\/wp-json\/wp\/v2\/media?parent=2362"}],"curies":[{"name":"wp","href":"https:\/\/api.w.org\/{rel}","templated":true}]}}