{"id":242,"date":"2020-04-14T19:29:24","date_gmt":"2020-04-14T17:29:24","guid":{"rendered":"https:\/\/wordpress.nibis.de\/gsamwall\/?page_id=242"},"modified":"2020-04-28T21:34:12","modified_gmt":"2020-04-28T19:34:12","slug":"leitbild","status":"publish","type":"page","link":"https:\/\/wordpress.nibis.de\/gsamwall\/leitbild\/","title":{"rendered":"Leitbild"},"content":{"rendered":"\n<div id=\"txt_62\">\n<h2 class=\"Untertitel-P\" style=\"text-align: center\"><strong><span class=\"Normal-C\">M<\/span><span class=\"Normal-C0\">ITEINANDER<\/span><span class=\"Normal-C1\"> &#8211; <\/span><span class=\"Normal-C2\">F<\/span><span class=\"Normal-C3\">\u00dcREINANDER<\/span><\/strong><\/h2>\n<p><img loading=\"lazy\" decoding=\"async\" class=\"wp-image-844 aligncenter\" src=\"https:\/\/wordpress.nibis.de\/gsamwall\/files\/2020\/04\/Leitbild-850x478.jpg\" alt=\"\" width=\"409\" height=\"230\" srcset=\"https:\/\/wordpress.nibis.de\/gsamwall\/files\/2020\/04\/Leitbild-850x478.jpg 850w, https:\/\/wordpress.nibis.de\/gsamwall\/files\/2020\/04\/Leitbild-250x141.jpg 250w\" sizes=\"auto, (max-width: 409px) 100vw, 409px\" \/><\/p>\n<p class=\"Normal-P0\"><span class=\"Normal-C4\">Die Grundschule erf\u00fcllt ihren Bildungs- und Erziehungsauftrag nur, wenn sie ihre Sch\u00fclerinnen und Sch\u00fcler als Kinder ernst nimmt und ihre jeweiligen Lebensbedingungen ber\u00fccksichtigt. Sie darf f\u00fcr Kinder nicht allein Unterrichtsst\u00e4tte, sondern muss zugleich Lebens-, Lern-, und Erfahrungsraum sein. In ihr sollen sich die Kinder gl\u00fccklich und geborgen f\u00fchlen und in einer freien und befreienden Atmosph\u00e4re lernen k\u00f6nnen.<\/span><\/p>\n<p class=\"Normal-P0\"><span class=\"Normal-C4\">Das Kind und seine heutigen Bed\u00fcrfnisse sollen im Mittelpunkt unserer Arbeit stehen. So kann unser (Schul-)leben auch nicht \u201ebeim Gestern verweilen\u201c, sondern muss sich mit den Kindern und ihren Lebenssituationen best\u00e4ndig weiterentwickeln. \u00a0<\/span><\/p>\n<p>\u00a0<\/p>\n<p class=\"Normal-P\"><strong><span class=\"Normal-C5\">Daf\u00fcr haben wir diese Leits\u00e4tze gefunden:<\/span><\/strong><\/p>\n<p class=\"Normal-P\"><span class=\"Normal-C4\">\u00a0<\/span><span class=\"Normal-C4\">1. \u00a0Wir respektieren uns gegenseitig, verhalten uns r\u00fccksichtsvoll und arbeiten offen miteinander.<\/span><\/p>\n<p class=\"Normal-P\"><span class=\"Normal-C4\">2. Wir tr\u00f6sten und vers\u00f6hnen uns nach Streitigkeiten.<\/span><\/p>\n<p class=\"Normal-P\"><span class=\"Normal-C4\">3. Wir lernen gerne miteinander und helfen uns gegenseitig.<\/span><\/p>\n<p class=\"Normal-P\"><span class=\"Normal-C4\">4. Wir achten fremdes Eigentum.<\/span><\/p>\n<p class=\"Normal-P\"><span class=\"Normal-C4\">5. Jedes Kind wird in die Schulgemeinschaft aufgenommen. Uns ist es wichtig, dass sich jeder hier wohl f\u00fchlt.<\/span><\/p>\n<p class=\"Normal-P\"><span class=\"Normal-C4\">6. Wir akzeptieren Regeln und halten diese ein.<\/span><\/p>\n<p class=\"Normal-P\"><span class=\"Normal-C4\">7. Wir bem\u00fchen uns, bei auftretenden Problemen gemeinsam mit allen Beteiligten eine L\u00f6sung zu finden.<\/span><\/p>\n<p class=\"Normal-P\"><span class=\"Normal-C4\">Diese Leits\u00e4tze wurden im Rahmen einer Sch\u00fclerumfrage ermittelt.<\/span><\/p>\n<\/div>\n","protected":false},"excerpt":{"rendered":"<p>MITEINANDER &#8211; F\u00dcREINANDER Die Grundschule erf\u00fcllt ihren Bildungs- und Erziehungsauftrag nur, wenn sie ihre Sch\u00fclerinnen und Sch\u00fcler als Kinder ernst nimmt und ihre jeweiligen Lebensbedingungen ber\u00fccksichtigt. Sie darf f\u00fcr Kinder nicht allein Unterrichtsst\u00e4tte, sondern muss zugleich Lebens-, Lern-, und Erfahrungsraum sein. In ihr sollen sich die Kinder gl\u00fccklich und geborgen f\u00fchlen und in einer freien &hellip; <a href=\"https:\/\/wordpress.nibis.de\/gsamwall\/leitbild\/\" class=\"more-link\"><span class=\"screen-reader-text\">Leitbild<\/span> weiterlesen <span class=\"meta-nav\">&rarr;<\/span><\/a><\/p>\n","protected":false},"author":9193468,"featured_media":0,"parent":0,"menu_order":0,"comment_status":"closed","ping_status":"closed","template":"","meta":{"footnotes":""},"class_list":["post-242","page","type-page","status-publish","hentry"],"_links":{"self":[{"href":"https:\/\/wordpress.nibis.de\/gsamwall\/wp-json\/wp\/v2\/pages\/242","targetHints":{"allow":["GET"]}}],"collection":[{"href":"https:\/\/wordpress.nibis.de\/gsamwall\/wp-json\/wp\/v2\/pages"}],"about":[{"href":"https:\/\/wordpress.nibis.de\/gsamwall\/wp-json\/wp\/v2\/types\/page"}],"author":[{"embeddable":true,"href":"https:\/\/wordpress.nibis.de\/gsamwall\/wp-json\/wp\/v2\/users\/9193468"}],"replies":[{"embeddable":true,"href":"https:\/\/wordpress.nibis.de\/gsamwall\/wp-json\/wp\/v2\/comments?post=242"}],"version-history":[{"count":5,"href":"https:\/\/wordpress.nibis.de\/gsamwall\/wp-json\/wp\/v2\/pages\/242\/revisions"}],"predecessor-version":[{"id":846,"href":"https:\/\/wordpress.nibis.de\/gsamwall\/wp-json\/wp\/v2\/pages\/242\/revisions\/846"}],"wp:attachment":[{"href":"https:\/\/wordpress.nibis.de\/gsamwall\/wp-json\/wp\/v2\/media?parent=242"}],"curies":[{"name":"wp","href":"https:\/\/api.w.org\/{rel}","templated":true}]}}