{"id":246,"date":"2020-04-14T19:30:29","date_gmt":"2020-04-14T17:30:29","guid":{"rendered":"https:\/\/wordpress.nibis.de\/gsamwall\/?page_id=246"},"modified":"2023-08-29T14:35:19","modified_gmt":"2023-08-29T12:35:19","slug":"schulbuecherei","status":"publish","type":"page","link":"https:\/\/wordpress.nibis.de\/gsamwall\/schulbuecherei\/","title":{"rendered":"Schulb\u00fccherei"},"content":{"rendered":"\n<p class=\"Normal-P\"><span class=\"Normal-C1\">Bei den Kindern und Lehrern gleicherma\u00dfen beliebt ist unsere Schulb\u00fccherei, die von Frau Goll mit viel Hingabe gef\u00fchrt wird. Den Aufbau der Schulb\u00fccherei verdanken wir unter anderem ihr. Neben Frau Goll ist auch Frau Jaeger f\u00fcr die B\u00fccherei zust\u00e4ndig. <\/span><\/p>\n<p class=\"Normal-P\"><span class=\"Normal-C1\">An drei Tagen in der Woche haben die Kinder die Gelegenheit, sich mit ihren B\u00fcchereiausweisen B\u00fccher auszuleihen. Zur Auswahl steht den Kindern ein buntes B\u00fccherangebot von Tierb\u00fcchern und Abenteuerb\u00fcchern hin \u00fcber Lexika und Buchreihen wie \u201eDie drei ???\u201c, \u201eDie wilden Kerle\u201c, \u201eDer B\u00fccherb\u00e4r\u201c, \u201eDas magische Baumhaus\u201c bis zu Klassikern von Astrid Lindgren.<\/span><\/p>\n<p class=\"Normal-P\"><span class=\"Normal-C1\">In unserer Schulb\u00fccherei finden zudem in regelm\u00e4\u00dfigen Abst\u00e4nden Autorenlesungen, Vorlesetage und Lesewochen statt. \u00a0Immer wieder pr\u00e4sentiert uns Frau Goll au\u00dferdem die beliebten \u201eBilderbuch-Kinos\u201c. <\/span><\/p>\n<p class=\"Normal-P\"><span class=\"Normal-C1\">Ein enger Austausch wird auch mit der Stadtb\u00fccherei Hann. M\u00fcnden gepflegt, deren R\u00e4umlichkeiten von unseren Kindern bereits in der ersten Klasse besucht werden.\u00a0<\/span><\/p>\n<p class=\"Normal-P\"><strong><span class=\"Normal-C2\">\u00d6ffnungszeiten der Schulb\u00fccherei:<\/span><\/strong><\/p>\n<p class=\"Normal-P\"><span class=\"Normal-C3\">Montag: 3. und 6. Stunde\u00a0<\/span><\/p>\n<p class=\"Normal-P\"><span class=\"Normal-C3\">Dienstag: 1. gro\u00dfe Pause (9.20 Uhr &#8211; 9.40 Uhr)<\/span><\/p>\n<p class=\"Normal-P\"><span class=\"Normal-C3\">Mittwoch: 1. gro\u00dfe Pause (9.20 Uhr &#8211; 9.40 Uhr)<\/span><\/p>\n<p class=\"Normal-P\"><span class=\"Normal-C3\">Donnerstag: 1. gro\u00dfe Pause (9.20 Uhr &#8211; 9.40 Uhr)<\/span><\/p>\n\n\n\n<figure class=\"wp-block-gallery has-nested-images columns-2 is-cropped wp-block-gallery-1 is-layout-flex wp-block-gallery-is-layout-flex\">\n<figure class=\"wp-block-image\"><img loading=\"lazy\" decoding=\"async\" width=\"1200\" height=\"675\" data-id=\"834\" src=\"https:\/\/wordpress.nibis.de\/gsamwall\/files\/2020\/04\/DSC02464-1200x675.jpg\" alt=\"\" class=\"wp-image-834\" srcset=\"https:\/\/wordpress.nibis.de\/gsamwall\/files\/2020\/04\/DSC02464-1200x675.jpg 1200w, https:\/\/wordpress.nibis.de\/gsamwall\/files\/2020\/04\/DSC02464-250x141.jpg 250w, https:\/\/wordpress.nibis.de\/gsamwall\/files\/2020\/04\/DSC02464-850x478.jpg 850w\" sizes=\"auto, (max-width: 1200px) 100vw, 1200px\" \/><\/figure>\n\n\n\n<figure class=\"wp-block-image\"><img loading=\"lazy\" decoding=\"async\" width=\"1200\" height=\"675\" data-id=\"835\" src=\"https:\/\/wordpress.nibis.de\/gsamwall\/files\/2020\/04\/DSC02465-1200x675.jpg\" alt=\"\" class=\"wp-image-835\" srcset=\"https:\/\/wordpress.nibis.de\/gsamwall\/files\/2020\/04\/DSC02465-1200x675.jpg 1200w, https:\/\/wordpress.nibis.de\/gsamwall\/files\/2020\/04\/DSC02465-250x141.jpg 250w, https:\/\/wordpress.nibis.de\/gsamwall\/files\/2020\/04\/DSC02465-850x478.jpg 850w\" sizes=\"auto, (max-width: 1200px) 100vw, 1200px\" \/><\/figure>\n\n\n\n<figure class=\"wp-block-image\"><img loading=\"lazy\" decoding=\"async\" width=\"1200\" height=\"675\" data-id=\"836\" src=\"https:\/\/wordpress.nibis.de\/gsamwall\/files\/2020\/04\/DSC02466-1200x675.jpg\" alt=\"\" class=\"wp-image-836\" srcset=\"https:\/\/wordpress.nibis.de\/gsamwall\/files\/2020\/04\/DSC02466-1200x675.jpg 1200w, https:\/\/wordpress.nibis.de\/gsamwall\/files\/2020\/04\/DSC02466-250x141.jpg 250w, https:\/\/wordpress.nibis.de\/gsamwall\/files\/2020\/04\/DSC02466-850x478.jpg 850w\" sizes=\"auto, (max-width: 1200px) 100vw, 1200px\" \/><\/figure>\n\n\n\n<figure class=\"wp-block-image\"><img loading=\"lazy\" decoding=\"async\" width=\"1200\" height=\"675\" data-id=\"837\" src=\"https:\/\/wordpress.nibis.de\/gsamwall\/files\/2020\/04\/DSC02468-1200x675.jpg\" alt=\"\" class=\"wp-image-837\" srcset=\"https:\/\/wordpress.nibis.de\/gsamwall\/files\/2020\/04\/DSC02468-1200x675.jpg 1200w, https:\/\/wordpress.nibis.de\/gsamwall\/files\/2020\/04\/DSC02468-250x141.jpg 250w, https:\/\/wordpress.nibis.de\/gsamwall\/files\/2020\/04\/DSC02468-850x478.jpg 850w\" sizes=\"auto, (max-width: 1200px) 100vw, 1200px\" \/><\/figure>\n\n\n\n<figure class=\"wp-block-image\"><img loading=\"lazy\" decoding=\"async\" width=\"1200\" height=\"675\" data-id=\"838\" src=\"https:\/\/wordpress.nibis.de\/gsamwall\/files\/2020\/04\/DSC02467-1200x675.jpg\" alt=\"\" class=\"wp-image-838\" srcset=\"https:\/\/wordpress.nibis.de\/gsamwall\/files\/2020\/04\/DSC02467-1200x675.jpg 1200w, https:\/\/wordpress.nibis.de\/gsamwall\/files\/2020\/04\/DSC02467-250x141.jpg 250w, https:\/\/wordpress.nibis.de\/gsamwall\/files\/2020\/04\/DSC02467-850x478.jpg 850w\" sizes=\"auto, (max-width: 1200px) 100vw, 1200px\" \/><\/figure>\n<\/figure>\n","protected":false},"excerpt":{"rendered":"<p>Bei den Kindern und Lehrern gleicherma\u00dfen beliebt ist unsere Schulb\u00fccherei, die von Frau Goll mit viel Hingabe gef\u00fchrt wird. Den Aufbau der Schulb\u00fccherei verdanken wir unter anderem ihr. Neben Frau Goll ist auch Frau Jaeger f\u00fcr die B\u00fccherei zust\u00e4ndig. An drei Tagen in der Woche haben die Kinder die Gelegenheit, sich mit ihren B\u00fcchereiausweisen B\u00fccher &hellip; <a href=\"https:\/\/wordpress.nibis.de\/gsamwall\/schulbuecherei\/\" class=\"more-link\"><span class=\"screen-reader-text\">Schulb\u00fccherei<\/span> weiterlesen <span class=\"meta-nav\">&rarr;<\/span><\/a><\/p>\n","protected":false},"author":9193468,"featured_media":0,"parent":0,"menu_order":0,"comment_status":"closed","ping_status":"closed","template":"","meta":{"footnotes":""},"class_list":["post-246","page","type-page","status-publish","hentry"],"_links":{"self":[{"href":"https:\/\/wordpress.nibis.de\/gsamwall\/wp-json\/wp\/v2\/pages\/246","targetHints":{"allow":["GET"]}}],"collection":[{"href":"https:\/\/wordpress.nibis.de\/gsamwall\/wp-json\/wp\/v2\/pages"}],"about":[{"href":"https:\/\/wordpress.nibis.de\/gsamwall\/wp-json\/wp\/v2\/types\/page"}],"author":[{"embeddable":true,"href":"https:\/\/wordpress.nibis.de\/gsamwall\/wp-json\/wp\/v2\/users\/9193468"}],"replies":[{"embeddable":true,"href":"https:\/\/wordpress.nibis.de\/gsamwall\/wp-json\/wp\/v2\/comments?post=246"}],"version-history":[{"count":6,"href":"https:\/\/wordpress.nibis.de\/gsamwall\/wp-json\/wp\/v2\/pages\/246\/revisions"}],"predecessor-version":[{"id":2462,"href":"https:\/\/wordpress.nibis.de\/gsamwall\/wp-json\/wp\/v2\/pages\/246\/revisions\/2462"}],"wp:attachment":[{"href":"https:\/\/wordpress.nibis.de\/gsamwall\/wp-json\/wp\/v2\/media?parent=246"}],"curies":[{"name":"wp","href":"https:\/\/api.w.org\/{rel}","templated":true}]}}