{"id":2463,"date":"2023-08-30T12:52:21","date_gmt":"2023-08-30T10:52:21","guid":{"rendered":"https:\/\/wordpress.nibis.de\/gsamwall\/?page_id=2463"},"modified":"2023-08-30T12:53:47","modified_gmt":"2023-08-30T10:53:47","slug":"ausflug-zum-tierpark-sababurg","status":"publish","type":"page","link":"https:\/\/wordpress.nibis.de\/gsamwall\/ausflug-zum-tierpark-sababurg\/","title":{"rendered":"Ausflug zum Tierpark Sababurg 3.7.2023"},"content":{"rendered":"\n<p>Es war ein herrlicher Tag, als am 3.7.2023 alle 75 Ganztagskinder mit Betreuungspersonen zum Tierpark Sababurg aufbrachen. <\/p>\n\n\n\n<p>Nach der Busfahrt mit einem Linienbus nahmen alle Kinder zun\u00e4chst ein Fr\u00fchst\u00fcck in einem der sch\u00f6nen Loggias der Sababurg ein. Dann ging es los zum spannenden Rundgang zu den vielen Tieranlagen. Wir f\u00fctterten die Tiere im Streichelzoo, schauten bei der Pinguinf\u00fctterung zu, kraulten Schafe, streichelten Esel und beobachteten die Fr\u00f6sche im Teich. Nat\u00fcrlich durfte auch die Besteigung der Hochsitze und das ausgiebige Spiel auf den Spielpl\u00e4tzen nicht fehlen. Schlie\u00dflich ging es f\u00fcr alle Kinder hungrig zu den neuen Tierparkkiosken, wo es f\u00fcr alle Kinder auf Vorbestellung ein leckeres Mittagessen gab. Auch ein Eis als Abschluss durfte nicht fehlen. <br><br>Dieser wundersch\u00f6ne Ausflug war m\u00f6glich durch eine gro\u00dfz\u00fcgige Spende von ROCK FOR TOLERANCE und das SPENDENPARLAMENT aus Hann. M\u00fcnden. Hierf\u00fcr bedanken wir uns ganz herzlich. <br><br>Die Ganztagskinder und Betreuer werden diesen sch\u00f6nen Tag bestimmt noch lange in Erinnerung behalten. <\/p>\n\n\n\n<figure class=\"wp-block-gallery has-nested-images columns-2 is-cropped wp-block-gallery-1 is-layout-flex wp-block-gallery-is-layout-flex\">\n<figure class=\"wp-block-image size-large\"><img loading=\"lazy\" decoding=\"async\" width=\"724\" height=\"675\" data-id=\"2464\" src=\"https:\/\/wordpress.nibis.de\/gsamwall\/files\/2023\/08\/WhatsApp-Image-2023-08-23-at-11.29.18-724x675.jpeg\" alt=\"\" class=\"wp-image-2464\" \/><\/figure>\n\n\n\n<figure class=\"wp-block-image size-large\"><img loading=\"lazy\" decoding=\"async\" width=\"1200\" height=\"675\" data-id=\"2470\" src=\"https:\/\/wordpress.nibis.de\/gsamwall\/files\/2023\/08\/WhatsApp-Image-2023-08-23-at-11.28.13-1200x675.jpeg\" alt=\"\" class=\"wp-image-2470\" srcset=\"https:\/\/wordpress.nibis.de\/gsamwall\/files\/2023\/08\/WhatsApp-Image-2023-08-23-at-11.28.13-1200x675.jpeg 1200w, https:\/\/wordpress.nibis.de\/gsamwall\/files\/2023\/08\/WhatsApp-Image-2023-08-23-at-11.28.13-850x478.jpeg 850w, https:\/\/wordpress.nibis.de\/gsamwall\/files\/2023\/08\/WhatsApp-Image-2023-08-23-at-11.28.13-250x141.jpeg 250w\" sizes=\"auto, (max-width: 1200px) 100vw, 1200px\" \/><\/figure>\n\n\n\n<figure class=\"wp-block-image size-large\"><img loading=\"lazy\" decoding=\"async\" width=\"1200\" height=\"675\" data-id=\"2468\" src=\"https:\/\/wordpress.nibis.de\/gsamwall\/files\/2023\/08\/WhatsApp-Image-2023-08-23-at-11.26.49-1200x675.jpeg\" alt=\"\" class=\"wp-image-2468\" srcset=\"https:\/\/wordpress.nibis.de\/gsamwall\/files\/2023\/08\/WhatsApp-Image-2023-08-23-at-11.26.49-1200x675.jpeg 1200w, https:\/\/wordpress.nibis.de\/gsamwall\/files\/2023\/08\/WhatsApp-Image-2023-08-23-at-11.26.49-850x478.jpeg 850w, https:\/\/wordpress.nibis.de\/gsamwall\/files\/2023\/08\/WhatsApp-Image-2023-08-23-at-11.26.49-250x141.jpeg 250w\" sizes=\"auto, (max-width: 1200px) 100vw, 1200px\" \/><\/figure>\n\n\n\n<figure class=\"wp-block-image size-large\"><img loading=\"lazy\" decoding=\"async\" width=\"1200\" height=\"675\" data-id=\"2466\" src=\"https:\/\/wordpress.nibis.de\/gsamwall\/files\/2023\/08\/WhatsApp-Image-2023-08-23-at-11.24.34-1200x675.jpeg\" alt=\"\" class=\"wp-image-2466\" srcset=\"https:\/\/wordpress.nibis.de\/gsamwall\/files\/2023\/08\/WhatsApp-Image-2023-08-23-at-11.24.34-1200x675.jpeg 1200w, https:\/\/wordpress.nibis.de\/gsamwall\/files\/2023\/08\/WhatsApp-Image-2023-08-23-at-11.24.34-850x478.jpeg 850w, https:\/\/wordpress.nibis.de\/gsamwall\/files\/2023\/08\/WhatsApp-Image-2023-08-23-at-11.24.34-250x141.jpeg 250w\" sizes=\"auto, (max-width: 1200px) 100vw, 1200px\" \/><\/figure>\n\n\n\n<figure class=\"wp-block-image size-large\"><img loading=\"lazy\" decoding=\"async\" width=\"1200\" height=\"675\" data-id=\"2467\" src=\"https:\/\/wordpress.nibis.de\/gsamwall\/files\/2023\/08\/WhatsApp-Image-2023-08-23-at-11.23.58-1200x675.jpeg\" alt=\"\" class=\"wp-image-2467\" srcset=\"https:\/\/wordpress.nibis.de\/gsamwall\/files\/2023\/08\/WhatsApp-Image-2023-08-23-at-11.23.58-1200x675.jpeg 1200w, https:\/\/wordpress.nibis.de\/gsamwall\/files\/2023\/08\/WhatsApp-Image-2023-08-23-at-11.23.58-850x478.jpeg 850w, https:\/\/wordpress.nibis.de\/gsamwall\/files\/2023\/08\/WhatsApp-Image-2023-08-23-at-11.23.58-250x141.jpeg 250w\" sizes=\"auto, (max-width: 1200px) 100vw, 1200px\" \/><\/figure>\n\n\n\n<figure class=\"wp-block-image size-large\"><img loading=\"lazy\" decoding=\"async\" width=\"1200\" height=\"675\" data-id=\"2465\" src=\"https:\/\/wordpress.nibis.de\/gsamwall\/files\/2023\/08\/WhatsApp-Image-2023-08-23-at-11.23.07-1200x675.jpeg\" alt=\"\" class=\"wp-image-2465\" srcset=\"https:\/\/wordpress.nibis.de\/gsamwall\/files\/2023\/08\/WhatsApp-Image-2023-08-23-at-11.23.07-1200x675.jpeg 1200w, https:\/\/wordpress.nibis.de\/gsamwall\/files\/2023\/08\/WhatsApp-Image-2023-08-23-at-11.23.07-850x478.jpeg 850w, https:\/\/wordpress.nibis.de\/gsamwall\/files\/2023\/08\/WhatsApp-Image-2023-08-23-at-11.23.07-250x141.jpeg 250w\" sizes=\"auto, (max-width: 1200px) 100vw, 1200px\" \/><\/figure>\n\n\n\n<figure class=\"wp-block-image size-large\"><img loading=\"lazy\" decoding=\"async\" width=\"1200\" height=\"675\" data-id=\"2469\" src=\"https:\/\/wordpress.nibis.de\/gsamwall\/files\/2023\/08\/WhatsApp-Image-2023-08-23-at-11.22.44-1200x675.jpeg\" alt=\"\" class=\"wp-image-2469\" srcset=\"https:\/\/wordpress.nibis.de\/gsamwall\/files\/2023\/08\/WhatsApp-Image-2023-08-23-at-11.22.44-1200x675.jpeg 1200w, https:\/\/wordpress.nibis.de\/gsamwall\/files\/2023\/08\/WhatsApp-Image-2023-08-23-at-11.22.44-850x478.jpeg 850w, https:\/\/wordpress.nibis.de\/gsamwall\/files\/2023\/08\/WhatsApp-Image-2023-08-23-at-11.22.44-250x141.jpeg 250w\" sizes=\"auto, (max-width: 1200px) 100vw, 1200px\" \/><\/figure>\n\n\n\n<figure class=\"wp-block-image size-large\"><img loading=\"lazy\" decoding=\"async\" width=\"1200\" height=\"675\" data-id=\"2473\" src=\"https:\/\/wordpress.nibis.de\/gsamwall\/files\/2023\/08\/WhatsApp-Image-2023-08-23-at-11.21.58-1200x675.jpeg\" alt=\"\" class=\"wp-image-2473\" srcset=\"https:\/\/wordpress.nibis.de\/gsamwall\/files\/2023\/08\/WhatsApp-Image-2023-08-23-at-11.21.58-1200x675.jpeg 1200w, https:\/\/wordpress.nibis.de\/gsamwall\/files\/2023\/08\/WhatsApp-Image-2023-08-23-at-11.21.58-850x478.jpeg 850w, https:\/\/wordpress.nibis.de\/gsamwall\/files\/2023\/08\/WhatsApp-Image-2023-08-23-at-11.21.58-250x141.jpeg 250w\" sizes=\"auto, (max-width: 1200px) 100vw, 1200px\" \/><\/figure>\n\n\n\n<figure class=\"wp-block-image size-large\"><img loading=\"lazy\" decoding=\"async\" width=\"1200\" height=\"675\" data-id=\"2471\" src=\"https:\/\/wordpress.nibis.de\/gsamwall\/files\/2023\/08\/WhatsApp-Image-2023-08-23-at-11.20.44-1200x675.jpeg\" alt=\"\" class=\"wp-image-2471\" srcset=\"https:\/\/wordpress.nibis.de\/gsamwall\/files\/2023\/08\/WhatsApp-Image-2023-08-23-at-11.20.44-1200x675.jpeg 1200w, https:\/\/wordpress.nibis.de\/gsamwall\/files\/2023\/08\/WhatsApp-Image-2023-08-23-at-11.20.44-850x478.jpeg 850w, https:\/\/wordpress.nibis.de\/gsamwall\/files\/2023\/08\/WhatsApp-Image-2023-08-23-at-11.20.44-250x141.jpeg 250w\" sizes=\"auto, (max-width: 1200px) 100vw, 1200px\" \/><\/figure>\n\n\n\n<figure class=\"wp-block-image size-large\"><img loading=\"lazy\" decoding=\"async\" width=\"1200\" height=\"675\" data-id=\"2472\" src=\"https:\/\/wordpress.nibis.de\/gsamwall\/files\/2023\/08\/WhatsApp-Image-2023-08-23-at-11.20.27-1200x675.jpeg\" alt=\"\" class=\"wp-image-2472\" srcset=\"https:\/\/wordpress.nibis.de\/gsamwall\/files\/2023\/08\/WhatsApp-Image-2023-08-23-at-11.20.27-1200x675.jpeg 1200w, https:\/\/wordpress.nibis.de\/gsamwall\/files\/2023\/08\/WhatsApp-Image-2023-08-23-at-11.20.27-850x478.jpeg 850w, https:\/\/wordpress.nibis.de\/gsamwall\/files\/2023\/08\/WhatsApp-Image-2023-08-23-at-11.20.27-250x141.jpeg 250w\" sizes=\"auto, (max-width: 1200px) 100vw, 1200px\" \/><\/figure>\n<\/figure>\n","protected":false},"excerpt":{"rendered":"<p>Es war ein herrlicher Tag, als am 3.7.2023 alle 75 Ganztagskinder mit Betreuungspersonen zum Tierpark Sababurg aufbrachen. Nach der Busfahrt mit einem Linienbus nahmen alle Kinder zun\u00e4chst ein Fr\u00fchst\u00fcck in einem der sch\u00f6nen Loggias der Sababurg ein. Dann ging es los zum spannenden Rundgang zu den vielen Tieranlagen. Wir f\u00fctterten die Tiere im Streichelzoo, schauten &hellip; <a href=\"https:\/\/wordpress.nibis.de\/gsamwall\/ausflug-zum-tierpark-sababurg\/\" class=\"more-link\"><span class=\"screen-reader-text\">Ausflug zum Tierpark Sababurg 3.7.2023<\/span> weiterlesen <span class=\"meta-nav\">&rarr;<\/span><\/a><\/p>\n","protected":false},"author":9193468,"featured_media":0,"parent":0,"menu_order":0,"comment_status":"closed","ping_status":"closed","template":"","meta":{"footnotes":""},"class_list":["post-2463","page","type-page","status-publish","hentry"],"_links":{"self":[{"href":"https:\/\/wordpress.nibis.de\/gsamwall\/wp-json\/wp\/v2\/pages\/2463","targetHints":{"allow":["GET"]}}],"collection":[{"href":"https:\/\/wordpress.nibis.de\/gsamwall\/wp-json\/wp\/v2\/pages"}],"about":[{"href":"https:\/\/wordpress.nibis.de\/gsamwall\/wp-json\/wp\/v2\/types\/page"}],"author":[{"embeddable":true,"href":"https:\/\/wordpress.nibis.de\/gsamwall\/wp-json\/wp\/v2\/users\/9193468"}],"replies":[{"embeddable":true,"href":"https:\/\/wordpress.nibis.de\/gsamwall\/wp-json\/wp\/v2\/comments?post=2463"}],"version-history":[{"count":2,"href":"https:\/\/wordpress.nibis.de\/gsamwall\/wp-json\/wp\/v2\/pages\/2463\/revisions"}],"predecessor-version":[{"id":2476,"href":"https:\/\/wordpress.nibis.de\/gsamwall\/wp-json\/wp\/v2\/pages\/2463\/revisions\/2476"}],"wp:attachment":[{"href":"https:\/\/wordpress.nibis.de\/gsamwall\/wp-json\/wp\/v2\/media?parent=2463"}],"curies":[{"name":"wp","href":"https:\/\/api.w.org\/{rel}","templated":true}]}}