{"id":2488,"date":"2023-10-11T11:05:19","date_gmt":"2023-10-11T09:05:19","guid":{"rendered":"https:\/\/wordpress.nibis.de\/gsamwall\/?page_id=2488"},"modified":"2023-10-11T11:17:20","modified_gmt":"2023-10-11T09:17:20","slug":"einschulung-19-08-2023","status":"publish","type":"page","link":"https:\/\/wordpress.nibis.de\/gsamwall\/einschulung-19-08-2023\/","title":{"rendered":"Einschulung 19.08.2023"},"content":{"rendered":"\n<p>Wie in jedem Jahr stand zu Beginn des neuen Schuljahres etwas ganz besonderes auf unserem Plan: die Einschulung.<\/p>\n<p>Viele Jungen und M\u00e4dchen kamen in diesem Jahr gemeinsam mit ihren Eltern, Gro\u00dfeltern, Paten und Freunden auf den geschm\u00fcckten Schulhof, um endlich ein Schulkind zu werden.\u00a0<\/p>\n<p>Die Aufregung war gro\u00df, als Frau Hinze nach und nach jedes Kind einzeln auf die B\u00fchne holte, einen vom Kind pers\u00f6nlich verfassten Wunsch vorlas und begr\u00fc\u00dfte. Die Kinder wurden dann von ihrer jeweiligen Klassenlehrerin in Empfang genommen. Bevor es zur ersten gemeinsamen Stunde in den Klassenraum ging, wurden klassenweise Luftballons mit den W\u00fcnschen der Kinder in den Himmel steigen gelassen. Ein absoluter toller Moment f\u00fcr alle Beteiligten.\u00a0<\/p>\n<p>W\u00e4hrend die Familien auf dem Schulhof schlie\u00dflich Kaffee trinken und Waffeln essen konnten, erlebten die neuen &#8222;Erstis&#8220; die ersten spannenden Minuten im Klassenraum. Nach 45 Minuten kamen alle sehr gl\u00fccklich strahlend aus dem Raum und konnten den Rest des Tages gem\u00fctlich mit der Familie verbringen.\u00a0<\/p>\n<p>Wir w\u00fcnschen allen neuen &#8222;Kindern vom Wall&#8220; alles Gute und eine unvergessliche Schulzeit bei uns!<\/p>\n\n\n\n<figure class=\"wp-block-gallery has-nested-images columns-default is-cropped wp-block-gallery-1 is-layout-flex wp-block-gallery-is-layout-flex\">\n<figure class=\"wp-block-image size-large\"><img loading=\"lazy\" decoding=\"async\" width=\"1024\" height=\"768\" data-id=\"2491\" src=\"https:\/\/wordpress.nibis.de\/gsamwall\/files\/2023\/10\/38ee70a0-fac1-477b-84df-bd0e7705d256.jpg\" alt=\"\" class=\"wp-image-2491\" srcset=\"https:\/\/wordpress.nibis.de\/gsamwall\/files\/2023\/10\/38ee70a0-fac1-477b-84df-bd0e7705d256.jpg 1024w, https:\/\/wordpress.nibis.de\/gsamwall\/files\/2023\/10\/38ee70a0-fac1-477b-84df-bd0e7705d256-768x576.jpg 768w\" sizes=\"auto, (max-width: 1024px) 100vw, 1024px\" \/><\/figure>\n\n\n\n<figure class=\"wp-block-image size-large\"><img loading=\"lazy\" decoding=\"async\" width=\"533\" height=\"364\" data-id=\"2490\" src=\"https:\/\/wordpress.nibis.de\/gsamwall\/files\/2023\/10\/f35c4ad7-d17b-4395-b78e-227b908906a5.jpg\" alt=\"\" class=\"wp-image-2490\" \/><\/figure>\n<\/figure>\n","protected":false},"excerpt":{"rendered":"<p>Wie in jedem Jahr stand zu Beginn des neuen Schuljahres etwas ganz besonderes auf unserem Plan: die Einschulung. Viele Jungen und M\u00e4dchen kamen in diesem Jahr gemeinsam mit ihren Eltern, Gro\u00dfeltern, Paten und Freunden auf den geschm\u00fcckten Schulhof, um endlich ein Schulkind zu werden.\u00a0 Die Aufregung war gro\u00df, als Frau Hinze nach und nach jedes &hellip; <a href=\"https:\/\/wordpress.nibis.de\/gsamwall\/einschulung-19-08-2023\/\" class=\"more-link\"><span class=\"screen-reader-text\">Einschulung 19.08.2023<\/span> weiterlesen <span class=\"meta-nav\">&rarr;<\/span><\/a><\/p>\n","protected":false},"author":9193468,"featured_media":0,"parent":0,"menu_order":0,"comment_status":"closed","ping_status":"closed","template":"","meta":{"footnotes":""},"class_list":["post-2488","page","type-page","status-publish","hentry"],"_links":{"self":[{"href":"https:\/\/wordpress.nibis.de\/gsamwall\/wp-json\/wp\/v2\/pages\/2488","targetHints":{"allow":["GET"]}}],"collection":[{"href":"https:\/\/wordpress.nibis.de\/gsamwall\/wp-json\/wp\/v2\/pages"}],"about":[{"href":"https:\/\/wordpress.nibis.de\/gsamwall\/wp-json\/wp\/v2\/types\/page"}],"author":[{"embeddable":true,"href":"https:\/\/wordpress.nibis.de\/gsamwall\/wp-json\/wp\/v2\/users\/9193468"}],"replies":[{"embeddable":true,"href":"https:\/\/wordpress.nibis.de\/gsamwall\/wp-json\/wp\/v2\/comments?post=2488"}],"version-history":[{"count":3,"href":"https:\/\/wordpress.nibis.de\/gsamwall\/wp-json\/wp\/v2\/pages\/2488\/revisions"}],"predecessor-version":[{"id":2493,"href":"https:\/\/wordpress.nibis.de\/gsamwall\/wp-json\/wp\/v2\/pages\/2488\/revisions\/2493"}],"wp:attachment":[{"href":"https:\/\/wordpress.nibis.de\/gsamwall\/wp-json\/wp\/v2\/media?parent=2488"}],"curies":[{"name":"wp","href":"https:\/\/api.w.org\/{rel}","templated":true}]}}