{"id":2498,"date":"2023-10-13T14:32:24","date_gmt":"2023-10-13T12:32:24","guid":{"rendered":"https:\/\/wordpress.nibis.de\/gsamwall\/?page_id=2498"},"modified":"2023-10-13T14:32:24","modified_gmt":"2023-10-13T12:32:24","slug":"kartoffelfest-06-10-2023","status":"publish","type":"page","link":"https:\/\/wordpress.nibis.de\/gsamwall\/kartoffelfest-06-10-2023\/","title":{"rendered":"Kartoffelfest 06.10.2023"},"content":{"rendered":"\n<p>Unser traditionelles Kartoffelfest fand auch in diesem Schuljahr wieder statt.\u00a0<\/p>\n<p>Am 6.10.2023 versammelten sich zahlreiche Sch\u00fclerinnen &amp; Sch\u00fcler sowie deren Eltern, Freunde, Verwandte und nat\u00fcrlich Lehrer auf dem sch\u00f6n geschm\u00fcckten Schulhof.\u00a0<\/p>\n<p>Es gab viele Leckereien rund um die Kartoffel. Die Kinder konnten au\u00dferdem ein tolles Bastelangebot besuchen und eigene Laternen basteln. Auch der Stand des F\u00f6rdervereins war wieder vertreten und verkaufte allerlei tolle Dinge zugunsten unseres F\u00f6rdervereines.\u00a0<\/p>\n<p>Ein rundum gelungener Nachmittag \/ Abend f\u00fcr alle Beteiligten.\u00a0<\/p>\n<p>\u00a0<\/p>\n\n\n\n<figure class=\"wp-block-gallery has-nested-images columns-default is-cropped wp-block-gallery-1 is-layout-flex wp-block-gallery-is-layout-flex\">\n<figure class=\"wp-block-image size-large\"><img loading=\"lazy\" decoding=\"async\" width=\"1024\" height=\"675\" data-id=\"2499\" src=\"https:\/\/wordpress.nibis.de\/gsamwall\/files\/2023\/10\/f8d66aef-a225-440e-b75c-ba15a636c637-1024x675.jpg\" alt=\"\" class=\"wp-image-2499\" \/><\/figure>\n\n\n\n<figure class=\"wp-block-image size-large\"><img loading=\"lazy\" decoding=\"async\" width=\"810\" height=\"673\" data-id=\"2504\" src=\"https:\/\/wordpress.nibis.de\/gsamwall\/files\/2023\/10\/65952631-60f1-4512-823b-6fa27a5958c4.jpg\" alt=\"\" class=\"wp-image-2504\" srcset=\"https:\/\/wordpress.nibis.de\/gsamwall\/files\/2023\/10\/65952631-60f1-4512-823b-6fa27a5958c4.jpg 810w, https:\/\/wordpress.nibis.de\/gsamwall\/files\/2023\/10\/65952631-60f1-4512-823b-6fa27a5958c4-768x638.jpg 768w\" sizes=\"auto, (max-width: 810px) 100vw, 810px\" \/><\/figure>\n\n\n\n<figure class=\"wp-block-image size-large\"><img loading=\"lazy\" decoding=\"async\" width=\"812\" height=\"675\" data-id=\"2500\" src=\"https:\/\/wordpress.nibis.de\/gsamwall\/files\/2023\/10\/e9c2e855-827d-442c-b2a5-7932f50ef3f1-812x675.jpg\" alt=\"\" class=\"wp-image-2500\" \/><\/figure>\n\n\n\n<figure class=\"wp-block-image size-large\"><img loading=\"lazy\" decoding=\"async\" width=\"749\" height=\"576\" data-id=\"2502\" src=\"https:\/\/wordpress.nibis.de\/gsamwall\/files\/2023\/10\/a7391207-097c-4916-97f2-94ce9684d506.jpg\" alt=\"\" class=\"wp-image-2502\" \/><\/figure>\n\n\n\n<figure class=\"wp-block-image size-large\"><img loading=\"lazy\" decoding=\"async\" width=\"1024\" height=\"675\" data-id=\"2503\" src=\"https:\/\/wordpress.nibis.de\/gsamwall\/files\/2023\/10\/807e7f65-2ee5-463f-b8f3-05ba1275b131-1024x675.jpg\" alt=\"\" class=\"wp-image-2503\" \/><\/figure>\n\n\n\n<figure class=\"wp-block-image size-large\"><img loading=\"lazy\" decoding=\"async\" width=\"1024\" height=\"675\" data-id=\"2501\" src=\"https:\/\/wordpress.nibis.de\/gsamwall\/files\/2023\/10\/db5cd128-8de1-4688-a42e-5eb4bdbc9ed3-1024x675.jpg\" alt=\"\" class=\"wp-image-2501\" \/><\/figure>\n<\/figure>\n","protected":false},"excerpt":{"rendered":"<p>Unser traditionelles Kartoffelfest fand auch in diesem Schuljahr wieder statt.\u00a0 Am 6.10.2023 versammelten sich zahlreiche Sch\u00fclerinnen &amp; Sch\u00fcler sowie deren Eltern, Freunde, Verwandte und nat\u00fcrlich Lehrer auf dem sch\u00f6n geschm\u00fcckten Schulhof.\u00a0 Es gab viele Leckereien rund um die Kartoffel. Die Kinder konnten au\u00dferdem ein tolles Bastelangebot besuchen und eigene Laternen basteln. Auch der Stand des &hellip; <a href=\"https:\/\/wordpress.nibis.de\/gsamwall\/kartoffelfest-06-10-2023\/\" class=\"more-link\"><span class=\"screen-reader-text\">Kartoffelfest 06.10.2023<\/span> weiterlesen <span class=\"meta-nav\">&rarr;<\/span><\/a><\/p>\n","protected":false},"author":9193468,"featured_media":0,"parent":0,"menu_order":0,"comment_status":"closed","ping_status":"closed","template":"","meta":{"footnotes":""},"class_list":["post-2498","page","type-page","status-publish","hentry"],"_links":{"self":[{"href":"https:\/\/wordpress.nibis.de\/gsamwall\/wp-json\/wp\/v2\/pages\/2498","targetHints":{"allow":["GET"]}}],"collection":[{"href":"https:\/\/wordpress.nibis.de\/gsamwall\/wp-json\/wp\/v2\/pages"}],"about":[{"href":"https:\/\/wordpress.nibis.de\/gsamwall\/wp-json\/wp\/v2\/types\/page"}],"author":[{"embeddable":true,"href":"https:\/\/wordpress.nibis.de\/gsamwall\/wp-json\/wp\/v2\/users\/9193468"}],"replies":[{"embeddable":true,"href":"https:\/\/wordpress.nibis.de\/gsamwall\/wp-json\/wp\/v2\/comments?post=2498"}],"version-history":[{"count":1,"href":"https:\/\/wordpress.nibis.de\/gsamwall\/wp-json\/wp\/v2\/pages\/2498\/revisions"}],"predecessor-version":[{"id":2505,"href":"https:\/\/wordpress.nibis.de\/gsamwall\/wp-json\/wp\/v2\/pages\/2498\/revisions\/2505"}],"wp:attachment":[{"href":"https:\/\/wordpress.nibis.de\/gsamwall\/wp-json\/wp\/v2\/media?parent=2498"}],"curies":[{"name":"wp","href":"https:\/\/api.w.org\/{rel}","templated":true}]}}