{"id":252,"date":"2020-04-14T19:31:39","date_gmt":"2020-04-14T17:31:39","guid":{"rendered":"https:\/\/wordpress.nibis.de\/gsamwall\/?page_id=252"},"modified":"2020-04-28T21:30:39","modified_gmt":"2020-04-28T19:30:39","slug":"familienklasse","status":"publish","type":"page","link":"https:\/\/wordpress.nibis.de\/gsamwall\/familienklasse\/","title":{"rendered":"Familienklasse"},"content":{"rendered":"\n<p class=\"Normal-P0\"><strong><span class=\"Normal-C0\">Gemeinsam Verantwortung \u00fcbernehmen.<\/span><\/strong><\/p>\n<p class=\"Normal-P0\"><span class=\"Normal-C1\">Das ist das Motto unseres Projektes \u201eFamilienklasse\u201c, welches im Schuljahr 2017 \/2018 an der Grundschule am Wall startete. <\/span><\/p>\n<p class=\"Normal-P0\"><span class=\"Normal-C1\">Das Projekt wird seit 2003 in England praktiziert und ist inzwischen in D\u00e4nemark fl\u00e4chendeckend an Grundschulen eingef\u00fchrt.<\/span><\/p>\n<p class=\"Normal-P0\"><span class=\"Normal-C1\">Alle zwei Wochen kommen 8-10 ausgew\u00e4hlte Eltern zusammen mit ihren Kindern f\u00fcr einen Tag in die Schule und werden gemeinsam unterrichtet. Die Leitung der Familienklasse \u00fcbernimmt unsere Kollegin Frau Gerum in Zusammenarbeit mit der Dipl. Sozialp\u00e4dagogin Frau Schr\u00f6ter. <\/span><\/p>\n<p class=\"Normal-P0\"><span class=\"Normal-C1\">Nachem wir das Projekt nun bereits 2 Schuljahre durchgef\u00fchrt haben, k\u00f6nnen wir von einer sehr positiven Resonanz berichten. Alle Beteiligten erz\u00e4hlten uns nach Projektende, dass sich Schulleistungen verbessert haben, soziale Probleme zur\u00fcck gehen und die Zusammenarbeit zwischen Eltern und Schule sich verbessert hat.<\/span><\/p>\n<p><img loading=\"lazy\" decoding=\"async\" class=\"alignnone size-full wp-image-841 aligncenter\" src=\"https:\/\/wordpress.nibis.de\/gsamwall\/files\/2020\/04\/Familienklasse_Logo.png\" alt=\"\" width=\"548\" height=\"368\" \/><\/p>\n","protected":false},"excerpt":{"rendered":"<p>Gemeinsam Verantwortung \u00fcbernehmen. Das ist das Motto unseres Projektes \u201eFamilienklasse\u201c, welches im Schuljahr 2017 \/2018 an der Grundschule am Wall startete. Das Projekt wird seit 2003 in England praktiziert und ist inzwischen in D\u00e4nemark fl\u00e4chendeckend an Grundschulen eingef\u00fchrt. Alle zwei Wochen kommen 8-10 ausgew\u00e4hlte Eltern zusammen mit ihren Kindern f\u00fcr einen Tag in die Schule &hellip; <a href=\"https:\/\/wordpress.nibis.de\/gsamwall\/familienklasse\/\" class=\"more-link\"><span class=\"screen-reader-text\">Familienklasse<\/span> weiterlesen <span class=\"meta-nav\">&rarr;<\/span><\/a><\/p>\n","protected":false},"author":9193468,"featured_media":0,"parent":0,"menu_order":0,"comment_status":"closed","ping_status":"closed","template":"","meta":{"footnotes":""},"class_list":["post-252","page","type-page","status-publish","hentry"],"_links":{"self":[{"href":"https:\/\/wordpress.nibis.de\/gsamwall\/wp-json\/wp\/v2\/pages\/252","targetHints":{"allow":["GET"]}}],"collection":[{"href":"https:\/\/wordpress.nibis.de\/gsamwall\/wp-json\/wp\/v2\/pages"}],"about":[{"href":"https:\/\/wordpress.nibis.de\/gsamwall\/wp-json\/wp\/v2\/types\/page"}],"author":[{"embeddable":true,"href":"https:\/\/wordpress.nibis.de\/gsamwall\/wp-json\/wp\/v2\/users\/9193468"}],"replies":[{"embeddable":true,"href":"https:\/\/wordpress.nibis.de\/gsamwall\/wp-json\/wp\/v2\/comments?post=252"}],"version-history":[{"count":4,"href":"https:\/\/wordpress.nibis.de\/gsamwall\/wp-json\/wp\/v2\/pages\/252\/revisions"}],"predecessor-version":[{"id":843,"href":"https:\/\/wordpress.nibis.de\/gsamwall\/wp-json\/wp\/v2\/pages\/252\/revisions\/843"}],"wp:attachment":[{"href":"https:\/\/wordpress.nibis.de\/gsamwall\/wp-json\/wp\/v2\/media?parent=252"}],"curies":[{"name":"wp","href":"https:\/\/api.w.org\/{rel}","templated":true}]}}