{"id":256,"date":"2020-04-14T19:32:31","date_gmt":"2020-04-14T17:32:31","guid":{"rendered":"https:\/\/wordpress.nibis.de\/gsamwall\/?page_id=256"},"modified":"2020-04-28T21:51:06","modified_gmt":"2020-04-28T19:51:06","slug":"fit-fuer-pisa","status":"publish","type":"page","link":"https:\/\/wordpress.nibis.de\/gsamwall\/fit-fuer-pisa\/","title":{"rendered":"Fit f\u00fcr Pisa"},"content":{"rendered":"\n<div id=\"txt_142\">\n<p class=\"Normal-P\"><strong><span class=\"Normal-C0\">Mehr Bewegung in Schule<\/span><\/strong><\/p>\n<p><img loading=\"lazy\" decoding=\"async\" class=\"size-full wp-image-854 alignright\" src=\"https:\/\/wordpress.nibis.de\/gsamwall\/files\/2020\/04\/ffpp_logo.png\" alt=\"\" width=\"361\" height=\"120\" \/><\/p>\n<p class=\"Normal-P\"><span class=\"Normal-C1\">Wir sind seit Beginn des Schuljahres 2017\/2018 Fit f\u00fcr Pisa + (FfP ) Schule.<\/span><\/p>\n<p class=\"Normal-P\"><span class=\"Normal-C1\">Das Projekt ist sehr erfolgreich. Effekte in Teilbereichen der motorischen Leistungsf\u00e4higkeit und bei der St\u00e4rkung des Selbstwertgef\u00fchls der Kinder best\u00e4tigen den Erfolg. <\/span><\/p>\n<p class=\"Normal-P\"><span class=\"Normal-C1\">Die Kinder der FfP- Klassen haben mindestens zwei zus\u00e4tzliche Sport- oder Bewegungseinheiten pro Woche am Vormittag. Die Sportstunden werden von externen Sport\u00fcbungsleitern erteilt.<\/span><\/p>\n<p class=\"Normal-P\"><span class=\"Normal-C1\">Au\u00dferdem finden in regelm\u00e4\u00dfigen Abst\u00e4nden Module zum Thema \u201eErn\u00e4hrung\u201c statt. Neben vielen spannenden theoretischen Grundlagen rund um die gesunde Ern\u00e4hrung, haben die Kinder hier auch die Gelegenheit, gemeinsam mit einer ausgebildeten Beraterin, gesunde Speisen zuzubereiten und anschlie\u00dfend gemeinsam alles zu probieren. So werden die Kinder an neue Lebensmittel und Gerichte herangef\u00fchrt und bekommen, durch Aush\u00e4ndigung der Rezepte, die M\u00f6glichkeit, diese zuhause ebenfalls zuzubereiten.<\/span><\/p>\n<p>Auf den folgenden Bildern erhalten Sie ein paar Einblicke in die Ern\u00e4hrungsmodule der Klassen 1 und 3.\u00a0<\/p>\n<\/div>\n\n\n\n<ul class=\"wp-block-gallery columns-2 is-cropped wp-block-gallery-1 is-layout-flex wp-block-gallery-is-layout-flex\"><li class=\"blocks-gallery-item\"><figure><img loading=\"lazy\" decoding=\"async\" width=\"900\" height=\"675\" src=\"https:\/\/wordpress.nibis.de\/gsamwall\/files\/2020\/04\/DSC02529-900x675.jpg\" alt=\"\" data-id=\"855\" data-link=\"https:\/\/wordpress.nibis.de\/gsamwall\/fit-fuer-pisa\/dsc02529\/\" class=\"wp-image-855\" srcset=\"https:\/\/wordpress.nibis.de\/gsamwall\/files\/2020\/04\/DSC02529.jpg 900w, https:\/\/wordpress.nibis.de\/gsamwall\/files\/2020\/04\/DSC02529-768x576.jpg 768w\" sizes=\"auto, (max-width: 900px) 100vw, 900px\" \/><\/figure><\/li><li class=\"blocks-gallery-item\"><figure><img loading=\"lazy\" decoding=\"async\" width=\"900\" height=\"675\" src=\"https:\/\/wordpress.nibis.de\/gsamwall\/files\/2020\/04\/DSC02522-900x675.jpg\" alt=\"\" data-id=\"856\" data-link=\"https:\/\/wordpress.nibis.de\/gsamwall\/fit-fuer-pisa\/dsc02522\/\" class=\"wp-image-856\" srcset=\"https:\/\/wordpress.nibis.de\/gsamwall\/files\/2020\/04\/DSC02522.jpg 900w, https:\/\/wordpress.nibis.de\/gsamwall\/files\/2020\/04\/DSC02522-768x576.jpg 768w\" sizes=\"auto, (max-width: 900px) 100vw, 900px\" \/><\/figure><\/li><li class=\"blocks-gallery-item\"><figure><img loading=\"lazy\" decoding=\"async\" width=\"900\" height=\"675\" src=\"https:\/\/wordpress.nibis.de\/gsamwall\/files\/2020\/04\/DSC02514-900x675.jpg\" alt=\"\" data-id=\"857\" data-link=\"https:\/\/wordpress.nibis.de\/gsamwall\/fit-fuer-pisa\/dsc02514\/\" class=\"wp-image-857\" srcset=\"https:\/\/wordpress.nibis.de\/gsamwall\/files\/2020\/04\/DSC02514.jpg 900w, https:\/\/wordpress.nibis.de\/gsamwall\/files\/2020\/04\/DSC02514-768x576.jpg 768w\" sizes=\"auto, (max-width: 900px) 100vw, 900px\" \/><\/figure><\/li><li class=\"blocks-gallery-item\"><figure><img loading=\"lazy\" decoding=\"async\" width=\"900\" height=\"675\" src=\"https:\/\/wordpress.nibis.de\/gsamwall\/files\/2020\/04\/DSC02525-900x675.jpg\" alt=\"\" data-id=\"858\" data-link=\"https:\/\/wordpress.nibis.de\/gsamwall\/fit-fuer-pisa\/dsc02525\/\" class=\"wp-image-858\" srcset=\"https:\/\/wordpress.nibis.de\/gsamwall\/files\/2020\/04\/DSC02525.jpg 900w, https:\/\/wordpress.nibis.de\/gsamwall\/files\/2020\/04\/DSC02525-768x576.jpg 768w\" sizes=\"auto, (max-width: 900px) 100vw, 900px\" \/><\/figure><\/li><li class=\"blocks-gallery-item\"><figure><img loading=\"lazy\" decoding=\"async\" width=\"900\" height=\"675\" src=\"https:\/\/wordpress.nibis.de\/gsamwall\/files\/2020\/04\/DSC02520-900x675.jpg\" alt=\"\" data-id=\"859\" data-link=\"https:\/\/wordpress.nibis.de\/gsamwall\/fit-fuer-pisa\/dsc02520\/\" class=\"wp-image-859\" srcset=\"https:\/\/wordpress.nibis.de\/gsamwall\/files\/2020\/04\/DSC02520.jpg 900w, https:\/\/wordpress.nibis.de\/gsamwall\/files\/2020\/04\/DSC02520-768x576.jpg 768w\" sizes=\"auto, (max-width: 900px) 100vw, 900px\" \/><\/figure><\/li><li class=\"blocks-gallery-item\"><figure><img loading=\"lazy\" decoding=\"async\" width=\"900\" height=\"675\" src=\"https:\/\/wordpress.nibis.de\/gsamwall\/files\/2020\/04\/DSC02512-900x675.jpg\" alt=\"\" data-id=\"860\" data-link=\"https:\/\/wordpress.nibis.de\/gsamwall\/fit-fuer-pisa\/dsc02512\/\" class=\"wp-image-860\" srcset=\"https:\/\/wordpress.nibis.de\/gsamwall\/files\/2020\/04\/DSC02512.jpg 900w, https:\/\/wordpress.nibis.de\/gsamwall\/files\/2020\/04\/DSC02512-768x576.jpg 768w\" sizes=\"auto, (max-width: 900px) 100vw, 900px\" \/><\/figure><\/li><li class=\"blocks-gallery-item\"><figure><img loading=\"lazy\" decoding=\"async\" width=\"900\" height=\"675\" src=\"https:\/\/wordpress.nibis.de\/gsamwall\/files\/2020\/04\/DSC02510-900x675.jpg\" alt=\"\" data-id=\"861\" data-link=\"https:\/\/wordpress.nibis.de\/gsamwall\/fit-fuer-pisa\/dsc02510\/\" class=\"wp-image-861\" srcset=\"https:\/\/wordpress.nibis.de\/gsamwall\/files\/2020\/04\/DSC02510.jpg 900w, https:\/\/wordpress.nibis.de\/gsamwall\/files\/2020\/04\/DSC02510-768x576.jpg 768w\" sizes=\"auto, (max-width: 900px) 100vw, 900px\" \/><\/figure><\/li><li class=\"blocks-gallery-item\"><figure><img loading=\"lazy\" decoding=\"async\" width=\"900\" height=\"675\" src=\"https:\/\/wordpress.nibis.de\/gsamwall\/files\/2020\/04\/DSC02507-900x675.jpg\" alt=\"\" data-id=\"862\" data-link=\"https:\/\/wordpress.nibis.de\/gsamwall\/fit-fuer-pisa\/dsc02507\/\" class=\"wp-image-862\" srcset=\"https:\/\/wordpress.nibis.de\/gsamwall\/files\/2020\/04\/DSC02507.jpg 900w, https:\/\/wordpress.nibis.de\/gsamwall\/files\/2020\/04\/DSC02507-768x576.jpg 768w\" sizes=\"auto, (max-width: 900px) 100vw, 900px\" \/><\/figure><\/li><\/ul>\n","protected":false},"excerpt":{"rendered":"<p>Mehr Bewegung in Schule Wir sind seit Beginn des Schuljahres 2017\/2018 Fit f\u00fcr Pisa + (FfP ) Schule. Das Projekt ist sehr erfolgreich. Effekte in Teilbereichen der motorischen Leistungsf\u00e4higkeit und bei der St\u00e4rkung des Selbstwertgef\u00fchls der Kinder best\u00e4tigen den Erfolg. Die Kinder der FfP- Klassen haben mindestens zwei zus\u00e4tzliche Sport- oder Bewegungseinheiten pro Woche am &hellip; <a href=\"https:\/\/wordpress.nibis.de\/gsamwall\/fit-fuer-pisa\/\" class=\"more-link\"><span class=\"screen-reader-text\">Fit f\u00fcr Pisa<\/span> weiterlesen <span class=\"meta-nav\">&rarr;<\/span><\/a><\/p>\n","protected":false},"author":9193468,"featured_media":0,"parent":0,"menu_order":0,"comment_status":"closed","ping_status":"closed","template":"","meta":{"footnotes":""},"class_list":["post-256","page","type-page","status-publish","hentry"],"_links":{"self":[{"href":"https:\/\/wordpress.nibis.de\/gsamwall\/wp-json\/wp\/v2\/pages\/256","targetHints":{"allow":["GET"]}}],"collection":[{"href":"https:\/\/wordpress.nibis.de\/gsamwall\/wp-json\/wp\/v2\/pages"}],"about":[{"href":"https:\/\/wordpress.nibis.de\/gsamwall\/wp-json\/wp\/v2\/types\/page"}],"author":[{"embeddable":true,"href":"https:\/\/wordpress.nibis.de\/gsamwall\/wp-json\/wp\/v2\/users\/9193468"}],"replies":[{"embeddable":true,"href":"https:\/\/wordpress.nibis.de\/gsamwall\/wp-json\/wp\/v2\/comments?post=256"}],"version-history":[{"count":6,"href":"https:\/\/wordpress.nibis.de\/gsamwall\/wp-json\/wp\/v2\/pages\/256\/revisions"}],"predecessor-version":[{"id":864,"href":"https:\/\/wordpress.nibis.de\/gsamwall\/wp-json\/wp\/v2\/pages\/256\/revisions\/864"}],"wp:attachment":[{"href":"https:\/\/wordpress.nibis.de\/gsamwall\/wp-json\/wp\/v2\/media?parent=256"}],"curies":[{"name":"wp","href":"https:\/\/api.w.org\/{rel}","templated":true}]}}