{"id":2588,"date":"2024-06-16T21:16:59","date_gmt":"2024-06-16T19:16:59","guid":{"rendered":"https:\/\/wordpress.nibis.de\/gsamwall\/?page_id=2588"},"modified":"2024-06-16T21:17:19","modified_gmt":"2024-06-16T19:17:19","slug":"schwimmprojekt-klasse-2","status":"publish","type":"page","link":"https:\/\/wordpress.nibis.de\/gsamwall\/schwimmprojekt-klasse-2\/","title":{"rendered":"Schwimmprojekt Klasse 2"},"content":{"rendered":"\n<figure class=\"wp-block-gallery has-nested-images columns-default is-cropped\"><\/figure>\n\n\n\n<p>Erstmals in diesem Schuljahr hie\u00df es Anfang Juni 2024 eine Woche lang f\u00fcr alle Zweitkl\u00e4ssler &#8222;ab ins k\u00fchle nass&#8220;. Dank unserer Sponsoren Herr und Frau Fikentscher konnten wir diese f\u00fcr unsere Kinder komplett kostenlose Projektwoche f\u00fcr 50 Kinder erm\u00f6glichen. Jeden Morgen fuhren wir mit dem Bus zum Freibad nach Reinhardshagen, wo 4 Schwimmlehrer vom Schwimmverein M\u00fcnden \/ Reinhardshagen e.V. auf uns warteten. Und dann hie\u00df es trotz der k\u00fchlen Temperaturen: Badesachen an und auf gehts! Die Kinder wurden in verschiedene Gruppen eingeteilt und \u00fcbten flei\u00dfig das Schwimmen, Tauchen und vieles mehr. Nat\u00fcrlich durfte auch der Spa\u00df nicht zu kurz kommen und so wurde nat\u00fcrlich auch flei\u00dfig vom Sprungturm gesprungen und gerutscht. Und das ganze mit Erfolg: einige unserer Nichtschwimmer lernten erste Schwimmz\u00fcge zu machen, andere schafften sogar die Schwimmvorraussetzungen f\u00fcr das Seepferdchen! Ein voller Erfolg also!\u00a0<br \/>Und da Schwimmen bekanntlich hungrig macht, war auch f\u00fcr Verpflegung gesorgt. Ebenfalls von Ehepaar Fikentscher gesponsort bereiteten einige Sch\u00fclerinnen und Sch\u00fcler zusammen mit ihren Schulbegleitern jeden Morgen ein tolles Fr\u00fchst\u00fcck f\u00fcr alle Kinder vor. Es gab belegte Brote, Brezeln, selbst gemachte M\u00fcsliriegel, Gem\u00fcse und Obst und sogar leckeren Joghurt.\u00a0<br \/><br \/>Wir m\u00f6chten uns an dieser Stelle ganz herzlich bei Familie Fikentscher f\u00fcr die Erm\u00f6glichung des Schwimmrojektes, bei Frau Jaeger f\u00fcr die Planung und bei den Schwimmlehrern des Schwimmvereins M\u00fcnden \/ Rheinhardshagen f\u00fcr ihren gro\u00dfen Einsatz im Wasser bedanken! Diese Woche wird uns noch lange in Erinnerung bleiben und wir haben das gro\u00dfe Ziel, jedes Jahr den Kindern der Klassen 2 diese Projektwoche zu erm\u00f6glichen.\u00a0<\/p>\n\n\n\n<figure class=\"wp-block-gallery has-nested-images columns-default is-cropped wp-block-gallery-1 is-layout-flex wp-block-gallery-is-layout-flex\">\n<figure class=\"wp-block-image size-large\"><img loading=\"lazy\" decoding=\"async\" width=\"1200\" height=\"675\" data-id=\"2591\" src=\"https:\/\/wordpress.nibis.de\/gsamwall\/files\/2024\/06\/IMG_2659-1200x675.jpeg\" alt=\"\" class=\"wp-image-2591\" srcset=\"https:\/\/wordpress.nibis.de\/gsamwall\/files\/2024\/06\/IMG_2659-1200x675.jpeg 1200w, https:\/\/wordpress.nibis.de\/gsamwall\/files\/2024\/06\/IMG_2659-850x478.jpeg 850w, https:\/\/wordpress.nibis.de\/gsamwall\/files\/2024\/06\/IMG_2659-250x141.jpeg 250w\" sizes=\"auto, (max-width: 1200px) 100vw, 1200px\" \/><\/figure>\n\n\n\n<figure class=\"wp-block-image size-large\"><img loading=\"lazy\" decoding=\"async\" width=\"1200\" height=\"675\" data-id=\"2594\" src=\"https:\/\/wordpress.nibis.de\/gsamwall\/files\/2024\/06\/IMG_2633-1200x675.jpeg\" alt=\"\" class=\"wp-image-2594\" srcset=\"https:\/\/wordpress.nibis.de\/gsamwall\/files\/2024\/06\/IMG_2633-1200x675.jpeg 1200w, https:\/\/wordpress.nibis.de\/gsamwall\/files\/2024\/06\/IMG_2633-850x478.jpeg 850w, https:\/\/wordpress.nibis.de\/gsamwall\/files\/2024\/06\/IMG_2633-250x141.jpeg 250w\" sizes=\"auto, (max-width: 1200px) 100vw, 1200px\" \/><\/figure>\n\n\n\n<figure class=\"wp-block-image size-large\"><img loading=\"lazy\" decoding=\"async\" width=\"1200\" height=\"675\" data-id=\"2590\" src=\"https:\/\/wordpress.nibis.de\/gsamwall\/files\/2024\/06\/IMG_2631-1200x675.jpeg\" alt=\"\" class=\"wp-image-2590\" srcset=\"https:\/\/wordpress.nibis.de\/gsamwall\/files\/2024\/06\/IMG_2631-1200x675.jpeg 1200w, https:\/\/wordpress.nibis.de\/gsamwall\/files\/2024\/06\/IMG_2631-850x478.jpeg 850w, https:\/\/wordpress.nibis.de\/gsamwall\/files\/2024\/06\/IMG_2631-250x141.jpeg 250w\" sizes=\"auto, (max-width: 1200px) 100vw, 1200px\" \/><\/figure>\n\n\n\n<figure class=\"wp-block-image size-large\"><img loading=\"lazy\" decoding=\"async\" width=\"1200\" height=\"675\" data-id=\"2593\" src=\"https:\/\/wordpress.nibis.de\/gsamwall\/files\/2024\/06\/IMG_2617-1200x675.jpeg\" alt=\"\" class=\"wp-image-2593\" srcset=\"https:\/\/wordpress.nibis.de\/gsamwall\/files\/2024\/06\/IMG_2617-1200x675.jpeg 1200w, https:\/\/wordpress.nibis.de\/gsamwall\/files\/2024\/06\/IMG_2617-850x478.jpeg 850w, https:\/\/wordpress.nibis.de\/gsamwall\/files\/2024\/06\/IMG_2617-250x141.jpeg 250w\" sizes=\"auto, (max-width: 1200px) 100vw, 1200px\" \/><\/figure>\n\n\n\n<figure class=\"wp-block-image size-large\"><img loading=\"lazy\" decoding=\"async\" width=\"1200\" height=\"675\" data-id=\"2592\" src=\"https:\/\/wordpress.nibis.de\/gsamwall\/files\/2024\/06\/IMG_2613-1200x675.jpeg\" alt=\"\" class=\"wp-image-2592\" srcset=\"https:\/\/wordpress.nibis.de\/gsamwall\/files\/2024\/06\/IMG_2613-1200x675.jpeg 1200w, https:\/\/wordpress.nibis.de\/gsamwall\/files\/2024\/06\/IMG_2613-850x478.jpeg 850w, https:\/\/wordpress.nibis.de\/gsamwall\/files\/2024\/06\/IMG_2613-250x141.jpeg 250w\" sizes=\"auto, (max-width: 1200px) 100vw, 1200px\" \/><\/figure>\n\n\n\n<figure class=\"wp-block-image size-large\"><img loading=\"lazy\" decoding=\"async\" width=\"1200\" height=\"675\" data-id=\"2595\" src=\"https:\/\/wordpress.nibis.de\/gsamwall\/files\/2024\/06\/IMG_2612-1200x675.jpeg\" alt=\"\" class=\"wp-image-2595\" srcset=\"https:\/\/wordpress.nibis.de\/gsamwall\/files\/2024\/06\/IMG_2612-1200x675.jpeg 1200w, https:\/\/wordpress.nibis.de\/gsamwall\/files\/2024\/06\/IMG_2612-850x478.jpeg 850w, https:\/\/wordpress.nibis.de\/gsamwall\/files\/2024\/06\/IMG_2612-250x141.jpeg 250w\" sizes=\"auto, (max-width: 1200px) 100vw, 1200px\" \/><\/figure>\n\n\n\n<figure class=\"wp-block-image size-large\"><img loading=\"lazy\" decoding=\"async\" width=\"1200\" height=\"675\" data-id=\"2596\" src=\"https:\/\/wordpress.nibis.de\/gsamwall\/files\/2024\/06\/IMG_2611-1200x675.jpeg\" alt=\"\" class=\"wp-image-2596\" srcset=\"https:\/\/wordpress.nibis.de\/gsamwall\/files\/2024\/06\/IMG_2611-1200x675.jpeg 1200w, https:\/\/wordpress.nibis.de\/gsamwall\/files\/2024\/06\/IMG_2611-850x478.jpeg 850w, https:\/\/wordpress.nibis.de\/gsamwall\/files\/2024\/06\/IMG_2611-250x141.jpeg 250w\" sizes=\"auto, (max-width: 1200px) 100vw, 1200px\" \/><\/figure>\n\n\n\n<figure class=\"wp-block-image size-large\"><img loading=\"lazy\" decoding=\"async\" width=\"1200\" height=\"675\" data-id=\"2597\" src=\"https:\/\/wordpress.nibis.de\/gsamwall\/files\/2024\/06\/IMG_2615-1200x675.jpeg\" alt=\"\" class=\"wp-image-2597\" srcset=\"https:\/\/wordpress.nibis.de\/gsamwall\/files\/2024\/06\/IMG_2615-1200x675.jpeg 1200w, https:\/\/wordpress.nibis.de\/gsamwall\/files\/2024\/06\/IMG_2615-850x478.jpeg 850w, https:\/\/wordpress.nibis.de\/gsamwall\/files\/2024\/06\/IMG_2615-250x141.jpeg 250w\" sizes=\"auto, (max-width: 1200px) 100vw, 1200px\" \/><\/figure>\n<\/figure>\n\n\n\n<figure class=\"wp-block-image size-large\"><img loading=\"lazy\" decoding=\"async\" width=\"1200\" height=\"675\" src=\"https:\/\/wordpress.nibis.de\/gsamwall\/files\/2024\/06\/474d5d62-4804-4357-914f-e8900901568b-1200x675.jpeg\" alt=\"\" class=\"wp-image-2598\" srcset=\"https:\/\/wordpress.nibis.de\/gsamwall\/files\/2024\/06\/474d5d62-4804-4357-914f-e8900901568b-1200x675.jpeg 1200w, https:\/\/wordpress.nibis.de\/gsamwall\/files\/2024\/06\/474d5d62-4804-4357-914f-e8900901568b-850x478.jpeg 850w, https:\/\/wordpress.nibis.de\/gsamwall\/files\/2024\/06\/474d5d62-4804-4357-914f-e8900901568b-250x141.jpeg 250w\" sizes=\"auto, (max-width: 1200px) 100vw, 1200px\" \/><figcaption>Unser flei\u00dfiges Catering Team <\/figcaption><\/figure>\n","protected":false},"excerpt":{"rendered":"<p>Erstmals in diesem Schuljahr hie\u00df es Anfang Juni 2024 eine Woche lang f\u00fcr alle Zweitkl\u00e4ssler &#8222;ab ins k\u00fchle nass&#8220;. Dank unserer Sponsoren Herr und Frau Fikentscher konnten wir diese f\u00fcr unsere Kinder komplett kostenlose Projektwoche f\u00fcr 50 Kinder erm\u00f6glichen. Jeden Morgen fuhren wir mit dem Bus zum Freibad nach Reinhardshagen, wo 4 Schwimmlehrer vom Schwimmverein &hellip; <a href=\"https:\/\/wordpress.nibis.de\/gsamwall\/schwimmprojekt-klasse-2\/\" class=\"more-link\"><span class=\"screen-reader-text\">Schwimmprojekt Klasse 2<\/span> weiterlesen <span class=\"meta-nav\">&rarr;<\/span><\/a><\/p>\n","protected":false},"author":9193468,"featured_media":0,"parent":0,"menu_order":0,"comment_status":"closed","ping_status":"closed","template":"","meta":{"footnotes":""},"class_list":["post-2588","page","type-page","status-publish","hentry"],"_links":{"self":[{"href":"https:\/\/wordpress.nibis.de\/gsamwall\/wp-json\/wp\/v2\/pages\/2588","targetHints":{"allow":["GET"]}}],"collection":[{"href":"https:\/\/wordpress.nibis.de\/gsamwall\/wp-json\/wp\/v2\/pages"}],"about":[{"href":"https:\/\/wordpress.nibis.de\/gsamwall\/wp-json\/wp\/v2\/types\/page"}],"author":[{"embeddable":true,"href":"https:\/\/wordpress.nibis.de\/gsamwall\/wp-json\/wp\/v2\/users\/9193468"}],"replies":[{"embeddable":true,"href":"https:\/\/wordpress.nibis.de\/gsamwall\/wp-json\/wp\/v2\/comments?post=2588"}],"version-history":[{"count":7,"href":"https:\/\/wordpress.nibis.de\/gsamwall\/wp-json\/wp\/v2\/pages\/2588\/revisions"}],"predecessor-version":[{"id":2607,"href":"https:\/\/wordpress.nibis.de\/gsamwall\/wp-json\/wp\/v2\/pages\/2588\/revisions\/2607"}],"wp:attachment":[{"href":"https:\/\/wordpress.nibis.de\/gsamwall\/wp-json\/wp\/v2\/media?parent=2588"}],"curies":[{"name":"wp","href":"https:\/\/api.w.org\/{rel}","templated":true}]}}