{"id":260,"date":"2020-04-14T19:33:31","date_gmt":"2020-04-14T17:33:31","guid":{"rendered":"https:\/\/wordpress.nibis.de\/gsamwall\/?page_id=260"},"modified":"2020-04-28T21:35:29","modified_gmt":"2020-04-28T19:35:29","slug":"foerderverein","status":"publish","type":"page","link":"https:\/\/wordpress.nibis.de\/gsamwall\/foerderverein\/","title":{"rendered":"F\u00f6rderverein"},"content":{"rendered":"\n<div id=\"txt_98\">\n<p><img loading=\"lazy\" decoding=\"async\" class=\"wp-image-847 alignright\" src=\"https:\/\/wordpress.nibis.de\/gsamwall\/files\/2020\/04\/Fo\u0308rderkreislogo-547x478.jpg\" alt=\"\" width=\"232\" height=\"203\" \/><\/p>\n<p class=\"Normal-P\"><span class=\"Normal-C\">Der F\u00f6rderverein unserer Schule versteht sich als Partner der Schule, der Kinder und der Eltern. Er wurde ins Leben gerufen, weil uns, Eltern und Lehrern der Grundschule am Wall, in den letzten Jahren klar wurde, dass eine solche Schule, wenn sie qualitativ gute Arbeit leisten soll, auch finanzielle Reserven haben muss, um besonderes zu leisten und anbieten zu k\u00f6nnen.<\/span><\/p>\n<p class=\"Normal-P\"><span class=\"Normal-C\">Das soll nicht hei\u00dfen, dass wir den Schultr\u00e4ger entlasten wollen! Dessen Verpflichtungen bleiben unber\u00fchrt. Aber es gibt nun einmal eine Reihe von W\u00fcnschen und Extras, die nicht vom Schultr\u00e4ger \u00fcbernommen werden k\u00f6nnen.<\/span><\/p>\n<p class=\"Normal-P\"><span class=\"Normal-C\">Dies sind beispielsweise besondere W\u00fcnsche bei der Pausenhofgestaltung, Unterst\u00fctzung bei Schul- und Klassenfahrten, Preise f\u00fcr Wettbewerbe, zus\u00e4tzliche Hilfsmittel und vieles andere mehr.<\/span><\/p>\n<p class=\"Normal-P\"><span class=\"Normal-C\">\u00a0<\/span><\/p>\n<p class=\"Normal-P0\"><span class=\"Normal-C\">Er finanziert sich \u00fcber:<\/span><\/p>\n<p class=\"Normal-P0\"><span class=\"Normal-C\">\u2022 \u00a0\u00a0\u00a0\u00a0\u00a0\u00a0\u00a0\u00a0\u00a0\u00a0Beitr\u00e4ge der Mitglieder <\/span><\/p>\n<p class=\"Normal-P0\"><span class=\"Normal-C\">\u2022 \u00a0\u00a0\u00a0\u00a0\u00a0\u00a0\u00a0\u00a0\u00a0\u00a0Teilnahme an Wettbewerben<\/span><\/p>\n<p class=\"Normal-P0\"><span class=\"Normal-C\">\u2022 \u00a0\u00a0\u00a0\u00a0\u00a0\u00a0\u00a0\u00a0\u00a0\u00a0Einnahmen aus der allj\u00e4hrlichen Einschulungsfeier oder anderen Festen<\/span><\/p>\n<p class=\"Normal-P0\"><span class=\"Normal-C\">\u2022 \u00a0\u00a0\u00a0\u00a0\u00a0\u00a0\u00a0\u00a0\u00a0\u00a0Spenden von Freunden und F\u00f6rderern<\/span><\/p>\n<p class=\"Normal-P0\"><span class=\"Normal-C\">\u00a0<\/span><\/p>\n<p class=\"Normal-P\"><span class=\"Normal-C\">Werden auch Sie Mitglied im F\u00f6rderverein!<\/span><\/p>\n<p class=\"Normal-P\"><span class=\"Normal-C\">Zeigen Sie damit Ihrer Umgebung, vor allem aber Ihrem Kind, dass Sie sich mit der Schule und ihren Aufgaben identifizieren.<\/span><\/p>\n<p class=\"Normal-P\"><strong><span class=\"Normal-C0\">12 \u20ac im Jahr sind nicht viel.<\/span><\/strong><\/p>\n<div id=\"txt_98\">\n<p class=\"Untertitel-P\"><strong><span class=\"Normal-C0\">Ansprechpartner des F\u00f6rdervereins<\/span><\/strong><\/p>\n<\/div>\n<table id=\"table_3\" cellspacing=\"0\" cellpadding=\"0\">\n<tbody>\n<tr id=\"table_3_R01\">\n<td id=\"table_3_R01C01\">\n<p class=\"Normal-P0\"><span class=\"Normal-C2\">1. Vorsitzender<\/span><\/p>\n<\/td>\n<td id=\"table_3_R01C02\">\n<p class=\"Normal-P0\"><span class=\"Normal-C2\">2. Vorsitzender<\/span><\/p>\n<\/td>\n<\/tr>\n<tr id=\"table_3_R02\">\n<td id=\"table_3_R02C01\">\n<p class=\"Normal-P0\"><span class=\"Normal-C\">Herr G\u00f6ttges<\/span><\/p>\n<\/td>\n<td id=\"table_3_R02C02\">\n<p class=\"Normal-P0\"><span class=\"Normal-C\">Frau Hinze<\/span><\/p>\n<p class=\"Normal-P0\"><span class=\"Normal-C\">g&#115;&#x77;&#x61;l&#108;&#64;&#x74;&#x2d;o&#110;&#x6c;&#x69;n&#101;&#46;&#x64;&#x65;<\/span><\/p>\n<\/td>\n<\/tr>\n<tr id=\"table_3_R03\">\n<td id=\"table_3_R03C01\">\n<p class=\"Normal-P0\"><span class=\"Normal-C2\">Schatzmeister<\/span><\/p>\n<\/td>\n<td id=\"table_3_R03C02\">\n<p class=\"Normal-P0\"><span class=\"Normal-C2\">Schriftf\u00fchrerin<\/span><\/p>\n<\/td>\n<\/tr>\n<tr id=\"table_3_R04\">\n<td id=\"table_3_R04C01\">\n<p class=\"Normal-P0\"><span class=\"Normal-C\">Frau Leschke<\/span><\/p>\n<\/td>\n<td id=\"table_3_R04C02\">\n<p class=\"Normal-P0\"><span class=\"Normal-C\">Frau Beer<\/span><\/p>\n<\/td>\n<\/tr>\n<\/tbody>\n<\/table>\n<p class=\"Normal-P0\"><span class=\"Normal-C0\">Unseren Antrag f\u00fcr die Aufnahme in den F\u00f6rderkreis der Grundschule am Wall finden Sie unter dem folgenden Link:<\/span><\/p>\n<p><a href=\"https:\/\/wordpress.nibis.de\/gsamwall\/files\/2020\/04\/Antrag-Fo\u0308rderverein-Gs-am-Wall.pdf\">Antrag Fo\u0308rderverein Gs am Wall<\/a><\/p>\n<\/div>\n","protected":false},"excerpt":{"rendered":"<p>Der F\u00f6rderverein unserer Schule versteht sich als Partner der Schule, der Kinder und der Eltern. Er wurde ins Leben gerufen, weil uns, Eltern und Lehrern der Grundschule am Wall, in den letzten Jahren klar wurde, dass eine solche Schule, wenn sie qualitativ gute Arbeit leisten soll, auch finanzielle Reserven haben muss, um besonderes zu leisten &hellip; <a href=\"https:\/\/wordpress.nibis.de\/gsamwall\/foerderverein\/\" class=\"more-link\"><span class=\"screen-reader-text\">F\u00f6rderverein<\/span> weiterlesen <span class=\"meta-nav\">&rarr;<\/span><\/a><\/p>\n","protected":false},"author":9193468,"featured_media":0,"parent":0,"menu_order":0,"comment_status":"closed","ping_status":"closed","template":"","meta":{"footnotes":""},"class_list":["post-260","page","type-page","status-publish","hentry"],"_links":{"self":[{"href":"https:\/\/wordpress.nibis.de\/gsamwall\/wp-json\/wp\/v2\/pages\/260","targetHints":{"allow":["GET"]}}],"collection":[{"href":"https:\/\/wordpress.nibis.de\/gsamwall\/wp-json\/wp\/v2\/pages"}],"about":[{"href":"https:\/\/wordpress.nibis.de\/gsamwall\/wp-json\/wp\/v2\/types\/page"}],"author":[{"embeddable":true,"href":"https:\/\/wordpress.nibis.de\/gsamwall\/wp-json\/wp\/v2\/users\/9193468"}],"replies":[{"embeddable":true,"href":"https:\/\/wordpress.nibis.de\/gsamwall\/wp-json\/wp\/v2\/comments?post=260"}],"version-history":[{"count":5,"href":"https:\/\/wordpress.nibis.de\/gsamwall\/wp-json\/wp\/v2\/pages\/260\/revisions"}],"predecessor-version":[{"id":849,"href":"https:\/\/wordpress.nibis.de\/gsamwall\/wp-json\/wp\/v2\/pages\/260\/revisions\/849"}],"wp:attachment":[{"href":"https:\/\/wordpress.nibis.de\/gsamwall\/wp-json\/wp\/v2\/media?parent=260"}],"curies":[{"name":"wp","href":"https:\/\/api.w.org\/{rel}","templated":true}]}}