{"id":2666,"date":"2025-04-17T14:45:03","date_gmt":"2025-04-17T12:45:03","guid":{"rendered":"https:\/\/wordpress.nibis.de\/gsamwall\/?page_id=2666"},"modified":"2025-04-17T14:45:03","modified_gmt":"2025-04-17T12:45:03","slug":"ball-ueber-die-schnur-turnier-2025","status":"publish","type":"page","link":"https:\/\/wordpress.nibis.de\/gsamwall\/ball-ueber-die-schnur-turnier-2025\/","title":{"rendered":"Ball \u00fcber die Schnur Turnier 2025"},"content":{"rendered":"\n<p>Auch in diesem Jahr nahmen einige Kinder unseres vierten Jahrgangs wieder am Ball \u00fcber die Schnur Turnier teil. Zusammen mit Sportlehrerin Frau Schulze k\u00e4mpften sie in der Sporthalle am Auefeld um den Sieg.<\/p>\n<p>Insgesamt 9 teilnehmende Mannschaften der Grundschulen aus Hann. M\u00fcnden und Umgebung nahmen am diesj\u00e4hrigem Turnier teil, welches seit vielen Jahren von einer Spende der Sparkasse G\u00f6ttingen finanziert wird.\u00a0<br \/>Nach einem harten Kampf freuten sich unsere Jungs &amp; M\u00e4dels \u00fcber einen verdienten 3. Platz! Wir sind sehr stolz auf euch!<\/p>\n","protected":false},"excerpt":{"rendered":"<p>Auch in diesem Jahr nahmen einige Kinder unseres vierten Jahrgangs wieder am Ball \u00fcber die Schnur Turnier teil. Zusammen mit Sportlehrerin Frau Schulze k\u00e4mpften sie in der Sporthalle am Auefeld um den Sieg. Insgesamt 9 teilnehmende Mannschaften der Grundschulen aus Hann. M\u00fcnden und Umgebung nahmen am diesj\u00e4hrigem Turnier teil, welches seit vielen Jahren von einer &hellip; <a href=\"https:\/\/wordpress.nibis.de\/gsamwall\/ball-ueber-die-schnur-turnier-2025\/\" class=\"more-link\"><span class=\"screen-reader-text\">Ball \u00fcber die Schnur Turnier 2025<\/span> weiterlesen <span class=\"meta-nav\">&rarr;<\/span><\/a><\/p>\n","protected":false},"author":9193468,"featured_media":0,"parent":0,"menu_order":0,"comment_status":"closed","ping_status":"closed","template":"","meta":{"footnotes":""},"class_list":["post-2666","page","type-page","status-publish","hentry"],"_links":{"self":[{"href":"https:\/\/wordpress.nibis.de\/gsamwall\/wp-json\/wp\/v2\/pages\/2666","targetHints":{"allow":["GET"]}}],"collection":[{"href":"https:\/\/wordpress.nibis.de\/gsamwall\/wp-json\/wp\/v2\/pages"}],"about":[{"href":"https:\/\/wordpress.nibis.de\/gsamwall\/wp-json\/wp\/v2\/types\/page"}],"author":[{"embeddable":true,"href":"https:\/\/wordpress.nibis.de\/gsamwall\/wp-json\/wp\/v2\/users\/9193468"}],"replies":[{"embeddable":true,"href":"https:\/\/wordpress.nibis.de\/gsamwall\/wp-json\/wp\/v2\/comments?post=2666"}],"version-history":[{"count":1,"href":"https:\/\/wordpress.nibis.de\/gsamwall\/wp-json\/wp\/v2\/pages\/2666\/revisions"}],"predecessor-version":[{"id":2667,"href":"https:\/\/wordpress.nibis.de\/gsamwall\/wp-json\/wp\/v2\/pages\/2666\/revisions\/2667"}],"wp:attachment":[{"href":"https:\/\/wordpress.nibis.de\/gsamwall\/wp-json\/wp\/v2\/media?parent=2666"}],"curies":[{"name":"wp","href":"https:\/\/api.w.org\/{rel}","templated":true}]}}