{"id":2761,"date":"2026-01-05T11:06:32","date_gmt":"2026-01-05T10:06:32","guid":{"rendered":"https:\/\/wordpress.nibis.de\/gsamwall\/?page_id=2761"},"modified":"2026-01-05T11:14:09","modified_gmt":"2026-01-05T10:14:09","slug":"rollerfit","status":"publish","type":"page","link":"https:\/\/wordpress.nibis.de\/gsamwall\/rollerfit\/","title":{"rendered":"Projekt Roller Fit"},"content":{"rendered":"\n<p>Wir freuen uns sehr, dass wir in diesem Jahr das kostenfreie Projekt Roller Fit an unserer Schule durchf\u00fchren konnten.&nbsp;Roller Fit ist ein Programm der ADAC Stiftung, das durch OLIMA SPORT in der Region G\u00f6ttingen umgesetzt wird.<br>Hierf\u00fcr f\u00fcr haben wir einen gro\u00dfen Anh\u00e4ngern mit Rollern, Helmen und allem ben\u00f6tigtem Zubeh\u00f6r gestellt bekommen, um damit im Rahmen des Sportunterrichtes mit den Kindern das richtige Rollerfahren und das richtige Verhalten mit und auf dem Roller zu trainieren.&nbsp;<br>Die Kinder hatten viel Freude dabei und haben viel gelernt, was sie beim Rollerfahren in der Freizeit nun gut umsetzen k\u00f6nnen.<\/p>\n\n\n<div class=\"wp-block-image\">\n<figure class=\"aligncenter size-large\"><img loading=\"lazy\" decoding=\"async\" width=\"1200\" height=\"675\" src=\"https:\/\/wordpress.nibis.de\/gsamwall\/files\/2026\/01\/WhatsApp-Image-2026-01-05-at-11.10.30-1200x675.jpeg\" alt=\"\" class=\"wp-image-2774\" srcset=\"https:\/\/wordpress.nibis.de\/gsamwall\/files\/2026\/01\/WhatsApp-Image-2026-01-05-at-11.10.30-1200x675.jpeg 1200w, https:\/\/wordpress.nibis.de\/gsamwall\/files\/2026\/01\/WhatsApp-Image-2026-01-05-at-11.10.30-850x478.jpeg 850w, https:\/\/wordpress.nibis.de\/gsamwall\/files\/2026\/01\/WhatsApp-Image-2026-01-05-at-11.10.30-250x141.jpeg 250w\" sizes=\"auto, (max-width: 1200px) 100vw, 1200px\" \/><\/figure>\n<\/div>\n\n\n<figure class=\"wp-block-gallery has-nested-images columns-default is-cropped wp-block-gallery-1 is-layout-flex wp-block-gallery-is-layout-flex\">\n<figure class=\"wp-block-image size-large\"><img loading=\"lazy\" decoding=\"async\" width=\"720\" height=\"675\" data-id=\"2766\" src=\"https:\/\/wordpress.nibis.de\/gsamwall\/files\/2026\/01\/11-720x675.jpeg\" alt=\"\" class=\"wp-image-2766\" \/><\/figure>\n\n\n\n<figure class=\"wp-block-image size-large\"><img loading=\"lazy\" decoding=\"async\" width=\"720\" height=\"675\" data-id=\"2765\" src=\"https:\/\/wordpress.nibis.de\/gsamwall\/files\/2026\/01\/WhatsApp-Image-2025-11-26-at-07.23.19-720x675.jpeg\" alt=\"\" class=\"wp-image-2765\" \/><\/figure>\n\n\n\n<figure class=\"wp-block-image size-large\"><img loading=\"lazy\" decoding=\"async\" width=\"720\" height=\"675\" data-id=\"2768\" src=\"https:\/\/wordpress.nibis.de\/gsamwall\/files\/2026\/01\/7-720x675.jpeg\" alt=\"\" class=\"wp-image-2768\" \/><\/figure>\n\n\n\n<figure class=\"wp-block-image size-large\"><img loading=\"lazy\" decoding=\"async\" width=\"720\" height=\"675\" data-id=\"2767\" src=\"https:\/\/wordpress.nibis.de\/gsamwall\/files\/2026\/01\/9-720x675.jpeg\" alt=\"\" class=\"wp-image-2767\" \/><\/figure>\n<\/figure>\n","protected":false},"excerpt":{"rendered":"<p>Wir freuen uns sehr, dass wir in diesem Jahr das kostenfreie Projekt Roller Fit an unserer Schule durchf\u00fchren konnten.&nbsp;Roller Fit ist ein Programm der ADAC Stiftung, das durch OLIMA SPORT in der Region G\u00f6ttingen umgesetzt wird.Hierf\u00fcr f\u00fcr haben wir einen gro\u00dfen Anh\u00e4ngern mit Rollern, Helmen und allem ben\u00f6tigtem Zubeh\u00f6r gestellt bekommen, um damit im Rahmen &hellip; <a href=\"https:\/\/wordpress.nibis.de\/gsamwall\/rollerfit\/\" class=\"more-link\"><span class=\"screen-reader-text\">Projekt Roller Fit<\/span> weiterlesen <span class=\"meta-nav\">&rarr;<\/span><\/a><\/p>\n","protected":false},"author":9193468,"featured_media":0,"parent":0,"menu_order":0,"comment_status":"closed","ping_status":"closed","template":"","meta":{"footnotes":""},"class_list":["post-2761","page","type-page","status-publish","hentry"],"_links":{"self":[{"href":"https:\/\/wordpress.nibis.de\/gsamwall\/wp-json\/wp\/v2\/pages\/2761","targetHints":{"allow":["GET"]}}],"collection":[{"href":"https:\/\/wordpress.nibis.de\/gsamwall\/wp-json\/wp\/v2\/pages"}],"about":[{"href":"https:\/\/wordpress.nibis.de\/gsamwall\/wp-json\/wp\/v2\/types\/page"}],"author":[{"embeddable":true,"href":"https:\/\/wordpress.nibis.de\/gsamwall\/wp-json\/wp\/v2\/users\/9193468"}],"replies":[{"embeddable":true,"href":"https:\/\/wordpress.nibis.de\/gsamwall\/wp-json\/wp\/v2\/comments?post=2761"}],"version-history":[{"count":6,"href":"https:\/\/wordpress.nibis.de\/gsamwall\/wp-json\/wp\/v2\/pages\/2761\/revisions"}],"predecessor-version":[{"id":2776,"href":"https:\/\/wordpress.nibis.de\/gsamwall\/wp-json\/wp\/v2\/pages\/2761\/revisions\/2776"}],"wp:attachment":[{"href":"https:\/\/wordpress.nibis.de\/gsamwall\/wp-json\/wp\/v2\/media?parent=2761"}],"curies":[{"name":"wp","href":"https:\/\/api.w.org\/{rel}","templated":true}]}}