{"id":2810,"date":"2026-03-03T09:19:33","date_gmt":"2026-03-03T08:19:33","guid":{"rendered":"https:\/\/wordpress.nibis.de\/gsamwall\/?page_id=2810"},"modified":"2026-03-03T09:19:33","modified_gmt":"2026-03-03T08:19:33","slug":"klassenfahrt-klasse-4","status":"publish","type":"page","link":"https:\/\/wordpress.nibis.de\/gsamwall\/klassenfahrt-klasse-4\/","title":{"rendered":"Klassenfahrt Klasse 4"},"content":{"rendered":"\n<p>Vom 27.10. &#8211; 29.10.2025 waren unsere Viertkl\u00e4ssler zusammen mit Herr Gritzka und Frau B\u00fchler auf Klassenfahrt. Es ging zur Jugendherberge Helmarshausen.\u00a0<br \/>Direkt am ersten Schultag nach den Herbstferien ging es mit gepackten Koffern los. Der Bus stand bereit und alle Kinder waren voller Vorfreude auf die kommenden 3 Tage.\u00a0<\/p>\n<p>Das Programm, was die Kinder erwartete war vielseitig. Der Besuch der Burg Krukenburg, eine tolle Falknervorstellung, Stockbrot am Lagerfeuer und Pizzabacken waren die absoluten Highlights. Daneben gab es ganz viel Zeit f\u00fcrs spielen und beisammen sein.\u00a0<br \/>Mittwoch morgen ging es dann mit dem Bus wieder zur\u00fcck nach Hann. M\u00fcnden und am Donnerstag ging f\u00fcr alle der normale Schulalltag wieder los.\u00a0<\/p>\n\n\n\n<figure class=\"wp-block-gallery has-nested-images columns-default is-cropped wp-block-gallery-1 is-layout-flex wp-block-gallery-is-layout-flex\">\n<figure class=\"wp-block-image size-large\"><img loading=\"lazy\" decoding=\"async\" width=\"1200\" height=\"675\" data-id=\"2813\" src=\"https:\/\/wordpress.nibis.de\/gsamwall\/files\/2026\/03\/WhatsApp-Image-2026-03-03-at-08.48.36-1200x675.jpeg\" alt=\"\" class=\"wp-image-2813\" srcset=\"https:\/\/wordpress.nibis.de\/gsamwall\/files\/2026\/03\/WhatsApp-Image-2026-03-03-at-08.48.36-1200x675.jpeg 1200w, https:\/\/wordpress.nibis.de\/gsamwall\/files\/2026\/03\/WhatsApp-Image-2026-03-03-at-08.48.36-850x478.jpeg 850w, https:\/\/wordpress.nibis.de\/gsamwall\/files\/2026\/03\/WhatsApp-Image-2026-03-03-at-08.48.36-250x141.jpeg 250w, https:\/\/wordpress.nibis.de\/gsamwall\/files\/2026\/03\/WhatsApp-Image-2026-03-03-at-08.48.36-768x432.jpeg 768w, https:\/\/wordpress.nibis.de\/gsamwall\/files\/2026\/03\/WhatsApp-Image-2026-03-03-at-08.48.36-100x56.jpeg 100w, https:\/\/wordpress.nibis.de\/gsamwall\/files\/2026\/03\/WhatsApp-Image-2026-03-03-at-08.48.36-1536x864.jpeg 1536w, https:\/\/wordpress.nibis.de\/gsamwall\/files\/2026\/03\/WhatsApp-Image-2026-03-03-at-08.48.36.jpeg 1600w\" sizes=\"auto, (max-width: 1200px) 100vw, 1200px\" \/><\/figure>\n\n\n\n<figure class=\"wp-block-image size-large\"><img loading=\"lazy\" decoding=\"async\" width=\"1200\" height=\"675\" data-id=\"2816\" src=\"https:\/\/wordpress.nibis.de\/gsamwall\/files\/2026\/03\/WhatsApp-Image-2026-03-03-at-08.45.56-1200x675.jpeg\" alt=\"\" class=\"wp-image-2816\" srcset=\"https:\/\/wordpress.nibis.de\/gsamwall\/files\/2026\/03\/WhatsApp-Image-2026-03-03-at-08.45.56-1200x675.jpeg 1200w, https:\/\/wordpress.nibis.de\/gsamwall\/files\/2026\/03\/WhatsApp-Image-2026-03-03-at-08.45.56-850x478.jpeg 850w, https:\/\/wordpress.nibis.de\/gsamwall\/files\/2026\/03\/WhatsApp-Image-2026-03-03-at-08.45.56-250x141.jpeg 250w, https:\/\/wordpress.nibis.de\/gsamwall\/files\/2026\/03\/WhatsApp-Image-2026-03-03-at-08.45.56-768x432.jpeg 768w, https:\/\/wordpress.nibis.de\/gsamwall\/files\/2026\/03\/WhatsApp-Image-2026-03-03-at-08.45.56-100x56.jpeg 100w, https:\/\/wordpress.nibis.de\/gsamwall\/files\/2026\/03\/WhatsApp-Image-2026-03-03-at-08.45.56-1536x864.jpeg 1536w, https:\/\/wordpress.nibis.de\/gsamwall\/files\/2026\/03\/WhatsApp-Image-2026-03-03-at-08.45.56.jpeg 1600w\" sizes=\"auto, (max-width: 1200px) 100vw, 1200px\" \/><\/figure>\n\n\n\n<figure class=\"wp-block-image size-large\"><img loading=\"lazy\" decoding=\"async\" width=\"1200\" height=\"675\" data-id=\"2814\" src=\"https:\/\/wordpress.nibis.de\/gsamwall\/files\/2026\/03\/WhatsApp-Image-2026-01-21-at-13.46.10-1200x675.jpeg\" alt=\"\" class=\"wp-image-2814\" srcset=\"https:\/\/wordpress.nibis.de\/gsamwall\/files\/2026\/03\/WhatsApp-Image-2026-01-21-at-13.46.10-1200x675.jpeg 1200w, https:\/\/wordpress.nibis.de\/gsamwall\/files\/2026\/03\/WhatsApp-Image-2026-01-21-at-13.46.10-850x478.jpeg 850w, https:\/\/wordpress.nibis.de\/gsamwall\/files\/2026\/03\/WhatsApp-Image-2026-01-21-at-13.46.10-250x141.jpeg 250w, https:\/\/wordpress.nibis.de\/gsamwall\/files\/2026\/03\/WhatsApp-Image-2026-01-21-at-13.46.10-768x432.jpeg 768w, https:\/\/wordpress.nibis.de\/gsamwall\/files\/2026\/03\/WhatsApp-Image-2026-01-21-at-13.46.10-100x56.jpeg 100w, https:\/\/wordpress.nibis.de\/gsamwall\/files\/2026\/03\/WhatsApp-Image-2026-01-21-at-13.46.10-1536x864.jpeg 1536w, https:\/\/wordpress.nibis.de\/gsamwall\/files\/2026\/03\/WhatsApp-Image-2026-01-21-at-13.46.10.jpeg 1600w\" sizes=\"auto, (max-width: 1200px) 100vw, 1200px\" \/><\/figure>\n\n\n\n<figure class=\"wp-block-image size-full\"><img loading=\"lazy\" decoding=\"async\" width=\"867\" height=\"525\" data-id=\"2817\" src=\"https:\/\/wordpress.nibis.de\/gsamwall\/files\/2026\/03\/WhatsApp-Image-2026-03-03-at-09.18.38.jpeg\" alt=\"\" class=\"wp-image-2817\" srcset=\"https:\/\/wordpress.nibis.de\/gsamwall\/files\/2026\/03\/WhatsApp-Image-2026-03-03-at-09.18.38.jpeg 867w, https:\/\/wordpress.nibis.de\/gsamwall\/files\/2026\/03\/WhatsApp-Image-2026-03-03-at-09.18.38-768x465.jpeg 768w, https:\/\/wordpress.nibis.de\/gsamwall\/files\/2026\/03\/WhatsApp-Image-2026-03-03-at-09.18.38-100x61.jpeg 100w\" sizes=\"auto, (max-width: 867px) 100vw, 867px\" \/><\/figure>\n<\/figure>\n","protected":false},"excerpt":{"rendered":"<p>Vom 27.10. &#8211; 29.10.2025 waren unsere Viertkl\u00e4ssler zusammen mit Herr Gritzka und Frau B\u00fchler auf Klassenfahrt. Es ging zur Jugendherberge Helmarshausen.\u00a0Direkt am ersten Schultag nach den Herbstferien ging es mit gepackten Koffern los. Der Bus stand bereit und alle Kinder waren voller Vorfreude auf die kommenden 3 Tage.\u00a0 Das Programm, was die Kinder erwartete war &hellip; <a href=\"https:\/\/wordpress.nibis.de\/gsamwall\/klassenfahrt-klasse-4\/\" class=\"more-link\"><span class=\"screen-reader-text\">Klassenfahrt Klasse 4<\/span> weiterlesen <span class=\"meta-nav\">&rarr;<\/span><\/a><\/p>\n","protected":false},"author":9193468,"featured_media":0,"parent":0,"menu_order":0,"comment_status":"closed","ping_status":"closed","template":"","meta":{"footnotes":""},"class_list":["post-2810","page","type-page","status-publish","hentry"],"_links":{"self":[{"href":"https:\/\/wordpress.nibis.de\/gsamwall\/wp-json\/wp\/v2\/pages\/2810","targetHints":{"allow":["GET"]}}],"collection":[{"href":"https:\/\/wordpress.nibis.de\/gsamwall\/wp-json\/wp\/v2\/pages"}],"about":[{"href":"https:\/\/wordpress.nibis.de\/gsamwall\/wp-json\/wp\/v2\/types\/page"}],"author":[{"embeddable":true,"href":"https:\/\/wordpress.nibis.de\/gsamwall\/wp-json\/wp\/v2\/users\/9193468"}],"replies":[{"embeddable":true,"href":"https:\/\/wordpress.nibis.de\/gsamwall\/wp-json\/wp\/v2\/comments?post=2810"}],"version-history":[{"count":3,"href":"https:\/\/wordpress.nibis.de\/gsamwall\/wp-json\/wp\/v2\/pages\/2810\/revisions"}],"predecessor-version":[{"id":2818,"href":"https:\/\/wordpress.nibis.de\/gsamwall\/wp-json\/wp\/v2\/pages\/2810\/revisions\/2818"}],"wp:attachment":[{"href":"https:\/\/wordpress.nibis.de\/gsamwall\/wp-json\/wp\/v2\/media?parent=2810"}],"curies":[{"name":"wp","href":"https:\/\/api.w.org\/{rel}","templated":true}]}}