{"id":286,"date":"2020-04-14T19:46:22","date_gmt":"2020-04-14T17:46:22","guid":{"rendered":"https:\/\/wordpress.nibis.de\/gsamwall\/?page_id=286"},"modified":"2025-04-17T14:21:56","modified_gmt":"2025-04-17T12:21:56","slug":"schulleben","status":"publish","type":"page","link":"https:\/\/wordpress.nibis.de\/gsamwall\/schulleben\/","title":{"rendered":"Schulleben"},"content":{"rendered":"<p>Schule &#8211; das bedeutet mehr als reiner Unterricht. Auf den folgenden Seiten geben wir Ihnen einen kleinen Einblick in viele tolle Projekte, Ausfl\u00fcge und Wandertage, welche die Sch\u00fclerinnen und Sch\u00fcler unserer Schule im Schulalltag erleben.<\/p>\n<p><a href=\"https:\/\/wordpress.nibis.de\/gsamwall\/schuljahr-2024-2025\/\">Schuljahr 2024 \/ 2025<\/a><\/p>\n<p><a href=\"https:\/\/wordpress.nibis.de\/gsamwall\/schuljahr-2023-2024\/\">Schuljahr 2023 \/ 2024<\/a><\/p>\n<p><a href=\"https:\/\/wordpress.nibis.de\/gsamwall\/schuljahr-2022-2023\/\">Schuljahr 2022 \/ 2023<\/a><\/p>\n<p><a href=\"https:\/\/wordpress.nibis.de\/gsamwall\/schuljahr-2021-2022\/\">Schuljahr 2021 \/ 2022<\/a><\/p>\n<p><a href=\"https:\/\/wordpress.nibis.de\/gsamwall\/schuljahr-2020-2021\/\">Schuljahr 2020 \/ 2021<\/a><\/p>\n<p><a href=\"https:\/\/wordpress.nibis.de\/gsamwall\/schuljahr-2019-2020\/\">Schuljahr 2019 \/ 2020<\/a><\/p>\n","protected":false},"excerpt":{"rendered":"<p>Schule &#8211; das bedeutet mehr als reiner Unterricht. Auf den folgenden Seiten geben wir Ihnen einen kleinen Einblick in viele tolle Projekte, Ausfl\u00fcge und Wandertage, welche die Sch\u00fclerinnen und Sch\u00fcler unserer Schule im Schulalltag erleben. Schuljahr 2024 \/ 2025 Schuljahr 2023 \/ 2024 Schuljahr 2022 \/ 2023 Schuljahr 2021 \/ 2022 Schuljahr 2020 \/ 2021 &hellip; <a href=\"https:\/\/wordpress.nibis.de\/gsamwall\/schulleben\/\" class=\"more-link\"><span class=\"screen-reader-text\">Schulleben<\/span> weiterlesen <span class=\"meta-nav\">&rarr;<\/span><\/a><\/p>\n","protected":false},"author":9193468,"featured_media":0,"parent":0,"menu_order":0,"comment_status":"closed","ping_status":"closed","template":"","meta":{"footnotes":""},"class_list":["post-286","page","type-page","status-publish","hentry"],"_links":{"self":[{"href":"https:\/\/wordpress.nibis.de\/gsamwall\/wp-json\/wp\/v2\/pages\/286","targetHints":{"allow":["GET"]}}],"collection":[{"href":"https:\/\/wordpress.nibis.de\/gsamwall\/wp-json\/wp\/v2\/pages"}],"about":[{"href":"https:\/\/wordpress.nibis.de\/gsamwall\/wp-json\/wp\/v2\/types\/page"}],"author":[{"embeddable":true,"href":"https:\/\/wordpress.nibis.de\/gsamwall\/wp-json\/wp\/v2\/users\/9193468"}],"replies":[{"embeddable":true,"href":"https:\/\/wordpress.nibis.de\/gsamwall\/wp-json\/wp\/v2\/comments?post=286"}],"version-history":[{"count":7,"href":"https:\/\/wordpress.nibis.de\/gsamwall\/wp-json\/wp\/v2\/pages\/286\/revisions"}],"predecessor-version":[{"id":2647,"href":"https:\/\/wordpress.nibis.de\/gsamwall\/wp-json\/wp\/v2\/pages\/286\/revisions\/2647"}],"wp:attachment":[{"href":"https:\/\/wordpress.nibis.de\/gsamwall\/wp-json\/wp\/v2\/media?parent=286"}],"curies":[{"name":"wp","href":"https:\/\/api.w.org\/{rel}","templated":true}]}}