{"id":292,"date":"2020-04-14T19:48:20","date_gmt":"2020-04-14T17:48:20","guid":{"rendered":"https:\/\/wordpress.nibis.de\/gsamwall\/?page_id=292"},"modified":"2020-04-28T22:10:21","modified_gmt":"2020-04-28T20:10:21","slug":"karneval","status":"publish","type":"page","link":"https:\/\/wordpress.nibis.de\/gsamwall\/karneval\/","title":{"rendered":"Karneval"},"content":{"rendered":"\n<div id=\"txt_425\">\n<p class=\"Normal-P0\"><span class=\"Normal-C2\">Am Rosenmontag war es wieder soweit: Wir feierten ein tolles Faschingsfest in der Schule. <\/span><\/p>\n<p class=\"Normal-P0\"><span class=\"Normal-C2\">Der Tag begann mit einer gemeinsamen Stunde im Klassenraum, bei welcher sich jede Klasse auf die Feier einstimmen konnte. Danach ging es abwechselnd in die Turnhalle oder die Pausenhalle. <\/span><\/p>\n<p class=\"Normal-P0\"><span class=\"Normal-C2\">In der Turnhalle stand ein toller Parcours bereit, bei welchem geklettert, balanciert und gesprungen werden musste. In der Pausenhalle fand unsere legend\u00e4re Disko mit \u201eDj Herr Maa\u00dfen\u201c statt. Die Kinder konnten zuvor ihre Liederw\u00fcnsche angeben und so wurde Musik genau nach dem Geschmack unserer Sch\u00fclerinnen und Sch\u00fcler gespielt. Neben kleinen Spielen gab es dann am Ende auch die Pr\u00e4mierung des besten Kost\u00fcms, welche f\u00fcr viel Applaus bei allen beteiligten sorgt. <\/span><\/p>\n<\/div>\n\n\n\n<ul class=\"wp-block-gallery columns-2 is-cropped wp-block-gallery-1 is-layout-flex wp-block-gallery-is-layout-flex\"><li class=\"blocks-gallery-item\"><figure><img loading=\"lazy\" decoding=\"async\" width=\"1200\" height=\"675\" src=\"https:\/\/wordpress.nibis.de\/gsamwall\/files\/2020\/04\/DSC02559-1200x675.jpg\" alt=\"\" data-id=\"881\" data-link=\"https:\/\/wordpress.nibis.de\/gsamwall\/karneval\/dsc02559\/\" class=\"wp-image-881\" srcset=\"https:\/\/wordpress.nibis.de\/gsamwall\/files\/2020\/04\/DSC02559-1200x675.jpg 1200w, https:\/\/wordpress.nibis.de\/gsamwall\/files\/2020\/04\/DSC02559-250x141.jpg 250w, https:\/\/wordpress.nibis.de\/gsamwall\/files\/2020\/04\/DSC02559-850x478.jpg 850w\" sizes=\"auto, (max-width: 1200px) 100vw, 1200px\" \/><\/figure><\/li><li class=\"blocks-gallery-item\"><figure><img loading=\"lazy\" decoding=\"async\" width=\"1200\" height=\"675\" src=\"https:\/\/wordpress.nibis.de\/gsamwall\/files\/2020\/04\/DSC02560-1200x675.jpg\" alt=\"\" data-id=\"882\" data-link=\"https:\/\/wordpress.nibis.de\/gsamwall\/karneval\/dsc02560\/\" class=\"wp-image-882\" srcset=\"https:\/\/wordpress.nibis.de\/gsamwall\/files\/2020\/04\/DSC02560-1200x675.jpg 1200w, https:\/\/wordpress.nibis.de\/gsamwall\/files\/2020\/04\/DSC02560-250x141.jpg 250w, https:\/\/wordpress.nibis.de\/gsamwall\/files\/2020\/04\/DSC02560-850x478.jpg 850w\" sizes=\"auto, (max-width: 1200px) 100vw, 1200px\" \/><\/figure><\/li><li class=\"blocks-gallery-item\"><figure><img loading=\"lazy\" decoding=\"async\" width=\"1200\" height=\"675\" src=\"https:\/\/wordpress.nibis.de\/gsamwall\/files\/2020\/04\/DSC02563-1200x675.jpg\" alt=\"\" data-id=\"883\" data-link=\"https:\/\/wordpress.nibis.de\/gsamwall\/karneval\/dsc02563\/\" class=\"wp-image-883\" srcset=\"https:\/\/wordpress.nibis.de\/gsamwall\/files\/2020\/04\/DSC02563-1200x675.jpg 1200w, https:\/\/wordpress.nibis.de\/gsamwall\/files\/2020\/04\/DSC02563-250x141.jpg 250w, https:\/\/wordpress.nibis.de\/gsamwall\/files\/2020\/04\/DSC02563-850x478.jpg 850w\" sizes=\"auto, (max-width: 1200px) 100vw, 1200px\" \/><\/figure><\/li><li class=\"blocks-gallery-item\"><figure><img loading=\"lazy\" decoding=\"async\" width=\"1200\" height=\"675\" src=\"https:\/\/wordpress.nibis.de\/gsamwall\/files\/2020\/04\/DSC02591-1200x675.jpg\" alt=\"\" data-id=\"885\" data-link=\"https:\/\/wordpress.nibis.de\/gsamwall\/karneval\/dsc02591\/\" class=\"wp-image-885\" srcset=\"https:\/\/wordpress.nibis.de\/gsamwall\/files\/2020\/04\/DSC02591-1200x675.jpg 1200w, https:\/\/wordpress.nibis.de\/gsamwall\/files\/2020\/04\/DSC02591-250x141.jpg 250w, https:\/\/wordpress.nibis.de\/gsamwall\/files\/2020\/04\/DSC02591-850x478.jpg 850w\" sizes=\"auto, (max-width: 1200px) 100vw, 1200px\" \/><\/figure><\/li><li class=\"blocks-gallery-item\"><figure><img loading=\"lazy\" decoding=\"async\" width=\"1200\" height=\"675\" src=\"https:\/\/wordpress.nibis.de\/gsamwall\/files\/2020\/04\/DSC02594-1200x675.jpg\" alt=\"\" data-id=\"886\" data-link=\"https:\/\/wordpress.nibis.de\/gsamwall\/karneval\/dsc02594\/\" class=\"wp-image-886\" srcset=\"https:\/\/wordpress.nibis.de\/gsamwall\/files\/2020\/04\/DSC02594-1200x675.jpg 1200w, https:\/\/wordpress.nibis.de\/gsamwall\/files\/2020\/04\/DSC02594-250x141.jpg 250w, https:\/\/wordpress.nibis.de\/gsamwall\/files\/2020\/04\/DSC02594-850x478.jpg 850w\" sizes=\"auto, (max-width: 1200px) 100vw, 1200px\" \/><\/figure><\/li><li class=\"blocks-gallery-item\"><figure><img loading=\"lazy\" decoding=\"async\" width=\"1200\" height=\"675\" src=\"https:\/\/wordpress.nibis.de\/gsamwall\/files\/2020\/04\/DSC02609-1200x675.jpg\" alt=\"\" data-id=\"888\" data-link=\"https:\/\/wordpress.nibis.de\/gsamwall\/karneval\/dsc02609\/\" class=\"wp-image-888\" srcset=\"https:\/\/wordpress.nibis.de\/gsamwall\/files\/2020\/04\/DSC02609-1200x675.jpg 1200w, https:\/\/wordpress.nibis.de\/gsamwall\/files\/2020\/04\/DSC02609-250x141.jpg 250w, https:\/\/wordpress.nibis.de\/gsamwall\/files\/2020\/04\/DSC02609-850x478.jpg 850w\" sizes=\"auto, (max-width: 1200px) 100vw, 1200px\" \/><\/figure><\/li><li class=\"blocks-gallery-item\"><figure><img loading=\"lazy\" decoding=\"async\" width=\"1200\" height=\"675\" src=\"https:\/\/wordpress.nibis.de\/gsamwall\/files\/2020\/04\/DSC02613-1200x675.jpg\" alt=\"\" data-id=\"890\" data-link=\"https:\/\/wordpress.nibis.de\/gsamwall\/karneval\/dsc02613\/\" class=\"wp-image-890\" srcset=\"https:\/\/wordpress.nibis.de\/gsamwall\/files\/2020\/04\/DSC02613-1200x675.jpg 1200w, https:\/\/wordpress.nibis.de\/gsamwall\/files\/2020\/04\/DSC02613-250x141.jpg 250w, https:\/\/wordpress.nibis.de\/gsamwall\/files\/2020\/04\/DSC02613-850x478.jpg 850w\" sizes=\"auto, (max-width: 1200px) 100vw, 1200px\" \/><\/figure><\/li><\/ul>\n","protected":false},"excerpt":{"rendered":"<p>Am Rosenmontag war es wieder soweit: Wir feierten ein tolles Faschingsfest in der Schule. Der Tag begann mit einer gemeinsamen Stunde im Klassenraum, bei welcher sich jede Klasse auf die Feier einstimmen konnte. Danach ging es abwechselnd in die Turnhalle oder die Pausenhalle. In der Turnhalle stand ein toller Parcours bereit, bei welchem geklettert, balanciert &hellip; <a href=\"https:\/\/wordpress.nibis.de\/gsamwall\/karneval\/\" class=\"more-link\"><span class=\"screen-reader-text\">Karneval<\/span> weiterlesen <span class=\"meta-nav\">&rarr;<\/span><\/a><\/p>\n","protected":false},"author":9193468,"featured_media":0,"parent":0,"menu_order":0,"comment_status":"closed","ping_status":"closed","template":"","meta":{"footnotes":""},"class_list":["post-292","page","type-page","status-publish","hentry"],"_links":{"self":[{"href":"https:\/\/wordpress.nibis.de\/gsamwall\/wp-json\/wp\/v2\/pages\/292","targetHints":{"allow":["GET"]}}],"collection":[{"href":"https:\/\/wordpress.nibis.de\/gsamwall\/wp-json\/wp\/v2\/pages"}],"about":[{"href":"https:\/\/wordpress.nibis.de\/gsamwall\/wp-json\/wp\/v2\/types\/page"}],"author":[{"embeddable":true,"href":"https:\/\/wordpress.nibis.de\/gsamwall\/wp-json\/wp\/v2\/users\/9193468"}],"replies":[{"embeddable":true,"href":"https:\/\/wordpress.nibis.de\/gsamwall\/wp-json\/wp\/v2\/comments?post=292"}],"version-history":[{"count":5,"href":"https:\/\/wordpress.nibis.de\/gsamwall\/wp-json\/wp\/v2\/pages\/292\/revisions"}],"predecessor-version":[{"id":892,"href":"https:\/\/wordpress.nibis.de\/gsamwall\/wp-json\/wp\/v2\/pages\/292\/revisions\/892"}],"wp:attachment":[{"href":"https:\/\/wordpress.nibis.de\/gsamwall\/wp-json\/wp\/v2\/media?parent=292"}],"curies":[{"name":"wp","href":"https:\/\/api.w.org\/{rel}","templated":true}]}}