{"id":294,"date":"2020-04-14T19:48:41","date_gmt":"2020-04-14T17:48:41","guid":{"rendered":"https:\/\/wordpress.nibis.de\/gsamwall\/?page_id=294"},"modified":"2020-04-16T15:22:41","modified_gmt":"2020-04-16T13:22:41","slug":"matheolympiade","status":"publish","type":"page","link":"https:\/\/wordpress.nibis.de\/gsamwall\/matheolympiade\/","title":{"rendered":"Matheolympiade"},"content":{"rendered":"\n<div id=\"txt_425\">\n<p class=\"Normal-P0\"><span class=\"Normal-C2\">Am 12.02.2020 war es so still in unserer Mensa, man h\u00e4tte eine Stecknadel fallen h\u00f6ren k\u00f6nnen. Und daf\u00fcr gab es einen wichtigen Grund. Einige Jungen und M\u00e4dchen aus den 3. und 4. Klassen nahmen an der diesj\u00e4hrigen Matheolympiade teil. Bereits vor einigen Wochen traten die Kinder in Runde 1 an und zeigten, was sie K\u00f6nnen. <\/span><\/p>\n<p class=\"Normal-P0\"><span class=\"Normal-C2\">\u00a0<\/span><\/p>\n<p class=\"Normal-P0\"><span class=\"Normal-C2\">Nun in Runde 2 wurde es noch etwas schwerer und die Jungen und M\u00e4dchen machten sich hochkonzentriert ans Werk, um bestm\u00f6gliche Ergebnisse zu erzielen. <\/span><\/p>\n<p class=\"Normal-P0\"><span class=\"Normal-C2\">Nun hei\u00dft es abwarten, wer es in die n\u00e4chste Runde geschafft hat. <\/span><\/p>\n<\/div>\n","protected":false},"excerpt":{"rendered":"<p>Am 12.02.2020 war es so still in unserer Mensa, man h\u00e4tte eine Stecknadel fallen h\u00f6ren k\u00f6nnen. Und daf\u00fcr gab es einen wichtigen Grund. Einige Jungen und M\u00e4dchen aus den 3. und 4. Klassen nahmen an der diesj\u00e4hrigen Matheolympiade teil. Bereits vor einigen Wochen traten die Kinder in Runde 1 an und zeigten, was sie K\u00f6nnen. &hellip; <a href=\"https:\/\/wordpress.nibis.de\/gsamwall\/matheolympiade\/\" class=\"more-link\"><span class=\"screen-reader-text\">Matheolympiade<\/span> weiterlesen <span class=\"meta-nav\">&rarr;<\/span><\/a><\/p>\n","protected":false},"author":9193468,"featured_media":0,"parent":0,"menu_order":0,"comment_status":"closed","ping_status":"closed","template":"","meta":{"footnotes":""},"class_list":["post-294","page","type-page","status-publish","hentry"],"_links":{"self":[{"href":"https:\/\/wordpress.nibis.de\/gsamwall\/wp-json\/wp\/v2\/pages\/294","targetHints":{"allow":["GET"]}}],"collection":[{"href":"https:\/\/wordpress.nibis.de\/gsamwall\/wp-json\/wp\/v2\/pages"}],"about":[{"href":"https:\/\/wordpress.nibis.de\/gsamwall\/wp-json\/wp\/v2\/types\/page"}],"author":[{"embeddable":true,"href":"https:\/\/wordpress.nibis.de\/gsamwall\/wp-json\/wp\/v2\/users\/9193468"}],"replies":[{"embeddable":true,"href":"https:\/\/wordpress.nibis.de\/gsamwall\/wp-json\/wp\/v2\/comments?post=294"}],"version-history":[{"count":2,"href":"https:\/\/wordpress.nibis.de\/gsamwall\/wp-json\/wp\/v2\/pages\/294\/revisions"}],"predecessor-version":[{"id":505,"href":"https:\/\/wordpress.nibis.de\/gsamwall\/wp-json\/wp\/v2\/pages\/294\/revisions\/505"}],"wp:attachment":[{"href":"https:\/\/wordpress.nibis.de\/gsamwall\/wp-json\/wp\/v2\/media?parent=294"}],"curies":[{"name":"wp","href":"https:\/\/api.w.org\/{rel}","templated":true}]}}