{"id":298,"date":"2020-04-14T19:49:36","date_gmt":"2020-04-14T17:49:36","guid":{"rendered":"https:\/\/wordpress.nibis.de\/gsamwall\/?page_id=298"},"modified":"2025-08-01T10:35:51","modified_gmt":"2025-08-01T08:35:51","slug":"besuch-der-klaeranlage","status":"publish","type":"page","link":"https:\/\/wordpress.nibis.de\/gsamwall\/besuch-der-klaeranlage\/","title":{"rendered":"Besuch der Kl\u00e4ranlage"},"content":{"rendered":"\n<div id=\"txt_425\">\n<p class=\"Normal-P0\"><span class=\"Normal-C1\">Am 20.01.2020 besuchten die Klassen 3a, 3c und 3\/4a gemeinsam mit Frau Scheinh\u00fctte und Frau Gebhardt die Kl\u00e4ranalage in Hann. M\u00fcnden. Schon seit vielen Wochen wurde im Sachunterricht das Thema Wasser, und damit verbunden auch die Thematik \u201eKl\u00e4ranlage\u201c besprochen. <\/span><\/p>\n<p class=\"Normal-P0\"><span class=\"Normal-C1\">Als Abschluss dieser Einheit bekamen die Jungen und M\u00e4dchen nun einmal hautnah Einblicke in die Vorgehensweise in der Kl\u00e4ranlage in Hann M\u00fcnden. <\/span><\/p>\n<p class=\"Normal-P0\"><span class=\"Normal-C1\">Bei einer sehr interessanten F\u00fchrung durften wir alle Stationen und Becken anschauen, welche das Wasser auf dem Weg vom Abwasserkanal bis hin zur R\u00fcckf\u00fchrung in den Wassserkreislauf durchl\u00e4uft. \u00a0Als kr\u00f6nenden Abschluss stiegen wir dann auf einen der T\u00fcrme im Kl\u00e4rwerk und konnten so alles von oben betrachten. <\/span><\/p>\n<p class=\"Normal-P0\"><span class=\"Normal-C1\">Vielen Dank f\u00fcr diesen spannenden Tag! <\/span><\/p>\n<\/div>\n\n\n\n<figure class=\"wp-block-gallery has-nested-images columns-2 is-cropped wp-block-gallery-1 is-layout-flex wp-block-gallery-is-layout-flex\">\n<figure class=\"wp-block-image\"><img loading=\"lazy\" decoding=\"async\" width=\"1200\" height=\"675\" data-id=\"657\" src=\"https:\/\/wordpress.nibis.de\/gsamwall\/files\/2020\/04\/DSC02545-1200x675.jpg\" alt=\"\" class=\"wp-image-657\" srcset=\"https:\/\/wordpress.nibis.de\/gsamwall\/files\/2020\/04\/DSC02545-1200x675.jpg 1200w, https:\/\/wordpress.nibis.de\/gsamwall\/files\/2020\/04\/DSC02545-250x141.jpg 250w, https:\/\/wordpress.nibis.de\/gsamwall\/files\/2020\/04\/DSC02545-850x478.jpg 850w\" sizes=\"auto, (max-width: 1200px) 100vw, 1200px\" \/><\/figure>\n<\/figure>\n","protected":false},"excerpt":{"rendered":"<p>Am 20.01.2020 besuchten die Klassen 3a, 3c und 3\/4a gemeinsam mit Frau Scheinh\u00fctte und Frau Gebhardt die Kl\u00e4ranalage in Hann. M\u00fcnden. Schon seit vielen Wochen wurde im Sachunterricht das Thema Wasser, und damit verbunden auch die Thematik \u201eKl\u00e4ranlage\u201c besprochen. Als Abschluss dieser Einheit bekamen die Jungen und M\u00e4dchen nun einmal hautnah Einblicke in die Vorgehensweise &hellip; <a href=\"https:\/\/wordpress.nibis.de\/gsamwall\/besuch-der-klaeranlage\/\" class=\"more-link\"><span class=\"screen-reader-text\">Besuch der Kl\u00e4ranlage<\/span> weiterlesen <span class=\"meta-nav\">&rarr;<\/span><\/a><\/p>\n","protected":false},"author":9193468,"featured_media":0,"parent":0,"menu_order":0,"comment_status":"closed","ping_status":"closed","template":"","meta":{"footnotes":""},"class_list":["post-298","page","type-page","status-publish","hentry"],"_links":{"self":[{"href":"https:\/\/wordpress.nibis.de\/gsamwall\/wp-json\/wp\/v2\/pages\/298","targetHints":{"allow":["GET"]}}],"collection":[{"href":"https:\/\/wordpress.nibis.de\/gsamwall\/wp-json\/wp\/v2\/pages"}],"about":[{"href":"https:\/\/wordpress.nibis.de\/gsamwall\/wp-json\/wp\/v2\/types\/page"}],"author":[{"embeddable":true,"href":"https:\/\/wordpress.nibis.de\/gsamwall\/wp-json\/wp\/v2\/users\/9193468"}],"replies":[{"embeddable":true,"href":"https:\/\/wordpress.nibis.de\/gsamwall\/wp-json\/wp\/v2\/comments?post=298"}],"version-history":[{"count":5,"href":"https:\/\/wordpress.nibis.de\/gsamwall\/wp-json\/wp\/v2\/pages\/298\/revisions"}],"predecessor-version":[{"id":2701,"href":"https:\/\/wordpress.nibis.de\/gsamwall\/wp-json\/wp\/v2\/pages\/298\/revisions\/2701"}],"wp:attachment":[{"href":"https:\/\/wordpress.nibis.de\/gsamwall\/wp-json\/wp\/v2\/media?parent=298"}],"curies":[{"name":"wp","href":"https:\/\/api.w.org\/{rel}","templated":true}]}}