{"id":302,"date":"2020-04-14T19:50:33","date_gmt":"2020-04-14T17:50:33","guid":{"rendered":"https:\/\/wordpress.nibis.de\/gsamwall\/?page_id=302"},"modified":"2025-08-01T10:36:22","modified_gmt":"2025-08-01T08:36:22","slug":"auffuehrung-im-seniorenheim","status":"publish","type":"page","link":"https:\/\/wordpress.nibis.de\/gsamwall\/auffuehrung-im-seniorenheim\/","title":{"rendered":"Auff\u00fchrung im Seniorenheim"},"content":{"rendered":"\n<div id=\"txt_425\">\n<p class=\"Normal-P\"><span class=\"Normal-C\">Am 17.12.2019 zogen die Kinder der Klasse 3b zusammen mit ihrem Klassenlehrer Herr Gritzka sowie mit Frau Hofmann los, um im Seniorenheim Herzogin-Elisabeth-Stift mit einer tollen Auff\u00fchrung ein wenig weihnachtliche Stimmung zu verbreiten. <\/span><\/p>\n<p class=\"Normal-P\"><span class=\"Normal-C\">Die Auff\u00fchrung startete mit unserer von den Kindern sehr geliebten Schulhymne. Anschlie\u00dfend wurde es mit dem Klassiker \u201eIn der Weihachtsb\u00e4ckerei\u201c weihnachtlich. <\/span><\/p>\n<p class=\"Normal-P\"><span class=\"Normal-C\">Das Highlight stellte die Auff\u00fchrung des Theaterst\u00fcckes \u201eWeihachten ist doch keine Stadt\u201c dar. Dieses hatten die Kinder viele Wochen lang intensiv ge\u00fcbt und waren nun sehr stolz, ihr K\u00f6nnen pr\u00e4sentieren zu d\u00fcrfen. Daf\u00fcr wurden sie mit viel Applaus belohnt. <\/span><\/p>\n<\/div>\n\n\n\n<figure class=\"wp-block-gallery has-nested-images columns-2 is-cropped wp-block-gallery-1 is-layout-flex wp-block-gallery-is-layout-flex\">\n<figure class=\"wp-block-image\"><img loading=\"lazy\" decoding=\"async\" width=\"1024\" height=\"675\" data-id=\"635\" src=\"https:\/\/wordpress.nibis.de\/gsamwall\/files\/2020\/04\/1-8-1024x675.jpg\" alt=\"\" class=\"wp-image-635\" \/><\/figure>\n<\/figure>\n","protected":false},"excerpt":{"rendered":"<p>Am 17.12.2019 zogen die Kinder der Klasse 3b zusammen mit ihrem Klassenlehrer Herr Gritzka sowie mit Frau Hofmann los, um im Seniorenheim Herzogin-Elisabeth-Stift mit einer tollen Auff\u00fchrung ein wenig weihnachtliche Stimmung zu verbreiten. Die Auff\u00fchrung startete mit unserer von den Kindern sehr geliebten Schulhymne. Anschlie\u00dfend wurde es mit dem Klassiker \u201eIn der Weihachtsb\u00e4ckerei\u201c weihnachtlich. Das &hellip; <a href=\"https:\/\/wordpress.nibis.de\/gsamwall\/auffuehrung-im-seniorenheim\/\" class=\"more-link\"><span class=\"screen-reader-text\">Auff\u00fchrung im Seniorenheim<\/span> weiterlesen <span class=\"meta-nav\">&rarr;<\/span><\/a><\/p>\n","protected":false},"author":9193468,"featured_media":0,"parent":0,"menu_order":0,"comment_status":"closed","ping_status":"closed","template":"","meta":{"footnotes":""},"class_list":["post-302","page","type-page","status-publish","hentry"],"_links":{"self":[{"href":"https:\/\/wordpress.nibis.de\/gsamwall\/wp-json\/wp\/v2\/pages\/302","targetHints":{"allow":["GET"]}}],"collection":[{"href":"https:\/\/wordpress.nibis.de\/gsamwall\/wp-json\/wp\/v2\/pages"}],"about":[{"href":"https:\/\/wordpress.nibis.de\/gsamwall\/wp-json\/wp\/v2\/types\/page"}],"author":[{"embeddable":true,"href":"https:\/\/wordpress.nibis.de\/gsamwall\/wp-json\/wp\/v2\/users\/9193468"}],"replies":[{"embeddable":true,"href":"https:\/\/wordpress.nibis.de\/gsamwall\/wp-json\/wp\/v2\/comments?post=302"}],"version-history":[{"count":6,"href":"https:\/\/wordpress.nibis.de\/gsamwall\/wp-json\/wp\/v2\/pages\/302\/revisions"}],"predecessor-version":[{"id":2702,"href":"https:\/\/wordpress.nibis.de\/gsamwall\/wp-json\/wp\/v2\/pages\/302\/revisions\/2702"}],"wp:attachment":[{"href":"https:\/\/wordpress.nibis.de\/gsamwall\/wp-json\/wp\/v2\/media?parent=302"}],"curies":[{"name":"wp","href":"https:\/\/api.w.org\/{rel}","templated":true}]}}