{"id":304,"date":"2020-04-14T19:50:55","date_gmt":"2020-04-14T17:50:55","guid":{"rendered":"https:\/\/wordpress.nibis.de\/gsamwall\/?page_id=304"},"modified":"2025-07-14T09:09:48","modified_gmt":"2025-07-14T07:09:48","slug":"weihnachtszeit","status":"publish","type":"page","link":"https:\/\/wordpress.nibis.de\/gsamwall\/weihnachtszeit\/","title":{"rendered":"Weihnachtszeit"},"content":{"rendered":"\n<div id=\"txt_425\">\n<p class=\"Normal-P\"><span class=\"Normal-C0\">Montag &#8211; 8 Uhr &#8211; Grundschule am Wall: <\/span><\/p>\n<p class=\"Normal-P\"><span class=\"Normal-C\">Die Pausenhalle f\u00fcllt sich schlagartig mit vielen aufgeregten Sch\u00fclerinnen und Sch\u00fclern. Lehrer tragen B\u00e4nke und bauen die Musikanlage auf, Kindern kommen mit Sitzkissen unter den Armen angelaufen&#8230;.Und alle wissen: Es weihachtet in der Pausenhalle der Grundschule. <\/span><\/p>\n<p class=\"Normal-P\"><span class=\"Normal-C\">Wie in jedem Jahr f\u00fchren wir auch in 2019 die Tradition unserer Adventsfeiern fort. An jedem der 3 Adventsmontage treffen sich alle Sch\u00fclerinnen und Sch\u00fcler, um in der Pausenhalle ein tolles Programm zu erleben. <\/span><\/p>\n<p class=\"Normal-P\"><span class=\"Normal-C\">Den Anfang haben dieses Jahr am 2.12.2019 unsere Zweitkl\u00e4ssler gemacht. Mit Gesang, T\u00e4nzen und Gedichten stimmten sie uns auf die wundersch\u00f6ne Weihnachszeit ein. <\/span><\/p>\n<p class=\"Normal-P\"><span class=\"Normal-C\">Bevor es dann wieder in die Klassen ging, lauschten wir alle noch sehr gespannt der Geschichte von Frau Vogeley, die uns in diesem Jahr mit ins Land der Olchis nahm.<\/span><\/p>\n<\/div>\n\n\n\n<figure class=\"wp-block-gallery has-nested-images columns-3 is-cropped wp-block-gallery-1 is-layout-flex wp-block-gallery-is-layout-flex\">\n<figure class=\"wp-block-image\"><img loading=\"lazy\" decoding=\"async\" width=\"768\" height=\"675\" data-id=\"617\" src=\"https:\/\/wordpress.nibis.de\/gsamwall\/files\/2020\/04\/5df48ecb-f951-4324-9ea7-78a1c32fa8a4-768x675.jpg\" alt=\"\" class=\"wp-image-617\" \/><\/figure>\n\n\n\n<figure class=\"wp-block-image\"><img loading=\"lazy\" decoding=\"async\" width=\"768\" height=\"675\" data-id=\"621\" src=\"https:\/\/wordpress.nibis.de\/gsamwall\/files\/2020\/04\/0147b269-c3ec-4403-801e-815152c67f88-768x675.jpg\" alt=\"\" class=\"wp-image-621\" \/><\/figure>\n<\/figure>\n\n\n\n<p>Am 9.12.2019 waren dann unsere dritten Klassen dran. Sie verzauberten uns mit einem tollen Theaterst\u00fcck. Au\u00dferdem sangen sie Lieder und trugen ein Weihachtsgedicht vom \u201ewei\u00dfen Mann mit langem Bart\u201c vor. <\/p>\n\n\n\n<p>Auch an diesem Tag gab es als Abschluss wieder einen kleinen Einblick ins Land der Olchis &#8211; gelesen von Frau Hinze. <\/p>\n\n\n\n<figure class=\"wp-block-gallery has-nested-images columns-2 is-cropped wp-block-gallery-2 is-layout-flex wp-block-gallery-is-layout-flex\">\n<figure class=\"wp-block-image\"><img loading=\"lazy\" decoding=\"async\" width=\"768\" height=\"675\" data-id=\"625\" src=\"https:\/\/wordpress.nibis.de\/gsamwall\/files\/2020\/04\/UNADJUSTEDNONRAW_thumb_6b39-768x675.jpg\" alt=\"\" class=\"wp-image-625\" \/><\/figure>\n<\/figure>\n\n\n\n<p>Den diesj\u00e4hrigen Abschluss machten die Kinder der vierten Klassen am 16.12.2019. Auch sie begeisterten uns alle mit einem tollen Theaterst\u00fcck \u00fcber einen Weihnachtsmann, der dringend einen neuen Wecker braucht. <\/p>\n\n\n\n<p>Anschlie\u00dfend trugen sie uns ein Gedicht in vielen verschiedenen Sprachen vor. Von Deutsch \u00fcber Englisch, T\u00fcrkisch und Arabisch konnten wir den verschiedenen Landessprachen unserer Sch\u00fclerinnen und Sch\u00fcler lauschen. <\/p>\n\n\n\n<figure class=\"wp-block-gallery has-nested-images columns-2 is-cropped wp-block-gallery-3 is-layout-flex wp-block-gallery-is-layout-flex\">\n<figure class=\"wp-block-image\"><img loading=\"lazy\" decoding=\"async\" width=\"768\" height=\"675\" data-id=\"629\" src=\"https:\/\/wordpress.nibis.de\/gsamwall\/files\/2020\/04\/UNADJUSTEDNONRAW_thumb_6b07-768x675.jpg\" alt=\"\" class=\"wp-image-629\" \/><\/figure>\n\n\n\n<figure class=\"wp-block-image\"><img loading=\"lazy\" decoding=\"async\" width=\"1024\" height=\"675\" data-id=\"630\" src=\"https:\/\/wordpress.nibis.de\/gsamwall\/files\/2020\/04\/UNADJUSTEDNONRAW_thumb_6b12-1024x675.jpg\" alt=\"\" class=\"wp-image-630\" \/><\/figure>\n<\/figure>\n","protected":false},"excerpt":{"rendered":"<p>Montag &#8211; 8 Uhr &#8211; Grundschule am Wall: Die Pausenhalle f\u00fcllt sich schlagartig mit vielen aufgeregten Sch\u00fclerinnen und Sch\u00fclern. Lehrer tragen B\u00e4nke und bauen die Musikanlage auf, Kindern kommen mit Sitzkissen unter den Armen angelaufen&#8230;.Und alle wissen: Es weihachtet in der Pausenhalle der Grundschule. Wie in jedem Jahr f\u00fchren wir auch in 2019 die Tradition &hellip; <a href=\"https:\/\/wordpress.nibis.de\/gsamwall\/weihnachtszeit\/\" class=\"more-link\"><span class=\"screen-reader-text\">Weihnachtszeit<\/span> weiterlesen <span class=\"meta-nav\">&rarr;<\/span><\/a><\/p>\n","protected":false},"author":9193468,"featured_media":0,"parent":0,"menu_order":0,"comment_status":"closed","ping_status":"closed","template":"","meta":{"footnotes":""},"class_list":["post-304","page","type-page","status-publish","hentry"],"_links":{"self":[{"href":"https:\/\/wordpress.nibis.de\/gsamwall\/wp-json\/wp\/v2\/pages\/304","targetHints":{"allow":["GET"]}}],"collection":[{"href":"https:\/\/wordpress.nibis.de\/gsamwall\/wp-json\/wp\/v2\/pages"}],"about":[{"href":"https:\/\/wordpress.nibis.de\/gsamwall\/wp-json\/wp\/v2\/types\/page"}],"author":[{"embeddable":true,"href":"https:\/\/wordpress.nibis.de\/gsamwall\/wp-json\/wp\/v2\/users\/9193468"}],"replies":[{"embeddable":true,"href":"https:\/\/wordpress.nibis.de\/gsamwall\/wp-json\/wp\/v2\/comments?post=304"}],"version-history":[{"count":6,"href":"https:\/\/wordpress.nibis.de\/gsamwall\/wp-json\/wp\/v2\/pages\/304\/revisions"}],"predecessor-version":[{"id":2695,"href":"https:\/\/wordpress.nibis.de\/gsamwall\/wp-json\/wp\/v2\/pages\/304\/revisions\/2695"}],"wp:attachment":[{"href":"https:\/\/wordpress.nibis.de\/gsamwall\/wp-json\/wp\/v2\/media?parent=304"}],"curies":[{"name":"wp","href":"https:\/\/api.w.org\/{rel}","templated":true}]}}