{"id":306,"date":"2020-04-14T19:51:16","date_gmt":"2020-04-14T17:51:16","guid":{"rendered":"https:\/\/wordpress.nibis.de\/gsamwall\/?page_id=306"},"modified":"2020-04-16T21:54:58","modified_gmt":"2020-04-16T19:54:58","slug":"weihnachtsmarkt","status":"publish","type":"page","link":"https:\/\/wordpress.nibis.de\/gsamwall\/weihnachtsmarkt\/","title":{"rendered":"Weihnachtsmarkt"},"content":{"rendered":"\n<div id=\"txt_425\">\n<p class=\"Normal-P0\"><span class=\"Normal-C1\">Wie schon im letzten Jahr war auch in diesem Jahr der F\u00f6rderverein der Grundschule am Wall mit einem Verkaufsstand auf dem Weihnachtmarkt in Hann. M\u00fcnden vertreten. <\/span><\/p>\n<p class=\"Normal-P0\"><span class=\"Normal-C1\">Eltern, Kollegen und Mitarbeiter der Grundschule haben im Vorfeld sehr flei\u00dfig gebastelt, gen\u00e4ht und gewerkelt, um eine riesige Auswahl an tollen Dingen zu pr\u00e4sentieren. Taschen, Kissen, Holzdeko, Weihnachtskr\u00e4nze, M\u00fctzen, Stirnb\u00e4nder und vielerlei anderers wurden geboten. <\/span><\/p>\n<p class=\"Normal-P0\"><span class=\"Normal-C1\">Der Markt war f\u00fcr uns wieder ein voller Erfolg. Die Einnahmen gehen auch in diesem Jahr an den F\u00f6rderverein unserer Schule. <\/span><\/p>\n<\/div>\n\n\n\n<ul class=\"wp-block-gallery columns-2 is-cropped wp-block-gallery-1 is-layout-flex wp-block-gallery-is-layout-flex\"><li class=\"blocks-gallery-item\"><figure><img loading=\"lazy\" decoding=\"async\" width=\"1200\" height=\"675\" src=\"https:\/\/wordpress.nibis.de\/gsamwall\/files\/2020\/04\/01e437de-7d14-4462-a5ab-d37bc725bf6e-1200x675.jpg\" alt=\"\" data-id=\"610\" data-link=\"https:\/\/wordpress.nibis.de\/gsamwall\/weihnachtsmarkt\/01e437de-7d14-4462-a5ab-d37bc725bf6e\/\" class=\"wp-image-610\" srcset=\"https:\/\/wordpress.nibis.de\/gsamwall\/files\/2020\/04\/01e437de-7d14-4462-a5ab-d37bc725bf6e-1200x675.jpg 1200w, https:\/\/wordpress.nibis.de\/gsamwall\/files\/2020\/04\/01e437de-7d14-4462-a5ab-d37bc725bf6e-250x141.jpg 250w, https:\/\/wordpress.nibis.de\/gsamwall\/files\/2020\/04\/01e437de-7d14-4462-a5ab-d37bc725bf6e-850x478.jpg 850w\" sizes=\"auto, (max-width: 1200px) 100vw, 1200px\" \/><\/figure><\/li><li class=\"blocks-gallery-item\"><figure><img loading=\"lazy\" decoding=\"async\" width=\"1200\" height=\"675\" src=\"https:\/\/wordpress.nibis.de\/gsamwall\/files\/2020\/04\/c04fed94-9709-4a80-b9e5-8e10d2d64b3f-1200x675.jpg\" alt=\"\" data-id=\"611\" data-link=\"https:\/\/wordpress.nibis.de\/gsamwall\/weihnachtsmarkt\/c04fed94-9709-4a80-b9e5-8e10d2d64b3f\/\" class=\"wp-image-611\" srcset=\"https:\/\/wordpress.nibis.de\/gsamwall\/files\/2020\/04\/c04fed94-9709-4a80-b9e5-8e10d2d64b3f-1200x675.jpg 1200w, https:\/\/wordpress.nibis.de\/gsamwall\/files\/2020\/04\/c04fed94-9709-4a80-b9e5-8e10d2d64b3f-250x141.jpg 250w, https:\/\/wordpress.nibis.de\/gsamwall\/files\/2020\/04\/c04fed94-9709-4a80-b9e5-8e10d2d64b3f-850x478.jpg 850w\" sizes=\"auto, (max-width: 1200px) 100vw, 1200px\" \/><\/figure><\/li><li class=\"blocks-gallery-item\"><figure><img loading=\"lazy\" decoding=\"async\" width=\"1200\" height=\"675\" src=\"https:\/\/wordpress.nibis.de\/gsamwall\/files\/2020\/04\/def8a013-d488-4023-8a5b-dcb3496f69fe-1200x675.jpg\" alt=\"\" data-id=\"612\" data-link=\"https:\/\/wordpress.nibis.de\/gsamwall\/weihnachtsmarkt\/def8a013-d488-4023-8a5b-dcb3496f69fe\/\" class=\"wp-image-612\" srcset=\"https:\/\/wordpress.nibis.de\/gsamwall\/files\/2020\/04\/def8a013-d488-4023-8a5b-dcb3496f69fe-1200x675.jpg 1200w, https:\/\/wordpress.nibis.de\/gsamwall\/files\/2020\/04\/def8a013-d488-4023-8a5b-dcb3496f69fe-250x141.jpg 250w, https:\/\/wordpress.nibis.de\/gsamwall\/files\/2020\/04\/def8a013-d488-4023-8a5b-dcb3496f69fe-850x478.jpg 850w\" sizes=\"auto, (max-width: 1200px) 100vw, 1200px\" \/><\/figure><\/li><\/ul>\n","protected":false},"excerpt":{"rendered":"<p>Wie schon im letzten Jahr war auch in diesem Jahr der F\u00f6rderverein der Grundschule am Wall mit einem Verkaufsstand auf dem Weihnachtmarkt in Hann. M\u00fcnden vertreten. Eltern, Kollegen und Mitarbeiter der Grundschule haben im Vorfeld sehr flei\u00dfig gebastelt, gen\u00e4ht und gewerkelt, um eine riesige Auswahl an tollen Dingen zu pr\u00e4sentieren. Taschen, Kissen, Holzdeko, Weihnachtskr\u00e4nze, M\u00fctzen, &hellip; <a href=\"https:\/\/wordpress.nibis.de\/gsamwall\/weihnachtsmarkt\/\" class=\"more-link\"><span class=\"screen-reader-text\">Weihnachtsmarkt<\/span> weiterlesen <span class=\"meta-nav\">&rarr;<\/span><\/a><\/p>\n","protected":false},"author":9193468,"featured_media":0,"parent":0,"menu_order":0,"comment_status":"closed","ping_status":"closed","template":"","meta":{"footnotes":""},"class_list":["post-306","page","type-page","status-publish","hentry"],"_links":{"self":[{"href":"https:\/\/wordpress.nibis.de\/gsamwall\/wp-json\/wp\/v2\/pages\/306","targetHints":{"allow":["GET"]}}],"collection":[{"href":"https:\/\/wordpress.nibis.de\/gsamwall\/wp-json\/wp\/v2\/pages"}],"about":[{"href":"https:\/\/wordpress.nibis.de\/gsamwall\/wp-json\/wp\/v2\/types\/page"}],"author":[{"embeddable":true,"href":"https:\/\/wordpress.nibis.de\/gsamwall\/wp-json\/wp\/v2\/users\/9193468"}],"replies":[{"embeddable":true,"href":"https:\/\/wordpress.nibis.de\/gsamwall\/wp-json\/wp\/v2\/comments?post=306"}],"version-history":[{"count":4,"href":"https:\/\/wordpress.nibis.de\/gsamwall\/wp-json\/wp\/v2\/pages\/306\/revisions"}],"predecessor-version":[{"id":614,"href":"https:\/\/wordpress.nibis.de\/gsamwall\/wp-json\/wp\/v2\/pages\/306\/revisions\/614"}],"wp:attachment":[{"href":"https:\/\/wordpress.nibis.de\/gsamwall\/wp-json\/wp\/v2\/media?parent=306"}],"curies":[{"name":"wp","href":"https:\/\/api.w.org\/{rel}","templated":true}]}}