{"id":312,"date":"2020-04-14T19:53:05","date_gmt":"2020-04-14T17:53:05","guid":{"rendered":"https:\/\/wordpress.nibis.de\/gsamwall\/?page_id=312"},"modified":"2025-07-14T09:06:31","modified_gmt":"2025-07-14T07:06:31","slug":"besuch-der-feuerwehr","status":"publish","type":"page","link":"https:\/\/wordpress.nibis.de\/gsamwall\/besuch-der-feuerwehr\/","title":{"rendered":"Besuch der Feuerwehr"},"content":{"rendered":"\n<div id=\"txt_425\">\n<p class=\"Normal-P0\"><span class=\"Normal-C1\">Im Rahmen des Sachunterrichtes haben die Sch\u00fclerinnen und Sch\u00fcler der dritten Klassen am 28.10.2019 die freiwillige Feuerwehr in Hann. M\u00fcnden besucht. <\/span><\/p>\n<p class=\"Normal-P0\"><span class=\"Normal-C1\">Nachdem wir unser Wissen in einigen interessanten Videos vertiefen und erweitern konnten, bekamen wir die M\u00f6glichkeit, die Feuerwehrautos sowie die Ausr\u00fcstung der Feuerwehr anzuschauen. Als Abschluss durften wir dann einmal in einem der gro\u00dfen Feuerwehrautos Probesitzen und etwas Feuerwehrluft schnuppern. <\/span><\/p>\n<p class=\"Normal-P0\"><span class=\"Normal-C1\">Wir bedanken uns recht herzlich f\u00fcr die Einblicke in die Arbeit der Feuerwehr Hann. M\u00fcnden. <\/span><\/p>\n<\/div>\n\n\n\n<figure class=\"wp-block-gallery has-nested-images columns-3 is-cropped wp-block-gallery-1 is-layout-flex wp-block-gallery-is-layout-flex\">\n<figure class=\"wp-block-image\"><img loading=\"lazy\" decoding=\"async\" width=\"1024\" height=\"675\" data-id=\"594\" src=\"https:\/\/wordpress.nibis.de\/gsamwall\/files\/2020\/04\/UNADJUSTEDNONRAW_thumb_6848-1024x675.jpg\" alt=\"\" class=\"wp-image-594\" \/><\/figure>\n<\/figure>\n","protected":false},"excerpt":{"rendered":"<p>Im Rahmen des Sachunterrichtes haben die Sch\u00fclerinnen und Sch\u00fcler der dritten Klassen am 28.10.2019 die freiwillige Feuerwehr in Hann. M\u00fcnden besucht. Nachdem wir unser Wissen in einigen interessanten Videos vertiefen und erweitern konnten, bekamen wir die M\u00f6glichkeit, die Feuerwehrautos sowie die Ausr\u00fcstung der Feuerwehr anzuschauen. Als Abschluss durften wir dann einmal in einem der gro\u00dfen &hellip; <a href=\"https:\/\/wordpress.nibis.de\/gsamwall\/besuch-der-feuerwehr\/\" class=\"more-link\"><span class=\"screen-reader-text\">Besuch der Feuerwehr<\/span> weiterlesen <span class=\"meta-nav\">&rarr;<\/span><\/a><\/p>\n","protected":false},"author":9193468,"featured_media":0,"parent":0,"menu_order":0,"comment_status":"closed","ping_status":"closed","template":"","meta":{"footnotes":""},"class_list":["post-312","page","type-page","status-publish","hentry"],"_links":{"self":[{"href":"https:\/\/wordpress.nibis.de\/gsamwall\/wp-json\/wp\/v2\/pages\/312","targetHints":{"allow":["GET"]}}],"collection":[{"href":"https:\/\/wordpress.nibis.de\/gsamwall\/wp-json\/wp\/v2\/pages"}],"about":[{"href":"https:\/\/wordpress.nibis.de\/gsamwall\/wp-json\/wp\/v2\/types\/page"}],"author":[{"embeddable":true,"href":"https:\/\/wordpress.nibis.de\/gsamwall\/wp-json\/wp\/v2\/users\/9193468"}],"replies":[{"embeddable":true,"href":"https:\/\/wordpress.nibis.de\/gsamwall\/wp-json\/wp\/v2\/comments?post=312"}],"version-history":[{"count":4,"href":"https:\/\/wordpress.nibis.de\/gsamwall\/wp-json\/wp\/v2\/pages\/312\/revisions"}],"predecessor-version":[{"id":2694,"href":"https:\/\/wordpress.nibis.de\/gsamwall\/wp-json\/wp\/v2\/pages\/312\/revisions\/2694"}],"wp:attachment":[{"href":"https:\/\/wordpress.nibis.de\/gsamwall\/wp-json\/wp\/v2\/media?parent=312"}],"curies":[{"name":"wp","href":"https:\/\/api.w.org\/{rel}","templated":true}]}}