{"id":344,"date":"2020-04-14T20:01:47","date_gmt":"2020-04-14T18:01:47","guid":{"rendered":"https:\/\/wordpress.nibis.de\/gsamwall\/?page_id=344"},"modified":"2020-04-28T22:06:05","modified_gmt":"2020-04-28T20:06:05","slug":"schulkindergarten","status":"publish","type":"page","link":"https:\/\/wordpress.nibis.de\/gsamwall\/schulkindergarten\/","title":{"rendered":"Schulkindergarten"},"content":{"rendered":"\n<p><img loading=\"lazy\" decoding=\"async\" class=\" wp-image-875 alignright\" src=\"https:\/\/wordpress.nibis.de\/gsamwall\/files\/2020\/04\/Kiga_2.png\" alt=\"\" width=\"246\" height=\"184\" \/><span class=\"Normal-C0\"><strong>1. Allgemeines<\/strong><br \/><\/span><span class=\"Normal-C1\">\u00a0<\/span><span class=\"tiny_p-C\">Schulpflichtige Kinder, bei denen nach der schul\u00e4rztlichen Untersuchung und ggf. durch die Ergebnisse der Schuleingangsdiagnostik Defizite in k\u00f6rperlicher, sozialer, geistiger oder seelischer Entwicklung festgestellt wurden, k\u00f6nnen nach \u00a7 64 Abs. 2 NSchG ein Jahr vom Schulbesuch zur\u00fcckgestellt werden. Die Entscheidung der Zur\u00fcckstellung obliegt der Schulleitung.<\/span><\/p>\n<p class=\"tiny_p-P\"><span class=\"tiny_p-C\">\u00a0<br \/>Der Schulkindergarten der Grundschule am Wall wurde zu Beginn des Schuljahres 2018\/19 eingerichtet und wird von einer Grundschullehrkraft geleitet. Unsere F\u00f6rderschullehrkr\u00e4fte unterst\u00fctzen die leitende Lehrkraft in ihrer Arbeit. Die t\u00e4gliche Unterrichtszeit betr\u00e4gt vier Schulstunden, also insgesamt 20 Wochenstunden. Die Klassengr\u00f6\u00dfe variiert jedes Schuljahr je nach Anmeldezahlen.<\/span><span class=\"Normal-C1\"><img loading=\"lazy\" decoding=\"async\" class=\"wp-image-876 aligncenter\" src=\"https:\/\/wordpress.nibis.de\/gsamwall\/files\/2020\/04\/KiGa_1.png\" alt=\"\" width=\"235\" height=\"176\" \/>I<\/span><span class=\"tiny_p-C\">m Schulkindergarten sollen die Grundlagen f\u00fcr eine erfolgreiche Mitarbeit im 1. Schuljahr geschaffen werden. Die Inhalte der ersten Klasse werden dabei nicht vorweggenommen. Die F\u00f6rderung erfolgt sowohl in der ganzen Gruppe als auch individuell ausgehend von der Lernausgangslage des Kindes.<\/span><\/p>\n<p class=\"tiny_p-P\"><span class=\"tiny_p-C\">Durch die individuelle F\u00f6rderung sind dement-sprechend auch die Lernangebote vielf\u00e4ltig und wechseln zwischen Spiel- und Unterrichtsphasen. Sie umfassen die gemeinsame Arbeit in der Gruppe, sowie individuelle F\u00f6rderung (F\u00f6rderplanung) der Gesamtpers\u00f6nlichkeit.<\/span><\/p>\n<p class=\"tiny_p-P\"><span class=\"tiny_p-C\"><br \/>Die Kinder aus dem SKG nehmen teilweise am Unterricht oder geeigneten Veranstaltungen der ersten Klassen teil.<\/span><\/p>\n<p class=\"tiny_p-P\"><span class=\"tiny_p-C\"><br \/>Ein intensiver Kontakt zu den Eltern und in Absprache mit den Eltern, die Zusammenarbeit mit Therapeuten, Beratungsstellen, Jugendhilfestation und Gesundheitsamt sind dabei nat\u00fcrlicher Bestandteil unserer Arbeit.<\/span><\/p>\n<p class=\"tiny_p-P\"><span class=\"Normal-C1\">Z<\/span><span class=\"tiny_p-C\">ur\u00fcckgestellten Kindern soll im Jahr der Zur\u00fcckstellung die Chance gegeben werden, durch individuelle und ganzheitliche F\u00f6rderma\u00dfnahmen die gew\u00fcnschte Schulf\u00e4higkeit zu erlangen. Da sich die Schulkindergartenkinder am Schulleben der Grundschule, wie z.B. Pausen, gemeinsame Feste: Weihnachtsfeier, Schulfest, gemeinsame Ausfl\u00fcge, gemeinsamer Besuch von Theaterauff\u00fchrungen usw. beteiligen, bietet das Jahr im Schulkindergarten den Kindern die Chance, sich ohne Leistungsdruck an das Schulleben und die Schulgemeinschaft zu gew\u00f6hnen.<\/span><\/p>\n<p class=\"tiny_p-P\"><span class=\"tiny_p-C\">Durch die Vertrautheit des Schulalltags wird den Kindern f\u00fcr das kommende erste Schuljahr Sicherheit gegeben, die ihnen besonders in der Schuleingangsphase hilft und sie gest\u00e4rkt am Unterricht der zust\u00e4ndigen Grundschule teilnehmen l\u00e4sst.<\/span><\/p>\n<p class=\"Normal-P\"><span class=\"Normal-C0\">\u00a0<\/span><\/p>\n<p class=\"heading-1-P\"><span class=\"Normal-C0\"><strong>2. Lernbereiche <\/strong><br \/><\/span><\/p>\n<p class=\"tiny_p-P\"><span class=\"tiny_p-C\"><img loading=\"lazy\" decoding=\"async\" class=\" wp-image-877 alignright\" src=\"https:\/\/wordpress.nibis.de\/gsamwall\/files\/2020\/04\/KiGa.png\" alt=\"\" width=\"260\" height=\"195\" \/>Das angeleitete Spiel der Kinder nimmt im Schulkindergarten eine zentrale Stellung ein. Spielphasen sind t\u00e4glich in dem Tagesablauf eingeplant, damit die Kinder die M\u00f6glichkeit erhalten, einen Teil der verf\u00fcgbaren Zeit nach ihren Bed\u00fcrfnissen und Interessen zu gestalten. Daraus ergibt sich eine vielf\u00e4ltige und abwechslungsreiche Raumgestaltung.<\/span><\/p>\n<p class=\"tiny_p-P\"><span class=\"tiny_p-C\"><br \/>Im Schulkindergarten werden Defizite in den Lernvoraussetzungen und Beeintr\u00e4chtigungen der sozialen, emotionalen und k\u00f6rperlichen Entwicklung der Sch\u00fcler so gef\u00f6rdert, dass eine erfolgreiche Mitarbeit im 1. Schuljahr erleichtert wird.\u00a0<\/span><\/p>\n<p><img loading=\"lazy\" decoding=\"async\" class=\"size-full wp-image-874 aligncenter\" src=\"https:\/\/wordpress.nibis.de\/gsamwall\/files\/2020\/04\/KiGa_3.png\" alt=\"\" width=\"210\" height=\"286\" \/><\/p>\n<p class=\"Normal-P\"><span class=\"tiny_p-C\">Die Angebote ergeben sich aus folgenden Lernbereichen, denen jeweils bestimmte zu f\u00f6rdernde F\u00e4higkeiten und Fertigkeiten zugeordnet sind:<br \/><\/span><\/p>\n<p class=\"Normal-P\"><strong><span class=\"Normal-C1\">Sozial- und Arbeitsverhalten<\/span><\/strong><\/p>\n<ul class=\"tiny_p-P0\">\n<li class=\"tiny_p-P1\"><span class=\"tiny_p-C\">Kontakt-, Kooperations- und Teamverhalten<\/span><\/li>\n<li class=\"Normal-P0\"><span class=\"tiny_p-C\">Selbstkontrolle<\/span><\/li>\n<li class=\"Normal-P0\"><span class=\"tiny_p-C\">Regelverst\u00e4ndnis<\/span><\/li>\n<li class=\"Normal-P0\"><span class=\"tiny_p-C\">Lernbereitschaft und Arbeitshaltung<\/span><\/li>\n<li class=\"Normal-P0\"><span class=\"tiny_p-C\">Ausdauer und Konzentration<\/span><\/li>\n<li class=\"Normal-P0\"><span class=\"tiny_p-C\">Konfliktverhalten<\/span><\/li>\n<li class=\"Normal-P0\"><span class=\"tiny_p-C\">Merkf\u00e4higkeit und Anweisungsverst\u00e4ndnis<\/span><\/li>\n<\/ul>\n<p class=\"Normal-P\"><strong><span class=\"Normal-C1\">Sprechen und H\u00f6ren<\/span><\/strong><\/p>\n<ul class=\"tiny_p-P2\">\n<li class=\"tiny_p-P3\"><span class=\"tiny_p-C\">Wortschatz, Satzbau und Grammatik<br \/>Sprechen und Zuh\u00f6ren k\u00f6nnen<\/span><\/li>\n<li class=\"tiny_p-P3\"><span class=\"tiny_p-C\">Phonologische Bewusstheit (Worterkennung, Reime, Silben, H\u00f6rmerkspanne, Laute)<\/span><\/li>\n<li class=\"tiny_p-P3\"><span class=\"tiny_p-C\">Gespr\u00e4chsbereitschaft<\/span><\/li>\n<li class=\"tiny_p-P3\"><span class=\"tiny_p-C\">Abstraktionsverm\u00f6gen<\/span>\u00a0<\/li>\n<\/ul>\n<p class=\"Normal-P\"><strong><span class=\"Normal-C1\">Lernvoraussetzungen Mathematik<\/span><\/strong><\/p>\n<ul class=\"tiny_p-P2\">\n<li class=\"tiny_p-P3\"><span class=\"tiny_p-C\">Vergleichen, Sortieren und Ordnen<\/span><\/li>\n<li class=\"tiny_p-P3\"><span class=\"tiny_p-C\">Farben, Formen und Gr\u00f6\u00dfen<\/span><\/li>\n<li class=\"Normal-P0\"><span class=\"tiny_p-C\">Mengen erfassen und vergleichen<\/span><\/li>\n<li class=\"Normal-P0\"><span class=\"tiny_p-C\">Zahlenwissen, Eins-zu-Eins-Zuordnung<\/span><\/li>\n<li class=\"Normal-P0\"><span class=\"tiny_p-C\">W\u00fcrfelzahlen<\/span><\/li>\n<li class=\"Normal-P0\"><span class=\"tiny_p-C\">Reihen fortsetzen<\/span><\/li>\n<\/ul>\n<p class=\"Normal-P1\"><strong><span class=\"Normal-C1\">Natur- und Sachbegegnung<\/span><\/strong><\/p>\n<ul class=\"tiny_p-P2\">\n<li class=\"tiny_p-P3\"><span class=\"tiny_p-C\">Umweltwissen<\/span><\/li>\n<li class=\"tiny_p-P3\"><span class=\"tiny_p-C\">Naturbeobachtung<\/span><\/li>\n<li class=\"tiny_p-P3\"><span class=\"tiny_p-C\">Verkehrserziehung<\/span><\/li>\n<li class=\"tiny_p-P3\"><span class=\"tiny_p-C\">Gesundheitserziehung<\/span>\u00a0<\/li>\n<\/ul>\n<p class=\"Normal-P\"><strong><span class=\"Normal-C1\">Bildnerisches Gestalten<\/span><\/strong><\/p>\n<ul class=\"tiny_p-P2\">\n<li class=\"tiny_p-P3\"><span class=\"tiny_p-C\">Malen, Zeichnen, Basteln<\/span><\/li>\n<li class=\"tiny_p-P3\"><span class=\"tiny_p-C\">Umgang mit unterschiedlichen Gestaltungsmaterialien<\/span><\/li>\n<li class=\"tiny_p-P3\"><span class=\"tiny_p-C\">\u00dcben von Arbeitstechniken<\/span>\u00a0<\/li>\n<\/ul>\n<p class=\"Normal-P\"><strong><span class=\"Normal-C1\">Rhythmisch\/musikalische Erziehung<\/span><\/strong><\/p>\n<ul class=\"tiny_p-P2\">\n<li class=\"tiny_p-P3\"><span class=\"tiny_p-C\">Singen, tanzen<\/span><\/li>\n<li class=\"tiny_p-P3\"><span class=\"tiny_p-C\">Umgang mit Instrumenten<\/span><\/li>\n<li class=\"tiny_p-P3\"><span class=\"tiny_p-C\">Melodisch-akustische Differenzierung<\/span><\/li>\n<li class=\"tiny_p-P3\"><span class=\"tiny_p-C\">Rhythmik<\/span>\u00a0<\/li>\n<\/ul>\n<p class=\"Normal-P\"><strong><span class=\"Normal-C1\">Bewegungserziehung<\/span><\/strong><\/p>\n<ul class=\"tiny_p-P2\">\n<li class=\"tiny_p-P3\"><span class=\"tiny_p-C\">K\u00f6rper- und Bewegungssicherheit<\/span><\/li>\n<li class=\"tiny_p-P3\"><span class=\"tiny_p-C\">Raumorientierung<\/span><\/li>\n<li class=\"tiny_p-P3\"><span class=\"tiny_p-C\">Regelverst\u00e4ndnis<\/span><\/li>\n<li class=\"tiny_p-P3\"><span class=\"tiny_p-C\">Feinmotorik (Ausmalen, Schneiden, Kleben, Kneten, Bauen, Greifen, Stifthaltung)<\/span><\/li>\n<\/ul>\n<p class=\"Normal-P1\"><strong><span class=\"Normal-C1\">Wahrnehmung<\/span><\/strong><\/p>\n<ul class=\"Normal-P2\">\n<li class=\"Normal-P0\"><span class=\"tiny_p-C\">Akustische Wahrnehmung (Laute, Ger\u00e4usche)<\/span><\/li>\n<li class=\"Normal-P0\"><span class=\"tiny_p-C\">Visuelle Wahrnehmung (Raumlage, Konstanz, Figur-Grundwahrnehmung, Auge-Hand-Koordination)<\/span><\/li>\n<li class=\"Normal-P0\"><span class=\"tiny_p-C\">Taktil-kin\u00e4sthetische Wahrnehmung (F\u00fchlen, K\u00f6rperschema, Mittellinienkreuzung)<\/span><\/li>\n<li class=\"tiny_p-P3\"><span class=\"tiny_p-C\">Vestibul\u00e4re Wahrnehmung (Gleichgewicht, Orientierung)<\/span><\/li>\n<\/ul>\n<p class=\"Normal-P\"><span class=\"tiny_p-C\">Die Beurteilung der Kinder im SKG auf Basis der unmittelbaren Beobachtung und der Arbeitsergebnisse in Form von Arbeitsbl\u00e4ttern, Bildern, Werkst\u00fccken werden als Ergebnis im Schulentwicklungsbogen festgehalten. Wichtig ist uns vor allem, dass die Kinder in ihrer Sozialkompetenz und Arbeitsbereitschaft gest\u00e4rkt werden.<\/span><\/p>\n<p class=\"Normal-P\"><span class=\"Normal-C1\"><br \/><strong>3. Beispiele f\u00fcr die Umsetzung<\/strong><\/span><\/p>\n<ul class=\"Normal-P3\">\n<li class=\"Normal-P4\"><span class=\"tiny_p-C\">Das Selbstvertrauen aufbauen und festigen<br \/>(W\u00fcnsche \u00e4u\u00dfern, Meinungen und Ideen vertreten, allt\u00e4gliche Verrichtungen wie An- und Ausziehen, Schulsachen ordnen, ohne Hilfe arbeiten\u2026)<\/span><\/li>\n<li class=\"Normal-P4\"><span class=\"tiny_p-C\">Die F\u00e4higkeit zur Selbstkontrolle erweitern<br \/>(sich bei Gespr\u00e4chen an Regeln halten, Kritik vertragen und ertragen, eigene Bed\u00fcrfnisse zur\u00fcckstellen k\u00f6nnen\u2026)<\/span><\/li>\n<li class=\"Normal-P4\"><span class=\"tiny_p-C\">Die Bereitschaft und F\u00e4higkeit mit anderen Kontakt aufzunehmen, zu spielen und zu arbeiten<br \/>(Rollenspiele, Freispiel, Pausenhofspiel, Lernen Mitsch\u00fcler anzusprechen, um Hilfe bitten\u2026)<\/span><\/li>\n<li class=\"Normal-P4\"><span class=\"tiny_p-C\">Konzentration und Merkf\u00e4higkeit erweitern<br \/>(Figuren nachzeichnen, Memory, verschiedene Gesellschaftsspiele spielen, Muster fortsetzen, l\u00e4ngere Zeit bei einem Spiel verweilen, Sprach- und Sprechspiele lernen, kurze Geschichten wiederholen, beim Vorlesen von Geschichten zuh\u00f6ren\u2026)<\/span><\/li>\n<li class=\"Normal-P4\"><span class=\"tiny_p-C\">Sprechbereitschaft und Sprechf\u00e4higkeit in der Gruppe entwickeln<br \/>(im morgendlichen Gespr\u00e4chskreis anderen etwas erz\u00e4hlen, zu Bildern etwas sagen, Satzreihen bilden\u2026)<\/span><\/li>\n<li class=\"Normal-P4\"><span class=\"tiny_p-C\">Grob- und Feinmotorik weiter ausbilden<br \/>(Laufen, Springen, Werfen, Fangen, auf verschiedenen Ger\u00e4ten balancieren, Koordination entwickeln\/ Hampelmann, Material kneten, schneiden, falten, Perlen aufziehen, Bilder aus- und anmalen<\/span><\/li>\n<li class=\"Normal-P4\"><span class=\"tiny_p-C\">Schwung\u00fcbungen ausf\u00fchren, Druckbuchstaben schreiben\u2026)<\/span><\/li>\n<li class=\"Normal-P4\"><span class=\"tiny_p-C\">Differenzierte visuelle und auditive Wahrnehmungsf\u00e4higkeit f\u00f6rdern<br \/>(nach Farbe, Form und Gr\u00f6\u00dfe sortieren, Puzzle legen, \u00a0\u00a0\u00a0<\/span><\/li>\n<li class=\"Normal-P4\"><span class=\"tiny_p-C\">Unterschiede zwischen zwei \u00a0\u00a0\u00a0\u00a0Bildern suchen, Gegenst\u00e4nde \u00a0\u00a0\u00a0\u00a0\u00a0nach genauer Beschreibung finden, Kim Spiele, Ger\u00e4usche erkennen\u2026)<\/span><\/li>\n<li class=\"Normal-P4\"><span class=\"tiny_p-C\">Gew\u00f6hnung an einen schulis<a name=\"_GoBack\"><\/a>chen Tagesablauf<br \/>(p\u00fcnktliches und regelm\u00e4\u00dfiges Erscheinen, Bereithalten von Arbeitsmaterialien, Raum- und Gruppenwechsel)<\/span><\/li>\n<\/ul>\n<p class=\"Normal-P\"><span class=\"tiny_p-C\">F\u00fcr diese Zusammenarbeit ist gegenseitige Information und Vertrauen Voraussetzung.<\/span><\/p>\n<p class=\"Normal-P\"><span class=\"tiny_p-C\">\u00a0<\/span><\/p>\n<p class=\"Normal-P\"><strong><span class=\"Normal-C1\">Formen und Inhalte der Zusammenarbeit:<\/span><\/strong><\/p>\n<ul class=\"tiny_p-P2\">\n<li class=\"tiny_p-P3\"><span class=\"tiny_p-C\">Elterninformationsabend vor der Einschulung<\/span><\/li>\n<li class=\"tiny_p-P3\"><span class=\"tiny_p-C\">Schriftliche Elterninformationen w\u00e4hrend des laufenden Schuljahres<\/span><\/li>\n<li class=\"tiny_p-P3\"><span class=\"tiny_p-C\">Sp\u00e4testens Oktober \/ November: Erste Elterngespr\u00e4che durch SKG-Leitung und ggf. F\u00f6rderschullehrer\/ Schulleitung, wenn besondere Auff\u00e4lligkeiten bei einem Kind zu beobachten sind<\/span><\/li>\n<li class=\"tiny_p-P3\"><span class=\"tiny_p-C\">Weitere Gespr\u00e4che, wenn Eltern es w\u00fcnschen bzw. wenn Kinder besondere Auff\u00e4lligkeiten zeigen (evtl. Einleitung von \u00dcberpr\u00fcfungsverfahren zur Feststellung eines sonderp\u00e4dagogischen Unterst\u00fctzungsbedarfs)<\/span><\/li>\n<li class=\"tiny_p-P3\"><span class=\"tiny_p-C\">Hausbesuche<\/span><\/li>\n<li class=\"tiny_p-P3\"><span class=\"tiny_p-C\">Hospitation der Eltern<\/span><\/li>\n<\/ul>\n<p class=\"Normal-P\"><span class=\"Normal-C1\">\u00a0<\/span><\/p>\n","protected":false},"excerpt":{"rendered":"<p>1. Allgemeines\u00a0Schulpflichtige Kinder, bei denen nach der schul\u00e4rztlichen Untersuchung und ggf. durch die Ergebnisse der Schuleingangsdiagnostik Defizite in k\u00f6rperlicher, sozialer, geistiger oder seelischer Entwicklung festgestellt wurden, k\u00f6nnen nach \u00a7 64 Abs. 2 NSchG ein Jahr vom Schulbesuch zur\u00fcckgestellt werden. Die Entscheidung der Zur\u00fcckstellung obliegt der Schulleitung. \u00a0Der Schulkindergarten der Grundschule am Wall wurde zu Beginn &hellip; <a href=\"https:\/\/wordpress.nibis.de\/gsamwall\/schulkindergarten\/\" class=\"more-link\"><span class=\"screen-reader-text\">Schulkindergarten<\/span> weiterlesen <span class=\"meta-nav\">&rarr;<\/span><\/a><\/p>\n","protected":false},"author":9193468,"featured_media":0,"parent":0,"menu_order":0,"comment_status":"closed","ping_status":"closed","template":"","meta":{"footnotes":""},"class_list":["post-344","page","type-page","status-publish","hentry"],"_links":{"self":[{"href":"https:\/\/wordpress.nibis.de\/gsamwall\/wp-json\/wp\/v2\/pages\/344","targetHints":{"allow":["GET"]}}],"collection":[{"href":"https:\/\/wordpress.nibis.de\/gsamwall\/wp-json\/wp\/v2\/pages"}],"about":[{"href":"https:\/\/wordpress.nibis.de\/gsamwall\/wp-json\/wp\/v2\/types\/page"}],"author":[{"embeddable":true,"href":"https:\/\/wordpress.nibis.de\/gsamwall\/wp-json\/wp\/v2\/users\/9193468"}],"replies":[{"embeddable":true,"href":"https:\/\/wordpress.nibis.de\/gsamwall\/wp-json\/wp\/v2\/comments?post=344"}],"version-history":[{"count":5,"href":"https:\/\/wordpress.nibis.de\/gsamwall\/wp-json\/wp\/v2\/pages\/344\/revisions"}],"predecessor-version":[{"id":880,"href":"https:\/\/wordpress.nibis.de\/gsamwall\/wp-json\/wp\/v2\/pages\/344\/revisions\/880"}],"wp:attachment":[{"href":"https:\/\/wordpress.nibis.de\/gsamwall\/wp-json\/wp\/v2\/media?parent=344"}],"curies":[{"name":"wp","href":"https:\/\/api.w.org\/{rel}","templated":true}]}}