{"id":681,"date":"2020-04-17T11:57:27","date_gmt":"2020-04-17T09:57:27","guid":{"rendered":"https:\/\/wordpress.nibis.de\/gsamwall\/?page_id=681"},"modified":"2023-08-29T14:24:35","modified_gmt":"2023-08-29T12:24:35","slug":"aktuelle-informationen-zur-schulschliessung-aufgrund-der-corona-krise","status":"publish","type":"page","link":"https:\/\/wordpress.nibis.de\/gsamwall\/aktuelle-informationen-zur-schulschliessung-aufgrund-der-corona-krise\/","title":{"rendered":"Formulare und Antr\u00e4ge"},"content":{"rendered":"\n<div class=\"wp-block-group\"><div class=\"wp-block-group__inner-container is-layout-flow wp-block-group-is-layout-flow\">\n<p>Liebe Eltern, anbei finden sie wichtige Formulare und Antr\u00e4ge welche sie bei Bedarf ausf\u00fcllen und in der Schule angeben k\u00f6nnen.\u00a0<\/p>\n<p><a href=\"https:\/\/wordpress.nibis.de\/gsamwall\/files\/2023\/08\/Freistellung-an-kirchlichen-Feiertagen.pdf\">Freistellung an kirchlichen Feiertagen<\/a><\/p>\n<\/div><\/div>\n\n\n\n<p><\/p>\n","protected":false},"excerpt":{"rendered":"<p>Liebe Eltern, anbei finden sie wichtige Formulare und Antr\u00e4ge welche sie bei Bedarf ausf\u00fcllen und in der Schule angeben k\u00f6nnen.\u00a0 Freistellung an kirchlichen Feiertagen<\/p>\n","protected":false},"author":9193468,"featured_media":0,"parent":0,"menu_order":0,"comment_status":"closed","ping_status":"closed","template":"","meta":{"footnotes":""},"class_list":["post-681","page","type-page","status-publish","hentry"],"_links":{"self":[{"href":"https:\/\/wordpress.nibis.de\/gsamwall\/wp-json\/wp\/v2\/pages\/681","targetHints":{"allow":["GET"]}}],"collection":[{"href":"https:\/\/wordpress.nibis.de\/gsamwall\/wp-json\/wp\/v2\/pages"}],"about":[{"href":"https:\/\/wordpress.nibis.de\/gsamwall\/wp-json\/wp\/v2\/types\/page"}],"author":[{"embeddable":true,"href":"https:\/\/wordpress.nibis.de\/gsamwall\/wp-json\/wp\/v2\/users\/9193468"}],"replies":[{"embeddable":true,"href":"https:\/\/wordpress.nibis.de\/gsamwall\/wp-json\/wp\/v2\/comments?post=681"}],"version-history":[{"count":41,"href":"https:\/\/wordpress.nibis.de\/gsamwall\/wp-json\/wp\/v2\/pages\/681\/revisions"}],"predecessor-version":[{"id":2456,"href":"https:\/\/wordpress.nibis.de\/gsamwall\/wp-json\/wp\/v2\/pages\/681\/revisions\/2456"}],"wp:attachment":[{"href":"https:\/\/wordpress.nibis.de\/gsamwall\/wp-json\/wp\/v2\/media?parent=681"}],"curies":[{"name":"wp","href":"https:\/\/api.w.org\/{rel}","templated":true}]}}