{"id":1817,"date":"2024-09-03T05:01:32","date_gmt":"2024-09-03T03:01:32","guid":{"rendered":"https:\/\/wordpress.nibis.de\/gsaos\/?page_id=1817"},"modified":"2025-09-09T12:18:37","modified_gmt":"2025-09-09T10:18:37","slug":"mittagessen","status":"publish","type":"page","link":"https:\/\/wordpress.nibis.de\/gsaos\/mittagessen\/","title":{"rendered":"Mittagessen"},"content":{"rendered":"\n<p>Hier finden Sie die Info der Mensa Meinsersen zur Selbstregistrierung: <a href=\"https:\/\/wordpress.nibis.de\/gsaos\/files\/2025\/09\/Info-zur-Selbstreg.-Schulen-09.2025-akt.1.pdf\">Info zur Selbstreg. Schulen 09.2025 akt.(1)<\/a><\/p>\n<p><strong><u>Zuschuss zum Mittagessen nach dem Bildungs- und Teilhabepaket (BuT)<\/u><\/strong><\/p>\n<ul>\n<li>Anspr\u00fcche auf BuT haben alle in Ihrem Haushalt lebenden Kinder, wenn Sie oder Ihr Kind eine der folgenden staatlichen Leistungen beziehen:\n<ul>\n<li>Kinderzuschlag<\/li>\n<li>B\u00fcrgergeld<\/li>\n<li>Sozialgeld<\/li>\n<li>Sozialhilfe (Hilfe zum Lebensunterhalt, Grundsicherung im Alter und bei Erwerbsminderung)<\/li>\n<li>Wohngeld<\/li>\n<li>Asylbewerber-Leistung<\/li>\n<\/ul>\n<\/li>\n<li>Derzeit gibt es M\u00f6glichkeiten der Subventionierung \u00fcber den Landkreis Gifhorn, Fachbereich III oder Fachbereich V und das Jobcenter. Subventionierte Essen sind kostenfrei bestellbar, sobald uns der Bescheid vorgelegt wurde.<\/li>\n<li>Kinder, die nach dem Bildungs- und Teilhabepaket unterst\u00fctzt werden, senden bitte einen entsprechenden Nachweis (Bewilligungsbescheid) in Kopie oder per Mail an folgende Adresse:\n<ul>\n<li>Mensa der Samtgemeinde Meinersen UG (haftungsbeschr\u00e4nkt) &amp; Co. KG<br \/>Am Gajenberg 3<br \/>38536 Meinersen<\/li>\n<li><a href=\"&#x6d;&#x61;&#105;&#108;&#116;o&#x3a;&#x69;&#x6e;&#102;&#111;&#64;s&#x63;&#x68;&#x75;&#108;&#109;e&#x6e;&#x73;&#x61;&#45;&#109;&#101;i&#x6e;&#x65;&#x72;&#115;&#101;n&#46;&#x64;&#x65;\">&#x69;&#x6e;&#x66;&#x6f;&#x40;&#x73;&#x63;&#x68;&#117;&#108;&#109;&#101;&#110;&#115;&#97;-mei&#x6e;&#x65;&#x72;&#x73;&#x65;&#x6e;&#x2e;&#x64;&#x65;<\/a><\/li>\n<li>Vergessen Sie dabei nicht, die Einrichtung anzugeben, die Ihr Kind besucht.<\/li>\n<\/ul>\n<\/li>\n<\/ul>\n<p>\u00a0<\/p>\n<p>Wenn die Eltern einen Antrag auf Subventionen gestellt haben, gibt es f\u00fcr die Zeit der <strong>\u00dcberbr\u00fcckung von der Antragstellung bis zum Bescheid<\/strong> die M\u00f6glichkeit, die Kinder \u00fcber die H\u00e4rtefallregelung der Samtgemeinde abzurechnen. Daf\u00fcr ben\u00f6tigen wir das beigef\u00fcgte <strong>H\u00e4rtefallformular<\/strong> (unterschrieben von zwei Mitarbeitern der jeweiligen Schule).<\/p>\n<p>\u00a0<\/p>\n<p>F\u00fcr Fragen stehen wir selbstverst\u00e4ndlich gern zur Verf\u00fcgung.<\/p>\n<p>\u00a0<\/p>\n<p>Mit freundlichen Gr\u00fc\u00dfen<\/p>\n<p>\u00a0<\/p>\n<p>Annette Schulte<\/p>\n<p><strong>M<\/strong><strong>e<\/strong><strong>n<\/strong><strong>s<\/strong><strong>a<\/strong>\u00a0 <strong>der Samtgemeinde<\/strong> <strong>Meinersen<\/strong> <strong>UG <\/strong><\/p>\n<p><strong>(haftungsbeschr\u00e4nkt) &amp; Co. KG<\/strong><\/p>\n<p>Am Gajenberg 3<\/p>\n<p>38536 Meinersen<\/p>\n<p>0 53 72-9 71 90 10<\/p>\n<p><a href=\"&#x6d;&#x61;&#x69;&#108;&#116;o:&#x69;&#x6e;&#x66;&#111;&#64;sc&#x68;&#x75;&#x6c;&#109;&#101;ns&#x61;&#x2d;&#x6d;&#101;&#105;ne&#x72;&#x73;&#x65;&#110;&#46;de\"><strong>i&#110;&#102;&#x6f;&#x40;&#x73;c&#104;&#117;&#x6c;&#x6d;&#x65;ns&#97;&#x2d;&#x6d;&#x65;in&#101;&#114;&#x73;&#x65;&#x6e;&#46;&#100;&#101;<\/strong><\/a><\/p>\n\n\n","protected":false},"excerpt":{"rendered":"<p>Hier finden Sie die Info der Mensa Meinsersen zur Selbstregistrierung: Info zur Selbstreg. Schulen 09.2025 akt.(1) Zuschuss zum Mittagessen nach dem Bildungs- und Teilhabepaket (BuT) Anspr\u00fcche auf BuT haben alle in Ihrem Haushalt lebenden Kinder, wenn Sie oder Ihr Kind &hellip; <a href=\"https:\/\/wordpress.nibis.de\/gsaos\/mittagessen\/\">Weiterlesen <span class=\"meta-nav\">&rarr;<\/span><\/a><\/p>\n","protected":false},"author":937,"featured_media":0,"parent":0,"menu_order":0,"comment_status":"closed","ping_status":"closed","template":"","meta":{"footnotes":""},"class_list":["post-1817","page","type-page","status-publish","hentry"],"_links":{"self":[{"href":"https:\/\/wordpress.nibis.de\/gsaos\/wp-json\/wp\/v2\/pages\/1817","targetHints":{"allow":["GET"]}}],"collection":[{"href":"https:\/\/wordpress.nibis.de\/gsaos\/wp-json\/wp\/v2\/pages"}],"about":[{"href":"https:\/\/wordpress.nibis.de\/gsaos\/wp-json\/wp\/v2\/types\/page"}],"author":[{"embeddable":true,"href":"https:\/\/wordpress.nibis.de\/gsaos\/wp-json\/wp\/v2\/users\/937"}],"replies":[{"embeddable":true,"href":"https:\/\/wordpress.nibis.de\/gsaos\/wp-json\/wp\/v2\/comments?post=1817"}],"version-history":[{"count":4,"href":"https:\/\/wordpress.nibis.de\/gsaos\/wp-json\/wp\/v2\/pages\/1817\/revisions"}],"predecessor-version":[{"id":1961,"href":"https:\/\/wordpress.nibis.de\/gsaos\/wp-json\/wp\/v2\/pages\/1817\/revisions\/1961"}],"wp:attachment":[{"href":"https:\/\/wordpress.nibis.de\/gsaos\/wp-json\/wp\/v2\/media?parent=1817"}],"curies":[{"name":"wp","href":"https:\/\/api.w.org\/{rel}","templated":true}]}}