{"id":1848,"date":"2024-11-20T17:17:49","date_gmt":"2024-11-20T16:17:49","guid":{"rendered":"https:\/\/wordpress.nibis.de\/gsaos\/?page_id=1848"},"modified":"2025-04-22T18:26:57","modified_gmt":"2025-04-22T16:26:57","slug":"sport","status":"publish","type":"page","link":"https:\/\/wordpress.nibis.de\/gsaos\/sport\/","title":{"rendered":"Sport"},"content":{"rendered":"\n<p><img loading=\"lazy\" decoding=\"async\" class=\"aligncenter size-full wp-image-1853\" src=\"https:\/\/wordpress.nibis.de\/gsaos\/files\/2024\/11\/Design-ohne-Titel14.png\" alt=\"\" width=\"3250\" height=\"1625\" srcset=\"https:\/\/wordpress.nibis.de\/gsaos\/files\/2024\/11\/Design-ohne-Titel14.png 3250w, https:\/\/wordpress.nibis.de\/gsaos\/files\/2024\/11\/Design-ohne-Titel14-300x150.png 300w, https:\/\/wordpress.nibis.de\/gsaos\/files\/2024\/11\/Design-ohne-Titel14-800x400.png 800w, https:\/\/wordpress.nibis.de\/gsaos\/files\/2024\/11\/Design-ohne-Titel14-1536x768.png 1536w, https:\/\/wordpress.nibis.de\/gsaos\/files\/2024\/11\/Design-ohne-Titel14-2048x1024.png 2048w\" sizes=\"auto, (max-width: 3250px) 100vw, 3250px\" \/><\/p>\n<p>Sport und Bewegung spielen an unserer Schule eine gro\u00dfe Rolle. Es ist uns wichtig, den Kindern Freude am Sport und an Bewegung zu vermitteln. Daher versuchen wir an m\u00f6glichst vielen Stellen des Schulalltags Bewegung zu integrieren, auch um Lernprozesse zu unterst\u00fctzen.<\/p>\n<p>Wir wurden erneut als sportfreundliche Schule zertifiziert. Mehr dazu lesen Sie <a href=\"https:\/\/wordpress.nibis.de\/gsaos\/zertifizierung-zur-sportfreundlichen-schule\/\">hier<\/a>.<\/p>\n","protected":false},"excerpt":{"rendered":"<p>Sport und Bewegung spielen an unserer Schule eine gro\u00dfe Rolle. Es ist uns wichtig, den Kindern Freude am Sport und an Bewegung zu vermitteln. Daher versuchen wir an m\u00f6glichst vielen Stellen des Schulalltags Bewegung zu integrieren, auch um Lernprozesse zu &hellip; <a href=\"https:\/\/wordpress.nibis.de\/gsaos\/sport\/\">Weiterlesen <span class=\"meta-nav\">&rarr;<\/span><\/a><\/p>\n","protected":false},"author":937,"featured_media":0,"parent":0,"menu_order":0,"comment_status":"closed","ping_status":"closed","template":"","meta":{"footnotes":""},"class_list":["post-1848","page","type-page","status-publish","hentry"],"_links":{"self":[{"href":"https:\/\/wordpress.nibis.de\/gsaos\/wp-json\/wp\/v2\/pages\/1848","targetHints":{"allow":["GET"]}}],"collection":[{"href":"https:\/\/wordpress.nibis.de\/gsaos\/wp-json\/wp\/v2\/pages"}],"about":[{"href":"https:\/\/wordpress.nibis.de\/gsaos\/wp-json\/wp\/v2\/types\/page"}],"author":[{"embeddable":true,"href":"https:\/\/wordpress.nibis.de\/gsaos\/wp-json\/wp\/v2\/users\/937"}],"replies":[{"embeddable":true,"href":"https:\/\/wordpress.nibis.de\/gsaos\/wp-json\/wp\/v2\/comments?post=1848"}],"version-history":[{"count":5,"href":"https:\/\/wordpress.nibis.de\/gsaos\/wp-json\/wp\/v2\/pages\/1848\/revisions"}],"predecessor-version":[{"id":1901,"href":"https:\/\/wordpress.nibis.de\/gsaos\/wp-json\/wp\/v2\/pages\/1848\/revisions\/1901"}],"wp:attachment":[{"href":"https:\/\/wordpress.nibis.de\/gsaos\/wp-json\/wp\/v2\/media?parent=1848"}],"curies":[{"name":"wp","href":"https:\/\/api.w.org\/{rel}","templated":true}]}}