{"id":2,"date":"2016-02-01T14:08:04","date_gmt":"2016-02-01T13:08:04","guid":{"rendered":"http:\/\/wordpress.nibis.de\/gsaos\/?page_id=2"},"modified":"2026-03-04T06:06:52","modified_gmt":"2026-03-04T05:06:52","slug":"kollegium","status":"publish","type":"page","link":"https:\/\/wordpress.nibis.de\/gsaos\/kollegium\/","title":{"rendered":"Kollegium"},"content":{"rendered":"\n<p><strong>Schulleitung:<\/strong><\/p>\n<p>Michaela Wohlgemuth (Rektorin)<\/p>\n<p>Anika Sauer (Konrektorin)<\/p>\n<p><strong>Lehrkr\u00e4fte:\u00a0\u00a0\u00a0\u00a0\u00a0<\/strong><\/p>\n<p>Wiebke Eggert<\/p>\n<p>Senja Fisser<\/p>\n<p>Lea Grabe<\/p>\n<p>Jelena Hoppe<\/p>\n<p>Corinna Ladwig-K\u00fchme<\/p>\n<p>Aur\u00e9lie Le Loup<\/p>\n<p>Kirsten Loesch<\/p>\n<p>Yvonne Meyer<\/p>\n<p>Herdis Rohde-Brandenburger<\/p>\n<p>Louisa Sandvo\u00df<\/p>\n<p>Ilka Schartow<\/p>\n<p>Caroline Sent<\/p>\n<p>Janine T\u00f6ppich<\/p>\n<p>Lucie Weiland<\/p>\n<p><strong>F\u00f6rderschullehrkraft:<\/strong><\/p>\n<p>Hildegard Maas<\/p>\n<p><strong>P\u00e4dagogische Mitarbeitende:<\/strong><\/p>\n<p>Tanja Batke\u00a0<br \/>Frauke Buchholz<br \/>Carmen Haack<br \/>Marianne Gadacz-Paluch<\/p>\n<p><strong>Hausmeister:<\/strong><\/p>\n<p>Thomas Ketter<\/p>\n<p><strong>Sekret\u00e4rin:<\/strong><\/p>\n<p>Iris Blidon-Brehm<\/p>\n<p><strong>Ganztagskoodination:<\/strong><\/p>\n<p>Anja Priebe<\/p>\n<p><strong>JuKoS-Fachkraft:<\/strong><\/p>\n<p>Mareike Engel<\/p>\n<p>\u00a0<\/p>\n<p><a href=\"https:\/\/wordpress.nibis.de\/gsaos\/\">zur Startseite<\/a><\/p>\n","protected":false},"excerpt":{"rendered":"<p>Schulleitung: Michaela Wohlgemuth (Rektorin) Anika Sauer (Konrektorin) Lehrkr\u00e4fte:\u00a0\u00a0\u00a0\u00a0\u00a0 Wiebke Eggert Senja Fisser Lea Grabe Jelena Hoppe Corinna Ladwig-K\u00fchme Aur\u00e9lie Le Loup Kirsten Loesch Yvonne Meyer Herdis Rohde-Brandenburger Louisa Sandvo\u00df Ilka Schartow Caroline Sent Janine T\u00f6ppich Lucie Weiland F\u00f6rderschullehrkraft: Hildegard Maas &hellip; <a href=\"https:\/\/wordpress.nibis.de\/gsaos\/kollegium\/\">Weiterlesen <span class=\"meta-nav\">&rarr;<\/span><\/a><\/p>\n","protected":false},"author":937,"featured_media":0,"parent":0,"menu_order":0,"comment_status":"closed","ping_status":"open","template":"","meta":{"footnotes":""},"class_list":["post-2","page","type-page","status-publish","hentry"],"_links":{"self":[{"href":"https:\/\/wordpress.nibis.de\/gsaos\/wp-json\/wp\/v2\/pages\/2","targetHints":{"allow":["GET"]}}],"collection":[{"href":"https:\/\/wordpress.nibis.de\/gsaos\/wp-json\/wp\/v2\/pages"}],"about":[{"href":"https:\/\/wordpress.nibis.de\/gsaos\/wp-json\/wp\/v2\/types\/page"}],"author":[{"embeddable":true,"href":"https:\/\/wordpress.nibis.de\/gsaos\/wp-json\/wp\/v2\/users\/937"}],"replies":[{"embeddable":true,"href":"https:\/\/wordpress.nibis.de\/gsaos\/wp-json\/wp\/v2\/comments?post=2"}],"version-history":[{"count":41,"href":"https:\/\/wordpress.nibis.de\/gsaos\/wp-json\/wp\/v2\/pages\/2\/revisions"}],"predecessor-version":[{"id":2111,"href":"https:\/\/wordpress.nibis.de\/gsaos\/wp-json\/wp\/v2\/pages\/2\/revisions\/2111"}],"wp:attachment":[{"href":"https:\/\/wordpress.nibis.de\/gsaos\/wp-json\/wp\/v2\/media?parent=2"}],"curies":[{"name":"wp","href":"https:\/\/api.w.org\/{rel}","templated":true}]}}