{"id":43,"date":"2016-02-19T10:18:48","date_gmt":"2016-02-19T09:18:48","guid":{"rendered":"http:\/\/wordpress.nibis.de\/gsaos\/?page_id=43"},"modified":"2023-11-22T06:17:11","modified_gmt":"2023-11-22T05:17:11","slug":"leitbild","status":"publish","type":"page","link":"https:\/\/wordpress.nibis.de\/gsaos\/leitbild\/","title":{"rendered":"Leitbild"},"content":{"rendered":"<p><img loading=\"lazy\" decoding=\"async\" class=\"aligncenter wp-image-1440 size-medium\" src=\"https:\/\/wordpress.nibis.de\/gsaos\/files\/2023\/05\/Leitbild1-e1684847418970-282x300.png\" alt=\"\" width=\"282\" height=\"300\" srcset=\"https:\/\/wordpress.nibis.de\/gsaos\/files\/2023\/05\/Leitbild1-e1684847418970-282x300.png 282w, https:\/\/wordpress.nibis.de\/gsaos\/files\/2023\/05\/Leitbild1-e1684847418970-564x600.png 564w, https:\/\/wordpress.nibis.de\/gsaos\/files\/2023\/05\/Leitbild1-e1684847418970-1444x1536.png 1444w, https:\/\/wordpress.nibis.de\/gsaos\/files\/2023\/05\/Leitbild1-e1684847418970-1925x2048.png 1925w\" sizes=\"auto, (max-width: 282px) 100vw, 282px\" \/>Wir schaffen an unserer Schule eine positive, anregende Lernatmosph\u00e4re.<br \/>\nWir gehen respektvoll und wertsch\u00e4tzend miteinander um, unterst\u00fctzen uns gegenseitig und f\u00f6rdern ein Wir-Gef\u00fchl zwischen allen Sch\u00fcler*innen, Eltern, Lehrkr\u00e4ften und Mitarbeitenden.<\/p>\n<p><a href=\"https:\/\/wordpress.nibis.de\/gsaos\/\">zur Startseite<\/a><\/p>\n","protected":false},"excerpt":{"rendered":"<p>Wir schaffen an unserer Schule eine positive, anregende Lernatmosph\u00e4re. Wir gehen respektvoll und wertsch\u00e4tzend miteinander um, unterst\u00fctzen uns gegenseitig und f\u00f6rdern ein Wir-Gef\u00fchl zwischen allen Sch\u00fcler*innen, Eltern, Lehrkr\u00e4ften und Mitarbeitenden. zur Startseite<\/p>\n","protected":false},"author":937,"featured_media":0,"parent":0,"menu_order":0,"comment_status":"closed","ping_status":"closed","template":"","meta":{"footnotes":""},"class_list":["post-43","page","type-page","status-publish","hentry"],"_links":{"self":[{"href":"https:\/\/wordpress.nibis.de\/gsaos\/wp-json\/wp\/v2\/pages\/43","targetHints":{"allow":["GET"]}}],"collection":[{"href":"https:\/\/wordpress.nibis.de\/gsaos\/wp-json\/wp\/v2\/pages"}],"about":[{"href":"https:\/\/wordpress.nibis.de\/gsaos\/wp-json\/wp\/v2\/types\/page"}],"author":[{"embeddable":true,"href":"https:\/\/wordpress.nibis.de\/gsaos\/wp-json\/wp\/v2\/users\/937"}],"replies":[{"embeddable":true,"href":"https:\/\/wordpress.nibis.de\/gsaos\/wp-json\/wp\/v2\/comments?post=43"}],"version-history":[{"count":11,"href":"https:\/\/wordpress.nibis.de\/gsaos\/wp-json\/wp\/v2\/pages\/43\/revisions"}],"predecessor-version":[{"id":1686,"href":"https:\/\/wordpress.nibis.de\/gsaos\/wp-json\/wp\/v2\/pages\/43\/revisions\/1686"}],"wp:attachment":[{"href":"https:\/\/wordpress.nibis.de\/gsaos\/wp-json\/wp\/v2\/media?parent=43"}],"curies":[{"name":"wp","href":"https:\/\/api.w.org\/{rel}","templated":true}]}}