{"id":60,"date":"2016-02-19T10:33:13","date_gmt":"2016-02-19T09:33:13","guid":{"rendered":"http:\/\/wordpress.nibis.de\/gsaos\/?page_id=60"},"modified":"2025-02-10T18:01:45","modified_gmt":"2025-02-10T17:01:45","slug":"schulbuecherei","status":"publish","type":"page","link":"https:\/\/wordpress.nibis.de\/gsaos\/schulbuecherei\/","title":{"rendered":"Schulb\u00fccherei"},"content":{"rendered":"<h3><strong>B\u00fccherei in der Schule<\/strong><\/h3>\n<p>(ge\u00f6ffnet Mo 1. gro\u00dfe Pause)<\/p>\n<p>Die B\u00fccherei M\u00fcden unterh\u00e4lt seit 1987 eine Nebenstelle in der Grundschule M\u00fcden\/Aller, die finanziert wird durch die Samtgemeinde Meinersen und den F\u00f6rderverein der Aller-Oker-Schule.<\/p>\n<p>Kontinuierlich konnte der Bestand von etwa 1000 B\u00fcchern f\u00fcr Grundsch\u00fcler aufgebaut werden, der unterrichtsrelevante Themen sowie die unterschiedlichen Lesef\u00e4higkeiten und Interessen der Kinder im Alter von 6-10 Jahren ber\u00fccksichtigt.<\/p>\n<p>Dieser Bestand wird j\u00e4hrlich ca. 1500 mal ausgeliehen als Einzelausleihe oder im Klassensatz.<\/p>\n<p>Zudem finden in der B\u00fccherei diverse Aktivit\u00e4ten statt:<br \/>\n\u2022 in jedem Halbjahr wird die lesefreudigste Klasse als B\u00fccherwurmklasse ausgezeichnet<br \/>\n\u2022 seit 1999 findet in jedem Jahr eine durch die B\u00fccherei organisierte und vom F\u00f6rderverein finanzierte Autorenlesung statt. Namhafte Kinderbuchautoren wie zum Beispiel Boris Pfeiffer, Dagmar Chidolue, Katrin Rohmann, Christiane Bieniek, Bernhard Lassahn, Katrin Schrocke, Manfred Schl\u00fcter, Ulli Schubert, und TINO waren bei uns<br \/>\n\u2022 er werden Bilderbuchkinos gezeigt<br \/>\n\u2022 mit Unterst\u00fctzung der B\u00fccherei findet in jedem Jahr ein Lesewettbewerb statt, in dem die besten Leser\/innen der Schule ausgezeichnet werden.<br \/>\n\u2022 am Nachmittag findet eine Lese- und Schreibwerkstatt-AG in\u00a0der B\u00fccherei statt<br \/>\n\u2022 Aktionsstunden in der B\u00fccherei machen sowohl der B\u00fcchereileiterin wie den Kindern ganz viel Spa\u00df<\/p>\n<p>B\u00fccherei M\u00fcden \u2013 Hauptstr. 12 \u2013 38539 M\u00fcden\/Aller \u2013 Tel: (05375) 983619<br \/>\nE-Mail: &#x42;&#x75;&#x65;&#x63;&#x68;&#x65;&#x72;&#x65;&#x69;&#x2d;&#x4d;&#x75;&#x65;&#x64;&#x65;&#x6e;&#x40;&#x73;&#x67;&#x2d;&#x6d;&#x65;&#x69;&#x6e;&#x65;&#x72;&#x73;&#x65;&#x6e;&#x2e;&#x64;&#x65;<br \/>\nmittwochs 17.00\u201318.00 Uhr und freitags 15.00-17.00 Uhr<\/p>\n<p>Nebenstelle: Aller-Oker-Schule \u2013 Dehnenweg 10 \u2013 38539 M\u00fcden\/Aller<\/p>\n<p align=\"center\"><strong>Wir bedanken uns bei Frau Glaser!<\/strong><span style=\"font-family: comic sans ms,sans-serif\"><b><br \/>\n<\/b><\/span><\/p>\n<p align=\"center\">\n<p style=\"text-align: left\" align=\"center\"><a href=\"https:\/\/wordpress.nibis.de\/gsaos\/\">zur Startseite<\/a><\/p>\n","protected":false},"excerpt":{"rendered":"<p>B\u00fccherei in der Schule (ge\u00f6ffnet Mo 1. gro\u00dfe Pause) Die B\u00fccherei M\u00fcden unterh\u00e4lt seit 1987 eine Nebenstelle in der Grundschule M\u00fcden\/Aller, die finanziert wird durch die Samtgemeinde Meinersen und den F\u00f6rderverein der Aller-Oker-Schule. Kontinuierlich konnte der Bestand von etwa 1000 &hellip; <a href=\"https:\/\/wordpress.nibis.de\/gsaos\/schulbuecherei\/\">Weiterlesen <span class=\"meta-nav\">&rarr;<\/span><\/a><\/p>\n","protected":false},"author":937,"featured_media":0,"parent":0,"menu_order":0,"comment_status":"closed","ping_status":"closed","template":"","meta":{"footnotes":""},"class_list":["post-60","page","type-page","status-publish","hentry"],"_links":{"self":[{"href":"https:\/\/wordpress.nibis.de\/gsaos\/wp-json\/wp\/v2\/pages\/60","targetHints":{"allow":["GET"]}}],"collection":[{"href":"https:\/\/wordpress.nibis.de\/gsaos\/wp-json\/wp\/v2\/pages"}],"about":[{"href":"https:\/\/wordpress.nibis.de\/gsaos\/wp-json\/wp\/v2\/types\/page"}],"author":[{"embeddable":true,"href":"https:\/\/wordpress.nibis.de\/gsaos\/wp-json\/wp\/v2\/users\/937"}],"replies":[{"embeddable":true,"href":"https:\/\/wordpress.nibis.de\/gsaos\/wp-json\/wp\/v2\/comments?post=60"}],"version-history":[{"count":11,"href":"https:\/\/wordpress.nibis.de\/gsaos\/wp-json\/wp\/v2\/pages\/60\/revisions"}],"predecessor-version":[{"id":1867,"href":"https:\/\/wordpress.nibis.de\/gsaos\/wp-json\/wp\/v2\/pages\/60\/revisions\/1867"}],"wp:attachment":[{"href":"https:\/\/wordpress.nibis.de\/gsaos\/wp-json\/wp\/v2\/media?parent=60"}],"curies":[{"name":"wp","href":"https:\/\/api.w.org\/{rel}","templated":true}]}}