{"id":75,"date":"2016-02-19T11:03:59","date_gmt":"2016-02-19T10:03:59","guid":{"rendered":"http:\/\/wordpress.nibis.de\/gsaos\/?page_id=75"},"modified":"2024-08-23T05:28:24","modified_gmt":"2024-08-23T03:28:24","slug":"schulleben","status":"publish","type":"page","link":"https:\/\/wordpress.nibis.de\/gsaos\/schulleben\/","title":{"rendered":"Schulleben"},"content":{"rendered":"<p>Die Aller-Oker-Schule ist eine dreiz\u00fcgige offene Gantzagsgrundschule.<\/p>\n<p>Das Einzugsgebiet ist l\u00e4ndlich und besteht aus den D\u00f6rfern M\u00fcden, Ettenb\u00fcttel, Gerstenb\u00fcttel, Gilde, Brenneckenbr\u00fcck, Flettmar, Langenklint, Dieckhorst und Hahnenhorn.<\/p>\n<p>Zur Zeit besuchen ca. 220 Sch\u00fcler*innen die Aller-Oker-Schule.<\/p>\n<p>Es gibt 12 Klassen mit jeweils 18-21 Sch\u00fcler*innen.<\/p>\n<p>Die Sch\u00fcler*innen kommen zu Fu\u00df oder mit dem Bus in die Schule.<\/p>\n<p>Neben der am Schulgeb\u00e4ude befindlichen Turnhalle verf\u00fcgt unsere Schule \u00fcber einen Computerraum, einen Medienraum, eine Lehrk\u00fcche, ein Lehrschwimmbecken, einen Werkraum, einen Textilraum, einen Musikraum, eine Mensa und eine Schulb\u00fccherei.<\/p>\n<p>In einem gesonderten Trakt ist seit 2008 auch die Kita untergebracht.<\/p>\n<p><a href=\"https:\/\/wordpress.nibis.de\/gsaos\/\">zur Startseite<\/a><\/p>\n","protected":false},"excerpt":{"rendered":"<p>Die Aller-Oker-Schule ist eine dreiz\u00fcgige offene Gantzagsgrundschule. Das Einzugsgebiet ist l\u00e4ndlich und besteht aus den D\u00f6rfern M\u00fcden, Ettenb\u00fcttel, Gerstenb\u00fcttel, Gilde, Brenneckenbr\u00fcck, Flettmar, Langenklint, Dieckhorst und Hahnenhorn. Zur Zeit besuchen ca. 220 Sch\u00fcler*innen die Aller-Oker-Schule. Es gibt 12 Klassen mit jeweils &hellip; <a href=\"https:\/\/wordpress.nibis.de\/gsaos\/schulleben\/\">Weiterlesen <span class=\"meta-nav\">&rarr;<\/span><\/a><\/p>\n","protected":false},"author":937,"featured_media":0,"parent":0,"menu_order":0,"comment_status":"closed","ping_status":"closed","template":"","meta":{"footnotes":""},"class_list":["post-75","page","type-page","status-publish","hentry"],"_links":{"self":[{"href":"https:\/\/wordpress.nibis.de\/gsaos\/wp-json\/wp\/v2\/pages\/75","targetHints":{"allow":["GET"]}}],"collection":[{"href":"https:\/\/wordpress.nibis.de\/gsaos\/wp-json\/wp\/v2\/pages"}],"about":[{"href":"https:\/\/wordpress.nibis.de\/gsaos\/wp-json\/wp\/v2\/types\/page"}],"author":[{"embeddable":true,"href":"https:\/\/wordpress.nibis.de\/gsaos\/wp-json\/wp\/v2\/users\/937"}],"replies":[{"embeddable":true,"href":"https:\/\/wordpress.nibis.de\/gsaos\/wp-json\/wp\/v2\/comments?post=75"}],"version-history":[{"count":10,"href":"https:\/\/wordpress.nibis.de\/gsaos\/wp-json\/wp\/v2\/pages\/75\/revisions"}],"predecessor-version":[{"id":1815,"href":"https:\/\/wordpress.nibis.de\/gsaos\/wp-json\/wp\/v2\/pages\/75\/revisions\/1815"}],"wp:attachment":[{"href":"https:\/\/wordpress.nibis.de\/gsaos\/wp-json\/wp\/v2\/media?parent=75"}],"curies":[{"name":"wp","href":"https:\/\/api.w.org\/{rel}","templated":true}]}}