{"id":188,"date":"2017-04-09T09:44:22","date_gmt":"2017-04-09T07:44:22","guid":{"rendered":"http:\/\/wordpress.nibis.de\/gsasberg\/?page_id=188"},"modified":"2026-02-23T21:19:32","modified_gmt":"2026-02-23T19:19:32","slug":"buecherei","status":"publish","type":"page","link":"https:\/\/wordpress.nibis.de\/gsasberg\/buecherei\/","title":{"rendered":"B\u00fccherei"},"content":{"rendered":"<table border=\"0\" width=\"100%\">\n<tbody>\n<tr>\n<td valign=\"top\">\n<div align=\"left\"><strong><span style=\"color: #ff8000\">Unsere Schulb\u00fccherei ! <\/span><\/strong><\/div>\n<\/td>\n<\/tr>\n<\/tbody>\n<\/table>\n<table border=\"0\" width=\"100%\">\n<tbody>\n<tr>\n<td valign=\"top\">Seit mehr als 10 Jahren hat unsere Schule eine eigene Schulb\u00fccherei. Im Laufe der Jahre- angefangen von einem ehemaligem Klassenraum mit vielen Regalen, einer gem\u00fctlichen Sofaecke mit Leselampe \u00fcber einen kleinen Aufenhtaltsraum im neuen Schulgeb\u00e4ude, wurden wir\u00a0bei unserem neuem Anbau mit einem wundersch\u00f6nen gro\u00dfz\u00fcgigen Raum bedacht.Unser B\u00fccherbestand mit<\/p>\n<ul>\n<li>Sachb\u00fcchern<\/li>\n<li>B\u00fcchern f\u00fcr Leseanf\u00e4ngern<\/li>\n<li>Erstlesern<\/li>\n<li>Fortgeschrittene<\/li>\n<li>M\u00e4rchen<\/li>\n<li>und vieles mehr&#8230;<\/li>\n<\/ul>\n<p>konnten in den letzten Jahren durch die gro\u00dfz\u00fcgige Unterst\u00fctzung der <strong>B\u00fcrgerstiftung<\/strong> immer wieder aktualisiert und erneuert werden. Dank lieber Eltern ist uns m\u00f6glich, in einigen Pausen die B\u00fccherei zu \u00f6ffnen und viele Kinder kommen gerne, um gem\u00fctlich zu schm\u00f6kern.<\/td>\n<\/tr>\n<\/tbody>\n<\/table>\n","protected":false},"excerpt":{"rendered":"<p>Unsere Schulb\u00fccherei ! Seit mehr als 10 Jahren hat unsere Schule eine eigene Schulb\u00fccherei. Im Laufe der Jahre- angefangen von einem ehemaligem Klassenraum mit vielen Regalen, einer gem\u00fctlichen Sofaecke mit Leselampe \u00fcber einen kleinen Aufenhtaltsraum im neuen Schulgeb\u00e4ude, wurden wir\u00a0bei &hellip; <a href=\"https:\/\/wordpress.nibis.de\/gsasberg\/buecherei\/\">Weiterlesen <span class=\"meta-nav\">&rarr;<\/span><\/a><\/p>\n","protected":false},"author":550,"featured_media":1648,"parent":0,"menu_order":0,"comment_status":"closed","ping_status":"closed","template":"sidebar-page.php","meta":{"footnotes":""},"class_list":["post-188","page","type-page","status-publish","has-post-thumbnail","hentry"],"_links":{"self":[{"href":"https:\/\/wordpress.nibis.de\/gsasberg\/wp-json\/wp\/v2\/pages\/188","targetHints":{"allow":["GET"]}}],"collection":[{"href":"https:\/\/wordpress.nibis.de\/gsasberg\/wp-json\/wp\/v2\/pages"}],"about":[{"href":"https:\/\/wordpress.nibis.de\/gsasberg\/wp-json\/wp\/v2\/types\/page"}],"author":[{"embeddable":true,"href":"https:\/\/wordpress.nibis.de\/gsasberg\/wp-json\/wp\/v2\/users\/550"}],"replies":[{"embeddable":true,"href":"https:\/\/wordpress.nibis.de\/gsasberg\/wp-json\/wp\/v2\/comments?post=188"}],"version-history":[{"count":5,"href":"https:\/\/wordpress.nibis.de\/gsasberg\/wp-json\/wp\/v2\/pages\/188\/revisions"}],"predecessor-version":[{"id":1636,"href":"https:\/\/wordpress.nibis.de\/gsasberg\/wp-json\/wp\/v2\/pages\/188\/revisions\/1636"}],"wp:featuredmedia":[{"embeddable":true,"href":"https:\/\/wordpress.nibis.de\/gsasberg\/wp-json\/wp\/v2\/media\/1648"}],"wp:attachment":[{"href":"https:\/\/wordpress.nibis.de\/gsasberg\/wp-json\/wp\/v2\/media?parent=188"}],"curies":[{"name":"wp","href":"https:\/\/api.w.org\/{rel}","templated":true}]}}